{"id":98,"date":"2013-02-01T13:43:56","date_gmt":"2013-02-01T12:43:56","guid":{"rendered":"http:\/\/hrkll.ch\/WordPress\/?page_id=98"},"modified":"2013-02-08T19:06:55","modified_gmt":"2013-02-08T18:06:55","slug":"multi-agent-systems","status":"publish","type":"page","link":"https:\/\/hrkll.ch\/WordPress\/lernen-durch-mitmachen\/theoriebildung\/kuenstliche-intelligenz\/multi-agent-systems\/","title":{"rendered":"Multi Agent Systems"},"content":{"rendered":"<p>Das Gebiet der Multi-Agent Systems gibt es seit ca. 1985. Entsprechend umfangreich ist die Literatur dazu bereits.<\/p>\n<h1>Pursuit Domain<\/h1>\n<p>Bereits 1986 wurde eine Aufgabe f\u00fcr simulierte Agenten vorgeschlagen, die dem Wolf und Schafe Spiel \u00e4hnlich ist: Auf einem schachbrettartigen Feld befinden sich vier Verfolger und ein Opfer (darum auch &#8222;predator\/prey domain&#8220;). Alle k\u00f6nnen sich frei in die vier Haupthimmelsrichtungen bewegen. Die Aufgabe der Verfolger ist es, das Opfer so einzukreisen, dass es sich nicht mehr bewegen kann. In Rahmen dieses Paradigmas sind etliche Untersuchungen mit ganz unterschiedlichen Charakteristika der Verfolger und der Opfer publiziert worden. Diese erlauben es einmal, <a title=\"Pursuit Domain\" href=\"http:\/\/hrkll.ch\/WordPress\/?page_id=112\">Wolf und Schafe bez\u00fcglich verschiedener Dimensionen etwas einzuordnen<\/a>.<\/p>\n<h1>Untersuchte Fragen<\/h1>\n<p>Im Zusammenhang mit MAS sind in den letzten Jahren ganz unterschiedliche Fragen untersucht worden. Diese reichen von der Frage, ob Kooperation bzw. Kommunikation \u00fcberhaupt notwendig ist bis hin zu verschiedenen Details einer Kooperation. Auch hier erlaubt es ein \u00dcberblick, <a title=\"Untersuchte Fragen bei MAS\" href=\"http:\/\/hrkll.ch\/WordPress\/?page_id=117\">die mit Wolf und Schafe verfolgten Fragen etwas einzuordnen<\/a>.<\/p>\n<h1>Anregungen<\/h1>\n<p>Aus der Lekt\u00fcre haben sich bisher folgende, spezifische Anregungen ergeben, die im Rahmen von Wolf und Schafe hilfreich sein k\u00f6nnten bzw. weiter verfolgt werden sollen.<\/p>\n<h2>Arbeitsdefinition &#8222;Agent&#8220;<\/h2>\n<p>Ein Agent lebt in einer Umwelt und verf\u00fcgt \u00fcber:<\/p>\n<ul>\n<li>Ziele<\/li>\n<li>Aktionsm\u00f6glichkeiten in der Umwelt<\/li>\n<li>Wissen \u00fcber die Umwelt<\/li>\n<\/ul>\n<p>Ein Agent nimmt etwas in der Umwelt als anderen Agenten war, wenn er dieses etwas mit diesen Bestimmungsst\u00fccken modelliert. (<a title=\"Literaturliste MAS\" href=\"http:\/\/hrkll.ch\/WordPress\/?page_id=106\">Stone &amp; Veloso<\/a>)<\/p>\n<h2>Strategien der Schafe<\/h2>\n<h3>Koordination nach Bedarf<\/h3>\n<p>Koordination kann locker sein, wenn alles &#8222;normal&#8220; l\u00e4uft. Bei Problemen sollte sie verst\u00e4rkt werden. Eskalationsstufen (<a title=\"Literaturliste MAS\" href=\"http:\/\/hrkll.ch\/WordPress\/?page_id=106\">Stone &amp; Veloso<\/a>):<\/p>\n<ul>\n<li>Autonomie (jedes Schaf spult seinen Taktik ab)<\/li>\n<li>Kommunikation (im Sinn von Informieren)<\/li>\n<li>Verhandeln<\/li>\n<li>(zentrale) Kontrolle<\/li>\n<\/ul>\n<h3>Zwei Ebenen Architektur<\/h3>\n<p>Die Steuerung der Schafe auf zwei Ebenen:<\/p>\n<ul>\n<li><strong>Reaktor<\/strong>: Auf einer unteren Ebene wird das Vorgehen &#8222;real time&#8220; durch relativ einfache Reaktionsmuster gesteuert (s.u.).<\/li>\n<li><strong>Antizipator<\/strong>: Dar\u00fcber l\u00e4uft ein Prozess, der in Kenntnis dieser Reaktionsmuster vorausberechnet, was geschehen wird (sofern dazu gen\u00fcgend Zeit ist). Bei zu erwartenden Problemen (z.B. eine L\u00fccke tut sich auf, die der Wolf nutzen k\u00f6nnte) greift er ein, indem er die Reaktionsmuster modifiziert. (<a title=\"Literaturliste MAS\" href=\"http:\/\/hrkll.ch\/WordPress\/?page_id=106\">Davidsson<\/a>)<\/li>\n<\/ul>\n<h3>Reaktionsmuster<\/h3>\n<p>Aus den verschiedenen Arbeiten zur &#8222;pursuit domain&#8220; ergibt sich eine bunte Sammlung von m\u00f6glichen Reaktionsmustern:<\/p>\n<h3>Ecken blockieren<\/h3>\n<p>Jedes Schaf peilt das Nachbarfeld zum Wolf an, das am n\u00e4chsten liegt. Nicht sehr effizient, da gegenseitige Behinderung. (<a title=\"Literaturliste MAS\" href=\"http:\/\/hrkll.ch\/WordPress\/?page_id=106\">Stone &amp; Veloso<\/a>)<\/p>\n<h3>Zum Wolf, weg vom Schaf<\/h3>\n<p>Jedes Schaf versucht so nahe zum Wolf und so weit weg von den anderen Schafen zu sein, wie m\u00f6glich. Ist im offenen Feld (nur diagonale Bewegungen, hexagonales Feld) offenbar sehr effizient (sofern der Wolf sich zuf\u00e4llig bewegt, folgt er einer geraden Linie, gibt es Probleme). (<a title=\"Literaturliste MAS\" href=\"http:\/\/hrkll.ch\/WordPress\/?page_id=106\">Stone &amp; Veloso<\/a>)<\/p>\n<h3>F\u00e4lle als negative Beispiele<\/h3>\n<p>Zum einfachen Reaktionsmuster hinzu F\u00e4lle als negative Beispiele, wann vom Muster abwichen werden sollte. (<a title=\"Literaturliste MAS\" href=\"http:\/\/hrkll.ch\/WordPress\/?page_id=106\">Ho &amp; Kamel<\/a>)<\/p>\n<h3>Fallfenster<\/h3>\n<p>Informationen zu den einzelnen F\u00e4llen (die Situation) in folgendem Ausschnitt aus der ganzen Welt speichern (<a title=\"Literaturliste MAS\" href=\"http:\/\/hrkll.ch\/WordPress\/?page_id=106\">Ho &amp; Kamel<\/a>):<\/p>\n<p><img decoding=\"async\" alt=\"\" src=\"data:image\/png;base64,iVBORw0KGgoAAAANSUhEUgAAAQoAAACxCAIAAACz02ScAAAH2UlEQVR4nO3dTZaiPBiG4Ywd19Chw5o1O8p62IznsBk2Yw+0MH8PJP4ACfd9etBlo\/j1l6sAS\/s1NyISma2fANF+gweRDB5EMo\/HleioGZM4VIQ8vouRaK\/l8jArdoQ9brVTymz6v5PL41MiF3P2+G+dX+v\/N962+Iul\/OABD5LBAx4kgwc8SAYPeJAMHvAgGTzgQTJ4wINk8IAHyeABD5LBAx4kgwc8SAYPeJAMHvAgGTzgQTJ4wINk8IAHyeABD5LBAx4kgwc8SAYPeJAMHvAgGTzgQTJ4wINk8IAHyeABD5LBAx4kgwc8SAYPeJAMHvAgGTzgQTJ4wINk8IAHyeABD5KV8biu2xH2uNVOKbMCHkQHrODkarWOsMetdkqZlR09zDZXAs3ucasLHsoMHvAgGTzgQTJ4wINk8IAHyeABD5LBAx4kgwc8SAYPeJAMHvAgGTzgQTJ4wINk8IBHeWPfma4fnd80Wu08LjbxPstTP8JjlVweLVKpnUfw67fvjLGXFfcID3hUwmOwxnTnccU9rsZj7Dvn8OivyP55BLWDuIezcId48\/BxnIeZ2d47uUo\/wcR9q6odHmN\/MuZnWHGPa\/JwG\/vusdrua3JaeIOdvnB+631fd28P13Z8+9z20bVHdPRI37eqWuEx\/Lx8yVEdj9vYd08ezqJTV8zySnqwRY8Tbz\/DQ923qprgMZ47Y+yw4h434BGcLC0u6+A8a7o9SDHI236BR+q+VdUAj4s1put\/V9zj+jwG6y6ut44eqW\/hL2+\/wKO+w0VQ7TzeeqmqGh7+yvOvPZLnM94fjH034fKuSW5j38WP83z45e29O\/rbqvtWVeU8xnN0BL+febTF4+a9BtRZu3D08O\/QWetuNljvb+rvjtGNiT272ycOU8+HSbxyVeVrV5XzqHyPBTzeafE8p9LXlb4fPNrk4Z7KhCc9ya3hkQoezfIoeMUIHiJ4tMmDPhI84EEyeMCDZPA4DI+ZCwyuPUTwqIFH+AaNt3+CgIe84FELj+Dneu8JgUde8KiPR+I9IPELuO7Pq8M3mkSfzVh8wLkPlrQcPKrmId4fFS736B0orzxg+oMlbQeP6ng47zDM\/ZxG9CBvflDkMOdm8KiFR+rKPHwz1d\/nNPx7ODfl8Eg9IDyi4LErHqnlmLNqiz7Zx9HDDx4181CXCoP132W+9NmMsosZeNxu8KiBx028cpX6nMXMZzMyX7mChxM8dsODNgoe8CAZPOBBMnjAg2TwgAfJ4AEPksEDHiSDBzxIBg94kAwe8CAZPOBBMnjAg2RlPK7rdoQ9brVTyqyAB9EBKzi5Wq0j7HGrnVJmZUcP0\/SVwPp75Npj58EDHiSDBzxIBg94kAwe8CAZPOBBMnjAg2TwgAfJ4AEPksEDHiSDBzxIBg94kAweNfP40r91Oz8n5NvtaURoIzzG\/mSM6fpfeMzdXvqwpY\/T3IjQNnhcrDHW\/pjuPMJj5vbSh32FR1MjQpvgMdxhXKwxdmiTRzQtc7rV\/f1zUXvbzo4fGOJ5moJHYsvEs2xqRGgLPAb7OK0arDH20iQPt+eIGm8dJ8fZLHzpTsHxl2XII71l4pk1NSK0fh7juTOnfpx+\/zO0zuM5AfCxXKJVkMkjXOaDTaib3TLxxJoaEVo9j7E\/OZccv333+gX6vnmkxm9OtwVroIBHkFChtsx4jn+3VzkitHYev\/H\/t5cv0HfMY7DuevSOHsYOzvfp5LLIXWTJDWa3VHecv33+oMHR42OLNT6bcs+1muGRGAsYnKYHrxIFp1vel4N9fqeOJnCKkyu15ezzDP6gxhGhdfNIXou\/fIG+Xx437xWeztou5HHzl71z0uLweZzy9Or1qGiRyVeuxBXv3HJMvnK19xGhdfOofY8FPGiL4AEPksEDHiSDBzxIBg94kAwe8CAZPOBBMnjAg2TwgAfJ4AEPksEDHiSDBzxIVsbjum5H2ONWO6XMCngQHbCCk6vVOsIet9opZVZ29Ehu96WuW157rNcmO6XM4AEPksEDHiSDBzxIBg94kAwe8CAZPOBBMnjAg2TwgAfJ4AEPksEDHiSDBzxIBo\/KeWw9Xmwvz+E7Vc5j+DHhwLSLfXUG5\/553P\/VZW8lzvxz\/9+rXQ9BlfN4CJlmGHxq\/M16lex0sMZYa72VCY9vVj8PZ2LB2J8+NFtwvQp2+hiBNDvyYupv9crJmo\/5lPfhOelxlelH1BMxIzXxgIVgD3uvBR6PE6ruZN4YLLh\/HtPEMc\/H7NFDT9aMECyNq\/TmzcgxGv6dna+yJnfurzZ43IdCvTW1ee88QgaptbYw\/CWarJncbG4A2iIPbyt\/gmDG5M791QaPizXG2p+Gjx7xyKS8QZVBGQP41ASm+PQseRc5IjD1THZfCzy8ueavzt3cN4\/E+krMRE6s2owJgLNnSol5n0uPcD9oeDvPnNy5v6rn4Q9ufv1V3V3ziJdXzqDKxcmawUPNPbJ\/7SFfHpj+MLwAz5rcub8q5zFEJ1TjuWvu5x7Jq+XHjTODKqfNgpOj\/JOr5LzPeEfhpcUYDpJWz2T3Vc7jo792y4O2Ch7wIBk84EEyeMCDZPCAB8ngAQ+SwQMeJIMHPEgGD3iQDB7wIBk84EEyeMCDZGU8rut2hD1utVPKrIAH0QFb5hF9GIfoQC3wICI3eBDJ4EEkgweRDB5EMngQyf4DvTqXEM42BDAAAAAASUVORK5CYII=\" \/><\/p>\n<h3>Kommunikationsanl\u00e4sse<\/h3>\n<h3>Vorverhandeln<\/h3>\n<p>Absprachen k\u00f6nnen vor dem Spiel stattfinden, so dass w\u00e4hrend dem Spiel weniger Kommunikation notwendig ist. (<a title=\"Literaturliste MAS\" href=\"http:\/\/hrkll.ch\/WordPress\/?page_id=106\">Stone &amp; Veloso<\/a>)<\/p>\n<h3>Informieren<\/h3>\n<p>(Als Erg\u00e4nzung zum &#8222;Ecken blockieren&#8220;:) Das Schaf, das am weitesten weg ist, k\u00fcndet die Ecke an, die es anpeilt. Dann w\u00e4hlt das n\u00e4chste Schaf aus den verbleibenden die n\u00e4chste und k\u00fcndet an, etc. Klappt schon besser. (<a title=\"Literaturliste MAS\" href=\"http:\/\/hrkll.ch\/WordPress\/?page_id=106\">Stone &amp; Veloso<\/a>)<\/p>\n<h3>Hidden States als Kommunikationsanlass<\/h3>\n<p>Wenn f\u00fcr ein Teammitglied der Weltzustand durch die Wahrnehmung nicht eindeutig gegeben ist, k\u00f6nnen andere Zusatzinfos liefern (<a title=\"Literaturliste MAS\" href=\"http:\/\/hrkll.ch\/WordPress\/?page_id=106\">Friedrich, Kaiser, Rogalla &amp; Dillmann<\/a>)<\/p>\n<h3>Probleme \u00fcbergeben<\/h3>\n<p>Zwei M\u00f6glichkeiten von der Fallbasis eines anderen zu profitieren<\/p>\n<ul>\n<li>Das Problem \u00fcbergeben und die L\u00f6sung entgegen nehmen (distributed CBR)<\/li>\n<li>Das Problem und die L\u00f6sungsmethode \u00fcbergeben, so dass nur von der Fallbasis des anderen profitiert wird (collective CBR) (<a title=\"Literaturliste MAS\" href=\"http:\/\/hrkll.ch\/WordPress\/?page_id=106\">Plaza, Arcos &amp; Mart\u00edn<\/a>)<\/li>\n<\/ul>\n<h2>Kommunikationsprobleme<\/h2>\n<h3>Problemtyp und Komplexit\u00e4t der Sprache<\/h3>\n<p>Um eine Beute zu verfolgen, die sich zuf\u00e4llig bewegt, gen\u00fcgt eine einfachere Sprache, als wenn sich die Beute auf einer geraden Linie bewegt. (<a title=\"Literaturliste MAS\" href=\"http:\/\/hrkll.ch\/WordPress\/?page_id=106\">Jim &amp; Giles<\/a>)<\/p>\n<h3>Kommunikationsprobleme bei Verteiltem Arbeiten<\/h3>\n<ul>\n<li>Teammitglied muss mitteilen k\u00f6nnen, ob es Aufforderung versteht oder nicht, und ob es gew\u00fcnschtes ausf\u00fchren kann.<\/li>\n<li>Teammitglied muss mitteilen k\u00f6nnen, ob es Aufgabe gel\u00f6st hat oder nicht l\u00f6sen konnte (<a title=\"Literaturliste MAS\" href=\"http:\/\/hrkll.ch\/WordPress\/?page_id=106\">Friedrich, Rogalla &amp; Dillmann<\/a>)<\/li>\n<\/ul>\n<h3>Kommunikationsprobleme zwischen Lehrer und Lerner wenn nur einer lernt<\/h3>\n<ul>\n<li>Supervised learning: Lehrer muss richtiges Verhalten so beschreiben, dass es Lerner direkt versteht oder inferieren kann<\/li>\n<li>Reinforcement learning: Lehrer muss wissen, was f\u00fcr Lerner verst\u00e4rkend bzw. bestrafend ist bzw. Lerner muss wissen, wie Lehrer das gemeint hat.<\/li>\n<li>Lehrer muss wissen, wo die Grenzen (z.B. in Sachen Pr\u00e4zision) des Lerners sind bzw. die beiden m\u00fcssen dar\u00fcber reden k\u00f6nnen (<a title=\"Literaturliste MAS\" href=\"http:\/\/hrkll.ch\/WordPress\/?page_id=106\">Friedrich, Kaiser, Rogalla &amp; Dillmann<\/a>)<\/li>\n<\/ul>\n<h3>Kommunikationsprobleme, wenn mehrere lernen als Team zu handeln<\/h3>\n<ul>\n<li>Supervised learning: Wenn Teamzustand und Teamaktion problemlos auf Zust\u00e4nde und Aktionen einzelner Mitglieder aufgeteilt werden k\u00f6nnen, dann ist die derselbe Fall wie oben.<\/li>\n<li>Verst\u00e4rkungslernen: Wenn nur ein Feedback f\u00fcr das gesamt Team gegeben wird, stellt sich das Problem des strukturellen credit assignments. Die Mitglieder k\u00f6nnen sich dar\u00fcber unterhalten<\/li>\n<li>Damit das Lernen funktionieren kann, m\u00fcssen auf jeden Fall die Teammitglied aus dem Teamziel ein Subziel f\u00fcr sich machen k\u00f6nnen, bzw. der Lehrer muss es ihnen erkl\u00e4ren k\u00f6nnen. (<a title=\"Literaturliste MAS\" href=\"http:\/\/hrkll.ch\/WordPress\/?page_id=106\">Friedrich, Kaiser, Rogalla &amp; Dillmann<\/a>)<\/li>\n<\/ul>\n<h3>&#8222;Wahrheit&#8220;<\/h3>\n<p>Zwei Agenten mit grunds\u00e4tzlich unterschiedlicher &#8222;Wahrheitsdefinition&#8220;:<\/p>\n<ol>\n<li>Etwas ist wahr, wenn es etwas in der Welt richtig beschreibt<\/li>\n<li>Etwas ist wahr, wenn es mit den restlichen \u00dcberzeugungen konsistent ist.<\/li>\n<\/ol>\n<p>Beispiel: Beide lernen, dass in einem Ofen die Temperatur hoch ist, wenn ein bestimmtes Ventil geschlossen ist. Neue Info: Ventil geschlossen, Temperatur aber tief. 1) bildet neue \u00dcberzeugung, dass dies auch m\u00f6glich ist. 2) kommt zum Schluss, dass Sensor defekt ist. (<a title=\"Literaturliste MAS\" href=\"http:\/\/hrkll.ch\/WordPress\/?page_id=106\">Lacey, Nakata &amp; Lee<\/a>)<\/p>\n<h2>Lernmechanismen<\/h2>\n<h3>Genetische Algorithmen<\/h3>\n<p>Relativ viele Projekte arbeiten mit genetischen Algorithmen. Dies d\u00fcrfte f\u00fcr Wolf und Schafe eher ungeeignet sein, da psychologisch unplausibel. (<a title=\"Literaturliste MAS\" href=\"http:\/\/hrkll.ch\/WordPress\/?page_id=106\">Jim &amp; Giles<\/a>)<\/p>\n<h3>Generelles Algorithmusger\u00fcst f\u00fcr Verst\u00e4rkungslernen<\/h3>\n<pre>Algorithm LearnMAP()\r\n  repeat\r\n    state &lt;- UPDATE-STATE(state, percept)\r\n    action &lt;- CHOOSE-ACTION(state, map)\r\n    update-val &lt;- GET-FEEDBACK()\r\n    UPDATE-MAP(update-val. map)\r\n  until TERMINATION-CONDITION(map)\r\nreturn(map)<\/pre>\n<p>(<a title=\"Literaturliste MAS\" href=\"http:\/\/hrkll.ch\/WordPress\/?page_id=106\">Ho &amp; Kamel<\/a>)<\/p>\n<h3>Modulares Verst\u00e4rkungslernen<\/h3>\n<p>Da der Zustandsraum mit allen anderen J\u00e4gern im Blickfeld (7*7) zu gross wird, je ein Zustandsraum mit der Beute und einem J\u00e4ger. Q-Learning in diesem Raum. Ein Kombinationsmodul trifft dann aus den drei Vorschl\u00e4gen eine Auswahl. Es l\u00e4sst sich folgendes Verhalten beobachten:<\/p>\n<ul>\n<li>Wenn Kollege in Sicht aber noch keine Beute: Dem Kollegen folgen (Herdenbildung)<\/li>\n<li>Wenn sichtbarer Kollege sichtbare Beute noch nicht sehen kann, dann so bewegen, dass Kollege den Anschluss nicht verliert. (altruistisches Verhalten) (<a title=\"Literaturliste MAS\" href=\"http:\/\/hrkll.ch\/WordPress\/?page_id=106\">Ono &amp; Fukumoto<\/a>)<\/li>\n<\/ul>\n<h2>Lernen der Sprache<\/h2>\n<h3>Sprache wachsen lassen<\/h3>\n<p>Optimales Verhalten mit einer einfachen Sprache lernen (einfach: wenig Zeichen), dann Sprache vergr\u00f6ssern (mehr Zeichen) und weiterentwickeln lassen. (<a title=\"Literaturliste MAS\" href=\"http:\/\/hrkll.ch\/WordPress\/?page_id=106\">Jim &amp; Giles<\/a>)<\/p>\n<h3>Gelegenheiten zur Spracherweiterung<\/h3>\n<ul>\n<li>Ein Zustand wird erreicht, der bedeutungsvoll ist und auf den man in Zukunft verweisen m\u00f6chte (z.B. als Subziel)<\/li>\n<li>Ein neues Subziel wird generiert, f\u00fcr das es noch keinen Begriff gibt.<\/li>\n<li>Eine neue &#8222;Technik&#8220; wird entwickelt. (<a title=\"Literaturliste MAS\" href=\"http:\/\/hrkll.ch\/WordPress\/?page_id=106\">Friedrich, Kaiser, Rogalla &amp; Dillmann<\/a>)<\/li>\n<\/ul>\n<h3>Neue Sprachelemente erkl\u00e4ren<\/h3>\n<ul>\n<li>Direkt, wenn sowohl Sprachelement wie &#8222;Bedeutung&#8220; (z.B. Beschreibung des Weltzustandes) kommuniziert werden k\u00f6nnen.<\/li>\n<li>Indirekt, durch Vormachen\/spielen des Zustandes, der Technik. (<a title=\"Literaturliste MAS\" href=\"http:\/\/hrkll.ch\/WordPress\/?page_id=106\">Friedrich, Kaiser, Rogalla &amp; Dillmann<\/a>)<\/li>\n<\/ul>\n","protected":false},"excerpt":{"rendered":"<p>Das Gebiet der Multi-Agent Systems gibt es seit ca. 1985. Entsprechend umfangreich ist die Literatur dazu bereits. Pursuit Domain Bereits 1986 wurde eine Aufgabe f\u00fcr simulierte Agenten vorgeschlagen, die dem Wolf und Schafe Spiel \u00e4hnlich ist: Auf einem schachbrettartigen Feld &hellip; <a href=\"https:\/\/hrkll.ch\/WordPress\/lernen-durch-mitmachen\/theoriebildung\/kuenstliche-intelligenz\/multi-agent-systems\/\">Weiterlesen <span class=\"meta-nav\">&rarr;<\/span><\/a><\/p>\n","protected":false},"author":7,"featured_media":0,"parent":94,"menu_order":0,"comment_status":"closed","ping_status":"closed","template":"sidebar-page.php","meta":{"footnotes":""},"class_list":["post-98","page","type-page","status-publish","hentry"],"_links":{"self":[{"href":"https:\/\/hrkll.ch\/WordPress\/wp-json\/wp\/v2\/pages\/98","targetHints":{"allow":["GET"]}}],"collection":[{"href":"https:\/\/hrkll.ch\/WordPress\/wp-json\/wp\/v2\/pages"}],"about":[{"href":"https:\/\/hrkll.ch\/WordPress\/wp-json\/wp\/v2\/types\/page"}],"author":[{"embeddable":true,"href":"https:\/\/hrkll.ch\/WordPress\/wp-json\/wp\/v2\/users\/7"}],"replies":[{"embeddable":true,"href":"https:\/\/hrkll.ch\/WordPress\/wp-json\/wp\/v2\/comments?post=98"}],"version-history":[{"count":0,"href":"https:\/\/hrkll.ch\/WordPress\/wp-json\/wp\/v2\/pages\/98\/revisions"}],"up":[{"embeddable":true,"href":"https:\/\/hrkll.ch\/WordPress\/wp-json\/wp\/v2\/pages\/94"}],"wp:attachment":[{"href":"https:\/\/hrkll.ch\/WordPress\/wp-json\/wp\/v2\/media?parent=98"}],"curies":[{"name":"wp","href":"https:\/\/api.w.org\/{rel}","templated":true}]}}