{"id":790,"date":"2013-02-06T10:16:06","date_gmt":"2013-02-06T09:16:06","guid":{"rendered":"http:\/\/hrkll.ch\/WordPress\/?page_id=790"},"modified":"2013-02-08T19:05:29","modified_gmt":"2013-02-08T18:05:29","slug":"bausteine-fur-ein-konzept-zur-forderung-alltagsmathematischer-kompetenz-2","status":"publish","type":"page","link":"https:\/\/hrkll.ch\/WordPress\/alltagsmathematik\/projekte\/bausteine-fur-ein-konzept-zur-forderung-alltagsmathematischer-kompetenz-2\/","title":{"rendered":"Bausteine f\u00fcr ein Konzept zur F\u00f6rderung alltagsmathematischer Kompetenz"},"content":{"rendered":"<p>Im Jahr 2008 hat das <a title=\"Opens external link in new window\" href=\"http:\/\/www.seco.admin.ch\/\" target=\"_blank\">Seco <\/a>(Staatssekretariat f\u00fcr Wirtschaft) die Entwicklung eines &#8222;<em>Rahmenkonzeptes zur F\u00f6rderung der Kompetenzen von Stellensuchenden in Alltagsmathematik im Rahmen arbeitsmarktlicher Massnahmen<\/em>&#8220; in Auftrag gegeben. Auftragnehmer war der <a title=\"Opens external link in new window\" href=\"http:\/\/www.alice.ch\/\" target=\"_blank\">SVEB <\/a>(Schweizerischer Verband f\u00fcr Weiterbildung) und ich habe das Projekt bearbeitet.<\/p>\n<p>Entstanden ist dabei zwar noch nicht ein geschlossenes Rahmenkonzept, aber wichtige Bausteine daf\u00fcr. Der <a title=\"Opens external link in new window\" href=\"http:\/\/www.ressourcesfba.ch\/ressources\/Bausteine_Alltagsmathematik-25-000056-000054.pdf\" target=\"_blank\">gesamte Text<\/a> kann aus der Datenbank <a title=\"Opens external link in new window\" href=\"http:\/\/www.ressourcesfba.ch\/home.php\" target=\"_blank\">Ressourcen zur F\u00f6rderung der Grundkompetenzen Erwachsener<\/a> heruntergeladen werden. Ich habe ihn hier in handliche Teile zerschnitten.<\/p>\n<h2>Band 1: Bausteine<\/h2>\n<h3>1. <a title=\"Initiates file download\" href=\"http:\/\/www.hrkll.ch\/typo\/fileadmin\/Texte\/Alltagsmathematik\/Seco\/Einleitung_allgemein.pdf\" target=\"page\">Einleitung<\/a><\/h3>\n<h3>2. Alltagsmathematik<\/h3>\n<p><em>Die folgenden Texte stellen eine Sammlung von Instrumenten dar, die helfen sollen, das Ph\u00e4nomen \u201eAlltagsmathematik\u201c (engl. numeracy) zu fassen. Sie sind aufeinander bezogen, aber so geschrieben, dass jeder Text auch f\u00fcr sich allein gelesen werden kann. Dadurch ergeben sich gewisse \u00dcberschneidungen, die sich im Dienst der Lesbarkeit nicht vermeiden lassen.<\/em><\/p>\n<p><strong>2.1 <a title=\"Initiates file download\" href=\"http:\/\/www.hrkll.ch\/typo\/fileadmin\/Texte\/Alltagsmathematik\/Seco\/Einleitung_Was_ist.pdf\" target=\"page\">Einleitung<\/a><\/strong> (<a title=\"Initiates file download\" href=\"http:\/\/www.hrkll.ch\/typo\/fileadmin\/Texte\/Alltagsmathematik\/SecoFranz\/2_1_Numeratie_Introduction.pdf\" target=\"page\">franz. Version<\/a>)<\/p>\n<p><strong>2.2 <a title=\"Initiates file download\" href=\"http:\/\/www.hrkll.ch\/typo\/fileadmin\/Texte\/Alltagsmathematik\/Seco\/Versteckt_aber_wichtig.pdf\" target=\"page\">Alltagsmathematik \u2013 versteckt aber wichtig<\/a><\/strong> ist ein kurzer Text \u00fcber die Bedeutung und die Facetten der Alltagsmathematik. Er ist dazu gedacht, Personen in einer beratenden oder begleitenden Funktion f\u00fcr das Thema zu sensibilisieren. (<a title=\"Initiates file download\" href=\"http:\/\/www.hrkll.ch\/typo\/fileadmin\/Texte\/Alltagsmathematik\/SecoFranz\/2_2_disimulee_mais_importante.pdf\" target=\"page\">franz. Version<\/a>)<\/p>\n<p><strong>2.3 <a title=\"Initiates file download\" href=\"http:\/\/www.hrkll.ch\/typo\/fileadmin\/Texte\/Alltagsmathematik\/Seco\/Alltagsmathematische_Beispiele.pdf\" target=\"page\">Beispiele<\/a><\/strong> versucht anhand von f\u00fcnf Beispielen aus dem beruflichen Alltag zu illustrieren, wo man Alltagsmathematik findet und welche Eigenschaften alltagsmathematische Verfahren haben. (<a title=\"Initiates file download\" href=\"http:\/\/www.hrkll.ch\/typo\/fileadmin\/Texte\/Alltagsmathematik\/SecoFranz\/2_3_Exemples.pdf\" target=\"page\">franz. Version<\/a>)<\/p>\n<p><strong>2.4 <a title=\"Initiates file download\" href=\"http:\/\/www.hrkll.ch\/typo\/fileadmin\/Texte\/Alltagsmathematik\/Seco\/Sprachfoerderung_Alltagsmathematik_Vergleich.pdf\" target=\"page\">Sprachf\u00f6rderung und Alltagsmathematik: Ein Vergleich<\/a><\/strong> stellt der Alltagsmathematik den besser bekannten Bereich der Sprachf\u00f6rderung gegen\u00fcber. Auf diesem Hintergrund werden ein paar wichtige Unterschiede sichtbar.\u00a0 (<a title=\"Initiates file download\" href=\"http:\/\/www.hrkll.ch\/typo\/fileadmin\/Texte\/Alltagsmathematik\/SecoFranz\/2_4_Promotion_des_langues_et_de_la_numeratie.pdf\" target=\"page\">franz. Version<\/a>)<\/p>\n<p><strong>2.5 <a title=\"Initiates file download\" href=\"http:\/\/www.hrkll.ch\/typo\/fileadmin\/Texte\/Alltagsmathematik\/Seco\/Drei_Welten_vier_Beduerfnisse.pdf\" target=\"page\">Drei Welten, vier Bed\u00fcrfnisse<\/a> <\/strong>umreisst kurz, welche F\u00f6rderziele im Bereich Alltagsmathematik unterschieden werden k\u00f6nnen. Daraus leiten sich drei verschiedene Kursformate ab, welche je nach Ziel eingesetzt werden k\u00f6nnen. (<a title=\"Initiates file download\" href=\"http:\/\/www.hrkll.ch\/typo\/fileadmin\/Texte\/Alltagsmathematik\/SecoFranz\/2_5_Trois_univers_quatre_besoins.pdf\" target=\"page\">franz. Version<\/a>)<\/p>\n<p><strong>2.6 <a title=\"Initiates file download\" href=\"http:\/\/www.hrkll.ch\/typo\/fileadmin\/Texte\/Alltagsmathematik\/Seco\/Entwurf_Kompetenzenprofil.pdf\" target=\"page\">Kompetenzenprofil Alltagsmathematik<\/a><\/strong> ist ein Entwurf zu einem umfassenden Kompetenzenprofil. Dieses bietet eine gute Grundlage, um mit Personen in ein differenziertes Gespr\u00e4ch \u00fcber ihre Kenntnisse und Fertigkeiten im Bereich Alltagsmathematik einzutreten. (<a title=\"Initiates file download\" href=\"http:\/\/www.hrkll.ch\/typo\/fileadmin\/Texte\/Alltagsmathematik\/SecoFranz\/2_6_Ebauche_cadre_referentiel.pdf\" target=\"page\">franz. Version<\/a>)<\/p>\n<h3>3. Aktuelle Kursbeispiele<\/h3>\n<p><em>Dieser Abschnitt dokumentiert drei Beispiele von Angeboten zur F\u00f6rderung alltagsmathematischer Kompetenzen. Die drei Beispiele decken ein weites Spektrum ab. Sie streben unterschiedliche Ziele an, sind unterschiedlich institutionell eingebunden und blicken auf eine unterschiedlich lange Geschichte zur\u00fcck.<\/em><\/p>\n<p><strong>3.2 <a title=\"Initiates file download\" href=\"http:\/\/www.hrkll.ch\/typo\/fileadmin\/Texte\/Alltagsmathematik\/Seco\/Kurskonzept_CIP_Tramelan.pdf\" target=\"page\">CIP, Tramelan &#8211; Math\u00e9matiques de base<\/a> (<a title=\"Initiates file download\" href=\"http:\/\/www.hrkll.ch\/typo\/fileadmin\/Texte\/Alltagsmathematik\/SecoFranz\/3_2_CIP.pdf\" target=\"page\">franz. Version<\/a>)<\/strong><\/p>\n<p><strong>3.3 <a title=\"Initiates file download\" href=\"http:\/\/www.hrkll.ch\/typo\/fileadmin\/Texte\/Alltagsmathematik\/Seco\/Kurskonzept_atelier_des_calculs.pdf\" target=\"page\">Retravailler CORREF, Lausanne &#8211; Atelier de calculs<\/a> (<a title=\"Initiates file download\" href=\"http:\/\/www.hrkll.ch\/typo\/fileadmin\/Texte\/Alltagsmathematik\/SecoFranz\/3_3_Retravailler_CORREF.pdf\" target=\"page\">franz. Version<\/a>)<\/strong><\/p>\n<p><strong>3.4 <a title=\"Initiates file download\" href=\"http:\/\/www.hrkll.ch\/typo\/fileadmin\/Texte\/Alltagsmathematik\/Seco\/Kurskonzept_Pilot_Aargau.pdf\" target=\"page\">Kanton Aargau &#8211; Pilotprojekt Alltagsmathematik<\/a> (<a title=\"Initiates file download\" href=\"http:\/\/www.hrkll.ch\/typo\/fileadmin\/Texte\/Alltagsmathematik\/SecoFranz\/3_4_Argovie.pdf\" target=\"page\">franz. Version<\/a>)<\/strong><\/p>\n<p><strong>3.5 <a title=\"Initiates file download\" href=\"http:\/\/www.hrkll.ch\/typo\/fileadmin\/Texte\/Alltagsmathematik\/Seco\/Kurrskonzepte_Vergleich.pdf\" target=\"page\">Vergleichende Zusammenfassung<\/a><\/strong> vergleicht die St\u00e4rken und Anwendungsbereiche der drei Konzepte und skizzierte einige Fragen, die sich aus diesem Vergleich ergeben. (<a title=\"Initiates file download\" href=\"http:\/\/www.hrkll.ch\/typo\/fileadmin\/Texte\/Alltagsmathematik\/SecoFranz\/3_5_Resume_comparatif.pdf\" target=\"page\">franz. Version<\/a>)<\/p>\n<h2>Band 2: Didaktisches Begleitmaterial<\/h2>\n<p><em>Im Folgenden findet sich eine Sammlung kurzer Texte, welche verschiedenste Fragen im Zusammenhang mit der F\u00f6rderung alltagsmathematischer Kompetenz ansprechen. Die Texte sind so konzipiert, dass sie einzeln gelesen werden k\u00f6nnen, auch wenn Zusammenh\u00e4nge zwischen ihnen und mit einigen Texten aus dem Teil \u201eBausteine\u201c bestehen.<\/em><\/p>\n<p><em>Die Texte enthalten Anregungen zu verschiedenen konzeptionellen und didaktischen Fragen. Sie stellen aber kein eigentliches Lehrbuch der Didaktik der Alltagsmathematik dar. Vielmehr handelt es sich um eine lose Sammlung von Texten, welche sich bei der Schulung und Beratung von Kursleitenden als n\u00fctzlich erwiesen haben.<\/em><\/p>\n<p><strong>1. Einleitung<\/strong><\/p>\n<p><strong>2. <a title=\"Initiates file download\" href=\"http:\/\/www.hrkll.ch\/typo\/fileadmin\/Texte\/Alltagsmathematik\/Seco\/Allltag_und_akademisch.pdf\" target=\"page\">Alltagsmathematik und akademische Mathematik<\/a> (<a title=\"Initiates file download\" href=\"http:\/\/www.hrkll.ch\/typo\/fileadmin\/Texte\/Alltagsmathematik\/SecoFranz\/4_2_quotidien_et_academiques.pdf\" target=\"page\">franz. Version)<\/a><\/strong><\/p>\n<p><strong>3. <a title=\"Initiates file download\" href=\"http:\/\/www.hrkll.ch\/typo\/fileadmin\/Texte\/Alltagsmathematik\/Seco\/Situatives_Problemloesen.pdf\" target=\"page\">Situatives Probleml\u00f6sen f\u00f6rdern<\/a> (<a title=\"Initiates file download\" href=\"http:\/\/www.hrkll.ch\/typo\/fileadmin\/Texte\/Alltagsmathematik\/SecoFranz\/4_3_problemes_situationnels.pdf\" target=\"page\">franz. Version<\/a>)<\/strong><\/p>\n<p><strong>4. <a title=\"Initiates file download\" href=\"http:\/\/www.hrkll.ch\/typo\/fileadmin\/Texte\/Alltagsmathematik\/Seco\/Verstehen_von_Konzepten.pdf\" target=\"page\">Verstehen von Konzepten f\u00f6rdern<\/a> (<a title=\"Initiates file download\" href=\"http:\/\/www.hrkll.ch\/typo\/fileadmin\/Texte\/Alltagsmathematik\/SecoFranz\/4_4_comprehension_de_concepts.pdf\" target=\"page\">franz. Version<\/a>)<\/strong><\/p>\n<p><strong>5. <a title=\"Initiates file download\" href=\"http:\/\/www.hrkll.ch\/typo\/fileadmin\/Texte\/Alltagsmathematik\/Seco\/Situativ_vs_Abstrakt.pdf\" target=\"page\">Situative vs. abstrake Konzepte<\/a> (<a title=\"Initiates file download\" href=\"http:\/\/www.hrkll.ch\/typo\/fileadmin\/Texte\/Alltagsmathematik\/SecoFranz\/4_5_abstraits_vs_situationnels.pdf\" target=\"page\">franz. Version<\/a>)<\/strong><\/p>\n<p><strong>6. <a title=\"Initiates file download\" href=\"http:\/\/www.hrkll.ch\/typo\/fileadmin\/Texte\/Alltagsmathematik\/Seco\/Verfahren_einueben.pdf\" target=\"page\">Verfahren ein\u00fcben<\/a> (<a title=\"Initiates file download\" href=\"http:\/\/www.hrkll.ch\/typo\/fileadmin\/Texte\/Alltagsmathematik\/SecoFranz\/4_6_Exercer_des_procedes.pdf\" target=\"page\">franz. Version<\/a>)<\/strong><\/p>\n<p><strong>7. <a title=\"Initiates file download\" href=\"http:\/\/www.hrkll.ch\/typo\/fileadmin\/Texte\/Alltagsmathematik\/Seco\/Programme_Internet.pdf\" target=\"page\">Materialien: Programme und Internet<\/a> (<a title=\"Initiates file download\" href=\"http:\/\/www.hrkll.ch\/typo\/fileadmin\/Texte\/Alltagsmathematik\/SecoFranz\/4_7_Programmes_et_sites_internet.pdf\" target=\"page\">franz. Version<\/a>)<\/strong><\/p>\n<p><strong>8. <a title=\"Initiates file download\" href=\"http:\/\/www.hrkll.ch\/typo\/fileadmin\/Texte\/Alltagsmathematik\/Seco\/Arbeitsblaetter.pdf\" target=\"page\">Materialien: Arbeitsbl\u00e4tter<\/a> (<a title=\"Initiates file download\" href=\"http:\/\/www.hrkll.ch\/typo\/fileadmin\/Texte\/Alltagsmathematik\/SecoFranz\/4_7_Fiches_de_travail.pdf\" target=\"page\">franz. Version<\/a>)<\/strong><\/p>\n<h2>Band 3: Wichtige Hintergrundtexte<\/h2>\n<p><em>Ein Text, der f\u00fcr das Projekt aus dem Englischen \u00fcbersetzt wurden. Geplant waren weitere \u00dcbersetzungen, die aber nicht zustande gekommen sind.<\/em><\/p>\n<ul>\n<li><a title=\"Initiates file download\" href=\"http:\/\/www.hrkll.ch\/typo\/fileadmin\/Texte\/Alltagsmathematik\/Seco\/Ein_Modell_ganzheitlicher_Kompetenz.pdf\" target=\"page\">Ein Modell ganzheitlicher Kompetenz<\/a> (Kapitel 1 aus: Marr, B., Helme, S., &amp; Tout, D. (2003). Rethinking Assessment. Strategies for holistic adult<br \/>\nnumeracy assessment. A resource book for practioners, policy makers, researches and assessors: Language Australia. S. 3 -14) (<a title=\"Initiates file download\" href=\"http:\/\/www.hrkll.ch\/typo\/fileadmin\/Texte\/Alltagsmathematik\/SecoFranz\/Marr_Rethinking.pdf\" target=\"page\">Franz\u00f6sische Version<\/a>) [<a title=\"Initiates file download\" href=\"http:\/\/www.hrkll.ch\/typo\/fileadmin\/Texte\/Alltagsmathematik\/Didaktik\/Ganzheitliches_Kompetenzkonzept.pdf\" target=\"page\">kurze Zusammenfassung<\/a>]<\/li>\n<\/ul>\n","protected":false},"excerpt":{"rendered":"<p>Im Jahr 2008 hat das Seco (Staatssekretariat f\u00fcr Wirtschaft) die Entwicklung eines &#8222;Rahmenkonzeptes zur F\u00f6rderung der Kompetenzen von Stellensuchenden in Alltagsmathematik im Rahmen arbeitsmarktlicher Massnahmen&#8220; in Auftrag gegeben. Auftragnehmer war der SVEB (Schweizerischer Verband f\u00fcr Weiterbildung) und ich habe das &hellip; <a href=\"https:\/\/hrkll.ch\/WordPress\/alltagsmathematik\/projekte\/bausteine-fur-ein-konzept-zur-forderung-alltagsmathematischer-kompetenz-2\/\">Weiterlesen <span class=\"meta-nav\">&rarr;<\/span><\/a><\/p>\n","protected":false},"author":7,"featured_media":0,"parent":189,"menu_order":0,"comment_status":"closed","ping_status":"closed","template":"sidebar-page.php","meta":{"footnotes":""},"class_list":["post-790","page","type-page","status-publish","hentry"],"_links":{"self":[{"href":"https:\/\/hrkll.ch\/WordPress\/wp-json\/wp\/v2\/pages\/790","targetHints":{"allow":["GET"]}}],"collection":[{"href":"https:\/\/hrkll.ch\/WordPress\/wp-json\/wp\/v2\/pages"}],"about":[{"href":"https:\/\/hrkll.ch\/WordPress\/wp-json\/wp\/v2\/types\/page"}],"author":[{"embeddable":true,"href":"https:\/\/hrkll.ch\/WordPress\/wp-json\/wp\/v2\/users\/7"}],"replies":[{"embeddable":true,"href":"https:\/\/hrkll.ch\/WordPress\/wp-json\/wp\/v2\/comments?post=790"}],"version-history":[{"count":0,"href":"https:\/\/hrkll.ch\/WordPress\/wp-json\/wp\/v2\/pages\/790\/revisions"}],"up":[{"embeddable":true,"href":"https:\/\/hrkll.ch\/WordPress\/wp-json\/wp\/v2\/pages\/189"}],"wp:attachment":[{"href":"https:\/\/hrkll.ch\/WordPress\/wp-json\/wp\/v2\/media?parent=790"}],"curies":[{"name":"wp","href":"https:\/\/api.w.org\/{rel}","templated":true}]}}