{"id":728,"date":"2013-02-03T15:13:26","date_gmt":"2013-02-03T14:13:26","guid":{"rendered":"http:\/\/hrkll.ch\/WordPress\/?page_id=728"},"modified":"2013-02-08T18:51:21","modified_gmt":"2013-02-08T17:51:21","slug":"31-situierte-kompetenzen","status":"publish","type":"page","link":"https:\/\/hrkll.ch\/WordPress\/iml2\/das-buch\/entstehungsgeschichte\/31-situierte-kompetenzen\/","title":{"rendered":"31. Situierte Kompetenzen"},"content":{"rendered":"<p>Und zu guter letzte konnte ich mich im konkreten Alltag der Schule nicht mehr l\u00e4nger um die Frage dr\u00fccken, wie denn sinnvolle Ausbildungsziele aussehen und wie sie wirksam formuliert werden k\u00f6nnen. Die Frage hatte mich schon bei meiner Arbeit im Departement Berufsbildung mehr besch\u00e4ftigt, als mir lieb war. Am BZG ging es dann aber darum, einen neuen Ausbildungsgang (Fachangestellte Gesundheit) ganz konkret aufzubauen. Aus dem IML heraus ergab sich als Ziel das Bild einer erfahrenen Fachperson, die aufgrund von situativem Wissen ihr Wissen anderer Form gezielt als Ressource einsetzt. Wesentlich wurde die Entwicklung dieses Bildes durch einen etwas eigenartigen Auftrag gef\u00f6rdert, den ich ein paar Jahre zuvor bearbeitet hatte. In einer Schule auf der deutsch\/franz\u00f6sischen Sprachgrenze hatte ein franz\u00f6sischsprachiges Teammitglied eine Literaturliste von Basisliteratur erarbeitet &#8211; nat\u00fcrlich mit lauter Titel aus dem franz\u00f6sischen Sprachraum. Ich hatte die Aufgabe \u00fcbernommen, geeignete parallele deutschsprachige Texte zu finden. Ich nicht ganz einfache Aufgabe, aber auf diesem Weg kam ich mit der Verwendung des Begriffs <em>Kompetenz<\/em> in der franz\u00f6sischsprachigen Literatur zur Berufsbildung in Kontakt. Daraus entstanden die <a title=\"Situierte Kompetenzen\" href=\"http:\/\/hrkll.ch\/WordPress\/?page_id=40\">Siutierten Kompetenzen<\/a>.<\/p>\n<p>&lt;&lt;<a title=\"30. Wissensmanagement (2001)\" href=\"http:\/\/hrkll.ch\/WordPress\/?page_id=726\">vorher<\/a>\u00a0\u00a0\u00a0\u00a0\u00a0\u00a0\u00a0 <a title=\"32. Eine erste Ann\u00e4herung an die urspr\u00fcngliche Frage (2004)\" href=\"http:\/\/hrkll.ch\/WordPress\/?page_id=730\">nachher<\/a>&gt;&gt;<\/p>\n","protected":false},"excerpt":{"rendered":"<p>Und zu guter letzte konnte ich mich im konkreten Alltag der Schule nicht mehr l\u00e4nger um die Frage dr\u00fccken, wie denn sinnvolle Ausbildungsziele aussehen und wie sie wirksam formuliert werden k\u00f6nnen. Die Frage hatte mich schon bei meiner Arbeit im &hellip; <a href=\"https:\/\/hrkll.ch\/WordPress\/iml2\/das-buch\/entstehungsgeschichte\/31-situierte-kompetenzen\/\">Weiterlesen <span class=\"meta-nav\">&rarr;<\/span><\/a><\/p>\n","protected":false},"author":7,"featured_media":0,"parent":632,"menu_order":30,"comment_status":"closed","ping_status":"closed","template":"sidebar-page.php","meta":{"footnotes":""},"class_list":["post-728","page","type-page","status-publish","hentry"],"_links":{"self":[{"href":"https:\/\/hrkll.ch\/WordPress\/wp-json\/wp\/v2\/pages\/728","targetHints":{"allow":["GET"]}}],"collection":[{"href":"https:\/\/hrkll.ch\/WordPress\/wp-json\/wp\/v2\/pages"}],"about":[{"href":"https:\/\/hrkll.ch\/WordPress\/wp-json\/wp\/v2\/types\/page"}],"author":[{"embeddable":true,"href":"https:\/\/hrkll.ch\/WordPress\/wp-json\/wp\/v2\/users\/7"}],"replies":[{"embeddable":true,"href":"https:\/\/hrkll.ch\/WordPress\/wp-json\/wp\/v2\/comments?post=728"}],"version-history":[{"count":0,"href":"https:\/\/hrkll.ch\/WordPress\/wp-json\/wp\/v2\/pages\/728\/revisions"}],"up":[{"embeddable":true,"href":"https:\/\/hrkll.ch\/WordPress\/wp-json\/wp\/v2\/pages\/632"}],"wp:attachment":[{"href":"https:\/\/hrkll.ch\/WordPress\/wp-json\/wp\/v2\/media?parent=728"}],"curies":[{"name":"wp","href":"https:\/\/api.w.org\/{rel}","templated":true}]}}