{"id":715,"date":"2013-02-03T15:01:30","date_gmt":"2013-02-03T14:01:30","guid":{"rendered":"http:\/\/hrkll.ch\/WordPress\/?page_id=715"},"modified":"2013-02-13T17:09:56","modified_gmt":"2013-02-13T16:09:56","slug":"26-schienenmodell-1999","status":"publish","type":"page","link":"https:\/\/hrkll.ch\/WordPress\/iml2\/das-buch\/entstehungsgeschichte\/26-schienenmodell-1999\/","title":{"rendered":"26. Schienenmodell (1999)"},"content":{"rendered":"<p>Wie die geneigte Leserin, der geneigte Leser wohl erwartet, ist es unterdessen wieder Zeit, dass ich von einem Stellenwechsel berichte. Nach einigen Jahren am Departement f\u00fcr Berufsbildung, wo ich mich neben den hier dargestellten Fragen auch ausgiebig mit der Reglementierung von Berufsausbildungen besch\u00e4ftigt hatte, wollte ich mich mehr auf die Lehrerbildung konzentrieren. Ich wechselte deshalb ans Bildungszentrum f\u00fcr Gesundheitsberufe des Kantons Solothurn, wo aufgrund einiger Zuf\u00e4lle Geld f\u00fcr jemanden wie mich vorhanden war. Meine erste Aufgabe dort war es, aus all dem, was ich bisher zusammen getragen hatte eine wirksame Form von Veranstaltungen f\u00fcr die Lehrerweiterbildung zu entwerfen. Daraus ist die <a title=\"Schienen\" href=\"http:\/\/hrkll.ch\/WordPress\/?page_id=38\">Schiene<\/a> entstanden (vgl.Buch 24)<\/p>\n<p>&lt;&lt;<a title=\"25. Transferf\u00f6rderung (1998)\" href=\"http:\/\/hrkll.ch\/WordPress\/?page_id=709\">vorher<\/a>\u00a0\u00a0\u00a0\u00a0\u00a0\u00a0\u00a0 <a title=\"27. Rezept und Reflexion (2000)\" href=\"http:\/\/hrkll.ch\/WordPress\/?page_id=717\">nachher<\/a>&gt;&gt;<\/p>\n","protected":false},"excerpt":{"rendered":"<p>Wie die geneigte Leserin, der geneigte Leser wohl erwartet, ist es unterdessen wieder Zeit, dass ich von einem Stellenwechsel berichte. Nach einigen Jahren am Departement f\u00fcr Berufsbildung, wo ich mich neben den hier dargestellten Fragen auch ausgiebig mit der Reglementierung &hellip; <a href=\"https:\/\/hrkll.ch\/WordPress\/iml2\/das-buch\/entstehungsgeschichte\/26-schienenmodell-1999\/\">Weiterlesen <span class=\"meta-nav\">&rarr;<\/span><\/a><\/p>\n","protected":false},"author":7,"featured_media":0,"parent":632,"menu_order":25,"comment_status":"closed","ping_status":"closed","template":"sidebar-page.php","meta":{"footnotes":""},"class_list":["post-715","page","type-page","status-publish","hentry"],"_links":{"self":[{"href":"https:\/\/hrkll.ch\/WordPress\/wp-json\/wp\/v2\/pages\/715","targetHints":{"allow":["GET"]}}],"collection":[{"href":"https:\/\/hrkll.ch\/WordPress\/wp-json\/wp\/v2\/pages"}],"about":[{"href":"https:\/\/hrkll.ch\/WordPress\/wp-json\/wp\/v2\/types\/page"}],"author":[{"embeddable":true,"href":"https:\/\/hrkll.ch\/WordPress\/wp-json\/wp\/v2\/users\/7"}],"replies":[{"embeddable":true,"href":"https:\/\/hrkll.ch\/WordPress\/wp-json\/wp\/v2\/comments?post=715"}],"version-history":[{"count":0,"href":"https:\/\/hrkll.ch\/WordPress\/wp-json\/wp\/v2\/pages\/715\/revisions"}],"up":[{"embeddable":true,"href":"https:\/\/hrkll.ch\/WordPress\/wp-json\/wp\/v2\/pages\/632"}],"wp:attachment":[{"href":"https:\/\/hrkll.ch\/WordPress\/wp-json\/wp\/v2\/media?parent=715"}],"curies":[{"name":"wp","href":"https:\/\/api.w.org\/{rel}","templated":true}]}}