{"id":707,"date":"2013-02-03T14:49:57","date_gmt":"2013-02-03T13:49:57","guid":{"rendered":"http:\/\/hrkll.ch\/WordPress\/?page_id=707"},"modified":"2013-02-08T18:50:31","modified_gmt":"2013-02-08T17:50:31","slug":"24-widerstande-und-verstandnis-1998","status":"publish","type":"page","link":"https:\/\/hrkll.ch\/WordPress\/iml2\/das-buch\/entstehungsgeschichte\/24-widerstande-und-verstandnis-1998\/","title":{"rendered":"24. Widerst\u00e4nde und Verst\u00e4ndnis (1998)"},"content":{"rendered":"<p>Bei meinen Eins\u00e4tzen in der Lehrerweiterbildung wurde ich immer wieder mit demselben Ph\u00e4nomen konfrontiert: Die Teilnehmer h\u00f6rten zwar h\u00f6flich zu, weigerten sich dann aber mehr oder weniger heftig, sich ernsthaft auf die vorgeschlagenen Themen einzulassen. Dasselbe hatte ich schon an der Fachhochschule beim Versuch &#8222;Lernen lernen&#8220; zu unterrichten erlebt. Eines Tages machten wir diesen Widerstand selbst zum Thema und interpretierten ihn im Rahmen des IML. Mit der Zeit entstand daraus ein eigentlicher kleiner Leitfaden zum Umgang mit solchen Widerst\u00e4nden (vgl. Buch Kapitel 24).<\/p>\n<p>&lt;&lt;<a title=\"23. Sensomotorisches Lernen (1998)\" href=\"http:\/\/hrkll.ch\/WordPress\/?page_id=705\">vorher<\/a>\u00a0\u00a0\u00a0\u00a0\u00a0\u00a0\u00a0 <a title=\"25. Transferf\u00f6rderung (1998)\" href=\"http:\/\/hrkll.ch\/WordPress\/?page_id=709\">nachher<\/a>&gt;&gt;<\/p>\n","protected":false},"excerpt":{"rendered":"<p>Bei meinen Eins\u00e4tzen in der Lehrerweiterbildung wurde ich immer wieder mit demselben Ph\u00e4nomen konfrontiert: Die Teilnehmer h\u00f6rten zwar h\u00f6flich zu, weigerten sich dann aber mehr oder weniger heftig, sich ernsthaft auf die vorgeschlagenen Themen einzulassen. Dasselbe hatte ich schon an &hellip; <a href=\"https:\/\/hrkll.ch\/WordPress\/iml2\/das-buch\/entstehungsgeschichte\/24-widerstande-und-verstandnis-1998\/\">Weiterlesen <span class=\"meta-nav\">&rarr;<\/span><\/a><\/p>\n","protected":false},"author":7,"featured_media":0,"parent":632,"menu_order":23,"comment_status":"closed","ping_status":"closed","template":"sidebar-page.php","meta":{"footnotes":""},"class_list":["post-707","page","type-page","status-publish","hentry"],"_links":{"self":[{"href":"https:\/\/hrkll.ch\/WordPress\/wp-json\/wp\/v2\/pages\/707","targetHints":{"allow":["GET"]}}],"collection":[{"href":"https:\/\/hrkll.ch\/WordPress\/wp-json\/wp\/v2\/pages"}],"about":[{"href":"https:\/\/hrkll.ch\/WordPress\/wp-json\/wp\/v2\/types\/page"}],"author":[{"embeddable":true,"href":"https:\/\/hrkll.ch\/WordPress\/wp-json\/wp\/v2\/users\/7"}],"replies":[{"embeddable":true,"href":"https:\/\/hrkll.ch\/WordPress\/wp-json\/wp\/v2\/comments?post=707"}],"version-history":[{"count":0,"href":"https:\/\/hrkll.ch\/WordPress\/wp-json\/wp\/v2\/pages\/707\/revisions"}],"up":[{"embeddable":true,"href":"https:\/\/hrkll.ch\/WordPress\/wp-json\/wp\/v2\/pages\/632"}],"wp:attachment":[{"href":"https:\/\/hrkll.ch\/WordPress\/wp-json\/wp\/v2\/media?parent=707"}],"curies":[{"name":"wp","href":"https:\/\/api.w.org\/{rel}","templated":true}]}}