{"id":703,"date":"2013-02-03T14:48:03","date_gmt":"2013-02-03T13:48:03","guid":{"rendered":"http:\/\/hrkll.ch\/WordPress\/?page_id=703"},"modified":"2013-02-08T18:50:19","modified_gmt":"2013-02-08T17:50:19","slug":"22-piaget-und-anderson-1997","status":"publish","type":"page","link":"https:\/\/hrkll.ch\/WordPress\/iml2\/das-buch\/entstehungsgeschichte\/22-piaget-und-anderson-1997\/","title":{"rendered":"22. Piaget und Anderson (1997)"},"content":{"rendered":"<p>Die urspr\u00fcngliche Benennung der beiden Wissensarten als intensionales und extensionales Wissen musste mit der Zeit durch andere Begriffe ersetzt werden, da sie nicht verst\u00e4ndlich waren. F\u00fcr &#8222;intensionales Wissen&#8220; verwendete ich lange Zeit die Bezeichnung &#8222;analytisches Wissen&#8220;. Zwei Ereignisse f\u00fchrten dazu, dass ich dann diese Bezeichnung nochmals \u00e4nderte. Einmal war da ein hartn\u00e4ckiger Lektor, der mit meinen Wissensbegriffen nicht viel anfangen konnte und immer wieder versuchte, eine Verbindung zu den ihm vertrauten Bezeichnungen &#8222;deklaratives&#8220; und &#8222;prozedurales&#8220; Wissen zu machen. Ich str\u00e4ubte mich lange dagegen, bis ich eines Tages mich selbst nicht mehr verstehen konnte. Zweiter Anlass war wieder einmal ein Blick in Aeblis &#8222;Zw\u00f6lf Grundformen des Lehrens&#8220;. Irgend wie hatte ich schon lange das Gef\u00fchl, dass zwischen diesen Grundformen und den Lernaufgaben des integrierenden Lernmodells eine Verbindung m\u00f6glich sein sollte (vgl. Buch 14).<\/p>\n<p>&lt;&lt;<a title=\"21. Reflektierende Fallstudie (1996)\" href=\"http:\/\/hrkll.ch\/WordPress\/?page_id=697\">vorher<\/a>\u00a0\u00a0\u00a0\u00a0\u00a0\u00a0\u00a0 <a title=\"23. Sensomotorisches Lernen (1998)\" href=\"http:\/\/hrkll.ch\/WordPress\/?page_id=705\">nachher<\/a>&gt;&gt;<\/p>\n","protected":false},"excerpt":{"rendered":"<p>Die urspr\u00fcngliche Benennung der beiden Wissensarten als intensionales und extensionales Wissen musste mit der Zeit durch andere Begriffe ersetzt werden, da sie nicht verst\u00e4ndlich waren. F\u00fcr &#8222;intensionales Wissen&#8220; verwendete ich lange Zeit die Bezeichnung &#8222;analytisches Wissen&#8220;. Zwei Ereignisse f\u00fchrten dazu, &hellip; <a href=\"https:\/\/hrkll.ch\/WordPress\/iml2\/das-buch\/entstehungsgeschichte\/22-piaget-und-anderson-1997\/\">Weiterlesen <span class=\"meta-nav\">&rarr;<\/span><\/a><\/p>\n","protected":false},"author":7,"featured_media":0,"parent":632,"menu_order":21,"comment_status":"closed","ping_status":"closed","template":"sidebar-page.php","meta":{"footnotes":""},"class_list":["post-703","page","type-page","status-publish","hentry"],"_links":{"self":[{"href":"https:\/\/hrkll.ch\/WordPress\/wp-json\/wp\/v2\/pages\/703","targetHints":{"allow":["GET"]}}],"collection":[{"href":"https:\/\/hrkll.ch\/WordPress\/wp-json\/wp\/v2\/pages"}],"about":[{"href":"https:\/\/hrkll.ch\/WordPress\/wp-json\/wp\/v2\/types\/page"}],"author":[{"embeddable":true,"href":"https:\/\/hrkll.ch\/WordPress\/wp-json\/wp\/v2\/users\/7"}],"replies":[{"embeddable":true,"href":"https:\/\/hrkll.ch\/WordPress\/wp-json\/wp\/v2\/comments?post=703"}],"version-history":[{"count":0,"href":"https:\/\/hrkll.ch\/WordPress\/wp-json\/wp\/v2\/pages\/703\/revisions"}],"up":[{"embeddable":true,"href":"https:\/\/hrkll.ch\/WordPress\/wp-json\/wp\/v2\/pages\/632"}],"wp:attachment":[{"href":"https:\/\/hrkll.ch\/WordPress\/wp-json\/wp\/v2\/media?parent=703"}],"curies":[{"name":"wp","href":"https:\/\/api.w.org\/{rel}","templated":true}]}}