{"id":693,"date":"2013-02-03T14:42:20","date_gmt":"2013-02-03T13:42:20","guid":{"rendered":"http:\/\/hrkll.ch\/WordPress\/?page_id=693"},"modified":"2013-02-08T18:49:24","modified_gmt":"2013-02-08T17:49:24","slug":"19-mci-1992-1998","status":"publish","type":"page","link":"https:\/\/hrkll.ch\/WordPress\/iml2\/das-buch\/entstehungsgeschichte\/19-mci-1992-1998\/","title":{"rendered":"19. MCI (1992 -1998)"},"content":{"rendered":"<p>Mit der Zeit kam dann noch ein Lehrauftrag an einer Fachhochschule zum Thema &#8222;Mensch- Computer- Interaktion&#8220;; dazu. In diesem Zusammenhang war es m\u00f6glich, ausgehend vom integrierenden Lernmodell eine systematische Darstellung der Frage zu erarbeiten, wie Benutzeroberfl\u00e4chen gestaltet werden m\u00fcssen, damit Benutzer sich leicht darin zurechtfinden k\u00f6nnen. F\u00fcr das IML ergab sich daraus das Bild verschiedener Lernergruppen (Benutzergruppen) mit unterschiedlichen Bed\u00fcrfnissen. (vgl. Buch 13).<\/p>\n<p>&lt;&lt;<a title=\"18. CBT (1990 -1994)\" href=\"http:\/\/hrkll.ch\/WordPress\/?page_id=691\">vorher<\/a>\u00a0\u00a0\u00a0\u00a0\u00a0\u00a0\u00a0 <a title=\"20. Fachhochschulunterricht (1994-1998)\" href=\"http:\/\/hrkll.ch\/WordPress\/?page_id=695\">nachher<\/a>&gt;&gt;<\/p>\n","protected":false},"excerpt":{"rendered":"<p>Mit der Zeit kam dann noch ein Lehrauftrag an einer Fachhochschule zum Thema &#8222;Mensch- Computer- Interaktion&#8220;; dazu. In diesem Zusammenhang war es m\u00f6glich, ausgehend vom integrierenden Lernmodell eine systematische Darstellung der Frage zu erarbeiten, wie Benutzeroberfl\u00e4chen gestaltet werden m\u00fcssen, damit &hellip; <a href=\"https:\/\/hrkll.ch\/WordPress\/iml2\/das-buch\/entstehungsgeschichte\/19-mci-1992-1998\/\">Weiterlesen <span class=\"meta-nav\">&rarr;<\/span><\/a><\/p>\n","protected":false},"author":7,"featured_media":0,"parent":632,"menu_order":18,"comment_status":"closed","ping_status":"closed","template":"sidebar-page.php","meta":{"footnotes":""},"class_list":["post-693","page","type-page","status-publish","hentry"],"_links":{"self":[{"href":"https:\/\/hrkll.ch\/WordPress\/wp-json\/wp\/v2\/pages\/693","targetHints":{"allow":["GET"]}}],"collection":[{"href":"https:\/\/hrkll.ch\/WordPress\/wp-json\/wp\/v2\/pages"}],"about":[{"href":"https:\/\/hrkll.ch\/WordPress\/wp-json\/wp\/v2\/types\/page"}],"author":[{"embeddable":true,"href":"https:\/\/hrkll.ch\/WordPress\/wp-json\/wp\/v2\/users\/7"}],"replies":[{"embeddable":true,"href":"https:\/\/hrkll.ch\/WordPress\/wp-json\/wp\/v2\/comments?post=693"}],"version-history":[{"count":0,"href":"https:\/\/hrkll.ch\/WordPress\/wp-json\/wp\/v2\/pages\/693\/revisions"}],"up":[{"embeddable":true,"href":"https:\/\/hrkll.ch\/WordPress\/wp-json\/wp\/v2\/pages\/632"}],"wp:attachment":[{"href":"https:\/\/hrkll.ch\/WordPress\/wp-json\/wp\/v2\/media?parent=693"}],"curies":[{"name":"wp","href":"https:\/\/api.w.org\/{rel}","templated":true}]}}