{"id":689,"date":"2013-02-03T14:39:52","date_gmt":"2013-02-03T13:39:52","guid":{"rendered":"http:\/\/hrkll.ch\/WordPress\/?page_id=689"},"modified":"2013-02-08T18:49:15","modified_gmt":"2013-02-08T17:49:15","slug":"17-kleine-entdeckungen-1991","status":"publish","type":"page","link":"https:\/\/hrkll.ch\/WordPress\/iml2\/das-buch\/entstehungsgeschichte\/17-kleine-entdeckungen-1991\/","title":{"rendered":"17. Kleine Entdeckungen (1991)"},"content":{"rendered":"<p>In die Zeit fallen verschiedene kleine Entdeckungen. Einmal stolperte ich an einer Tagung \u00fcber ein h\u00fcbsches Experiment, bei dem sich zeigte, dass Anf\u00e4nger beim beobachten von Anf\u00e4ngern gleich gut lernen, wie wenn sie selbst etwas ausprobieren (vgl. Buch 7). Zum zweiten organisierte ich den j\u00e4hrlichen Kongress der SGAICO und hatte dort Gelegenheit mit William Clancey \u00fcber situiertes Lernen und radikalen Konstruktivismus zu diskutieren (vgl. Buch 105). Zum dritten las ich VanLehns faszinierendes Buch <em>Mind Bugs<\/em> (vgl. Buch 15). Und zum vierten wurde mir klar, dass eine wesentliche Implikation des langsam entstehenden Modells des Lernens die ist, dass beim \u00dcbergang von der Theorie in die Praxis ein Neulernen stattfinden muss (vgl. Buch 12).<\/p>\n<p>&lt;&lt;<a title=\"16. Lernaufgaben, Lernwege (1992)\" href=\"http:\/\/hrkll.ch\/WordPress\/?page_id=687\">vorher<\/a>\u00a0\u00a0\u00a0\u00a0\u00a0\u00a0\u00a0 <a title=\"18. CBT (1990 -1994)\" href=\"http:\/\/hrkll.ch\/WordPress\/?page_id=691\">nachher<\/a>&gt;&gt;<\/p>\n","protected":false},"excerpt":{"rendered":"<p>In die Zeit fallen verschiedene kleine Entdeckungen. Einmal stolperte ich an einer Tagung \u00fcber ein h\u00fcbsches Experiment, bei dem sich zeigte, dass Anf\u00e4nger beim beobachten von Anf\u00e4ngern gleich gut lernen, wie wenn sie selbst etwas ausprobieren (vgl. Buch 7). Zum &hellip; <a href=\"https:\/\/hrkll.ch\/WordPress\/iml2\/das-buch\/entstehungsgeschichte\/17-kleine-entdeckungen-1991\/\">Weiterlesen <span class=\"meta-nav\">&rarr;<\/span><\/a><\/p>\n","protected":false},"author":7,"featured_media":0,"parent":632,"menu_order":16,"comment_status":"closed","ping_status":"closed","template":"sidebar-page.php","meta":{"footnotes":""},"class_list":["post-689","page","type-page","status-publish","hentry"],"_links":{"self":[{"href":"https:\/\/hrkll.ch\/WordPress\/wp-json\/wp\/v2\/pages\/689","targetHints":{"allow":["GET"]}}],"collection":[{"href":"https:\/\/hrkll.ch\/WordPress\/wp-json\/wp\/v2\/pages"}],"about":[{"href":"https:\/\/hrkll.ch\/WordPress\/wp-json\/wp\/v2\/types\/page"}],"author":[{"embeddable":true,"href":"https:\/\/hrkll.ch\/WordPress\/wp-json\/wp\/v2\/users\/7"}],"replies":[{"embeddable":true,"href":"https:\/\/hrkll.ch\/WordPress\/wp-json\/wp\/v2\/comments?post=689"}],"version-history":[{"count":0,"href":"https:\/\/hrkll.ch\/WordPress\/wp-json\/wp\/v2\/pages\/689\/revisions"}],"up":[{"embeddable":true,"href":"https:\/\/hrkll.ch\/WordPress\/wp-json\/wp\/v2\/pages\/632"}],"wp:attachment":[{"href":"https:\/\/hrkll.ch\/WordPress\/wp-json\/wp\/v2\/media?parent=689"}],"curies":[{"name":"wp","href":"https:\/\/api.w.org\/{rel}","templated":true}]}}