{"id":671,"date":"2013-02-03T14:27:49","date_gmt":"2013-02-03T13:27:49","guid":{"rendered":"http:\/\/hrkll.ch\/WordPress\/?page_id=671"},"modified":"2013-02-08T18:48:28","modified_gmt":"2013-02-08T17:48:28","slug":"11-problemlosen-zu-zweit-1980-84","status":"publish","type":"page","link":"https:\/\/hrkll.ch\/WordPress\/iml2\/das-buch\/entstehungsgeschichte\/11-problemlosen-zu-zweit-1980-84\/","title":{"rendered":"11. Probleml\u00f6sen zu zweit (1980 &#8211; 84)"},"content":{"rendered":"<p>Nach den zwei Pendelausschl\u00e4gen einerseits in die logisch, philosophischen Grundlagen des Lernens und andererseits mitten in den konkreten Schulalltag war die Zeit reif, das Thema anhand einer konkreten, forschungsm\u00e4ssig bew\u00e4ltigbaren Fragestellung anzupacken.<\/p>\n<p>Die Grundfragestellung war immer noch dieselbe: Wie kann ich jemandem etwas erkl\u00e4ren, so dass sie oder er das auch versteht. Meine Vorstellung von diesem Vorgang war so weit gediehen, dass mir klar war, dass nat\u00fcrlich Lehrer (Erkl\u00e4render) und Lerner bereits etwas wissen. Nur nicht dasselbe. Naheliegend war es deshalb anzunehmen, dass ein Teil des Problems beim Erkl\u00e4ren darin liegt, dass dieses Wissen irgendwie nicht aufeinander passt. Ich wollte deshalb untersuchen, was passiert, wenn zwei Personen mit unterschiedlichem Vorwissen, ja sogar mit unterschiedlich strukturiertem Wissen aufeinander treffen. Dazu entwickelte ich ein kleines Spiel f\u00fcr zwei Spieler.<\/p>\n<p>Ausgangsmaterial ist ein Zahlenquadrat wie das obere Quadrat in der Figur unten. In den Feldern am rechten und am unteren Rand findet man die Summe der drei Zahlen in der jeweiligen Zeile oder Kolonne. Jeder der beiden Spieler erh\u00e4lt nun eine Kopie dieses Quadrates, in dem aber diverse Zahlen fehlen (untere Quadrate in der Figur). Zudem erf\u00e4hrt der eine Spieler (HANS) nur, dass am unteren Rand die Kolonnensummen stehen, nichts aber \u00fcber die Zeilensummen. Beim anderen ist es nun umgekehrt. Einer der beiden bekommt dann den Auftrag mit Hilfe des anderen die Zahl im Feld ganz unten rechts zu errechnen.<\/p>\n<p><img decoding=\"async\" class=\"aligncenter\" alt=\"\" src=\"data:image\/png;base64,iVBORw0KGgoAAAANSUhEUgAAAMEAAAC8CAIAAABOnF3UAAAHrUlEQVR4nO2dwXUiOxQFOxsSIAvCYOdI2JCFnQDnsJ84nMz7i\/k0Lbs9g65Eq95wa2fjcZehLLU5c\/SmMKaNabSASY8bMq24IdOKGzKtuCHTyteGLsb8wDStrzgrDT2lVZOfuoam0RA0CA4QjY+PD6WhlmDbIWgQHJYav8bhhhI7hBuSIWgQHMINyRA0CA7hhmQIGgSHcEMyBA2CQ7ghGYIGwSHckAxBg+AQbkiGoEFwCDckQ9AgOIQbkiFoEBzCDckQNAgO4YZkCBoEh3BDMgQNgkO4IRmCBsEh3JAMQYPgEK\/a0PV4+79L+\/On9i1aND7P+\/v\/npIN+jV0PU7TdLw2a9S97O9vu2n39l5+YqZ4hNbQ53nf8oT10Lge5+s32XRp6Bb0hg3dYylKOR0Op+VXzB\/RGroeW37zu2nMfJ73slC7w\/9X\/zzvAevQww8Obuh6nPb7+06i59SpoaHr0Pz7hGuIvA6VL9nneS9n1NzQbQ8ZdT90Pd6fCVBDt32Oez\/0dedYPpF1ZN\/Livv6tmX5BfeyZTTjG2pQ6OcAWodunA5Vm9nW99Tzr1vLzUiDxvW4+H1f+mzoUIJo6HRYfHQ61G1nW78\/dH93qMcT1yaAeH9o64aKN4Kmeb05HRaf494P9YOgQXAIeR3qihtK7BBuSIagQXAINyRD0CA4hBuSIWgQHMINyRA0CA7hhmQIGgSHcEMyBA2CQ7ghGYIGwSHckAxBg+AQbkiGoEFwCDckQ9AgOIQbkiFoEBzCDckQNAgO4YZkCBoEh8jb0AUAQYPgcLlcIuJjNNUNGfOd6r1sLAQNggNEQ1mHfvrqzSBoEBwi7\/0Q54l7cYdwQzIEDYJDuCEZggbBIdyQDEGD4BBuSIagQXAINyRD0CA4hBuSIWgQHMINyRA0CA7hhmQIGgSHcEMyBA2CQ7ghGYIGwSHckAxBg+AQbkiGoEFwCDckQ9AgOIQbkiFoEBziVRsaO2uhOEqvRaP1qfgq0no0Zd3LvnKm5\/I0vZrTqV9w1kKJfnJ\/h4Z6zAyobmh91kLRFPlsYdyshYajhdM2tJ5JeZow+Gxh2KyFlhPO\/7WGik+cDnUnw27YEGjWQkTbItTBodMZx93uh4ozh7H3Q6hZC40Fdf27rMtx720NFUtP7dCXjfcyyKyFtm2sj0MfnT4N\/flDUkOEWQuzR+tfh20On+f9XaDLyIemhn7\/YX9besjrUARg1kLbS9bLof\/Ih5p6lsytZHl\/qBMEDYJDyOtQV9xQYodwQzIEDYJDuCEZggbBIdyQDEGD4BBuSIagQXAINyRD0CA4hBuSIWgQHMINyRA0CA7hhmQIGgSHcEMyBA2CQ7ghGYIGwSHckAxBg+AQbkiGoEFwCDckQ9AgOETehi4ACBoEh8vlEp61YP4NqveysRA0CA4QDWUd+umrN4OgQXCIvPdDnCfuxR3CDckQNAgO4YZkCBoEh3BDMgQNgkO4IRmCBsEh3JAMQYPgEG5IhqBBcAg3JEPQIDiEG5IhaBAcwg3JEDQIDuGGZAgaBIdwQzIEDYJDuCEZggbBIdyQDEGD4BBuSIagQXCIV2yo94CBdoNp1KyFUqZ97ETdy5541kLvg72bv9O4WQu9x07U1PObnLMWaA0NnLXQfezEw6\/4aiZpZi3AGho5a6H\/2Im2hrLMWoj+AwbEfz+7jJq18ISxE40NJZm1UDLyjPMYPWvhCWMn2hpKM2uhpMeAgQHX7uPQf+xEU0N5Zi30HzAg\/WvCrIX+YyeaGko0a6H7gAHZYvisheg9dqKmniWetfDaDiGvQ11xQ4kdwg3JEDQIDuGGZAgaBIdwQzIEDYJDuCEZggbBIdyQDEGD4BBuSIagQXAINyRD0CA4hBuSIWgQHMINyRA0CA7hhmQIGgSHcEMyBA2CQ7ghGYIGwSHckAxBg+AQeRu6ACBoEBwul0t41oL5N6jey8Yyh\/\/iDhANZR2ahu6+yw34xR0gGm4osQNEww0ldoBouKHEDhANN5TYAaLhhhI7QDTcUGIHiIYbSuwA0XBDiR0gGm4osQNEww0ldoBouKHEDhANN5TYAaLhhhI7QDTcUGIHiIYbSuwA0diqodUDAEseP0VSfOIIDisa30WUsxBrLYoTGG9a9dcvHJ7W0Prh\/t9\/IuUg0kwOf9CoPVS8UeMuMsey7Lr2SM9h61BB5dn+vdahEQ6rGts29P\/13992xUmwix9+m1kLjxuX4pUP\/U06n8PqtbZsaL7Wspsv0WxzPvWj3\/4BrdoF4NcTGtrOYVWjuB96ZsrLn7NYe06H5YXLjx53GNSQ8Op1b2hLhz9ozA8+7Z7669nUy2aXj+12uzx7Wf0WUkrnc\/jrBdV9RNJYD+XnR\/7iMKIhaQH41behjR1WNN7fduXoMGn+nKSx9oPXGmz7t\/2XNx\/qZb9JZ3L4WaPhdqhfQ3cJfVt\/8jrUFdSbswMdIBpuKLEDRMMNJXaAaLihxA4QDTeU2AGi4YYSO0A03FBiB4iGG0rsANFwQ4kdIBpuKLEDRMMNJXaAaLihxA4QDTeU2AGi4YYSO0A03FBiB4iG0tAHAIIGweGDoVHdkDHfebShyZifeaghY2pxQ6YVN2RacUOmFTdkWnFDphU3ZFr5D5hToN3yOfGyAAAAAElFTkSuQmCC\" \/><\/p>\n<p><img decoding=\"async\" class=\"aligncenter\" alt=\"\" src=\"data:image\/png;base64,iVBORw0KGgoAAAANSUhEUgAAAbQAAADnCAIAAAD5OzT8AAAPUElEQVR4nO2cy3XbyhYFmY0TQBYOAzNH4gmzsBLQWpw7DiaDN5AtkSKPiIvufrtoVM1MSXChcVj4UPZhERGRGw5pARERIsZRROQOxlFE5A7GUUTkDsZRROQOV3F8FenN4dDhBJzeCfkHeTiZn+PYPscil\/SKY\/tGRC7ZEseDSA\/ex6l9jp1M6cjKybwfx\/ZpFhkRx\/ZNiRhHCWMchYlxlDDGUZgYRwljHIWJcZQwxlGYGEcJYxyFiXGUMMZRmBhHCWMchYlxlDDGUZgYRwljHIWJcZQwxlGYGEcJYxyFiXGUMMZRmBhHCWMchYlxlDDGUZgYRwljHIWJcVzN+TgdpuP5q1fOx+lwuPfS5WvXP3War\/5\/zeu\/YBcYxzaKCfpiXP\/M5BXz6fb1+XTvL7l49R\/HOK7mcRxP8+Ewz\/PVa+fjdJim6WKmPn7qfJyuZ+18nPZXR+PYxmn+NFxvf3oQx3tzdv36+Th9cVLfA8ZxNQ\/jeHrL4tWw\/v2e03znlH79nXvFOLZxd946xPHzC8axwDg+juN7\/25O5dPx\/Ol68eLKcfd5NI5tXI3baT7cjNlf\/nscr14xjgXG8f6TmvuPeM7H6X1cb68Tb07H+37kaBwbuXrmeH1XvOGZo3H8wDiu5svRuX1cc+cLb9eW9ZCd5j1eSBrHNj6uHD8uGxevHDtgHFfz1ejcOxffubs5H6fDNM\/lkO1v\/hbj2MrlbfVlHk\/zp1l6\/0afOa7DOK7mwan4+oqvOkv\/uQe6\/1NXZ\/7dYBzbuP1A5t6F5OUX\/LR6HcZxNXUc737q\/OfFm586zR+Phj79itr+bqmXxTi28nn6Lj\/muxqw69\/3KZ45FuPo7znWGEcZhXEUJsZRwhhHYWIcJYxxFCbGUcIYR2FiHCWMcRQmxlHCGEdhYhwljHEUJsZRwhhHYWIcJYxxFCbGUcIYR2FiHCWMcRQmxlHCGEdhYhwljHEUJsZRwhhHYWIcJYxxFCbb4\/gq0ok1I7h+mtN7I\/8OG+Mo0pGOcRTpyMbbaiwcQ45JRdxw5fl5DfF9eYiG64mbvLy8bI9j+zQPgmPIMamIG46IY\/umBqHhBpPfIYzjXkwq4obGEQXH0DgOgWPIMamIGxpHFBxD4zgEjiHHpCJuaBxRcAyN4xA4hhyTirihcUTBMTSOQ+AYckwq4obGEQXH0DgOgWPIMamIGxpHFBxD4zgEjiHHpCJuaBxRcAyN4xA4hhyTirihcUTBMTSOQ+AYckwq4obGEQXH0DgOgWPIMamIGxpHFBxD4zgEjiHHpCJuaBxRcAyN4xA4hhyTirihcUTBMTSOQ+AYckwq4obGEQXH0DgOgWPIMamIGxpHFBxD4zgEjiHHpCJuaBxRcAyN4xDaDc\/H6fDOdDznTEYTNzSOm+k1pZd0NDzNh8NhPjWbGMeetBue5veDej5O2w\/xHtaKIxDfl4f0New1pZf0MvwbbuMIo\/\/5eetpeW9rlRWI78tDxhm2TOklXQz\/yJyPk3Gk0dXQK8enEYjvy0OGGZKuHE\/zn0wbRyCdDP\/eGfjM8UkE4vvykAGGHab0klbD0\/wRaeMIxNvq9cQNjWMXILfVV58RtX1WZByH0Nnw8mSYNRlA3NA49qFhSi\/paeiVI5Bmw9N8cbI7zdvvWXawViCB+L48pKthtym9xDgaxwec5ua7gk4mo4kbGsfN9JrSS4yjcdydSUXc0Dii4BgaxyFwDDkmFXFD44iCY2gch8Ax5JhUxA2NIwqOoXEcAseQY1IRNzSOKDiGxnEIHEOOSUXc0Dii4BgaxyFwDDkmFXFD44iCY2gch8Ax5JhUxA2NIwqOoXEcAseQY1IRNzSOKDiGxnEIHEOOSUXc0Dii4BgaxyFwDDkmFXFD44iCY2gch8Ax5JhUxA2NIwqOoXEcAseQY1IRNzSOKDiGxnEIHEOOSUXc0Dii4BgaxyFwDDkmFXFD44iCY2gch8Ax5JhUxA2NIwqO4RPH8ZUNx5BjUhE3XDOC699O2X15iIbrWZblJcrGOIp0pGMcRTqy8bYaC8eQY1IRN3wdcFuNRcP1xE185rgXk4q44Yg4tm9qEBpuMHm+Z46E5avgGHJMKuKGxhEFx9A4DoFjyDGpiBsaRxQcQ+M4BI4hx6QibmgcUXAMjeMQOIYck4q4oXFEwTE0jkPgGHJMKuKGxhEFx9A4DoFjyDGpiBsaRxQcQ+M4BI4hx6QibmgcUXAMjeMQOIYck4q4oXFEwTE0jkPgGHJMKuKGxhEFx9A4DoFjyDGpiBsaRxQcQ+M4BI4hx6QibmgcUXAMjeMQOIYck4q4oXFEwTE0jkPgGHJMKuKGxhEFx9A4DoFjyDGpiBsaRxQcQ+M4BI4hx6QibmgcUXAMjeMbp\/nwh+l4bt8c8AD32dzHOr0xn5o3GV8rdhzJk\/l5GrpIxufh1mTHcTwfpy7v8guAB7jP5k5zn\/foBfG14sbxySazz3DE5+HWZL9xHPB+Jx7gPpszjv+vTS3PNpmnuU\/I4\/Nwa7LbOJ7mwzRNHW8LlgV5gPtszjj+vzb1ZJN5Pk5wwwaTvcbx+s7lfJy6TCHwAPfZ3NVTpn\/kzQCN41NNZq\/LxgUwD7cme47j5cz1OcrAA9x9y70eiMXXChzHJ5nMjmkEzMOtyV7j+PnAgkeQZtLpTiq+VtA4Ps1k9rujXpYFMA+3JruN43KaP+5X\/pmroTEm5+P0sTiX69ZCfK2ocXySyex62bgA5uHWZL9xXK6epPU5zMAD3GVrAx455tcKG8flCSaz1ynyg\/g83JrsOo7d4RhyTCrihuQ4dkfDDSbGsSccQ45JRdzQOKLgGBrHIXAMOSYVcUPjiIJjaByHwDHkmFTEDY0jCo6hcRwCx5BjUhE3NI4oOIbGcQgcQ45JRdzQOKLgGBrHIXAMOSYVcUPjiIJjaByHwDHkmFTEDY0jCo6hcRwCx5BjUhE3NI4oOIbGcQgcQ45JRdzQOKLgGBrHIXAMOSYVcUPjiIJjaByHwDHkmFTEDY0jCo6hcRwCx5BjUhE3NI4oOIbGcQgcQ45JRdzQOKLgGBrHIXAMOSYVcUPjiIJj+MRxfGXDMeSYVMQN14zg+rdTdl8eouF6lmV5ibIxjiId6RhHkY5svK3GwjHkmFTEDV8H3FZj0XA9cROfOe7FpCJuOCKO7ZsahIYbTJ7vmSNh+So4hhyTirihcUTBMTSOQ+AYckwq4obGEQXH0DgOgWPIMamIGxpHFBxD4zgEjiHHpCJuaBxRcAyN4xA4hhyTirihcUTBMTSOQ+AYckwq4obGEQXH0DgOgWPIMamIGxpHFBxD4zgEjiHHpCJuaBxRcAyN4xA4hhyTirihcUTBMTSOQ+AYckwq4obGEQXH0DgOgWPIMamIGxpHFBxD4zgEjiHHpCJuaBxRcAyN4xA4hhyTirihcUTBMTSOQ+AYckwq4obGEQXH0DgOgWPIMamIGxpHFBxD47gsp\/lwxXxq3mSz4Wenw+EwHc8Jk+HEDY3jVrpN6TDDPib7jmP7Ib2m9wHersgZtYq4oXHsRJ83EmcNjeMTxPE0b7+c5YxaRdzQOHahZUov4ayhccTH8XycGvw4o1YRNzSOHWib0ks4a2gcPz05wR3gxhMyZ9Qq4obGsZ1el40LaQ2N4xXn48T4QOYvzUPHGbWKuKFxbKVjGklraByv6XR30Mmwgw1n1CrihsaxjX531MuykNbQOJ6P08dJ7zT3ubHuY9jjhMwZtYq4oXFsoutl40JaQ+M44pFjF8M+oeaMWkXc0Dg20Oty4gPOGhrHIXAMOSYVcUPjiIJjaByHwDHkmFTEDY0jCo6hcRwCx5BjUhE3NI4oOIbGcQgcQ45JRdzQOKLgGBrHIXAMOSYVcUPjiIJjaByHwDHkmFTEDY0jCo6hcRwCx5BjUhE3NI4oOIbGcQgcQ45JRdzQOKLgGBrHIXAMOSYVcUPjiIJjaByHwDHkmFTEDY0jCo6hcRwCx5BjUhE3NI4oOIbGcQgcQ45JRdzQOKLgGBrHIXAMOSYVcUPjiIJjaByHwDHkmFTEDY0jCo6hcRwCx5BjUhE3NI4oOIZPHMdXNhxDjklF3HDNCK5\/O2X35SEarmdZlpcoG+Mo0pGOcRTpyMbbaizvyY\/DMamIG648P6\/ByWyHYxg32X7leMg9C3jI+16lRUAmFXHDEXFM7ctD4qv9EI5h3MQ47sWkIm5oHFFwDOMmxnEvJhVxQ+OIgmMYNzGOezGpiBsaRxQcw7iJcdyLSUXc0Dii4BjGTYzjXkwq4obGEQXHMG5iHPdiUhE3NI4oOIZxE+O4F5OKuKFxRMExjJsYx72YVMQNjSMKjmHcxDjuxaQibmgcUXAM4ybGcS8mFXFD44iCYxg3MY57MamIGxpHFBzDuIlx3ItJRdzQOKLgGMZNjONeTCrihsYRBccwbmIc92JSETc0jig4hnET47gXk4q4oXFEwTGMm0Tj+OvHt8O3H7\/e\/\/zz++Ezl1\/esFeths10M\/m8Vrer9f1n1nArxDjyJ5Nv2EzcJBTHXz++PT6CP79vPL75Ze1pUq3V9uW5Ir5WrDjyJ5Nv2Im4CerK8Yqf3zdfDOWXtb\/J3StH49g9jm\/wJ5Nv2EzchBrHL4\/9Q+LL2t\/EOELiCJlMvmEzcRNoHFtOfb8By9rf5MEzxyd+MzxXHCmTyTdsJm6CjGPj4QUsa3+TLy8Hfv345gcy+5pMvmEzcRNgHNvuCn7\/\/g1Y1v4mX69Kw5rF1+p54kiaTL5hM3ETXhybT32\/Acva3+TzWv368e1jlX5+335jHV+rp4kjajL5hs3ETeK\/yvPG+xFteZvf2avG7bTT9Vc3rtaq0yPH\/Fqx4sifTL5hJ+Im\/guZvZhUxA1ZcRxMfLUfwjGMmxjHvZhUxA2NIwqOYdzEOO7FpCJuaBxRcAzjJsZxLyYVcUPjiIJjGDcxjnsxqYgbGkcUHMO4iXHci0lF3NA4ouAYxk2M415MKuKGxhEFxzBuYhz3YlIRNzSOKDiGcRPjuBeTirihcUTBMYybGMe9mFTEDY0jCo5h3MQ47sWkIm5oHFFwDOMmxnEvJhVxQ+OIgmMYNzGOezGpiBsaRxQcw7iJcdyLSUXc0Dii4BjGTYzjXkwq4obGEQXHMG6yPY4vbDiGHJOKuGHfOGb35SEaridusjGOIh3pGEeRjvy3OB5EBtBljkW68x\/iKCIibxhHEZE7GEcRkTsYRxGROxhHEZE7GEcRkTsYRxGRO\/wP2LDoOu+Um5QAAAAASUVORK5CYII=\" \/><\/p>\n<p>In den Untersuchungen zeigte sich, dass die beiden Gespr\u00e4chspartner oft sehr ineffizient vorgingen und manchmal durchaus l\u00f6sbare Aufgaben nicht l\u00f6sen konnten. Vor allem zwei Kooperationsfehler erwiesen sich als besonders gravierend:<\/p>\n<p><strong>Fallenlassen eines Gespr\u00e4chsfaden<\/strong>: Jede Frage, die der eine Partner stellt und der andere nicht sofort beantworten kann, birgt die M\u00f6glichkeit, den Faden des Gespr\u00e4chs weiter zu spinnen. Solche Fragen, und damit Wege, die zum Ziel gef\u00fchrt h\u00e4tten, wurden aber oft nicht weiter verfolgt.<\/p>\n<p><strong>Fehlende Unterscheidung zwischen &#8222;momentan unbekannt&#8220; und &#8222;definitiv unbekannt&#8220;<\/strong>: Dies zeigte sich auch rein sprachlich darin, dass die Teilnehmenden in ihren Antworten nicht danach unterschieden, ob sie auf eine Frage nur momentan keine Antwort geben konnten, weil das entsprechende Feld bei ihnen leer war, oder ob sie die Frage definitiv nicht beantworten konnten, weil sie auch keine Zusammenh\u00e4nge sahen, \u00fcber die sie den Feldinhalt h\u00e4tten berechnen k\u00f6nnen.<\/p>\n<p>Aus diesen Beobachtungen ergaben sich acht Kommunikationsregeln oder vielleicht besser Kooperationsregeln, die sich auch ausserhalb der engen Welt der Spiele als n\u00fctzlich erwiesen.<\/p>\n<p>F\u00fcr Interessierte:<\/p>\n<ul>\n<li>Eine <a title=\"Initiates file download\" href=\"http:\/\/www.hrkll.ch\/typo\/fileadmin\/Texte\/Buch\/problemloesen2.pdf\" target=\"pdf\">Zusammenfassung der Resultat<\/a><\/li>\n<li>Ausf\u00fchrlicher als<a href=\"http:\/\/www.hrkll.ch\/typo\/fileadmin\/Texte\/Buch\/Problemloesen_zu_zweit.pdf\" target=\"page\"> Probleml\u00f6sen zu zweit<\/a> (erschienen als <em>Kaiser, H. (1987) Wissensaustausch im Dialog. Bern: Huber<\/em> und mit einem Jungforscherpreis der Deutschen Gesellschaft f\u00fcr Psychologie ausgezeichnet).<\/li>\n<\/ul>\n<p>Das eigentliche Hauptresultat der Arbeit war die Entdeckung, dass wenn Lehren\/Lernen als gemeinsames Bearbeiten einer Aufgabe geschieht, eine Kooperation auch bei nur teilweisem gegenseitigem Verst\u00e4ndnis m\u00f6glich ist.<\/p>\n<p>Im Grunde genommen war dieser Ausgang eine grosse \u00dcberraschung f\u00fcr mich. Ich war davon ausgegangen, dass Lehrer und Lerner weitgehend dieselbe Wissensstruktur aufbauen m\u00fcssen, damit der eine dem anderen helfen kann. Und als Resultat zeigte sich, dass sehr wohl der eine vom Wissen des anderen profitieren kann, wenn es nur immer wieder Ber\u00fchrungspunkte gibt, an denen das Gespr\u00e4ch und damit das Weiterdenken vom einen zum anderen springen kann.<\/p>\n<p>Dies r\u00fcckt die Idee des Lehrens und Lernens als kooperatives Unternehmen in den Vordergrund (vgl. das &#8222;<a title=\"Schienen\" href=\"http:\/\/hrkll.ch\/WordPress\/?page_id=38\">Schienenmodell<\/a>&#8220; im Buch Kapitel 24). Die untersuchten Gespr\u00e4che unterscheiden sich ja schon formal von der typischen Lehrer\/Sch\u00fcler-Situation in der Schule. Hier setzt der Lerner und nicht der Lehrer das Ziel. N\u00fctzlich sind diese Regeln in Situationen, in denen zwei oder mehr Partner lernen, indem sie gemeinsam eine Aufgabe bearbeiten. Das k\u00f6nnen Partner mit vergleichbarem Wissenstand sein wie die Psychologiestudenten in meinen Untersuchungen. Es funktioniert aber auch, wenn ein Wissensgef\u00e4lle wie zwischen Lehrer und Lerner besteht.<\/p>\n<p>&lt;&lt;<a title=\"10. \u201cProjekt\u201d Lehrerbildung (1981)\" href=\"http:\/\/hrkll.ch\/WordPress\/?page_id=669\">vorher<\/a>\u00a0\u00a0\u00a0\u00a0\u00a0\u00a0\u00a0 <a title=\"12. Unbedarfter Unterricht (1982 -1987)\" href=\"http:\/\/hrkll.ch\/WordPress\/?page_id=674\">nachher<\/a>&gt;&gt;<\/p>\n","protected":false},"excerpt":{"rendered":"<p>Nach den zwei Pendelausschl\u00e4gen einerseits in die logisch, philosophischen Grundlagen des Lernens und andererseits mitten in den konkreten Schulalltag war die Zeit reif, das Thema anhand einer konkreten, forschungsm\u00e4ssig bew\u00e4ltigbaren Fragestellung anzupacken. Die Grundfragestellung war immer noch dieselbe: Wie kann &hellip; <a href=\"https:\/\/hrkll.ch\/WordPress\/iml2\/das-buch\/entstehungsgeschichte\/11-problemlosen-zu-zweit-1980-84\/\">Weiterlesen <span class=\"meta-nav\">&rarr;<\/span><\/a><\/p>\n","protected":false},"author":7,"featured_media":0,"parent":632,"menu_order":10,"comment_status":"closed","ping_status":"closed","template":"sidebar-page.php","meta":{"footnotes":""},"class_list":["post-671","page","type-page","status-publish","hentry"],"_links":{"self":[{"href":"https:\/\/hrkll.ch\/WordPress\/wp-json\/wp\/v2\/pages\/671","targetHints":{"allow":["GET"]}}],"collection":[{"href":"https:\/\/hrkll.ch\/WordPress\/wp-json\/wp\/v2\/pages"}],"about":[{"href":"https:\/\/hrkll.ch\/WordPress\/wp-json\/wp\/v2\/types\/page"}],"author":[{"embeddable":true,"href":"https:\/\/hrkll.ch\/WordPress\/wp-json\/wp\/v2\/users\/7"}],"replies":[{"embeddable":true,"href":"https:\/\/hrkll.ch\/WordPress\/wp-json\/wp\/v2\/comments?post=671"}],"version-history":[{"count":0,"href":"https:\/\/hrkll.ch\/WordPress\/wp-json\/wp\/v2\/pages\/671\/revisions"}],"up":[{"embeddable":true,"href":"https:\/\/hrkll.ch\/WordPress\/wp-json\/wp\/v2\/pages\/632"}],"wp:attachment":[{"href":"https:\/\/hrkll.ch\/WordPress\/wp-json\/wp\/v2\/media?parent=671"}],"curies":[{"name":"wp","href":"https:\/\/api.w.org\/{rel}","templated":true}]}}