{"id":667,"date":"2013-02-03T14:21:30","date_gmt":"2013-02-03T13:21:30","guid":{"rendered":"http:\/\/hrkll.ch\/WordPress\/?page_id=667"},"modified":"2013-02-08T18:52:12","modified_gmt":"2013-02-08T17:52:12","slug":"9-sokratische-dialoge-1980","status":"publish","type":"page","link":"https:\/\/hrkll.ch\/WordPress\/iml2\/das-buch\/entstehungsgeschichte\/9-sokratische-dialoge-1980\/","title":{"rendered":"9. Sokratische Dialoge (1980)"},"content":{"rendered":"<p>Nach den positiven Erfahrungen mit Ans\u00e4tzen aus dem Bereich der KI begann ich in diesem Umkreis auch nach Arbeiten zum Thema Lehren zu suchen. F\u00fcndig wurde ich bei Collins und seinem Programm WHY, das von der Idee her mit Lernenden ein &#8222;sokratisches&#8220; Gespr\u00e4ch f\u00fchren sollte (vgl. Buch Kapitel 16). Fasziniert realisierte ich einerseits, dass es m\u00f6glich ist alternative Lehr\/Lernstrategien zum behavioristischen Paradigma zu formulieren, ohne in p\u00e4dagogische Unverbindlichkeiten abzurutschen. Und dass andererseits Computersimulationen ein m\u00f6gliches Testbett f\u00fcr die logischen Konsequenzen theoretischer Annahmen dienen k\u00f6nnen (Kaiser &amp; Keller, 1991).<\/p>\n<p>&lt;&lt;<a title=\"8. Piaget (1980)\" href=\"http:\/\/hrkll.ch\/WordPress\/?page_id=665\">vorher<\/a>\u00a0\u00a0\u00a0\u00a0\u00a0\u00a0\u00a0 <a title=\"10. \u201cProjekt\u201d Lehrerbildung (1981)\" href=\"http:\/\/hrkll.ch\/WordPress\/?page_id=669\">nachher<\/a>&gt;&gt;<\/p>\n","protected":false},"excerpt":{"rendered":"<p>Nach den positiven Erfahrungen mit Ans\u00e4tzen aus dem Bereich der KI begann ich in diesem Umkreis auch nach Arbeiten zum Thema Lehren zu suchen. F\u00fcndig wurde ich bei Collins und seinem Programm WHY, das von der Idee her mit Lernenden &hellip; <a href=\"https:\/\/hrkll.ch\/WordPress\/iml2\/das-buch\/entstehungsgeschichte\/9-sokratische-dialoge-1980\/\">Weiterlesen <span class=\"meta-nav\">&rarr;<\/span><\/a><\/p>\n","protected":false},"author":7,"featured_media":0,"parent":632,"menu_order":8,"comment_status":"closed","ping_status":"closed","template":"sidebar-page.php","meta":{"footnotes":""},"class_list":["post-667","page","type-page","status-publish","hentry"],"_links":{"self":[{"href":"https:\/\/hrkll.ch\/WordPress\/wp-json\/wp\/v2\/pages\/667","targetHints":{"allow":["GET"]}}],"collection":[{"href":"https:\/\/hrkll.ch\/WordPress\/wp-json\/wp\/v2\/pages"}],"about":[{"href":"https:\/\/hrkll.ch\/WordPress\/wp-json\/wp\/v2\/types\/page"}],"author":[{"embeddable":true,"href":"https:\/\/hrkll.ch\/WordPress\/wp-json\/wp\/v2\/users\/7"}],"replies":[{"embeddable":true,"href":"https:\/\/hrkll.ch\/WordPress\/wp-json\/wp\/v2\/comments?post=667"}],"version-history":[{"count":0,"href":"https:\/\/hrkll.ch\/WordPress\/wp-json\/wp\/v2\/pages\/667\/revisions"}],"up":[{"embeddable":true,"href":"https:\/\/hrkll.ch\/WordPress\/wp-json\/wp\/v2\/pages\/632"}],"wp:attachment":[{"href":"https:\/\/hrkll.ch\/WordPress\/wp-json\/wp\/v2\/media?parent=667"}],"curies":[{"name":"wp","href":"https:\/\/api.w.org\/{rel}","templated":true}]}}