{"id":665,"date":"2013-02-03T14:20:30","date_gmt":"2013-02-03T13:20:30","guid":{"rendered":"http:\/\/hrkll.ch\/WordPress\/?page_id=665"},"modified":"2013-02-08T18:52:04","modified_gmt":"2013-02-08T17:52:04","slug":"8-piaget-1980","status":"publish","type":"page","link":"https:\/\/hrkll.ch\/WordPress\/iml2\/das-buch\/entstehungsgeschichte\/8-piaget-1980\/","title":{"rendered":"8. Piaget (1980)"},"content":{"rendered":"<p>Piagets erkenntnistheoretischen \u00dcberlegungen haben meine Arbeit stark beeinflusst. Piaget suchte nun aber nicht nur ein Modell der logischen M\u00f6glichkeit von Erkenntnis, sondern er wollte eine Beschreibung der psychologischen Vorg\u00e4nge beim Lernen bieten. Deshalb war nach Abschluss meiner erkenntnistheoretischen Arbeit eine kritische Auseinandersetzung mit diesem Anspruch notwendig. Meine Schlussfolgerung war, dass ich seine ganzen Stufenmodelle getrost ignorieren konnte, das sie kaum eine empirische Basis haben. <a title=\"Piaget als Erkenntnistheoretiker und Piaget als Psychologe\" href=\"http:\/\/hrkll.ch\/WordPress\/?page_id=605\">mehr<\/a>&#8230;<\/p>\n<p>&lt;&lt;<a title=\"7. Mathematikunterricht (1979)\" href=\"http:\/\/hrkll.ch\/WordPress\/?page_id=663\">vorher<\/a>\u00a0\u00a0\u00a0\u00a0\u00a0\u00a0\u00a0 <a title=\"9. Sokratische Dialoge (1980)\" href=\"http:\/\/hrkll.ch\/WordPress\/?page_id=667\">nachher<\/a>&gt;&gt;<\/p>\n","protected":false},"excerpt":{"rendered":"<p>Piagets erkenntnistheoretischen \u00dcberlegungen haben meine Arbeit stark beeinflusst. Piaget suchte nun aber nicht nur ein Modell der logischen M\u00f6glichkeit von Erkenntnis, sondern er wollte eine Beschreibung der psychologischen Vorg\u00e4nge beim Lernen bieten. Deshalb war nach Abschluss meiner erkenntnistheoretischen Arbeit eine &hellip; <a href=\"https:\/\/hrkll.ch\/WordPress\/iml2\/das-buch\/entstehungsgeschichte\/8-piaget-1980\/\">Weiterlesen <span class=\"meta-nav\">&rarr;<\/span><\/a><\/p>\n","protected":false},"author":7,"featured_media":0,"parent":632,"menu_order":7,"comment_status":"closed","ping_status":"closed","template":"sidebar-page.php","meta":{"footnotes":""},"class_list":["post-665","page","type-page","status-publish","hentry"],"_links":{"self":[{"href":"https:\/\/hrkll.ch\/WordPress\/wp-json\/wp\/v2\/pages\/665","targetHints":{"allow":["GET"]}}],"collection":[{"href":"https:\/\/hrkll.ch\/WordPress\/wp-json\/wp\/v2\/pages"}],"about":[{"href":"https:\/\/hrkll.ch\/WordPress\/wp-json\/wp\/v2\/types\/page"}],"author":[{"embeddable":true,"href":"https:\/\/hrkll.ch\/WordPress\/wp-json\/wp\/v2\/users\/7"}],"replies":[{"embeddable":true,"href":"https:\/\/hrkll.ch\/WordPress\/wp-json\/wp\/v2\/comments?post=665"}],"version-history":[{"count":0,"href":"https:\/\/hrkll.ch\/WordPress\/wp-json\/wp\/v2\/pages\/665\/revisions"}],"up":[{"embeddable":true,"href":"https:\/\/hrkll.ch\/WordPress\/wp-json\/wp\/v2\/pages\/632"}],"wp:attachment":[{"href":"https:\/\/hrkll.ch\/WordPress\/wp-json\/wp\/v2\/media?parent=665"}],"curies":[{"name":"wp","href":"https:\/\/api.w.org\/{rel}","templated":true}]}}