{"id":632,"date":"2013-02-03T13:45:55","date_gmt":"2013-02-03T12:45:55","guid":{"rendered":"http:\/\/hrkll.ch\/WordPress\/?page_id=632"},"modified":"2013-02-08T18:48:10","modified_gmt":"2013-02-08T17:48:10","slug":"entstehungsgeschichte","status":"publish","type":"page","link":"https:\/\/hrkll.ch\/WordPress\/iml2\/das-buch\/entstehungsgeschichte\/","title":{"rendered":"Entstehungsgeschichte"},"content":{"rendered":"<p>Mir pers\u00f6nlich geht es immer so, dass ich eine Idee, eine Theorie oder ein Modell besser nachvollziehen kann, wenn ich den Weg kenne, auf dem sie entstanden ist. Dadurch wird deutlich, welche Fragen am Anfang standen und damit mitbestimmt haben, in welche Richtung sich das Ganze entwickelte. Es wird sichtbar, welche Erfahrungen eine Rolle spielten und mitbestimmten, welche m\u00f6glichen Aspekte eines Modells besonders herausgearbeitet wurden. Und es wird deutlich, welche Alternativen, welche Umwege gepr\u00fcft wurden, die im Endprodukt nicht mehr sichtbar sind.<\/p>\n<p>Um allf\u00e4lligen interessierten Lesern diese Einblicke auch zu erm\u00f6glichen, habe ich hier knapp zusammengetragen, \u00fcber welche Etappen sich das IML entwickelt hat.<\/p>\n<ol>\n<li><a title=\"Ausl\u00f6ser\" href=\"http:\/\/hrkll.ch\/WordPress\/?page_id=636\">Der Ausl\u00f6ser<\/a>: Warum verstehen meine Kollegen meine Erkl\u00e4rungen nicht? (1971)<\/li>\n<li>Striche z\u00e4hlen, ein <a title=\"2. Striche z\u00e4hlen  (1972)\" href=\"http:\/\/hrkll.ch\/WordPress\/?page_id=644\">erstes Experiment<\/a> (1972)<\/li>\n<li>Ein erster Einblick in <a title=\"3. Erster Einblick in die P\u00e4dagogik (1974)\" href=\"http:\/\/hrkll.ch\/WordPress\/?page_id=649\">P\u00e4dagogik und Didaktik<\/a> entt\u00e4uscht (1974)<\/li>\n<li>Ein erster Eindruck der <a title=\"4. Erster Eindruck Lernpsychologie (1975)\" href=\"http:\/\/hrkll.ch\/WordPress\/?page_id=653\">Lernpsychologie<\/a>: Das darf doch nicht wahr sein! (1975)<\/li>\n<li>Erste Hilfe aus der <a title=\"5. Erste Hilfe aus der KI (1976)\" href=\"http:\/\/hrkll.ch\/WordPress\/?page_id=657\">KI<\/a> (1976)<\/li>\n<li>Wie k\u00f6nnen wir \u00fcberhaupt etwas Wissen: <a title=\"6. Dialektische Erkenntnistheorie (1978-80)\" href=\"http:\/\/hrkll.ch\/WordPress\/?page_id=661\">Dialektische Erkenntnistheorie<\/a>, Erkenntnisinteresse (1978-80)<\/li>\n<li>Ein fr\u00fcher Anwendungsversuch: <a title=\"7. Mathematikunterricht (1979)\" href=\"http:\/\/hrkll.ch\/WordPress\/?page_id=663\">Mathematikunterricht<\/a> (1979)<\/li>\n<li><a title=\"8. Piaget (1980)\" href=\"http:\/\/hrkll.ch\/WordPress\/?page_id=665\">Piaget<\/a> als Erkenntnistheoretiker und Piaget als Psychologe (1980)<\/li>\n<li>Zweite Hilfe aus der KI: <a title=\"9. Sokratische Dialoge (1980)\" href=\"http:\/\/hrkll.ch\/WordPress\/?page_id=667\">Sokratische Dialoge<\/a> (1980)<\/li>\n<li>Kurzes Zwischenspiel: <a title=\"10. \u201cProjekt\u201d Lehrerbildung (1981)\" href=\"http:\/\/hrkll.ch\/WordPress\/?page_id=669\">Lehrerausbildung<\/a>, ein Projekt (1981)<\/li>\n<li><a title=\"11. Probleml\u00f6sen zu zweit (1980 \u2013 84)\" href=\"http:\/\/hrkll.ch\/WordPress\/?page_id=671\">Probleml\u00f6sen zu zweit<\/a>: Man kann auch zusammenarbeiten ohne dass man dasselbe denkt (1980-1984)<\/li>\n<li>Noch keine Anwendung: Ziemlich <a title=\"12 Unbedarfter Unterricht (1982 -1987)\" href=\"http:\/\/hrkll.ch\/WordPress\/?page_id=674\">unbedarfter Unterricht<\/a> (1982-1987)<\/li>\n<li><a title=\"13 Allererste Lernprozesse (1985 -1988)\" href=\"http:\/\/hrkll.ch\/WordPress\/?page_id=680\">Allererste Lernprozesse<\/a>: Man kommt beim &#8222;Lernen durch Tun&#8220; nicht sehr weit, wenn man ein Weltmodell aufbauen m\u00f6chte (1985-1988)<\/li>\n<li><a title=\"14. Experten (1988 -1990)\" href=\"http:\/\/hrkll.ch\/WordPress\/?page_id=682\">Expertenforschung <\/a>(1988-90)<\/li>\n<li><a title=\"15. Lernen durch Tun und durch Instruktion (1989 -1992)\" href=\"http:\/\/hrkll.ch\/WordPress\/?page_id=685\">Lernen durch Tun und Lernen aus Instruktion<\/a>: Beides hat seine Grenzen und Probleme (1989-1992)<\/li>\n<li><a title=\"16. Lernaufgaben, Lernwege (1992)\" href=\"http:\/\/hrkll.ch\/WordPress\/?page_id=687\">Lernwege, Lernprobleme<\/a> (1992)<\/li>\n<li>Verschiedene<a title=\"17. Kleine Entdeckungen (1991)\" href=\"http:\/\/hrkll.ch\/WordPress\/?page_id=689\"> kleine Entdeckungen<\/a> (1991)<\/li>\n<li><a title=\"18. CBT (1990 -1940)\" href=\"http:\/\/hrkll.ch\/WordPress\/?page_id=691\">CBT <\/a>(1990 &#8211; 1994)<\/li>\n<li><a title=\"19. MCI (1992 -1998)\" href=\"http:\/\/hrkll.ch\/WordPress\/?page_id=693\">Mensch-Computer-Interaktion<\/a> (1992 \u2013 1998)<\/li>\n<li><a title=\"20. Fachhochschulunterricht (1994-1998)\" href=\"http:\/\/hrkll.ch\/WordPress\/?page_id=695\">Fachhochschulunterricht <\/a>(1994-1998)<\/li>\n<li><a title=\"21. Reflektierende Fallstudie (1996)\" href=\"http:\/\/hrkll.ch\/WordPress\/?page_id=697\">Reflektierende Fallstudie<\/a> (1996)<\/li>\n<li>Die <a title=\"22. Piaget und Anderson (1997)\" href=\"http:\/\/hrkll.ch\/WordPress\/?page_id=703\">R\u00fcckkehr <\/a>zweier Verdr\u00e4ngter: Piaget und Anderson; deklaratives und prozedurales Wissen (1997)<\/li>\n<li>Wie lernt man in den Z\u00e4hnen zu stochern? <a title=\"23. Sensomotorisches Lernen (1998)\" href=\"http:\/\/hrkll.ch\/WordPress\/?page_id=705\">Sensomotorisches Lernen<\/a> (1998)<\/li>\n<li><a title=\"24. Widerst\u00e4nde und Verst\u00e4ndnis (1998)\" href=\"http:\/\/hrkll.ch\/WordPress\/?page_id=707\">Widerst\u00e4nde <\/a>und volles Verst\u00e4ndnis daf\u00fcr (1998)<\/li>\n<li><a title=\"25. Transferf\u00f6rderung (1998)\" href=\"http:\/\/hrkll.ch\/WordPress\/?page_id=709\">Transferf\u00f6rderung <\/a>(1998)<\/li>\n<li>Das <a title=\"26. Schienenmodell (1999)\" href=\"http:\/\/hrkll.ch\/WordPress\/?page_id=715\">Schienenmodell <\/a>(1999)<\/li>\n<li><a title=\"27. Rezept und Reflexion (2000)\" href=\"http:\/\/hrkll.ch\/WordPress\/?page_id=717\">Rezept und Reflexion<\/a> (2000)<\/li>\n<li>Vom Anf\u00e4nger zum Experten; <a title=\"28. Vom Anf\u00e4nger zum Experten (2000)\" href=\"http:\/\/hrkll.ch\/WordPress\/?page_id=719\">Benner wissenstheoretisch<\/a> (2000)<\/li>\n<li>Ein <a title=\"29. Ein Ausbildungsaufbau (2001)\" href=\"http:\/\/hrkll.ch\/WordPress\/?page_id=722\">Ausbildungsaufbau <\/a>(2001)<\/li>\n<li><a title=\"30. Wissensmanagement (2001)\" href=\"http:\/\/hrkll.ch\/WordPress\/?page_id=726\">Wissensmanagement <\/a>(2001)<\/li>\n<li><a title=\"31. Situierte Kompetenzen\" href=\"http:\/\/hrkll.ch\/WordPress\/?page_id=728\">Situierte Kompetenzen<\/a> (2002)<\/li>\n<li><a title=\"32. Eine erste Ann\u00e4herung an die urspr\u00fcngliche Frage (2004)\" href=\"http:\/\/hrkll.ch\/WordPress\/?page_id=730\">Eine erste Ann\u00e4herung <\/a>an die urspr\u00fcngliche Frage (2003)<\/li>\n<\/ol>\n","protected":false},"excerpt":{"rendered":"<p>Mir pers\u00f6nlich geht es immer so, dass ich eine Idee, eine Theorie oder ein Modell besser nachvollziehen kann, wenn ich den Weg kenne, auf dem sie entstanden ist. Dadurch wird deutlich, welche Fragen am Anfang standen und damit mitbestimmt haben, &hellip; <a href=\"https:\/\/hrkll.ch\/WordPress\/iml2\/das-buch\/entstehungsgeschichte\/\">Weiterlesen <span class=\"meta-nav\">&rarr;<\/span><\/a><\/p>\n","protected":false},"author":7,"featured_media":0,"parent":26,"menu_order":2,"comment_status":"closed","ping_status":"closed","template":"sidebar-page.php","meta":{"footnotes":""},"class_list":["post-632","page","type-page","status-publish","hentry"],"_links":{"self":[{"href":"https:\/\/hrkll.ch\/WordPress\/wp-json\/wp\/v2\/pages\/632","targetHints":{"allow":["GET"]}}],"collection":[{"href":"https:\/\/hrkll.ch\/WordPress\/wp-json\/wp\/v2\/pages"}],"about":[{"href":"https:\/\/hrkll.ch\/WordPress\/wp-json\/wp\/v2\/types\/page"}],"author":[{"embeddable":true,"href":"https:\/\/hrkll.ch\/WordPress\/wp-json\/wp\/v2\/users\/7"}],"replies":[{"embeddable":true,"href":"https:\/\/hrkll.ch\/WordPress\/wp-json\/wp\/v2\/comments?post=632"}],"version-history":[{"count":0,"href":"https:\/\/hrkll.ch\/WordPress\/wp-json\/wp\/v2\/pages\/632\/revisions"}],"up":[{"embeddable":true,"href":"https:\/\/hrkll.ch\/WordPress\/wp-json\/wp\/v2\/pages\/26"}],"wp:attachment":[{"href":"https:\/\/hrkll.ch\/WordPress\/wp-json\/wp\/v2\/media?parent=632"}],"curies":[{"name":"wp","href":"https:\/\/api.w.org\/{rel}","templated":true}]}}