{"id":607,"date":"2013-02-03T13:13:10","date_gmt":"2013-02-03T12:13:10","guid":{"rendered":"http:\/\/hrkll.ch\/WordPress\/?page_id=607"},"modified":"2013-02-13T17:13:11","modified_gmt":"2013-02-13T16:13:11","slug":"conceptual-dependencies-von-schank","status":"publish","type":"page","link":"https:\/\/hrkll.ch\/WordPress\/iml2\/das-buch\/zusatzmaterial-zum-iml-buch\/conceptual-dependencies-von-schank\/","title":{"rendered":"Conceptual Dependencies von Schank"},"content":{"rendered":"<h3>Eine Graphik, die es nicht ins Buch geschafft hat<\/h3>\n<p>Der Beispielsatz aus dem Buch sieht in der Darstellung von Schank et al. aus wie in Figur 1.<\/p>\n<div>\n<p><img decoding=\"async\" style=\"border: 0px none;\" alt=\"\" src=\"http:\/\/www.hrkll.ch\/typo\/fileadmin\/bilder\/schank.gif\" border=\"0\" \/><\/p>\n<\/div>\n<p>Figur 1: Der Satz &#8222;Hans gibt Ruedi ein Buch&#8220; durch Bedeutungsatome dargestellt<\/p>\n<h3>Weitere Bedeutungsatome<\/h3>\n<p>Urspr\u00fcnglich unterschieden Schank et al. 11 &#8222;primitiv actions&#8220;:<\/p>\n<ul>\n<li>ATRANS: Transferieren eines Besitzverh\u00e4ltnisses<\/li>\n<li>PTRANS: Ein Objekt physisch von einem Ort zu einem anderen transferieren<\/li>\n<li>MTRANS: Information innerhalb oder zwischen Individuen transferieren<\/li>\n<li>MBUILD: Gedanken aufbauen oder kombinieren<\/li>\n<li>ATTEND: Ein Sinnesorgan auf einen Stimulus ausrichten.<\/li>\n<li>SPEAK: Verbaler Output<\/li>\n<li>MOVE: Bewegen eines K\u00f6rperteils<\/li>\n<li>PROPEL: Eine Kraft mit einer bestimmten Richtung auf ein Objekt aus\u00fcben<\/li>\n<li>GRASP: Ergreifen eines Objekts<\/li>\n<li>INGEST: Essen<\/li>\n<li>EXPEL: Das Gegenteil<\/li>\n<\/ul>\n<p>Und als zw\u00f6lfte Aktion:<\/p>\n<ul>\n<li>DO: Alles andere<\/li>\n<\/ul>\n<p>Dazu kamen verschiedene Zust\u00e4nde, die durch die &#8222;primitive actions&#8220; ver\u00e4ndert werden k\u00f6nnen<\/p>\n<ul>\n<li>HEALTH<\/li>\n<li>MENTAL-STATE<\/li>\n<li>EMOTIONAL-STATE<\/li>\n<li>AT-LOC<\/li>\n<li>POSSESS<\/li>\n<li>CONTROL<\/li>\n<li>FUNCTIONALITY<\/li>\n<li>KNOWS<\/li>\n<li>CAUSE<\/li>\n<\/ul>\n<p>Und zu guter Letzt gab es noch Relationen, die zwischen beliebig komplexen Gebilden aus Bedeutungsatomen bestehen konnten<\/p>\n<ul>\n<li>INSTRUMENT<\/li>\n<li>MOBJECT<\/li>\n<li>ENABLES<\/li>\n<li>RESULTS:<\/li>\n<li>INITIATES<\/li>\n<li>REASON<\/li>\n<\/ul>\n<h3>Ein zusammengesetztes Beispiel<\/h3>\n<pre>\"Bob warf den Ball Bill zu.\"\r\n         (PTRANS (ACTOR  BOB)\r\n                 (OBJECT BALL)\r\n                 (FROM   BOB)\r\n                 (TO     BILL)\r\n                 (TIME   PAST)\r\n                 (INSTRUMENT (PROPEL (ACTOR  BOB)\r\n                                     (OBJECT BALL)\r\n                                     (FROM   BOB)\r\n                                     (TO     BILL)\r\n                                     (TIME   PAST)))<\/pre>\n","protected":false},"excerpt":{"rendered":"<p>Eine Graphik, die es nicht ins Buch geschafft hat Der Beispielsatz aus dem Buch sieht in der Darstellung von Schank et al. aus wie in Figur 1. Figur 1: Der Satz &#8222;Hans gibt Ruedi ein Buch&#8220; durch Bedeutungsatome dargestellt Weitere &hellip; <a href=\"https:\/\/hrkll.ch\/WordPress\/iml2\/das-buch\/zusatzmaterial-zum-iml-buch\/conceptual-dependencies-von-schank\/\">Weiterlesen <span class=\"meta-nav\">&rarr;<\/span><\/a><\/p>\n","protected":false},"author":7,"featured_media":0,"parent":598,"menu_order":2,"comment_status":"closed","ping_status":"closed","template":"sidebar-page.php","meta":{"footnotes":""},"class_list":["post-607","page","type-page","status-publish","hentry"],"_links":{"self":[{"href":"https:\/\/hrkll.ch\/WordPress\/wp-json\/wp\/v2\/pages\/607","targetHints":{"allow":["GET"]}}],"collection":[{"href":"https:\/\/hrkll.ch\/WordPress\/wp-json\/wp\/v2\/pages"}],"about":[{"href":"https:\/\/hrkll.ch\/WordPress\/wp-json\/wp\/v2\/types\/page"}],"author":[{"embeddable":true,"href":"https:\/\/hrkll.ch\/WordPress\/wp-json\/wp\/v2\/users\/7"}],"replies":[{"embeddable":true,"href":"https:\/\/hrkll.ch\/WordPress\/wp-json\/wp\/v2\/comments?post=607"}],"version-history":[{"count":0,"href":"https:\/\/hrkll.ch\/WordPress\/wp-json\/wp\/v2\/pages\/607\/revisions"}],"up":[{"embeddable":true,"href":"https:\/\/hrkll.ch\/WordPress\/wp-json\/wp\/v2\/pages\/598"}],"wp:attachment":[{"href":"https:\/\/hrkll.ch\/WordPress\/wp-json\/wp\/v2\/media?parent=607"}],"curies":[{"name":"wp","href":"https:\/\/api.w.org\/{rel}","templated":true}]}}