{"id":598,"date":"2013-02-03T13:05:11","date_gmt":"2013-02-03T12:05:11","guid":{"rendered":"http:\/\/hrkll.ch\/WordPress\/?page_id=598"},"modified":"2013-02-08T18:52:51","modified_gmt":"2013-02-08T17:52:51","slug":"zusatzmaterial-zum-iml-buch","status":"publish","type":"page","link":"https:\/\/hrkll.ch\/WordPress\/iml2\/das-buch\/zusatzmaterial-zum-iml-buch\/","title":{"rendered":"Zusatzmaterial zum IML Buch"},"content":{"rendered":"<p><a title=\"Erkenntnistheorie und Wissenschaftstheorie\" href=\"http:\/\/hrkll.ch\/WordPress\/?page_id=603\"><strong>Erkenntnistheorie und Wissenschaftstheorie<\/strong><\/a><br \/>\nMan kann das Schaffen von Wissen durch die Wissenschaft als einen grossen Lernprozess betrachten. Dann ist die im Buch Kapitel 2 dargestellte Position, wie Lernen \u00fcberhaupt m\u00f6glich ist auch auf die Frage anwendbar, wie Wissenschaft \u00fcberhaupt m\u00f6glich ist.<\/p>\n<p><a title=\"Piaget als Erkenntnistheoretiker und Piaget als Psychologe\" href=\"http:\/\/hrkll.ch\/WordPress\/?page_id=605\"><strong>Piaget als Erkenntnistheoretiker und Piaget als Psychologe<\/strong><\/a><br \/>\nPiaget hat sich immer genau f\u00fcr diese Parallele interessiert. Dabei war er aber vermutlich mehr Erkenntnistheoretiker als Psychologe, so dass seinen Konstruktion oft eine echte empirische Basis fehlt.<\/p>\n<p><a title=\"Conceptual Dependencies von Schank\" href=\"http:\/\/hrkll.ch\/WordPress\/?page_id=607\"><strong>Conceptual Dependencies von Schank<\/strong><\/a><br \/>\nEin paar Details zu den im Buch im Kapitel 3 erw\u00e4hnten Conceptual Dependencies von Schank und Mitarbeitern.<\/p>\n<p><strong><a title=\"Die Spiele aus \u201cProbleml\u00f6sen zu zweit\u201d\" href=\"http:\/\/hrkll.ch\/WordPress\/?page_id=88\">Zahlenquadrat-Spiele<br \/>\n<\/a><\/strong>Kooperative Spiele f\u00fcr zwei Personen.<\/p>\n<p><a title=\"DEPPs Welt\" href=\"http:\/\/hrkll.ch\/WordPress\/?page_id=609\"><strong>DEPPs Welt<\/strong><\/a><br \/>\nEine graphische Darstellung der verschieden Zust\u00e4nde von DEPPs Welt (vgl. Buch Kapitel 4) und den \u00dcberg\u00e4ngen dazwischen.<\/p>\n<p><a title=\"Formal Learning Theory\" href=\"http:\/\/hrkll.ch\/WordPress\/?page_id=612\"><strong>Formal Learning Theory<\/strong><\/a><br \/>\nEine ganze kurze \u00dcbersicht \u00fcber Versuche mit mathematisch\/logischen Mitteln abzusch\u00e4tzen, wo die Grenzen dessen liegen, was sich aus Beispielen abstrahieren l\u00e4sst.<\/p>\n<p><a title=\"Neurale Netze\" href=\"http:\/\/hrkll.ch\/WordPress\/?page_id=616\"><strong>Neuronale Netze<\/strong><\/a><br \/>\nEine K\u00fcrzestbeschreibung der Grundidee sowie einige Literaturangaben zu Werken, die im Laufe der Entstehung des Konzeptes der Neuronalen Netze eine wichtige Rolle spielten.<\/p>\n<p><a title=\"H\u00f6hlenlabyrinthe\" href=\"http:\/\/hrkll.ch\/WordPress\/?page_id=618\"><strong>H\u00f6hlenlabyrinthe<\/strong><\/a><br \/>\nEine paar Pl\u00e4ne zu den im Buch in Kapitel 8 erw\u00e4hnten H\u00f6hlenlabyrinthen.<\/p>\n<p><a title=\"Der Turm von Hanoi\" href=\"http:\/\/hrkll.ch\/WordPress\/?page_id=621\"><strong>Turm von Hanoi<\/strong><\/a><br \/>\nVerschiedene Hinweise zur Denksportaufgabe &#8222;Turm von Hanoi&#8220;, die als Beispiel in der kognitionspyschlogischen Forschung immer wieder eine Rolle gespielt hat.<\/p>\n<p><a title=\"Didaktik des Bewegungslernens\" href=\"http:\/\/hrkll.ch\/WordPress\/?page_id=625\"><strong>Didaktik des Bewegungslernens<\/strong><\/a><br \/>\nIn Erg\u00e4nzung zur Beschreibung des Aufbaus von sensomotorischem Wissen im Buch (Kapitel 17) eine kleine Didaktik des Bewegungslernens.<\/p>\n<p><a title=\"Funktion der einzelnen Wissensarten\" href=\"http:\/\/hrkll.ch\/WordPress\/?page_id=627\"><strong>Funktion der einzelnen Wissensarten<\/strong><\/a><br \/>\nEine Sammlung von Zitaten zur Funktion von einzelnen Wissensarten in Modellen, die mit mehreren Wissensarten rechnen. Die meisten dieser Zitate sind mir nach der Drucklegung des Buches begegnet.<\/p>\n<p><a title=\"Die Stufen von Dreyfus &amp; Dreyfus bzw. Benner im IML 2 interpretiert\" href=\"http:\/\/hrkll.ch\/WordPress\/?page_id=487\"><strong>Vom Anf\u00e4nger zum Experten in Bildern<\/strong><\/a><br \/>\nDie im Buch (Kapitel 23) beschriebene wissenstheoretische Interpretation der Stufen der Entwicklung vom Anf\u00e4nger zum Experten nach Dreyfus &amp; Dreyfus in Bildern.<\/p>\n","protected":false},"excerpt":{"rendered":"<p>Erkenntnistheorie und Wissenschaftstheorie Man kann das Schaffen von Wissen durch die Wissenschaft als einen grossen Lernprozess betrachten. Dann ist die im Buch Kapitel 2 dargestellte Position, wie Lernen \u00fcberhaupt m\u00f6glich ist auch auf die Frage anwendbar, wie Wissenschaft \u00fcberhaupt m\u00f6glich &hellip; <a href=\"https:\/\/hrkll.ch\/WordPress\/iml2\/das-buch\/zusatzmaterial-zum-iml-buch\/\">Weiterlesen <span class=\"meta-nav\">&rarr;<\/span><\/a><\/p>\n","protected":false},"author":7,"featured_media":0,"parent":26,"menu_order":1,"comment_status":"closed","ping_status":"closed","template":"sidebar-page.php","meta":{"footnotes":""},"class_list":["post-598","page","type-page","status-publish","hentry"],"_links":{"self":[{"href":"https:\/\/hrkll.ch\/WordPress\/wp-json\/wp\/v2\/pages\/598","targetHints":{"allow":["GET"]}}],"collection":[{"href":"https:\/\/hrkll.ch\/WordPress\/wp-json\/wp\/v2\/pages"}],"about":[{"href":"https:\/\/hrkll.ch\/WordPress\/wp-json\/wp\/v2\/types\/page"}],"author":[{"embeddable":true,"href":"https:\/\/hrkll.ch\/WordPress\/wp-json\/wp\/v2\/users\/7"}],"replies":[{"embeddable":true,"href":"https:\/\/hrkll.ch\/WordPress\/wp-json\/wp\/v2\/comments?post=598"}],"version-history":[{"count":0,"href":"https:\/\/hrkll.ch\/WordPress\/wp-json\/wp\/v2\/pages\/598\/revisions"}],"up":[{"embeddable":true,"href":"https:\/\/hrkll.ch\/WordPress\/wp-json\/wp\/v2\/pages\/26"}],"wp:attachment":[{"href":"https:\/\/hrkll.ch\/WordPress\/wp-json\/wp\/v2\/media?parent=598"}],"curies":[{"name":"wp","href":"https:\/\/api.w.org\/{rel}","templated":true}]}}