{"id":577,"date":"2013-02-03T11:34:14","date_gmt":"2013-02-03T10:34:14","guid":{"rendered":"http:\/\/hrkll.ch\/WordPress\/?page_id=577"},"modified":"2016-05-31T12:43:22","modified_gmt":"2016-05-31T11:43:22","slug":"system-1-und-system2-als-erklarungsmuster-bei-kahneman-und-klein","status":"publish","type":"page","link":"https:\/\/hrkll.ch\/WordPress\/iml2\/verwandte-modelle\/system-1-und-system2-als-erklarungsmuster-bei-kahneman-und-klein\/","title":{"rendered":"&#8222;System 1 und System2&#8220; als Erkl\u00e4rungsmuster bei Kahneman und Klein"},"content":{"rendered":"<p>Quelle:\u00a0Kahneman, D., &amp; Klein, G. (2009). Conditions for intuitive expertise: A failure to disagree. <em>American Psychologist, 64<\/em>(6), 515-526.<\/p>\n<p>Nicht dass Daniel Kahneman und Gray Klein die Begriffe &#8222;System 1&#8220; und &#8222;System 2&#8220; erfunden h\u00e4tte.\u00a0Sie verwenden sie aber, um eine Vielzahl von Befunden aus den Bereichen Intuition und Entscheidung einzuordnen.<\/p>\n<p>Kahneman und\u00a0Klein kommen aus zwei verschiedenen Forschungstraditionen. Kahneman hat\u00a0immer wieder Beispiele untersucht, in denen\u00a0auf Intuitionen beruhende Entscheidungen zu mehr oder weniger klaren Fehlentscheidungen f\u00fchren (Fehleinsch\u00e4tzung von Wahrscheinlichkeiten, Vermeidung von Verlusten etc.). Er betont daher tendenziell eher die Grenzen intuitiver Entscheidungen. Klein hingegen sammelt Beispiele, bei denen intuitive Entscheidungen zu beeindruckenden Resultaten f\u00fchren (Feuerwehrkommandanten, Schachgrossmeister, Versicherungsexperten etc.). Er betont daher eher die Vorz\u00fcge intuitiver Entscheidungen.<\/p>\n<p>Im erw\u00e4hnten Artikel stellen die beiden dar, dass sich ihre Resultate und Erfahrungen nicht widersprechen, sondern sich \u00fcber das Zusammenspiel zweier kognitiver Systeme verstehen lassen:<\/p>\n<p>System 1: Produziert intuitive Urteile (automatisch und ohne Anstrengung); qualitativ gute Intuition ist dabei nichts anderes als Widererkennen von Konstellationen, die man schon angetroffen hat.<\/p>\n<p>System 2: Ist zust\u00e4ndig f\u00fcr angestrengtes Nachdenken; System 2 kann die intuitiven Prozess \u00fcberwachen und gegebenenfalls \u00fcberschreiben.<\/p>\n<p>Sie fassen ihre Position dann so zusammen:<\/p>\n<ul>\n<li>Our starting point is that intuitive judgments can arise from genuine skill\u2014the focus of the NDM approach [Klein] \u2014but that they can also arise from inappropriate application of the heuristic processes on which students of the HB tradition [Kahneman] have focused.<\/li>\n<li>Skilled judges are often unaware of the cues that guide them, and individuals whose intuitions are not skilled are even less likely to know where their judgments come from.<\/li>\n<li>True experts, it is said, know when they don\u2019t know. However, nonexperts (whether or not they think they are) certainly do not know when they don\u2019t know. Subjective confidence is therefore an unreliable indication of the validity of intuitive judgments and decisions.<\/li>\n<li>The determination of whether intuitive judgments can be trusted requires an examination of the environment in which the judgment is made and of the opportunity that the judge has had to learn the regularities of that environment.<\/li>\n<li>We describe task environments as &#8222;high-validity&#8220; if there are stable relationships between objectively identifiable cues and subsequent events or between cues and the outcomes of possible actions. Medicine and firefighting are practiced in environments of fairly high validity. In contrast, outcomes are effectively unpredictable in zero-validity environments. To a good approximation, predictions of the future value of individual stocks and long-term forecasts of political events are made in a zero-validity environment.<\/li>\n<li>Validity and uncertainty are not incompatible. Some environments are both highly valid and substantially uncertain. Poker and warfare are examples. The best moves in such situations reliably increase the potential for success.<\/li>\n<li>An environment of high validity is a necessary condition for the development of skilled intuitions. Other necessary conditions include adequate opportunities for learning the environment (prolonged practice and feedback that is both rapid and unequivocal). If an environment provides valid cues and good feedback, skill and expert intuition will eventually develop in individuals of sufficient talent.<\/li>\n<li>Although true skill cannot develop in irregular or unpredictable environments, individuals will sometimes make judgments and decisions that are successful by chance. These &#8222;lucky&#8220; individuals will be susceptible to an illusion of skill and to overconfidence &#8230;\u00a0The financial industry is a rich source of examples.<\/li>\n<li>The situation that we have labeled fractionation of skill is another source of overconfidence. Professionals who have expertise in some tasks are sometimes called upon to make judgments in areas in which they have no real skill. (For example, financial analysts may be skilled at evaluating the likely commercial success of a firm, but this skill does not extend to the judgment of whether the stock of that firm is underpriced.) It is difficult both for the professionals and for those who observe them to determine the boundaries of their true expertise.<\/li>\n<li>We agree that the weak regularities available in low-validity situations can sometimes support the development of algorithms that do better than chance. These algorithms only achieve limited accuracy, but they outperform humans because of their advantage of consistency. However, the introduction of algorithms to replace human judgment is likely to evoke substantial resistance and sometimes has undesirable side effects.<\/li>\n<\/ul>\n<p>Die Parallelen im IML sind einfach herzustellen:<\/p>\n<ul>\n<li>System 1: Situatives System<\/li>\n<li>System 2: Deklaratives System<\/li>\n<li>System 2 kann gegen\u00fcber System 1 eine Kontrollfunktion \u00fcbernehmen: Reflektieren (in)<\/li>\n<li>Qualitativ gut Intuition basiert auf Erfahrung, ist Wiedererkennen: In einer neuen Situation wird an alte, erlebte Situationen erinnert<\/li>\n<li>Nicht jedem intuitiven Urteil kann vertraut werden: Handeln aus Erfahrung ist nicht an sich ein Qualit\u00e4tsmerkmal<\/li>\n<li>Qualitativ gute Intuition kann sich nur in &#8222;high validity&#8220; Umgebungen entwickeln: Es gibt diverse Situationsmerkmale, die ein Sammeln von relevanten Erfahrungen behindern<\/li>\n<\/ul>\n<p>Interessant ist ihre Zusammenstellung der (beruflichen) Situationen, in denen eine Chance besteht, dass sich geeignetes situatives Wissen ansammelt:<\/p>\n<ul>\n<li>High validity: &#8222;livestock judges, astronomers, test pilots, soil judges, chess masters, physicists, mathematicians, accountants, grain inspectors, photo interpreters, and insurance analysts.<\/li>\n<li>Low validity: &#8222;stockbrokers, clinical psychologists, psychiatrists, college admissions officers, court judges, personnel selectors, and intelligence analysts.&#8220;<\/li>\n<\/ul>\n<p>\u00dcber das IML hinaus ergeben sich vor allem aus Kahnemans Untersuchungen Hinweise darauf, was im situativen System geschieht, wenn keine geeigneten Erfahrungen vorliegen, beispielsweise:<\/p>\n<ul>\n<li>Fokussiert auf vorhandene Evidenz und vernachl\u00e4ssig fehlende Evidenz<\/li>\n<li>&#8222;Glaubt&#8220; umso mehr an etwas, je besser sich daraus eine koh\u00e4rente Geschichte ergibt<\/li>\n<li>Entfernt sich bei wenig Information wenig von einmal gesetzten Vorstellungen\/Werten (Ankerwerte)<\/li>\n<li>Sch\u00e4tzt Wahrscheinlichkeiten auf Grund der Leichtigkeit, mit der Beispiele in den Sinn kommen<\/li>\n<li>Bewertet Verluste als\u00a0schlimmer als numerisch gleich grosse Gewinne<\/li>\n<\/ul>\n<p>Vor allem der letzte Punkt l\u00e4sst sich nicht einfach durch das Vorhandensein bzw. fehlen bestimmter Erfahrungen erkl\u00e4ren, sondern scheint ein Hinweis auf Charakteristika des Verarbeitungsmechanismus im situativen System zu sein.<\/p>\n","protected":false},"excerpt":{"rendered":"<p>Quelle:\u00a0Kahneman, D., &amp; Klein, G. (2009). Conditions for intuitive expertise: A failure to disagree. American Psychologist, 64(6), 515-526. Nicht dass Daniel Kahneman und Gray Klein die Begriffe &#8222;System 1&#8220; und &#8222;System 2&#8220; erfunden h\u00e4tte.\u00a0Sie verwenden sie aber, um eine Vielzahl &hellip; <a href=\"https:\/\/hrkll.ch\/WordPress\/iml2\/verwandte-modelle\/system-1-und-system2-als-erklarungsmuster-bei-kahneman-und-klein\/\">Weiterlesen <span class=\"meta-nav\">&rarr;<\/span><\/a><\/p>\n","protected":false},"author":7,"featured_media":0,"parent":552,"menu_order":9,"comment_status":"closed","ping_status":"closed","template":"sidebar-page.php","meta":{"footnotes":""},"class_list":["post-577","page","type-page","status-publish","hentry"],"_links":{"self":[{"href":"https:\/\/hrkll.ch\/WordPress\/wp-json\/wp\/v2\/pages\/577","targetHints":{"allow":["GET"]}}],"collection":[{"href":"https:\/\/hrkll.ch\/WordPress\/wp-json\/wp\/v2\/pages"}],"about":[{"href":"https:\/\/hrkll.ch\/WordPress\/wp-json\/wp\/v2\/types\/page"}],"author":[{"embeddable":true,"href":"https:\/\/hrkll.ch\/WordPress\/wp-json\/wp\/v2\/users\/7"}],"replies":[{"embeddable":true,"href":"https:\/\/hrkll.ch\/WordPress\/wp-json\/wp\/v2\/comments?post=577"}],"version-history":[{"count":0,"href":"https:\/\/hrkll.ch\/WordPress\/wp-json\/wp\/v2\/pages\/577\/revisions"}],"up":[{"embeddable":true,"href":"https:\/\/hrkll.ch\/WordPress\/wp-json\/wp\/v2\/pages\/552"}],"wp:attachment":[{"href":"https:\/\/hrkll.ch\/WordPress\/wp-json\/wp\/v2\/media?parent=577"}],"curies":[{"name":"wp","href":"https:\/\/api.w.org\/{rel}","templated":true}]}}