{"id":5366,"date":"2023-07-21T07:01:25","date_gmt":"2023-07-21T06:01:25","guid":{"rendered":"https:\/\/hrkll.ch\/WordPress\/?page_id=5366"},"modified":"2023-08-07T09:47:34","modified_gmt":"2023-08-07T08:47:34","slug":"bilder-und-anderes-im-internet","status":"publish","type":"page","link":"https:\/\/hrkll.ch\/WordPress\/denkwerzeuge\/bilder-und-anderes-im-internet\/","title":{"rendered":"Bilder und Anderes im Internet"},"content":{"rendered":"<div style=\"background-color: lavenderblush;\">\n<p><a name=\"_Toc127785102\"><\/a><strong>Die Informationslandschaft ist ukrainisch dominiert<\/strong><\/p>\n<p>Auf der Web-Site von SRF wurde am 14.04.2022 um 10:03\u00a0Uhr folgendes Interview platziert:<a href=\"#_ftn1\" name=\"_ftnref1\">[1]<\/a><\/p>\n<p>\u201eSogenannte OSINT-Quellen (Open Source Intelligence) bieten wichtige Informationen im Ukraine-Krieg. Doch wie kann man sie auf ihre Echtheit \u00fcberpr\u00fcfen? Frank Sauer, ein Experte der deutschen Bundeswehr, gibt Tipps, warnt aber auch vor den Gefahren durch manipulierte Bilder.<\/p>\n<p><strong>SRF News (Roger Aebli): Welchen Beitrag k\u00f6nnen OSINT-Quellen leisten?<\/strong><\/p>\n<p>Frank Sauer: Ich stelle fest, dass uns inzwischen eine Menge an Informationen erreicht, insbesondere an Bildinformationen \u00fcber diesen Krieg, wie es in der Vergangenheit nicht der Fall war. Die kann man nutzen. Aber man muss es nat\u00fcrlich mit der gebotenen Vorsicht tun.<\/p>\n<p>Das hat damit zu tun, dass inzwischen \u00fcberall Smartphones vorhanden sind, dass es auch viele Drohnen gibt, die Bilder liefern, und dass es seit einigen Jahren kommerzielle Satellitenanbieter gibt, die sehr hochwertiges Bildmaterial zur Verf\u00fcgung stellen, das man kaufen kann.<\/p>\n<p><strong>Wo sind die Gefahren Ihrer Ansicht nach? <\/strong><\/p>\n<p>Man muss sehr genau schauen, welchem Material man trauen kann und welchem nicht. Es gibt auch ein paar einfache Kniffe, die man als Endanwender nutzen kann, und man kann sich \u00fcber die Zeit auch ein paar Quellen aufbauen, von denen man weiss, dass die in aller Regel gepr\u00fcftes, qualitativ hochwertiges Material verbreiten. Ich denke da zum Beispiel an das Bellingcat-Netzwerk.<a href=\"#_ftn2\" name=\"_ftnref2\">[2]<\/a> Da ist es nachweislich so, dass die sich sehr bem\u00fchen, dass das alles auch stimmt, was sie posten.<\/p>\n<p><strong>Wie gross ist die Gefahr, dass wir den Informationen ukrainischer Seite mehr trauen und weniger \u00fcber deren Verluste berichten?<\/strong><\/p>\n<p>Ganz eindeutig leben wir in einer Informationslandschaft, die prim\u00e4r von der Ukraine gestaltet wird. Das liegt daran, dass die ukrainischen Streitkr\u00e4fte Smartphones haben und nutzen. Auf russischer Seite sind es nur sehr wenige. Die meisten Soldaten mussten zu Beginn der Invasion ihre Smartphones abgeben. Deswegen gibt es deutlich weniger Informationsmaterial aus dieser Perspektive.<\/p>\n<p>Und deswegen ist es durchaus so, dass wir wenig Einblick haben. Selbst Analysten, die in der Materie sehr viel tiefer drinstecken, sagen das immer wieder \u2013 auch warnend: Wir wissen eigentlich gar nicht genau, wie es etwa um die ukrainischen Streitkr\u00e4fte steht. Deswegen ist der erste Schritt, um sich ein vollst\u00e4ndiges Bild zu machen, die Informationslandschaft zu erkennen. Sie ist ukrainisch dominiert.<\/p>\n<p><strong>Gab es Ihrer Ansicht nach schon mal Kriege vor diesem Krieg, die so gut dokumentiert wurden wie jetzt dieser Krieg in der Ukraine? <\/strong><\/p>\n<p>Nein, die Menge an Bildern, die wir bekommen, ist eine neue Stufe. Ich bin alt genug, mich noch an den Irakkrieg von 1990\/1991 und die Briefings, die damals den Journalisten gegeben wurden, erinnern zu k\u00f6nnen. Als diese ber\u00fchmten Bilder von den ersten Eins\u00e4tzen gezeigt wurden, wo Bomben zielgenau auf irgendwelche D\u00e4cher gelenkt wurden, war das eine ganz andere Informationsumgebung, sie war staatlich kontrolliert. Da hatten wir nur Radio, Fernsehen, Zeitungen.<\/p>\n<p>Aber ich m\u00f6chte davor warnen, dass man meint, man habe ein genaues Bild davon, wie die Lage vor Ort wirklich ist, nur weil man sich bei Twitter einloggt, den entsprechenden Accounts folgt und im Minutentakt \u00fcberflutet wird mit Bildinformationen. Dem ist nicht so, das sind immer nur bestimmte Ausschnitte. Und deswegen kann es absolut sinnvoll sein, sich auch mal zu entkoppeln, eine Bewertung von anderen, die das beruflich machen, abzuwarten und dann vielleicht in einem Qualit\u00e4tsmedium nachzulesen, was das jetzt wirklich war, was wir dar\u00fcber wissen, was nicht, und wie das Ganze zu bewerten ist.\u201c<\/p>\n<\/div>\n<p>Mit dem Aufkommen der Social Media ist es viel einfacher geworden, ein Denkwerkzeug der \u00d6ffentlichkeit zu pr\u00e4sentieren. In der <a href=\"https:\/\/hrkll.ch\/WordPress\/denkwerzeuge\/forschung\/\">Wissenschaft<\/a> gibt es die sogenannte \u201ePeer Review\u201c, die Begutachtung eines Artikels durch andere Wissenschaftler:innen bevor er in einem Journal erscheinen kann. Im <a href=\"https:\/\/hrkll.ch\/WordPress\/denkwerzeuge\/journalismus\/\">Journalismus<\/a> gibt es die Redaktionskonferenz, die entscheidet, ob etwas gedruckt oder ausgestrahlt wird. Bei den Social Media fallen solche Filter gleich welcher Art vollst\u00e4ndig weg. Es sind einzig ein paar Tabuthemen (wie Pornografie) definiert, aber wenn man diese meidet, kann man bspw. auf Instagram jedes beliebige Bild hochladen. Wichtig ist es deshalb, sich bei Inhalten aus den Social Media bewusst zu sein, dass es sich um Einzelmeinungen mit einer vielleicht sehr schmalen Erfahrungsbasis handelt, nicht besser abgest\u00fctzt, als wenn uns unser Nachbar beim zuf\u00e4lligen Treff vor dem Briefkasten etwas erz\u00e4hlt. Entsprechend empfiehlt Frank Sauer im Fallbeispiel oben \u201eeine Bewertung von anderen, die das beruflich machen, abzuwarten\u201c, also sich auf <a href=\"https:\/\/hrkll.ch\/WordPress\/denkwerzeuge\/expertinnen\/\">Expert:innen<\/a> zu st\u00fctzen.<\/p>\n<p><strong>Beitr\u00e4ge in den Social Media k\u00f6nnen interessante Hinweise auf Denkwerkzeuge sein. Ihre N\u00fctzlichkeit m\u00fcssen wir aber unbedingt zus\u00e4tzlich anhand anderer Quellen abkl\u00e4ren.<\/strong><\/p>\n<hr \/>\n<p><a href=\"#_ftnref1\" name=\"_ftn1\">[1]<\/a> <a href=\"https:\/\/www.srf.ch\/news\/international\/krieg-in-der-ukraine-die-informationslandschaft-ist-ukrainisch-dominiert\" target=\"_blank\" rel=\"noopener\">https:\/\/www.srf.ch\/news\/international\/krieg-in-der-ukraine-die-informationslandschaft-ist-ukrainisch-dominiert<\/a><\/p>\n<p><a href=\"#_ftnref2\" name=\"_ftn2\">[2]<\/a> <a href=\"https:\/\/www.bellingcat.com\/\" target=\"_blank\" rel=\"noopener\">https:\/\/www.bellingcat.com\/<\/a><\/p>\n","protected":false},"excerpt":{"rendered":"<p>Die Informationslandschaft ist ukrainisch dominiert Auf der Web-Site von SRF wurde am 14.04.2022 um 10:03\u00a0Uhr folgendes Interview platziert:[1] \u201eSogenannte OSINT-Quellen (Open Source Intelligence) bieten wichtige Informationen im Ukraine-Krieg. Doch wie kann man sie auf ihre Echtheit \u00fcberpr\u00fcfen? Frank Sauer, ein &hellip; <a href=\"https:\/\/hrkll.ch\/WordPress\/denkwerzeuge\/bilder-und-anderes-im-internet\/\">Weiterlesen <span class=\"meta-nav\">&rarr;<\/span><\/a><\/p>\n","protected":false},"author":7,"featured_media":0,"parent":2676,"menu_order":34,"comment_status":"closed","ping_status":"closed","template":"sidebar-page.php","meta":{"footnotes":""},"class_list":["post-5366","page","type-page","status-publish","hentry"],"_links":{"self":[{"href":"https:\/\/hrkll.ch\/WordPress\/wp-json\/wp\/v2\/pages\/5366","targetHints":{"allow":["GET"]}}],"collection":[{"href":"https:\/\/hrkll.ch\/WordPress\/wp-json\/wp\/v2\/pages"}],"about":[{"href":"https:\/\/hrkll.ch\/WordPress\/wp-json\/wp\/v2\/types\/page"}],"author":[{"embeddable":true,"href":"https:\/\/hrkll.ch\/WordPress\/wp-json\/wp\/v2\/users\/7"}],"replies":[{"embeddable":true,"href":"https:\/\/hrkll.ch\/WordPress\/wp-json\/wp\/v2\/comments?post=5366"}],"version-history":[{"count":8,"href":"https:\/\/hrkll.ch\/WordPress\/wp-json\/wp\/v2\/pages\/5366\/revisions"}],"predecessor-version":[{"id":5418,"href":"https:\/\/hrkll.ch\/WordPress\/wp-json\/wp\/v2\/pages\/5366\/revisions\/5418"}],"up":[{"embeddable":true,"href":"https:\/\/hrkll.ch\/WordPress\/wp-json\/wp\/v2\/pages\/2676"}],"wp:attachment":[{"href":"https:\/\/hrkll.ch\/WordPress\/wp-json\/wp\/v2\/media?parent=5366"}],"curies":[{"name":"wp","href":"https:\/\/api.w.org\/{rel}","templated":true}]}}