{"id":532,"date":"2013-02-03T10:42:20","date_gmt":"2013-02-03T09:42:20","guid":{"rendered":"http:\/\/hrkll.ch\/WordPress\/?page_id=532"},"modified":"2014-03-01T20:33:57","modified_gmt":"2014-03-01T19:33:57","slug":"lehren","status":"publish","type":"page","link":"https:\/\/hrkll.ch\/WordPress\/iml2\/lehren\/","title":{"rendered":"Konsequenzen f\u00fcr das Lehren"},"content":{"rendered":"<p>Nimmt man das IML 2 ernst, dann ergeben sich daraus verschiedene Konsequenzen f\u00fcr das Lehren wie das Lernen. Hier eine Zusammenstellung aus der Sicht des Lehrens.<\/p>\n<div>\n<h2>Ziel der Berufsbildung ist reflektiertes situatives Wissen<\/h2>\n<p>Handlungsleitend ist das situative System. Will die Berufsbildung handlungsleitendes Wissen vermitteln, muss sie in letzter Konsequenz den Lernenden zu gut ausgebildetem situativem Wissen verhelfen. Das bedeutet:<\/p>\n<ul>\n<li>Die Bildungsziele m\u00fcssen\u00a0dieses situative Wissen\u00a0umschrieben sein. Ein Versuch in diese Richtung sind die <a title=\"Situierte Kompetenzen\" href=\"http:\/\/hrkll.ch\/WordPress\/?page_id=40\">situierten Kompetenzen<\/a>.<\/li>\n<li>Der Ausbildung muss den <a title=\"In Etappen zur reflektierten Handlungskompetenz\" href=\"http:\/\/hrkll.ch\/WordPress\/?page_id=524\">ganzen Weg<\/a> bis zum reflektierten situativen Wissen gehen.<\/li>\n<li>Auf diesem Weg verschiebt sich das Wissen der Lernenden <a title=\"Die Stufen von Dreyfus &amp; Dreyfus bzw. Benner im IML 2 interpretiert\" href=\"http:\/\/hrkll.ch\/WordPress\/?page_id=487\">vom &#8222;deklarativen&#8220; Anf\u00e4nger zur &#8222;situierten&#8220; Expertin<\/a>.<\/li>\n<\/ul>\n<\/div>\n<div>\n<h2>Die Arbeit an vorhandenen Erfahrungen ist oft wichtiger als die Vorbereitung auf\u00a0neue Erfahrungen<\/h2>\n<p>Die Erfahrungen, welche die Lernenden im Betrieb machen, werden handlungsleitend sein. In der Schule gelernte deklarative Konzepte haben M\u00fche sich dagegen durchzusetzen. Zudem sind viele dieser Konzepte <a title=\"Handlungsleitendes und reflexionsleitendes Wissen\" href=\"http:\/\/hrkll.ch\/WordPress\/?page_id=497\">zu vage, als dass sich konkrete Handlungspl\u00e4ne daraus ableiten liessen<\/a>. Das bedeutet:<\/p>\n<ul>\n<li>Zumindest sobald Erfahrungen aus der Arbeit im Betrieb vorliegen, muss die Schule diese <a title=\"F\u00fcnf Szenarien um mit beruflichen Handlungssituationen zu arbeiten\" href=\"http:\/\/hrkll.ch\/WordPress\/?page_id=536\">aufgreifen und damit arbeiten<\/a>.<\/li>\n<li>Lernende bringen aber auch sonst immer bereits Vorerfahrungen mit. Will man mit ihnen ein <a title=\"Neue Verfahren ein\u00fcben\" href=\"http:\/\/hrkll.ch\/WordPress\/?page_id=519\">neues Vorgehen ein\u00fcben<\/a>, muss man dies ber\u00fccksichtigen.<\/li>\n<li>Alle \u00dcberlegungen hier gelten selbstverst\u00e4ndlich auch f\u00fcr die Gestaltung <a title=\"Schienen\" href=\"http:\/\/hrkll.ch\/WordPress\/?page_id=38\">wirksamer Veranstaltungen in der Lehrerbildung<\/a>!<\/li>\n<\/ul>\n<\/div>\n<div>\n<h2>Die Lernsituation muss der Anwendungssituation \u00e4hnlich sein<\/h2>\n<p>Neue Erfahrungen und auch das darin eingebettete Wissen der anderen Systeme werden in der Anwendungssituation nur aktiv, wenn sie auch erinnert werden. Dies ist umso eher der Fall, je \u00e4hnlicher f\u00fcr die Lernenden die Lernsituation &#8211; in der die neuen Erfahrungen entstehen &#8211; und die Anwendungssituation sind. Das bedeutet:<\/p>\n<ul>\n<li>Unterricht muss den <a title=\"Initiates file download\" href=\"http:\/\/www.hrkll.ch\/typo\/fileadmin\/Texte\/ILM\/Fuenf_Szenarien_fuer_die_Arbeit_mit_Situationen.pdf\" target=\"page\">Bezug zur Anwendungssituation herstellen<\/a>.<\/li>\n<li>Unter Umst\u00e4nden brauchen die Lernenden Unterst\u00fctzung dabei, <a title=\"Alte Gewohnheiten loswerden\" href=\"http:\/\/hrkll.ch\/WordPress\/?page_id=528\">alte Gewohnheiten zu \u00fcberwinden<\/a>, damit sich die neuen Erfahrungen durchsetzen k\u00f6nnen.<\/li>\n<\/ul>\n<\/div>\n<div>\n<h2>Anwendungsprobleme Behandeln ist mindestens so wichtig wie Erkl\u00e4ren und \u00dcben<\/h2>\n<p>Deklarative Konzepte, Rezepte, Regeln\u00a0etc. und auch gut prozeduralisierte Routinen im prozeduralen System wenden sich nicht von selbst an.\u00a0Beim Aufbau entsprechender Erfahrungen, welche diese Wissensst\u00fccke einbetten k\u00f6nnen, treten immer wieder Anwendungsprobleme auf,\u00a0auf die beispielsweise das neu gelernte deklarative Konzept keine Antwort hat. Das bedeutet:<\/p>\n<ul>\n<li>Die Frage, <a title=\"Initiates file download\" href=\"http:\/\/www.hrkll.ch\/typo\/fileadmin\/Texte\/ILM\/Fuenf_Szenarien_fuer_die_Arbeit_mit_Situationen.pdf\" target=\"page\">was es bedeuten w\u00fcrde, die neue gelernten Inhalte im Betrieb anzuwenden<\/a>, braucht in der Schule viel Platz.<\/li>\n<li>Die Hauptschwierigkeit beim <a title=\"Neue Verfahren ein\u00fcben\" href=\"http:\/\/hrkll.ch\/WordPress\/?page_id=519\">Erlernen eines neuen Vorgehens<\/a> sind die auftretenden Anwendungsprobleme. Sie m\u00fcssen sorgf\u00e4ltig behandelt werden.<\/li>\n<\/ul>\n<\/div>\n<h2>Denkwerkzeuge sollten situationsbezogen sein<\/h2>\n<p>Je abstrakter Konzepte,\u00a0Regel, Verfahrensvorschriften etc. sind, umso gr\u00f6sser sind die Anwendungsprobleme, die \u00fcberwunden werden m\u00fcssen, umso schwieriger ist es, diese Konzepte f\u00fcr eine bestimmte Situation zu konkretisieren. Das bedeutet:<\/p>\n<ul>\n<li>Verwendete Konzepte\u00a0sollten <a title=\"Initiates file download\" href=\"http:\/\/www.hrkll.ch\/typo\/fileadmin\/Texte\/Alltagsmathematik\/Koeche\/Fachrechnen_vom_Kopf_auf_die_Fuesse.pdf\" target=\"page\">nicht abstrakter sein, als n\u00f6tig<\/a>.<\/li>\n<li>Abstraktion, d.h. die Einsicht, dass zwei im Alltag als unterschiedlich erlebte Situationen sich auf einer abstrakten Ebene \u00e4hnlich sind, ist oft <a title=\"Initiates file download\" href=\"http:\/\/www.hrkll.ch\/typo\/fileadmin\/Texte\/Alltagsmathematik\/Koeche\/Fachrechnen_vom_Kopf_auf_die_Fuesse.pdf\" target=\"page\">keine Voraussetzung f\u00fcr Handlungsf\u00e4higkeit, sondern ein Bonus f\u00fcr intellektuell interessierte<\/a>.<\/li>\n<li>Der Transfer von Wissen aus einer Art von Situationen in eine andere Art ist oft nicht \u00fcber Abstraktion m\u00f6glich, sondern <a title=\"Horizontaler Transfer\" href=\"http:\/\/hrkll.ch\/WordPress\/?page_id=542\">muss &#8222;horizontal&#8220; erfolgen<\/a>.<\/li>\n<\/ul>\n","protected":false},"excerpt":{"rendered":"<p>Nimmt man das IML 2 ernst, dann ergeben sich daraus verschiedene Konsequenzen f\u00fcr das Lehren wie das Lernen. Hier eine Zusammenstellung aus der Sicht des Lehrens. Ziel der Berufsbildung ist reflektiertes situatives Wissen Handlungsleitend ist das situative System. Will die &hellip; <a href=\"https:\/\/hrkll.ch\/WordPress\/iml2\/lehren\/\">Weiterlesen <span class=\"meta-nav\">&rarr;<\/span><\/a><\/p>\n","protected":false},"author":7,"featured_media":0,"parent":19,"menu_order":0,"comment_status":"closed","ping_status":"closed","template":"sidebar-page.php","meta":{"footnotes":""},"class_list":["post-532","page","type-page","status-publish","hentry"],"_links":{"self":[{"href":"https:\/\/hrkll.ch\/WordPress\/wp-json\/wp\/v2\/pages\/532","targetHints":{"allow":["GET"]}}],"collection":[{"href":"https:\/\/hrkll.ch\/WordPress\/wp-json\/wp\/v2\/pages"}],"about":[{"href":"https:\/\/hrkll.ch\/WordPress\/wp-json\/wp\/v2\/types\/page"}],"author":[{"embeddable":true,"href":"https:\/\/hrkll.ch\/WordPress\/wp-json\/wp\/v2\/users\/7"}],"replies":[{"embeddable":true,"href":"https:\/\/hrkll.ch\/WordPress\/wp-json\/wp\/v2\/comments?post=532"}],"version-history":[{"count":0,"href":"https:\/\/hrkll.ch\/WordPress\/wp-json\/wp\/v2\/pages\/532\/revisions"}],"up":[{"embeddable":true,"href":"https:\/\/hrkll.ch\/WordPress\/wp-json\/wp\/v2\/pages\/19"}],"wp:attachment":[{"href":"https:\/\/hrkll.ch\/WordPress\/wp-json\/wp\/v2\/media?parent=532"}],"curies":[{"name":"wp","href":"https:\/\/api.w.org\/{rel}","templated":true}]}}