{"id":5311,"date":"2023-07-18T12:13:37","date_gmt":"2023-07-18T11:13:37","guid":{"rendered":"https:\/\/hrkll.ch\/WordPress\/?page_id=5311"},"modified":"2023-08-07T09:32:53","modified_gmt":"2023-08-07T08:32:53","slug":"denkwerkzeuge-uebersicht","status":"publish","type":"page","link":"https:\/\/hrkll.ch\/WordPress\/denkwerzeuge\/denkwerkzeuge-uebersicht\/","title":{"rendered":"Denkwerkzeuge: \u00dcbersicht"},"content":{"rendered":"<p>Dies ist eine Auseinandersetzung mit der Frage &#8222;Wem soll ich was glauben?&#8220;<\/p>\n<p><em>Die Zahlen vor den einzelnen Titeln entsprechen der Reihenfolge, in der die Beitr\u00e4ge ver\u00f6ffentlicht wurden. Man kann sie in dieser Reihenfolge lesen, indem man am Ende jedes Beitrags dem Link &#8222;weiter lesen&#8220; folgt. Es ist aber auch m\u00f6glich, sie nach den vier Themen <\/em>Toleranz, Verantwortung, Vertrauen <em>und<\/em> Produktion<em> geordnet zu verarbeiten.<\/em><\/p>\n<ul id=\"menu-wem-glauben\" class=\"menu\">\n<li>01 <a href=\"https:\/\/hrkll.ch\/WordPress\/denkwerzeuge\/\">Einstieg<\/a><\/li>\n<\/ul>\n<h1>Toleranz<\/h1>\n<p>Ob ein bestimmtes Denkwerkzeug &#8222;Wahrheit&#8220; produziert, l\u00e4sst sich im Allgemeinen nicht sagen. Viel einfacher ist es hingegen, zu entscheiden, ob seine Verwendung n\u00fctzlich ist. Unter diesem Gesichtspunkt l\u00e4sst sich auch entspannter \u00fcber Vor- und Nachteile eines bestimmten Werkzeugs diskutieren.<\/p>\n<ul>\n<li>02 <a href=\"https:\/\/hrkll.ch\/WordPress\/denkwerzeuge\/wahrheit\/\">Wahrheit?<\/a><\/li>\n<li>04 <a href=\"https:\/\/hrkll.ch\/WordPress\/denkwerzeuge\/nuetzlichkeit\/\">N\u00fctzlichkeit<\/a><\/li>\n<li>05 <a href=\"https:\/\/hrkll.ch\/WordPress\/denkwerzeuge\/verwendungszweck\/\">Verwendungszweck<\/a><\/li>\n<li>07 <a href=\"https:\/\/hrkll.ch\/WordPress\/denkwerzeuge\/falsch-eingesetzte-werkzeuge\/\">Falsch eingesetzte Werkzeuge?<\/a><\/li>\n<li>08 <a href=\"https:\/\/hrkll.ch\/WordPress\/denkwerzeuge\/gleichwertige-alternativen\/\">Gleichwertige Alternativen<\/a><\/li>\n<li>23 <a href=\"https:\/\/hrkll.ch\/WordPress\/denkwerzeuge\/konsistenz\/\">Konsistenz<\/a><\/li>\n<li>24 <a href=\"https:\/\/hrkll.ch\/WordPress\/denkwerzeuge\/heuristisches-potenzial\/\">Heuristisches Potenzial<\/a><\/li>\n<\/ul>\n<h1>Verantwortung<\/h1>\n<p>Wenn wir uns entschliessen, ein bestimmtes Denkwerkzeug zu gebrauchen, dann hat das Konsequenzen f\u00fcr uns selbst, f\u00fcr unsere Umwelt etc. Oft ergeben sich daraus relevante Kriterien, die f\u00fcr oder gegen ein Werkzeug sprechen.<\/p>\n<ul>\n<li>03 <a href=\"https:\/\/hrkll.ch\/WordPress\/denkwerzeuge\/kooperation\/\">Kooperation<\/a><\/li>\n<li>09 <a href=\"https:\/\/hrkll.ch\/WordPress\/denkwerzeuge\/kosten\/\">Kosten<\/a><\/li>\n<li>10 <a href=\"https:\/\/hrkll.ch\/WordPress\/denkwerzeuge\/konsequenzen\/\">Konsequenzen<\/a><\/li>\n<li>16 <a href=\"https:\/\/hrkll.ch\/WordPress\/denkwerzeuge\/nebeneffekte\/\">Nebeneffekte<\/a><\/li>\n<li>19 <a href=\"https:\/\/hrkll.ch\/WordPress\/denkwerzeuge\/kritisches-nachfragen\/\">Kritisches Nachfragen<\/a><\/li>\n<li>20 <a href=\"https:\/\/hrkll.ch\/WordPress\/denkwerzeuge\/expertinnen-fuer-unser-eigenes-erleben\/\">Expert:innen f\u00fcr unser eigenes Erleben<\/a><\/li>\n<li>21 <a href=\"https:\/\/hrkll.ch\/WordPress\/denkwerzeuge\/werkzeuge-gebrauchen\/\">Werkzeuge gebrauchen<\/a><\/li>\n<li>22 <a href=\"https:\/\/hrkll.ch\/WordPress\/denkwerzeuge\/neugierde\/\">Neugierde<\/a><\/li>\n<\/ul>\n<h1>Vertrauen<\/h1>\n<p>Mit wenigen Ausnahmen haben wir die Denkwerkzeuge, die wir in unserem Leben einsetzen, von jemandem \u00fcbernommen. Dabei stellt sich die Frage, ob wir das, was uns erz\u00e4hlt wird, wirklich \u201ekaufen\u201c wollen, genau gleich, wie wenn wir bspw. eine neue Kaffeemaschine anschaffen.<\/p>\n<ul>\n<li>06 <a href=\"https:\/\/hrkll.ch\/WordPress\/denkwerzeuge\/expertinnen\/\">Expert:innen<\/a><\/li>\n<li>12 <a href=\"https:\/\/hrkll.ch\/WordPress\/denkwerzeuge\/den-eigenen-augen-trauen\/\">Den eigenen Augen trauen?<\/a><\/li>\n<li>13 <a href=\"https:\/\/hrkll.ch\/WordPress\/denkwerzeuge\/triangulation\/\">Triangulation<\/a><\/li>\n<li>14 <a href=\"https:\/\/hrkll.ch\/WordPress\/denkwerzeuge\/den-eigenen-erfahrungen-trauen\/\">Den eigenen Erfahrungen trauen?<\/a><\/li>\n<li>15 <a href=\"https:\/\/hrkll.ch\/WordPress\/denkwerzeuge\/den-eigenen-erinnerungen-trauen\/\">Den eignen Erinnerungen trauen?<\/a><\/li>\n<li>17 <a href=\"https:\/\/hrkll.ch\/WordPress\/denkwerzeuge\/verschleierte_interessen\/\">Verschleierte Interessen<\/a><\/li>\n<li>18 <a href=\"https:\/\/hrkll.ch\/WordPress\/denkwerzeuge\/unklare-interessen\/\">Unklare Interessen<\/a><\/li>\n<li>25 <a href=\"https:\/\/hrkll.ch\/WordPress\/denkwerzeuge\/sollen-sie-mir-glauben\/\">Sollen Sie mir glauben?<\/a><\/li>\n<li>26 <a href=\"https:\/\/hrkll.ch\/WordPress\/denkwerzeuge\/selbst-zur-expertin-zum-experten-werden\/\">Selbst zur Expert:in werden<\/a><\/li>\n<li>28 <a href=\"https:\/\/hrkll.ch\/WordPress\/denkwerzeuge\/journalistinnen-als-expertinnen\/\">Journalist:innen als Expert:innen<\/a><\/li>\n<li>29 <a href=\"https:\/\/hrkll.ch\/WordPress\/denkwerzeuge\/expertinnen-im-interview\/\" aria-current=\"page\">Expert:innen im Interview<\/a><\/li>\n<li>30 <a href=\"https:\/\/hrkll.ch\/WordPress\/denkwerzeuge\/journalistinnen-zitieren-fachartikel\/\">Journalist:innen zitieren Fachartikel<\/a><\/li>\n<li>31 <a href=\"https:\/\/hrkll.ch\/WordPress\/denkwerzeuge\/fakten-in-den-medien\/\">Fakten in den Medien<\/a><\/li>\n<li>33 <a href=\"https:\/\/hrkll.ch\/WordPress\/denkwerzeuge\/wissenschaftlerinnen\/\">Wissenschaftler:innen<\/a><\/li>\n<li>34 <a href=\"https:\/\/hrkll.ch\/WordPress\/denkwerzeuge\/bilder-und-anderes-im-internet\/\">Bilder und Anderes im Internet<\/a><\/li>\n<\/ul>\n<h1>Produktion<\/h1>\n<p>In unserer arbeitsteiligen Welt gibt es ganze \u201eIndustrien\u201c, die ausschliesslich mit der Produktion von Denkwerkzeugen besch\u00e4ftigt sind. Wenn wir beurteilen wollen, ob ein bestimmtes Denkwerkzeug f\u00fcr unsere eigenen Zwecke geeignet ist, kann es n\u00fctzlich sein, ein bisschen \u00fcber die Produktionsbedingungen in diesen \u201eIndustrien\u201c Bescheid zu wissen.<\/p>\n<ul>\n<li>11 <a href=\"https:\/\/hrkll.ch\/WordPress\/denkwerzeuge\/google-und-co\/\">Google und Co.<\/a><\/li>\n<li>27 <a href=\"https:\/\/hrkll.ch\/WordPress\/denkwerzeuge\/journalismus\/\">Journalismus<\/a><\/li>\n<li>32 <a href=\"https:\/\/hrkll.ch\/WordPress\/denkwerzeuge\/forschung\/\">Forschung<\/a><\/li>\n<\/ul>\n<h1>Verwandte Themen<\/h1>\n<ul>\n<li><a href=\"https:\/\/hrkll.ch\/WordPress\/lehrerbildung\/denkwerkzeuge-fuer-unterrichtende\/\">Denkwerkzeuge f\u00fcr Unterrichtende<\/a><\/li>\n<\/ul>\n","protected":false},"excerpt":{"rendered":"<p>Dies ist eine Auseinandersetzung mit der Frage &#8222;Wem soll ich was glauben?&#8220; Die Zahlen vor den einzelnen Titeln entsprechen der Reihenfolge, in der die Beitr\u00e4ge ver\u00f6ffentlicht wurden. Man kann sie in dieser Reihenfolge lesen, indem man am Ende jedes Beitrags &hellip; <a href=\"https:\/\/hrkll.ch\/WordPress\/denkwerzeuge\/denkwerkzeuge-uebersicht\/\">Weiterlesen <span class=\"meta-nav\">&rarr;<\/span><\/a><\/p>\n","protected":false},"author":7,"featured_media":0,"parent":2676,"menu_order":100,"comment_status":"closed","ping_status":"closed","template":"sidebar-page.php","meta":{"footnotes":""},"class_list":["post-5311","page","type-page","status-publish","hentry"],"_links":{"self":[{"href":"https:\/\/hrkll.ch\/WordPress\/wp-json\/wp\/v2\/pages\/5311","targetHints":{"allow":["GET"]}}],"collection":[{"href":"https:\/\/hrkll.ch\/WordPress\/wp-json\/wp\/v2\/pages"}],"about":[{"href":"https:\/\/hrkll.ch\/WordPress\/wp-json\/wp\/v2\/types\/page"}],"author":[{"embeddable":true,"href":"https:\/\/hrkll.ch\/WordPress\/wp-json\/wp\/v2\/users\/7"}],"replies":[{"embeddable":true,"href":"https:\/\/hrkll.ch\/WordPress\/wp-json\/wp\/v2\/comments?post=5311"}],"version-history":[{"count":24,"href":"https:\/\/hrkll.ch\/WordPress\/wp-json\/wp\/v2\/pages\/5311\/revisions"}],"predecessor-version":[{"id":5411,"href":"https:\/\/hrkll.ch\/WordPress\/wp-json\/wp\/v2\/pages\/5311\/revisions\/5411"}],"up":[{"embeddable":true,"href":"https:\/\/hrkll.ch\/WordPress\/wp-json\/wp\/v2\/pages\/2676"}],"wp:attachment":[{"href":"https:\/\/hrkll.ch\/WordPress\/wp-json\/wp\/v2\/media?parent=5311"}],"curies":[{"name":"wp","href":"https:\/\/api.w.org\/{rel}","templated":true}]}}