{"id":524,"date":"2013-02-03T10:32:11","date_gmt":"2013-02-03T09:32:11","guid":{"rendered":"http:\/\/hrkll.ch\/WordPress\/?page_id=524"},"modified":"2013-02-13T16:53:04","modified_gmt":"2013-02-13T15:53:04","slug":"in-etappen-zur-reflektierten-handlungskompetenz","status":"publish","type":"page","link":"https:\/\/hrkll.ch\/WordPress\/iml2\/wissen-aufbauen\/lernwege\/in-etappen-zur-reflektierten-handlungskompetenz\/","title":{"rendered":"In Etappen zur reflektierten Handlungskompetenz"},"content":{"rendered":"<p>Lernen ist von Natur aus ein kontinuierlicher Prozess und schlecht zerlegbar. Um Lernen organisieren zu k\u00f6nnen, macht es aber Sinn, den Weg bis zur Handlungskompetenz in Etappen zu zerlegen. Eine m\u00f6gliche, mit dem IML 2 hinterlegbare Aufteilung w\u00e4re eine Aufteilung in die Etappen <strong><em>Verstehen<\/em><\/strong>, <strong><em>Ein\u00fcben<\/em><\/strong>, <strong><em>Standardf\u00e4lle bearbeiten<\/em><\/strong>, <strong><em>Anwenden<\/em><\/strong>, <strong><em>Reflektieren<\/em><\/strong>. Jede dieser Etappen stellt einen bestimmten <a title=\"Lernbausteine: Wissen aufbauen im Detail\" href=\"http:\/\/hrkll.ch\/WordPress\/?page_id=505\">Lernbaustein<\/a> ins Zentrum und produziert als Output Wissen, das in einer anderen Etappe n\u00fctzlich sein kann.<\/p>\n<p style=\"text-align: center;\"><em>Die Graphik kann durch Anklicken vergr\u00f6ssert werden.<\/em><\/p>\n<div>\n<p style=\"text-align: center;\"><a href=\"http:\/\/www.hrkll.ch\/typo\/fileadmin\/bilder\/IML2\/Etappen_Kompetenz.jpg\" target=\"_blank\"><img decoding=\"async\" class=\"aligncenter\" style=\"border: 0px none;\" alt=\"\" src=\"http:\/\/www.hrkll.ch\/typo\/fileadmin\/bilder\/IML2\/Etappen_Kompetenz_klein.jpg\" border=\"0\" \/><\/a><\/p>\n<\/div>\n<p>Auf dem eigentlichen Lernweg k\u00f6nnen und m\u00fcssen die verschiedenen Etappen in verschiedenster Reihenfolge und oft mehrmals durchlaufen werden. Ein Beispiel daf\u00fcr findet sich unter Verfahren ein\u00fcben.<\/p>\n<table width=\"640\" border=\"5\" cellspacing=\"0\" cellpadding=\"0\">\n<tbody>\n<tr>\n<td>Etappe<\/td>\n<td>Kurzbeschreibung<\/td>\n<td>Produkt und Folgeetappe<\/td>\n<\/tr>\n<tr>\n<td rowspan=\"6\" valign=\"top\"><strong>Verstehen<\/strong><\/td>\n<td rowspan=\"6\" valign=\"top\">Die Lernenden erhalten Erkl\u00e4rungen\/ Instruktionen in m\u00fcndlicher oder schriftlicher Form. Ihre Aufgabe ist es, diese \u201eInputs\u201c so zu verstehen, dass sie diese in einer der Folgeetappen gezielt einsetzen k\u00f6nnen. Je nach Folgeetappe gestaltet sich diese Lernaufgabe etwas anders.<\/td>\n<td>Vorwissen f\u00fcr darauf aufbauendes <strong>Verstehen<\/strong><\/td>\n<\/tr>\n<tr>\n<td>Prozeduren zum <strong>Ein\u00fcben<\/strong><\/td>\n<\/tr>\n<tr>\n<td>Fakten\/Daten als Basis zum <strong>Bearbeiten von Standardf\u00e4llen<\/strong><\/td>\n<\/tr>\n<tr>\n<td>Abl\u00e4ufe und \u00c4hnliches als Grundlage zum Planen beim <strong>Bearbeiten von Standardf\u00e4llen<\/strong><\/td>\n<\/tr>\n<tr>\n<td>Begriffe\/Fachsprache zum Beschreiben von Situationen beim <strong>Anwenden<\/strong><\/td>\n<\/tr>\n<tr>\n<td>Konzepte\/Leitlinien zum <strong>Reflektieren<\/strong> gemachter Erfahrungen<\/td>\n<\/tr>\n<tr>\n<td valign=\"top\"><strong>Ein\u00fcben<\/strong><\/td>\n<td valign=\"top\">Die Lernenden \u00fcben eine Prozedur anhand von \u00dcbungsaufgaben und\u00a0-materialien so lange, bis diese zur Routine wird.<\/td>\n<td>Zur Routine gewordene Fertigkeiten einsetzbar beim <strong>Bearbeiten von Standardf\u00e4llen<\/strong><\/td>\n<\/tr>\n<tr>\n<td valign=\"top\"><strong>Standard\u00adf\u00e4lle bearbeiten<\/strong><\/td>\n<td valign=\"top\">Die Lernenden bearbeiten typische Standardaufgaben indem sie sorgf\u00e4ltig planen und dann versuchen, ihre Planung umzusetzen. Dabei kommen Fakten\/Daten und erworbene Routinen an geeigneter Stelle zum Zuge.<\/td>\n<td>Fest verkn\u00fcpfte Pakete \u00fcber die Eigenarten typischer Standard\u00adsituationen und die dabei n\u00fctzlichen Planungs\u00fcber\u00adlegungen, Fakten und Routinen als Ressourcen beim <strong>Anwenden<\/strong><\/td>\n<\/tr>\n<tr>\n<td valign=\"top\"><strong>Anwenden<\/strong><\/td>\n<td valign=\"top\">Die Lernenden bearbeiten reale Arbeitssituationen und sammeln so Erfahrungen.<\/td>\n<td>Erfahrungen als zentrales Element der Handlungs\u00adkompetenz und als Ausgangs\u00admaterial beim <strong>Reflektieren<\/strong><\/td>\n<\/tr>\n<tr>\n<td valign=\"top\"><strong>Reflektieren<\/strong><\/td>\n<td valign=\"top\">Die Lernenden reflektieren gemachte Erfahrungen anhand geeigneter Konzept darauf hin, ob sie gute Bespiele professionellen Handelns darstellen.<\/td>\n<td>Reflektierte Erfahrungen als zentrales Element einer professionellen Handlungskompetenz<\/td>\n<\/tr>\n<\/tbody>\n<\/table>\n<h3><strong>Texte als pdf<\/strong><\/h3>\n<ul>\n<li><a href=\"http:\/\/www.hrkll.ch\/typo\/fileadmin\/Texte\/ILM\/Lernziele_als_Etappenziele.pdf\" target=\"_blank\">Lernzieler als Etappenziele<\/a><\/li>\n<\/ul>\n","protected":false},"excerpt":{"rendered":"<p>Lernen ist von Natur aus ein kontinuierlicher Prozess und schlecht zerlegbar. Um Lernen organisieren zu k\u00f6nnen, macht es aber Sinn, den Weg bis zur Handlungskompetenz in Etappen zu zerlegen. Eine m\u00f6gliche, mit dem IML 2 hinterlegbare Aufteilung w\u00e4re eine Aufteilung &hellip; <a href=\"https:\/\/hrkll.ch\/WordPress\/iml2\/wissen-aufbauen\/lernwege\/in-etappen-zur-reflektierten-handlungskompetenz\/\">Weiterlesen <span class=\"meta-nav\">&rarr;<\/span><\/a><\/p>\n","protected":false},"author":7,"featured_media":0,"parent":510,"menu_order":2,"comment_status":"closed","ping_status":"closed","template":"sidebar-page.php","meta":{"footnotes":""},"class_list":["post-524","page","type-page","status-publish","hentry"],"_links":{"self":[{"href":"https:\/\/hrkll.ch\/WordPress\/wp-json\/wp\/v2\/pages\/524","targetHints":{"allow":["GET"]}}],"collection":[{"href":"https:\/\/hrkll.ch\/WordPress\/wp-json\/wp\/v2\/pages"}],"about":[{"href":"https:\/\/hrkll.ch\/WordPress\/wp-json\/wp\/v2\/types\/page"}],"author":[{"embeddable":true,"href":"https:\/\/hrkll.ch\/WordPress\/wp-json\/wp\/v2\/users\/7"}],"replies":[{"embeddable":true,"href":"https:\/\/hrkll.ch\/WordPress\/wp-json\/wp\/v2\/comments?post=524"}],"version-history":[{"count":0,"href":"https:\/\/hrkll.ch\/WordPress\/wp-json\/wp\/v2\/pages\/524\/revisions"}],"up":[{"embeddable":true,"href":"https:\/\/hrkll.ch\/WordPress\/wp-json\/wp\/v2\/pages\/510"}],"wp:attachment":[{"href":"https:\/\/hrkll.ch\/WordPress\/wp-json\/wp\/v2\/media?parent=524"}],"curies":[{"name":"wp","href":"https:\/\/api.w.org\/{rel}","templated":true}]}}