{"id":515,"date":"2013-02-03T10:25:04","date_gmt":"2013-02-03T09:25:04","guid":{"rendered":"http:\/\/hrkll.ch\/WordPress\/?page_id=515"},"modified":"2013-02-13T22:02:42","modified_gmt":"2013-02-13T21:02:42","slug":"das-zusammenspiel-von-instruktion-und-erfahrung","status":"publish","type":"page","link":"https:\/\/hrkll.ch\/WordPress\/iml2\/wissen-aufbauen\/lernwege\/das-zusammenspiel-von-instruktion-und-erfahrung\/","title":{"rendered":"Das Zusammenspiel von Instruktion und Erfahrung"},"content":{"rendered":"<p><a title=\"Opens internal link in current window\" href=\"http:\/\/www.hrkll.ch\/typo\/iml2\/die-fuenf-systeme\/deklaratives-system.html\" target=\"_top\">Deklaratives<\/a> Wissen l\u00e4sst sich auf zwei Wegen aufbauen: \u00dcber das <a title=\"Initiates file download\" href=\"http:\/\/www.hrkll.ch\/typo\/fileadmin\/Texte\/ILM\/Verstehen.pdf\" target=\"page\">Verstehen<\/a> einer Instruktion oder \u00fcber die abstrahierende Beschreibung von Erfahrungen\u00a0(<a title=\"Initiates file download\" href=\"http:\/\/www.hrkll.ch\/typo\/fileadmin\/Texte\/ILM_2\/Entdecken.pdf\" target=\"page\">Entdecken<\/a>).<\/p>\n<p>Die Schwierigkeiten auf beiden Wegen sind aber gross (vgl. <a title=\"Initiates file download\" href=\"http:\/\/www.hrkll.ch\/typo\/fileadmin\/Texte\/ILM\/Verstehen.pdf\" target=\"page\">Verstehen<\/a>, <a title=\"Initiates file download\" href=\"http:\/\/www.hrkll.ch\/typo\/fileadmin\/Texte\/ILM\/Sammeln.pdf\" target=\"page\">Sammeln<\/a>, <a title=\"Initiates file download\" href=\"http:\/\/www.hrkll.ch\/typo\/fileadmin\/Texte\/ILM_2\/Entdecken.pdf\" target=\"page\">Entdecken<\/a>), so dass oft weder der eine noch der andere Weg allein zum Ziel f\u00fchrt. Mehr Erfolg verspricht die Kombination von Instruktion und Erfahrungen, \u00fcber die sich allm\u00e4hlich die gew\u00fcnschten deklarativen Konzepte ausbilden k\u00f6nnen.<\/p>\n<p style=\"text-align: center;\"><img decoding=\"async\" class=\"aligncenter\" style=\"border: 0px none;\" alt=\"\" src=\"http:\/\/www.hrkll.ch\/typo\/fileadmin\/bilder\/IML2\/Instruktion_Erfahrung_Kreis_klein.jpg\" border=\"0\" \/><\/p>\n<div><\/div>\n<h3>Erfahrungen vorbereiten<\/h3>\n<p>Erfahrungen kann man einerseits vorbereiten, indem man den Lernenden Konzepte gibt, die helfen ihre Wahrnehmung auf wesentliche Aspekte zu lenken. Andererseits, indem man den Lernenden Rezepte mitgibt, wie sie vorgehen sollen (vgl. <a title=\"Die Funktionen des deklarativen Systems im Zusammenspiel mit dem situativen System\" href=\"http:\/\/hrkll.ch\/WordPress\/?page_id=492\">Funktionen des Deklarativen<\/a>). Allerdings ist\u00a0zu erwarten ist, dass sie diese Rezepte nicht einfach &#8222;verstehen&#8220; und problemlos &#8222;anwenden&#8220; k\u00f6nnen.\u00a0Wichtig ist deshalb, den Lernenden auch mitzugeben, wie sie erkennen k\u00f6nnen, wenn sie vom &#8222;richtigen&#8220; Weg abweichen und wie sie wieder zur\u00fcckfinden k\u00f6nnen.<\/p>\n<h3>Erkl\u00e4rungen verarbeiten<\/h3>\n<p>Die Lernenden k\u00f6nnen halb verstandene Erkl\u00e4rungen mit Hilfe von Erfahrungen verarbeiten, indem sie die neuen Erfahrungen mit Hilfe der mehr oder weniger verstandenen deklarativen Konzepte beschreiben. Aus der Forschung weiss man, dass gute Sch\u00fcler von sich aus machen. Alle anderen muss man dazu anleiten und anhalten (vgl. <a title=\"Initiates file download\" href=\"http:\/\/www.hrkll.ch\/typo\/fileadmin\/Texte\/ILM_2\/Anwenden.pdf\" target=\"page\">Anwenden<\/a>).<\/p>\n<h3>Erkl\u00e4rungen vorbereiten<\/h3>\n<p>Erfahrungen k\u00f6nnen helfen, den Anwendungskontext einer folgenden Erkl\u00e4rung zu verstehen. Dies l\u00e4sst sich am einfachsten dadurch erreichen, indem man die Lernenden auffordert, eine Aufgabe zu bearbeiten, <strong>bevor<\/strong> man ihnen erkl\u00e4rt, wie Aufgaben dieser Art zu bearbeiten sind (vgl. <a title=\"Neue Verfahren ein\u00fcben\" href=\"http:\/\/hrkll.ch\/WordPress\/?page_id=519\">Verfahren ein\u00fcben<\/a>). Die Lernenden werden diese Aufgaben mit Hilfe des vorhandenen Vorwissens bearbeiten und dabei unter anderem erfahren, wo dieses Vorwissen nicht ausreicht.<\/p>\n<h3>Erfahrungen verarbeiten<\/h3>\n<p>Eine Erkl\u00e4rung aufbauend auf bereits gemachten Erfahrungen liefert neue\u00a0M\u00f6glichkeiten, diese Erfahrungen zu beschreiben (vgl. <a title=\"Die Funktionen des deklarativen Systems im Zusammenspiel mit dem situativen System\" href=\"http:\/\/hrkll.ch\/WordPress\/?page_id=492\">Funktionen des Deklarativen<\/a>).\u00a0Die Lernenden k\u00f6nnen eine Erkl\u00e4rung, eine Instruktion umso besser aufnehmen und mit ihrem Vorwissen, ihren Erfahrungen verbinden, je deutlicher f\u00fcr sie wahrnehmbar ist, dass die Erkl\u00e4rungen echte Antworten auf Fragen enth\u00e4lt, die sie auf Grund ihrer Vorerfahrung haben.<\/p>\n<p>Selbstverst\u00e4ndlich kann man in diesen Zirkel an jeder beliebigen Stelle einsteigen. Wie etwa <a title=\"Der Lernzyklus von Kolb\" href=\"http:\/\/hrkll.ch\/WordPress\/?page_id=572\">Kolb<\/a> mit seinen Typen herausstreicht, gibt es Lernende, welche eher den einen oder den anderen Einstieg bevorzugen. Wird der\u00a0Zirkel aber immer wieder durchlaufen, verliert sich die Bedeutung solcher Vorlieben schnell.<\/p>\n<h3><strong>Texte als pdf (z.T. noch in der Begrifflichkeit des IML1)<\/strong><\/h3>\n<ul>\n<li><a title=\"Initiates file download\" href=\"http:\/\/www.hrkll.ch\/typo\/fileadmin\/Texte\/ILM\/Schwierigkeiten_beim_Lernen_aus_Erfahrung.pdf\" target=\"page\">M\u00f6gliche Gr\u00fcnde f\u00fcr Schwierigkeiten beim Lernen aus Erfahrungen\/Beispielen<\/a>: Die verschiedenen Stolpersteine bei den relevanten Lernaufgaben kurz zusammengefasst.<\/li>\n<\/ul>\n","protected":false},"excerpt":{"rendered":"<p>Deklaratives Wissen l\u00e4sst sich auf zwei Wegen aufbauen: \u00dcber das Verstehen einer Instruktion oder \u00fcber die abstrahierende Beschreibung von Erfahrungen\u00a0(Entdecken). Die Schwierigkeiten auf beiden Wegen sind aber gross (vgl. Verstehen, Sammeln, Entdecken), so dass oft weder der eine noch der &hellip; <a href=\"https:\/\/hrkll.ch\/WordPress\/iml2\/wissen-aufbauen\/lernwege\/das-zusammenspiel-von-instruktion-und-erfahrung\/\">Weiterlesen <span class=\"meta-nav\">&rarr;<\/span><\/a><\/p>\n","protected":false},"author":7,"featured_media":0,"parent":510,"menu_order":0,"comment_status":"closed","ping_status":"closed","template":"sidebar-page.php","meta":{"footnotes":""},"class_list":["post-515","page","type-page","status-publish","hentry"],"_links":{"self":[{"href":"https:\/\/hrkll.ch\/WordPress\/wp-json\/wp\/v2\/pages\/515","targetHints":{"allow":["GET"]}}],"collection":[{"href":"https:\/\/hrkll.ch\/WordPress\/wp-json\/wp\/v2\/pages"}],"about":[{"href":"https:\/\/hrkll.ch\/WordPress\/wp-json\/wp\/v2\/types\/page"}],"author":[{"embeddable":true,"href":"https:\/\/hrkll.ch\/WordPress\/wp-json\/wp\/v2\/users\/7"}],"replies":[{"embeddable":true,"href":"https:\/\/hrkll.ch\/WordPress\/wp-json\/wp\/v2\/comments?post=515"}],"version-history":[{"count":0,"href":"https:\/\/hrkll.ch\/WordPress\/wp-json\/wp\/v2\/pages\/515\/revisions"}],"up":[{"embeddable":true,"href":"https:\/\/hrkll.ch\/WordPress\/wp-json\/wp\/v2\/pages\/510"}],"wp:attachment":[{"href":"https:\/\/hrkll.ch\/WordPress\/wp-json\/wp\/v2\/media?parent=515"}],"curies":[{"name":"wp","href":"https:\/\/api.w.org\/{rel}","templated":true}]}}