{"id":5101,"date":"2023-06-13T13:51:37","date_gmt":"2023-06-13T12:51:37","guid":{"rendered":"https:\/\/hrkll.ch\/WordPress\/?page_id=5101"},"modified":"2023-06-21T12:10:45","modified_gmt":"2023-06-21T11:10:45","slug":"expertinnen-fuer-unser-eigenes-erleben","status":"publish","type":"page","link":"https:\/\/hrkll.ch\/WordPress\/denkwerzeuge\/expertinnen-fuer-unser-eigenes-erleben\/","title":{"rendered":"Expert:innen f\u00fcr unser eigenes Erleben"},"content":{"rendered":"<div style=\"background-color: lavenderblush;\">\n<p><strong>Skiunfall<\/strong><\/p>\n<p>Vor Jahren war ich einen dummen Unfall beim Skifahren verwickelt. Als Folge davon hatte ich ein blaugr\u00fcnes Auge, Schmerzen im Arm, den Rippen und am Oberschenkel. Der Arzt im Ferienort, der t\u00e4glich einige Unf\u00e4lle versorgt, sah sich das Ganze an und machte sich vor allem Sorgen wegen meines blaugr\u00fcnen Auges bzw. wegen einer m\u00f6glichen Hirnersch\u00fctterung, die der Aufprall h\u00e4tte verursachen k\u00f6nnen. Trotz verschiedener Abkl\u00e4rungen konnte er aber nichts entdecken. Mein Kopf sah zwar schrecklich aus, war aber im Wesentlichen intakt. Auch bei den Rippen ergab ein sorgf\u00e4ltiges Abtasten, dass sie zwar etwas gequetscht, aber nicht gebrochen waren und die Schmerzen im Oberschenkel diagnostizierte er als Abduktorenzerrung. Erfreut wollte er mich entlassen und sagte mir, dass ich Gl\u00fcck gehabt h\u00e4tte, dass zwar alles schmerzhaft sei, aber von selbst heilen w\u00fcrde. Ich wollte schon gehen, aber beim Aufstehen zwickte mich der Arm und ich machte ihn darauf aufmerksam, dass wir noch nicht alle Punkte abgearbeitet hatten. \u2013 Der Arm war gebrochen und ich bekam doch noch einen Gips, wie es sich f\u00fcr einen richtigen Skiunfall geh\u00f6rt.<\/p>\n<\/div>\n<p>Der Arzt war ganz klar ein <a href=\"https:\/\/hrkll.ch\/WordPress\/denkwerzeuge\/expertinnen\/\">Experte<\/a> f\u00fcr Skiunf\u00e4lle. Er praktizierte in diesem Ferienort schon seit vielen Jahren und behandelte jede Wintersaison hunderte von Skiunf\u00e4llen. Entsprechend gab es f\u00fcr mich keinen Grund, seine Entscheidung anzuzweifeln, als er sich zuerst um eine allf\u00e4llige Hirnersch\u00fctterung k\u00fcmmern wollte. Aber nat\u00fcrlich konnte er trotz seiner ganzen breiten Erfahrung nicht wissen, wo es mir \u00fcberall wehtat. Hier war ich der alleinige Experte. Niemand ausser uns weiss so genau dar\u00fcber Bescheid, wie wir uns f\u00fchlen, was uns Sorgen macht, wo wir wann Schmerzen haben etc. Wir begleiten uns selbst 24 Stunden pro Tag und machen daher jede Menge Erfahrungen in Bezug auf uns selbst \u2013 auf jeden Fall deutlich mehr, als bspw. ein Arzt, der uns kurz einmal 15 Minuten untersucht. Nat\u00fcrlich k\u00f6nnen diese Erfahrungen verf\u00e4lscht sein (<a href=\"https:\/\/hrkll.ch\/WordPress\/denkwerzeuge\/den-eigenen-augen-trauen\/\">Den eignen Augen trauen?<\/a>) und m\u00fcssen durch Zug\u00e4nge erg\u00e4nzt werden, wie sie Expert:innen zur Verf\u00fcgung stehen. Aber auch dann k\u00f6nnen wir darauf beharren, dass wir viel \u00fcber uns selbst wissen, das nicht einfach ignoriert werden sollte. Das Gespr\u00e4ch mit einer \u00c4rztin oder einem Arzt ist eigentlich ein Gespr\u00e4ch zwischen zwei Expert:innen sein, zwischen mir, der ich viele Erfahrungen mit mir selbst habe, und der \u00c4rzt:in, die viel Erfahrungen mit mehr oder weniger \u00e4hnlich gelagerten F\u00e4llen hat. Im Idealfall gelingt es, die Denkwerkzeuge der beiden Beteiligten so zu kombinieren, dass es zu einer wirkungsvollen Probleml\u00f6sung kommt.<\/p>\n<p>Sofern das \u00fcberhaupt m\u00f6glich ist, sind die Regeln daf\u00fcr, dass dies gelingt, erstaunlich einfach:<a href=\"#_ftn1\" name=\"_ftnref1\">[1]<\/a><\/p>\n<ul>\n<li>Beide Seiten d\u00fcrfen alle Fragen stellen, die ihnen wichtig erscheinen.<\/li>\n<li>Beide nehmen alle Fragen der anderen Seite ernst.<\/li>\n<li>Fr\u00fcher oder sp\u00e4ter wird jede Frage beantwortet (es sei denn, es wurde bereits eine L\u00f6sung gefunden, die beide Seiten zufriedenstellt).<\/li>\n<li>In komplexen F\u00e4llen f\u00fchren am besten beide Seiten ein gemeinsames Protokoll dar\u00fcber, welche Fragen gestellt wurden, wie diese zusammenh\u00e4ngen und welche beantwortet sind.<\/li>\n<\/ul>\n<p>Es d\u00fcrfte allerdings nicht ganz einfach sein, eine \u00c4rztin oder einen Arzt zu solch einer Zusammenarbeit zu bewegen, aber man kann es ja versuchen.<\/p>\n<p>Weiter lesen &gt;&gt; <a href=\"https:\/\/hrkll.ch\/WordPress\/denkwerzeuge\/werkzeuge-gebrauchen\/\">Werkzeuge gebrauchen<\/a><\/p>\n<hr \/>\n<p><a href=\"#_ftnref1\" name=\"_ftn1\">[1]<\/a> Kaiser, H. (1987) <em>Wissensaustausch im Dialog<\/em>. Bern, Huber.<\/p>\n","protected":false},"excerpt":{"rendered":"<p>Skiunfall Vor Jahren war ich einen dummen Unfall beim Skifahren verwickelt. Als Folge davon hatte ich ein blaugr\u00fcnes Auge, Schmerzen im Arm, den Rippen und am Oberschenkel. Der Arzt im Ferienort, der t\u00e4glich einige Unf\u00e4lle versorgt, sah sich das Ganze &hellip; <a href=\"https:\/\/hrkll.ch\/WordPress\/denkwerzeuge\/expertinnen-fuer-unser-eigenes-erleben\/\">Weiterlesen <span class=\"meta-nav\">&rarr;<\/span><\/a><\/p>\n","protected":false},"author":7,"featured_media":0,"parent":2676,"menu_order":20,"comment_status":"closed","ping_status":"closed","template":"sidebar-page.php","meta":{"footnotes":""},"class_list":["post-5101","page","type-page","status-publish","hentry"],"_links":{"self":[{"href":"https:\/\/hrkll.ch\/WordPress\/wp-json\/wp\/v2\/pages\/5101","targetHints":{"allow":["GET"]}}],"collection":[{"href":"https:\/\/hrkll.ch\/WordPress\/wp-json\/wp\/v2\/pages"}],"about":[{"href":"https:\/\/hrkll.ch\/WordPress\/wp-json\/wp\/v2\/types\/page"}],"author":[{"embeddable":true,"href":"https:\/\/hrkll.ch\/WordPress\/wp-json\/wp\/v2\/users\/7"}],"replies":[{"embeddable":true,"href":"https:\/\/hrkll.ch\/WordPress\/wp-json\/wp\/v2\/comments?post=5101"}],"version-history":[{"count":7,"href":"https:\/\/hrkll.ch\/WordPress\/wp-json\/wp\/v2\/pages\/5101\/revisions"}],"predecessor-version":[{"id":5141,"href":"https:\/\/hrkll.ch\/WordPress\/wp-json\/wp\/v2\/pages\/5101\/revisions\/5141"}],"up":[{"embeddable":true,"href":"https:\/\/hrkll.ch\/WordPress\/wp-json\/wp\/v2\/pages\/2676"}],"wp:attachment":[{"href":"https:\/\/hrkll.ch\/WordPress\/wp-json\/wp\/v2\/media?parent=5101"}],"curies":[{"name":"wp","href":"https:\/\/api.w.org\/{rel}","templated":true}]}}