{"id":5014,"date":"2023-05-30T07:32:56","date_gmt":"2023-05-30T06:32:56","guid":{"rendered":"https:\/\/hrkll.ch\/WordPress\/?page_id=5014"},"modified":"2023-07-18T13:06:05","modified_gmt":"2023-07-18T12:06:05","slug":"den-eigenen-erinnerungen-trauen","status":"publish","type":"page","link":"https:\/\/hrkll.ch\/WordPress\/denkwerzeuge\/den-eigenen-erinnerungen-trauen\/","title":{"rendered":"Den eigenen Erinnerungen trauen?"},"content":{"rendered":"<div style=\"background-color: lavenderblush;\">\n<p><a name=\"_Toc127785087\"><\/a><strong>Rechtskurve<\/strong><\/p>\n<p>Vor vielen Jahren war ich mit meiner Partnerin in Queensland, Australien unterwegs. Wir fuhren mit einem Auto und einem Zweipersonenzelt von Campingplatz zu Campingplatz. Eines Morgens nach einer eher kalten Nacht waren wir fr\u00fch aufgebrochen, das noch feuchte Zelt im Kofferraum verstaut. Als die Sonne anfing zu w\u00e4rmen und unsere M\u00e4gen, die ohne Fr\u00fchst\u00fcck geblieben waren, sich deutlich meldeten, verliessen wir die Hauptstrasse und machten einen Stopp in <a href=\"https:\/\/www.queensland.com\/au\/en\/places-to-see\/destination-information\/p-56b25e432cbcbe7073ad7b70-miriam-vale\" target=\"_blank\" rel=\"noopener\">Miriam Vale<\/a>. Wenn man von S\u00fcden kommt macht der Bruce Highway dort eine scharfe Kurve nach rechts unten und in dieser Kurve f\u00fchrte eine kleine Strasse in den Ortskern, der damals nur aus ein paar wenigen H\u00e4usern und einem Caf\u00e9 bestand, wo wir ein reichhaltiges Fr\u00fchst\u00fcck erhielten. Das Auto war vor dem Caf\u00e9 geparkt. Das Zelt breiteten wir \u00fcber einen Zaun zum Trocknen \u2013 so jedenfalls meine lebhafte Erinnerung.<\/p>\n<p style=\"text-align: center;\"><img loading=\"lazy\" decoding=\"async\" class=\"aligncenter size-full wp-image-5040\" src=\"https:\/\/hrkll.ch\/WordPress\/wp-content\/uploads\/Miriam_Vale_sv.jpg\" alt=\"\" width=\"350\" height=\"350\" srcset=\"https:\/\/hrkll.ch\/WordPress\/wp-content\/uploads\/Miriam_Vale_sv.jpg 350w, https:\/\/hrkll.ch\/WordPress\/wp-content\/uploads\/Miriam_Vale_sv-300x300.jpg 300w, https:\/\/hrkll.ch\/WordPress\/wp-content\/uploads\/Miriam_Vale_sv-150x150.jpg 150w\" sizes=\"auto, (max-width: 350px) 100vw, 350px\" \/><em>Meine Erinnerung<\/em><\/p>\n<p>Von diesem Stopp gibt es ein Foto, das das Caf\u00e9, die Strasse und unser Auto am anderen Strassenrand zeigt. Als wir wieder in der Schweiz waren und ich einen Abzug des Fotos vor mir hatte (alles noch analog), war ich verwirrt. Denn in meiner Erinnerung hatten wir das Auto gleich in Fahrtrichtung geparkt. Auf dem Foto schaut es aber gegen die Fahrrichtung, so als ob wir es zuerst gewendet h\u00e4tten \u2013 absolut unwahrscheinlich bei dem Drang nach Kaffee, den wir hatten. Ich konnte mir das nicht erkl\u00e4ren und war ein bisschen irritiert.<\/p>\n<p><img loading=\"lazy\" decoding=\"async\" class=\"aligncenter size-full wp-image-5041\" src=\"https:\/\/hrkll.ch\/WordPress\/wp-content\/uploads\/Miriamvale_1981.jpg\" alt=\"\" width=\"350\" height=\"274\" srcset=\"https:\/\/hrkll.ch\/WordPress\/wp-content\/uploads\/Miriamvale_1981.jpg 350w, https:\/\/hrkll.ch\/WordPress\/wp-content\/uploads\/Miriamvale_1981-300x235.jpg 300w\" sizes=\"auto, (max-width: 350px) 100vw, 350px\" \/><\/p>\n<p>F\u00fcnf Jahre sp\u00e4ter waren wir wieder in der Gegend und fuhren in einem Bus auf dem Highway s\u00fcdw\u00e4rts an Miriam Vale vorbei. Als wir die kleine Steigung hinauffuhren, freute ich mich darauf, die Gegend wiederzuerkennen. Ich erwartete rechts von der Strasse die Ortschaft und eine Linkskurve, die daran vorbeif\u00fchrt. Zu meiner gr\u00f6ssten \u00dcberraschung lag die Ortschaft aber links vom Highway und dieser machte bei der Ortseinfahrt eine Rechtskurve. Alles war verglichen mit meiner Erinnerung seitenverkehrt.<\/p>\n<p><img loading=\"lazy\" decoding=\"async\" class=\"aligncenter size-full wp-image-5039\" src=\"https:\/\/hrkll.ch\/WordPress\/wp-content\/uploads\/Miriam_Vale.jpg\" alt=\"\" width=\"350\" height=\"350\" srcset=\"https:\/\/hrkll.ch\/WordPress\/wp-content\/uploads\/Miriam_Vale.jpg 350w, https:\/\/hrkll.ch\/WordPress\/wp-content\/uploads\/Miriam_Vale-300x300.jpg 300w, https:\/\/hrkll.ch\/WordPress\/wp-content\/uploads\/Miriam_Vale-150x150.jpg 150w\" sizes=\"auto, (max-width: 350px) 100vw, 350px\" \/><\/p>\n<p style=\"text-align: center;\"><em>F\u00fcnf Jahre sp\u00e4ter<\/em><\/p>\n<p>Da wurde mir bewusst, dass mir mein Ged\u00e4chtnis einen Streich gespielt hatte. Ich fahre selbst nicht Auto, das \u00fcbernimmt immer meine Partnerin, all meine Erinnerungen sind also aus der Beifahrerperspektive. Und in vielen dieser Erinnerungen sitze ich rechts von meiner Partnerin und wir fahren auf der rechten Strassenseite, wie hier in der Schweiz. So auch in dieser Erinnerung an die Einfahrt nach Miriam Vale. Da man in Australien aber auf der linken Strassenseite f\u00e4hrt, ist das falsch und in diesen Erinnerungen alles seitenverkehrt. In der Erinnerung macht der Highway dort eine Rechtskurve, obwohl er nach links abdreht. In meiner Erinnerung mussten wir in der Kurve \u00fcber die Gegenfahrbahn nach links\/gerade abbiegen, obwohl wir \u00fcber die Gegenfahrbahn nach rechts\/gerade fahren mussten. In meiner Erinnerung haben wir den Wagen am rechten Strassenrand geparkt und war das Caf\u00e9 auf der linken Seite, obwohl dies, wie auf meinem alten Foto zu sehen, genau umgekehrt war.<\/p>\n<\/div>\n<p>Erinnerungen sind, wie die <a href=\"https:\/\/hrkll.ch\/WordPress\/denkwerzeuge\/den-eigenen-augen-trauen\/\">direkte Wahrnehmung<\/a>, kontrollierte Halluzinationen. Wir produzieren sie kontrolliert durch einige Ged\u00e4chtnisinhalte. Diese Inhalte sind aber l\u00fcckenhaft und keineswegs vollst\u00e4ndige \u201eFotos\u201c oder gar \u201eVideoaufnahmen\u201c, wie unsere Halluzinationen es uns manchmal vormachen. Wie das Fallbeispiel zeigt, kann dabei einiges durcheinander geraten. Meine Erinnerung, die ich immer noch abrufen kann, kombiniert offenbar meine schweizerischen Erfahrungen als rechts sitzender Beifahrer mit einigen Fetzen australischer Landschaft zu einem \u00fcberzeugenden, aber seitenverkehrten Bild.<\/p>\n<p>Wie genau unsere Erinnerungen sind, wurde unter anderem im Zusammenhang mit der Verl\u00e4sslichkeit von Zeugenaussagen vor Gericht untersucht. Dabei zeigte sich, dass es durch Suggestivfragen relativ einfach ist, falsche Erinnerungen zu produzieren.<a href=\"#_ftn1\" name=\"_ftnref1\">[1]<\/a> In einer ber\u00fchmten Untersuchung aus dem Jahr 1974 wurde den Versuchspersonen ein Film eines Autounfalls gezeigt. Eine Gruppe von Versuchspersonen frage man anschliessend, wie schnell die Autos gefahren waren, als sie sich ber\u00fchrten (\u201econtacted\u201c). Einer anderen Gruppe stellte man die Frage, wie schnell die Autos waren, als sie ineinander knallten (\u201esmashed into\u201c). Die Personen der zweiten Gruppe sch\u00e4tzten die Geschwindigkeit deutlich h\u00f6her ein als die Personen in der ersten Gruppe. Eine Woche sp\u00e4ter wurden dann alle Versuchspersonen gefragt, ob sie im Film zerbrochenes Glas gesehen h\u00e4tten, und in allen Gruppen gab es einige Personen, die sich an Glasscherben erinnerten, obwohl im Film keine Glasscherben zu sehen waren. Allerdings waren dies in der zweiten Gruppe doppelt so viele Personen wie in der ersten.<a href=\"#_ftn2\" name=\"_ftnref2\">[2]<\/a> \u00c4hnliche Untersuchungen haben seither immer wieder best\u00e4tigt, dass man beim Befragen von Augenzeugen sehr vorsichtig vorgehen muss, damit man nicht durch die Art der Frage falsche Erinnerungen produziert.<\/p>\n<p>Nicht dass unser Ged\u00e4chtnis absolut unzuverl\u00e4ssig w\u00e4re, denn sonst k\u00f6nnten wir gar nie etwas dazulernen. Im Fallbeispiel oben ist abgesehen von der Spiegelung vieles richtig erinnert, wie man auf Google Maps nachpr\u00fcfen kann: Der Highway macht dort eine markante Kurve, die Ausfahrt in die Ortschaft liegt in dieser Kurve und auch das Caf\u00e9 liegt auf der richtigen Seite der Strasse durch den Ort, wenn man die Spiegelung r\u00fcckg\u00e4ngig macht. Nur welche Details unserer Erlebnisse wir korrekt erinnern, k\u00f6nnen wir nicht mit Sicherheit sagen. Entsprechend stehen Schlussfolgerungen, die wir auf Erinnerungen abst\u00fctzen, auf wackeligen F\u00fcssen.<\/p>\n<p>Das gilt selbstverst\u00e4ndlich auch f\u00fcr meine <a href=\"https:\/\/hrkll.ch\/WordPress\/denkwerzeuge\/#Fall2\">wiedergeborene Bekannte<\/a>, die sich vielleicht lebhaft an Fetzen aus ihrem fr\u00fcheren Leben erinnert. Wenn es keine M\u00f6glichkeit gibt, solche Erinnerungen auf anderen Wegen zu \u00fcberpr\u00fcfen, ist grosse Vorsicht geboten.<\/p>\n<p>Weiter lesen &gt;&gt; <a href=\"https:\/\/hrkll.ch\/WordPress\/denkwerzeuge\/nebeneffekte\/\">Nebeneffekte<\/a><\/p>\n<hr \/>\n<p><a href=\"#_ftnref1\" name=\"_ftn1\">[1]<\/a> Loftus, E. F. (1997). Creating false memories. Scientific American, 277(3), 50-55.<\/p>\n<p><a href=\"#_ftnref2\" name=\"_ftn2\">[2]<\/a> Loftus, E. F. (1975). Leading questions and the eyewitness report. Cognitive Psychology, 7, 560-572.<\/p>\n","protected":false},"excerpt":{"rendered":"<p>Rechtskurve Vor vielen Jahren war ich mit meiner Partnerin in Queensland, Australien unterwegs. Wir fuhren mit einem Auto und einem Zweipersonenzelt von Campingplatz zu Campingplatz. Eines Morgens nach einer eher kalten Nacht waren wir fr\u00fch aufgebrochen, das noch feuchte Zelt &hellip; <a href=\"https:\/\/hrkll.ch\/WordPress\/denkwerzeuge\/den-eigenen-erinnerungen-trauen\/\">Weiterlesen <span class=\"meta-nav\">&rarr;<\/span><\/a><\/p>\n","protected":false},"author":7,"featured_media":0,"parent":2676,"menu_order":15,"comment_status":"closed","ping_status":"closed","template":"sidebar-page.php","meta":{"footnotes":""},"class_list":["post-5014","page","type-page","status-publish","hentry"],"_links":{"self":[{"href":"https:\/\/hrkll.ch\/WordPress\/wp-json\/wp\/v2\/pages\/5014","targetHints":{"allow":["GET"]}}],"collection":[{"href":"https:\/\/hrkll.ch\/WordPress\/wp-json\/wp\/v2\/pages"}],"about":[{"href":"https:\/\/hrkll.ch\/WordPress\/wp-json\/wp\/v2\/types\/page"}],"author":[{"embeddable":true,"href":"https:\/\/hrkll.ch\/WordPress\/wp-json\/wp\/v2\/users\/7"}],"replies":[{"embeddable":true,"href":"https:\/\/hrkll.ch\/WordPress\/wp-json\/wp\/v2\/comments?post=5014"}],"version-history":[{"count":17,"href":"https:\/\/hrkll.ch\/WordPress\/wp-json\/wp\/v2\/pages\/5014\/revisions"}],"predecessor-version":[{"id":5336,"href":"https:\/\/hrkll.ch\/WordPress\/wp-json\/wp\/v2\/pages\/5014\/revisions\/5336"}],"up":[{"embeddable":true,"href":"https:\/\/hrkll.ch\/WordPress\/wp-json\/wp\/v2\/pages\/2676"}],"wp:attachment":[{"href":"https:\/\/hrkll.ch\/WordPress\/wp-json\/wp\/v2\/media?parent=5014"}],"curies":[{"name":"wp","href":"https:\/\/api.w.org\/{rel}","templated":true}]}}