{"id":4924,"date":"2023-05-06T20:07:40","date_gmt":"2023-05-06T19:07:40","guid":{"rendered":"https:\/\/hrkll.ch\/WordPress\/?page_id=4924"},"modified":"2023-07-18T13:00:23","modified_gmt":"2023-07-18T12:00:23","slug":"google-und-co","status":"publish","type":"page","link":"https:\/\/hrkll.ch\/WordPress\/denkwerzeuge\/google-und-co\/","title":{"rendered":"Google und Co."},"content":{"rendered":"<p>In unserer arbeitsteiligen Welt gibt es ganze \u201eIndustrien\u201c, die ausschliesslich mit der Produktion von Denkwerkzeugen besch\u00e4ftigt sind. Bis vor kurzem waren die beiden bedeutendsten Wissenschaft\/Forschung und Medien\/Journalismus, neu kommen Internet\/Social Media dazu. Wenn wir beurteilen wollen, ob ein bestimmtes Denkwerkzeug <a href=\"https:\/\/hrkll.ch\/WordPress\/denkwerzeuge\/verwendungszweck\/\">f\u00fcr unsere eigenen Zwecke geeignet ist<\/a>, kann es n\u00fctzlich sein, ein bisschen \u00fcber die Produktionsbedingungen in diesen \u201eIndustrien\u201c Bescheid zu wissen. Ich m\u00f6chte mir hier einmal als erstes das Internet und dort im Besonderen die Suchalgorithmen vornehmen.<\/p>\n<p>Die Menge an Beitr\u00e4gen, die jede Minute weltweit im Internet publiziert werden, geht in die Millionen und ist f\u00fcr jeden einzelnen von uns nicht zu \u00fcberschauen. Wir sind darauf angewiesen, dass die Computer, die uns den Zugang zu diesen Beitr\u00e4gen verschaffen, eine Auswahl treffen. Sie entscheiden f\u00fcr uns, was wir \u00fcberhaupt zu sehen bekommen oder zumindest, was wir als erstes zu sehen bekommen, bevor wir weiter scrollen. Sie arbeiten dabei aufgrund sogenannter Auswahlalgorithmen.<\/p>\n<div style=\"background-color: lavenderblush;\">\n<p><strong>Radikalisierung im Internet<\/strong><\/p>\n<p>Am Abend des 17. Juni 2015 erschoss D. Roof (21) in einer Kirche in Charleston, South Carolina, neun Afroamerikaner.<a href=\"#_ftn1\" name=\"_ftnref1\">[1]<\/a> Kurz nach der Tat entdeckte man, dass er im Internet relativ ausf\u00fchrlich beschrieben hatte, was ihn zu dieser Tat f\u00fchrte<a href=\"#_ftn2\" name=\"_ftnref2\">[2]<\/a>. Er schrieb unter anderem [<em>meine \u00dcbersetzung<\/em>]:<\/p>\n<p>\u201eDas Ereignis, das mir wirklich die Augen \u00f6ffnete, war der Fall Trayvon Martin. Sein Name begegnete mir immer wieder und schlussendlich beschloss ich, ihn nachzuschlagen. Ich las den Wikipedia Artikel und verstand von Anfang an nicht, wieso das so eine grosse Sache war.\u201c<\/p>\n<p><em>Trayvon Martin (17) wurde 2012 vom Nachbarschaftswachmann G. Zimmerman erschossen. Als Begr\u00fcndung gab Zimmerman Notwehr an.<\/em><a href=\"#_ftn3\" name=\"_ftnref3\">[3]<\/a><\/p>\n<p>\u201eEs war offensichtlich, dass Zimmerman im Recht war. Wichtiger war aber, dass das mich dazu veranlasste, die Suche \u201ablack on White crime\u2018 [\u201eVerbrechen von schwarzen an Weissen\u201c, Grossschreibung so in Original] bei Google einzugeben. Und seit jenem Tag bin ich nicht mehr derselbe. Die erste Website, auf die ich traf, war die des Council of Conservative Citizens. Da gab es Seiten um Seiten dieser brutalen Morde von Schwarzen an Weissen. Ich konnte das kaum glauben. In diesem Moment realisierte ich, dass hier etwas vollst\u00e4ndig schief l\u00e4uft. Wie konnten die Medien den Fall Trayvon Martin nur so aufblasen, w\u00e4hrend Hunderte dieser Morde von Schwarzen an Weissen einfach ignoriert werden?<\/p>\n<p>Von diesem Punkt aus vertiefte ich meine Suche und entdeckte, was in Europa passiert. Ich sah, dass dasselbe in England und Frankreich und allen anderen westeurop\u00e4ischen L\u00e4ndern passiert. [\u2026] Dann stiess ich auf das j\u00fcdische Problem und andere Bedrohungen, denen unsere Rasse gegen\u00fcber steht. Ich kann sagen, dass ich heute nun vollst\u00e4ndig rassenbewusst bin.\u201c<\/p>\n<p>Auf dieser Basis plante Roof dann die Erschiessung afroamerikanischer Kirchg\u00e4nger.<\/p>\n<p>Seine Hauptinformationsquelle, der Council of Conservative Citizens (CCC), geht auf eine Gruppe zur\u00fcck, welche in den Jahren zwischen 1950 und 1970 dagegen k\u00e4mpfte, dass die bisher getrennt unterrichteten afroamerikanischen und weissen Kinder gemeinsam zur Schule gehen sollten. Unter anderem hatten sie sich auf die Fahne geschrieben, sich gegen jeden Versuch zu wehren, die menschlichen Rassen zu vermischen.<a href=\"#_ftn4\" name=\"_ftnref4\">[4]<\/a><\/p>\n<p>Dieses Programm l\u00e4sst vermuten, dass es dem CCC mit seiner Liste von Morden an Weissen haupts\u00e4chlich darum geht, bei weissen Mitbewohnern Stimmung gegen Afroamerikaner zu machen und so eine Vermischung der Rassen zu verhindern. Vielleicht deckte sich dieser Zweck des von ihnen angebotenen Denkwerkzeugs \u201e<em>black on White crim<\/em>e\u201c mit den Zielen, die Roof schon vorher verfolgte. Dann hat er sich das Denkwerkzeug zu Recht angeeignet.<\/p>\n<p>Aufgrund der <a href=\"https:\/\/hrkll.ch\/WordPress\/denkwerzeuge\/konsequenzen\/\">Konsequenzen<\/a>, welche sich aus dem Einsatz des Denkwerkzeuges ergaben, h\u00e4tte er sich allerdings unbedingt kritisch mit dem Angebot des CCC auseinandersetzen m\u00fcssen. Eine M\u00f6glichkeit w\u00e4re in diesem Fall gewesen, sich zus\u00e4tzlich die entsprechenden Statistiken beim FBI anzusehen (vgl. <a href=\"https:\/\/hrkll.ch\/WordPress\/denkwerzeuge\/expertinnen\/\">Expert:innen<\/a>). Dort h\u00e4tte er gesehen, dass in den USA Gewaltverbrechen zu einem grossen Teil innerhalb der weissen bzw. der afroamerikanischen Population stattfinden. Weisse \u00fcben Gewalt an Weissen aus, Afroamerikaner an anderen Afroamerikanern.<a href=\"#_ftn5\" name=\"_ftnref5\">[5]<\/a> Morde an Weissen begehen vor allem Weisse.<\/p>\n<\/div>\n<p>Im Prinzip kann man das, was Google uns anbietet, als eine geordnete Liste von Empfehlungen m\u00f6glicher Expert:innen ansehen. Das Problem bei diesen Empfehlungen ist:<\/p>\n<ul>\n<li>Google weiss nicht, welchen Zweck ich mit meiner Suchfrage verfolge, stellt aber Vermutungen an. Bei Roof war die Vermutung wohl zutreffend \u2013 mit schrecklichen Folgen. Wenn ich heute \u201eblack on white crime\u201c eingebe, erscheint als erstes die Statistik des FBI.<\/li>\n<li>Egal wie gut Google unsere Absichten err\u00e4t, es bietet auf jeden Fall auf der ersten Seite Resultate an, die alle dieselbe Tendenz haben. Bei Roof waren es vermutlich alles Seiten mit \u00e4hnlicher Ausrichtung wie die des CCC. Bei mir sind es alles Statistiken, die mit der des FBI vergleichbar sind.<\/li>\n<li>Eine Suche bei Google einzugeben, kostet zwar nichts, aber Google ist nicht gratis. D.h. Google wird als erstes Resultate anbieten, bei denen es aus irgendwelchen Gr\u00fcnden etwas verdient. Bspw. zeigte vor einigen Jahren eine Untersuchung, dass man beim neutralen Suchbegriff \u201eblack girls\u201c (schwarze M\u00e4dchen) lauter pornografische Resultate erhielt, wohl weil Pornografie im Internet ein lukratives Gesch\u00e4ft ist.<a href=\"#_ftn6\" name=\"_ftnref6\">[6]<\/a><\/li>\n<\/ul>\n<p>Google bietet uns also im Allgemeinen nicht Resultate an, die es uns erlauben, eine breite Palette alternativer Denkwerkzeuge kennenzulernen, sondern verst\u00e4rkt im ung\u00fcnstigen Fall einfach unsere vorgefassten Meinungen und Vorlieben. Dasselbe gilt f\u00fcr alle anderen Medien, die uns eine geordnete Auswahl anbieten, sei es Twitter, YouTube, Instagram, TikTok oder was auch immer.<\/p>\n<p>Dem zu entkommen, ist nicht ganz einfach. M\u00f6glichkeiten sind:<\/p>\n<ul>\n<li>Auf die dritte oder vierte Seite der Suchresultate springen und vergleichen, ob dort Vorschl\u00e4ge auftauchen, die sich wesentlich von den Resultaten auf der ersten Seite unterscheiden.<\/li>\n<li>Gezielt zus\u00e4tzlich nach Quellen suchen, die vermutlich eine andere Perspektive haben, als die bereits gepr\u00fcften Quellen. Wie gesagt, h\u00e4tte Roof, nachdem er die Darstellungen beim CCC gelesen hatte, sich \u00fcberlegen k\u00f6nnen, wer dazu auch noch Daten haben sollte und w\u00e4re dann vielleicht auf das FBI gestossen.<\/li>\n<li>Die Suche mehrfach umformulieren und die Resultate vergleichen. Roof suchte explizit nach \u201eblack on White murder\u201c. Als N\u00e4chstes h\u00e4tte er bspw. \u201eStatistik Morde USA\u201c versuchen k\u00f6nnen.<\/li>\n<li>Anonym suchen: Manchmal erh\u00e4lt man eine andere Perspektive, wenn man mit einem Webbrowser arbeitet, der keine Daten dar\u00fcber preisgibt, wer da am Suchen ist (bspw. \u201eprivates Fenster\u201c bei Firefox). Google kann dann die Resultate nicht auf das zuschneiden, was \u00fcber uns bekannt ist. Suche ich so nach \u201eblack on White murder\u201c erscheint heute zuerst das FBI. Roof w\u00e4re es vielleicht auch so gegangen.<\/li>\n<\/ul>\n<p><strong>Wenn ein Denkwerkzeug bei der Suche im Internet an erster Stelle erscheint, bedeutet das nicht automatisch, dass es das geeignetste Werkzeug ist. Daher ist es wichtig, dass wir nach Alternativen suchen, um vergleichen zu k\u00f6nnen.<\/strong><\/p>\n<p>Weiter lesen &gt;&gt; <a href=\"https:\/\/hrkll.ch\/WordPress\/denkwerzeuge\/den-eigenen-augen-trauen\/\">Den eigenen Augen trauen?<\/a><\/p>\n<hr \/>\n<p><a href=\"#_ftnref1\" name=\"_ftn1\">[1]<\/a> <a href=\"https:\/\/en.wikipedia.org\/wiki\/Charleston_church_shooting\">https:\/\/en.wikipedia.org\/wiki\/Charleston_church_shooting<\/a><\/p>\n<p><a href=\"#_ftnref2\" name=\"_ftn2\">[2]<\/a> Aus: Noble, S. U. (2018). <em>Algorithms of Oppression. How Search Engines Reinforce Racism<\/em>: NYU Press. S. 110ff, meine \u00dcbersetzung<\/p>\n<p><a href=\"#_ftnref3\" name=\"_ftn3\">[3]<\/a> <a href=\"https:\/\/de.wikipedia.org\/wiki\/Todesfall_Trayvon_Martin\">https:\/\/de.wikipedia.org\/wiki\/Todesfall_Trayvon_Martin<\/a><\/p>\n<p><a href=\"#_ftnref4\" name=\"_ftn4\">[4]<\/a> f\u00fcr eine kritische Analyse: <a href=\"https:\/\/www.splcenter.org\/fighting-hate\/extremist-files\/group\/council-conservative-citizens\">https:\/\/www.splcenter.org\/fighting-hate\/extremist-files\/group\/council-conservative-citizens<\/a><\/p>\n<p><a href=\"#_ftnref5\" name=\"_ftn5\">[5]<\/a> <a href=\"https:\/\/ucr.fbi.gov\/crime-in-the-u.s\/2016\/crime-in-the-u.s.-2016\/tables\/expanded-homicide-data-table-3.xls\">https:\/\/ucr.fbi.gov\/crime-in-the-u.s\/2016\/crime-in-the-u.s.-2016\/tables\/expanded-homicide-data-table-3.xls<\/a><\/p>\n<p><a href=\"#_ftnref6\" name=\"_ftn6\">[6]<\/a> Noble, S. U. (2018). <em>Algorithms of Oppression. How Search Engines Reinforce Racism<\/em>: NYU Press.<\/p>\n","protected":false},"excerpt":{"rendered":"<p>In unserer arbeitsteiligen Welt gibt es ganze \u201eIndustrien\u201c, die ausschliesslich mit der Produktion von Denkwerkzeugen besch\u00e4ftigt sind. Bis vor kurzem waren die beiden bedeutendsten Wissenschaft\/Forschung und Medien\/Journalismus, neu kommen Internet\/Social Media dazu. Wenn wir beurteilen wollen, ob ein bestimmtes Denkwerkzeug &hellip; <a href=\"https:\/\/hrkll.ch\/WordPress\/denkwerzeuge\/google-und-co\/\">Weiterlesen <span class=\"meta-nav\">&rarr;<\/span><\/a><\/p>\n","protected":false},"author":7,"featured_media":0,"parent":2676,"menu_order":9,"comment_status":"closed","ping_status":"closed","template":"sidebar-page.php","meta":{"footnotes":""},"class_list":["post-4924","page","type-page","status-publish","hentry"],"_links":{"self":[{"href":"https:\/\/hrkll.ch\/WordPress\/wp-json\/wp\/v2\/pages\/4924","targetHints":{"allow":["GET"]}}],"collection":[{"href":"https:\/\/hrkll.ch\/WordPress\/wp-json\/wp\/v2\/pages"}],"about":[{"href":"https:\/\/hrkll.ch\/WordPress\/wp-json\/wp\/v2\/types\/page"}],"author":[{"embeddable":true,"href":"https:\/\/hrkll.ch\/WordPress\/wp-json\/wp\/v2\/users\/7"}],"replies":[{"embeddable":true,"href":"https:\/\/hrkll.ch\/WordPress\/wp-json\/wp\/v2\/comments?post=4924"}],"version-history":[{"count":11,"href":"https:\/\/hrkll.ch\/WordPress\/wp-json\/wp\/v2\/pages\/4924\/revisions"}],"predecessor-version":[{"id":5331,"href":"https:\/\/hrkll.ch\/WordPress\/wp-json\/wp\/v2\/pages\/4924\/revisions\/5331"}],"up":[{"embeddable":true,"href":"https:\/\/hrkll.ch\/WordPress\/wp-json\/wp\/v2\/pages\/2676"}],"wp:attachment":[{"href":"https:\/\/hrkll.ch\/WordPress\/wp-json\/wp\/v2\/media?parent=4924"}],"curies":[{"name":"wp","href":"https:\/\/api.w.org\/{rel}","templated":true}]}}