{"id":487,"date":"2013-02-03T09:50:46","date_gmt":"2013-02-03T08:50:46","guid":{"rendered":"http:\/\/hrkll.ch\/WordPress\/?page_id=487"},"modified":"2014-03-01T20:44:02","modified_gmt":"2014-03-01T19:44:02","slug":"stufen-dreyfus","status":"publish","type":"page","link":"https:\/\/hrkll.ch\/WordPress\/iml2\/wissen-gebrauchen\/stufen-dreyfus\/","title":{"rendered":"Die Stufen von Dreyfus &#038; Dreyfus bzw. Benner im IML 2 interpretiert"},"content":{"rendered":"<p>Beim komplexen Vorgang, der bei der Ausf\u00fchrung einer Handlung abl\u00e4uft, kann man grob die Funktionen Analyse, Planung und Ausf\u00fchrung unterscheiden. Das Stufenmodell von Dreyfus &amp; Dreyfus l\u00e4sst sich so interpretieren, dass diese Funktionen fortschreitend von anderen Systemen \u00fcbernommen werden.<\/p>\n<div>\n<p><img loading=\"lazy\" decoding=\"async\" class=\"alignright\" style=\"border: 0px none;\" alt=\"\" src=\"http:\/\/www.hrkll.ch\/typo\/fileadmin\/bilder\/dreyfus\/anfaenger.gif\" width=\"280\" height=\"166\" border=\"0\" \/><\/p>\n<div>\n<div>\n<p><strong>Anf\u00e4nger<\/strong><\/p>\n<p>Es ist praktisch nur deklaratives Wissen vorhanden. Das <a title=\"Deklaratives System\" href=\"http:\/\/hrkll.ch\/WordPress\/?page_id=449\">deklarative System<\/a>\u00a0muss sowohl die Analyse der aktuellen Situation, wie auch die Planung und die Ausf\u00fchrung jeder Handlung \u00fcbernehmen.<\/p>\n<\/div>\n<\/div>\n<\/div>\n<div>\n<p><img decoding=\"async\" class=\"alignright\" style=\"border: 0px none;\" alt=\"\" src=\"http:\/\/www.hrkll.ch\/typo\/fileadmin\/bilder\/dreyfus\/fortgeschrittene.gif\" border=\"0\" \/><\/p>\n<div>\n<div>\n<p><strong>Fortgeschrittene Anf\u00e4ngerin<\/strong><\/p>\n<p>Auf der Ebene der Analyse der Situation \u00fcbernimmt allm\u00e4hlich das <a title=\"Situatives System\" href=\"http:\/\/hrkll.ch\/WordPress\/?page_id=453\">situativen System<\/a>\u00a0erste Aufgaben, indem es zentrale, nicht objektivierbare Aspekte von Situationen erkennt.<\/p>\n<\/div>\n<\/div>\n<\/div>\n<div>\n<p><img decoding=\"async\" class=\"alignright\" style=\"border: 0px none;\" alt=\"\" src=\"http:\/\/www.hrkll.ch\/typo\/fileadmin\/bilder\/dreyfus\/kompetente.gif\" border=\"0\" \/><\/p>\n<div>\n<div>\n<p><strong>Kompetente<\/strong><\/p>\n<p>Dank langj\u00e4hriger \u00dcbung wird die Ausf\u00fchrung von Handlungen direkt durch das <a title=\"Prozedurales System\" href=\"http:\/\/hrkll.ch\/WordPress\/?page_id=459\">prozedurale<\/a> und das <a title=\"Sensomotorisches System\" href=\"http:\/\/hrkll.ch\/WordPress\/?page_id=463\">sensomotorische<\/a> System\u00a0gesteuert. Dem\u00a0<a title=\"Deklaratives System\" href=\"http:\/\/hrkll.ch\/WordPress\/?page_id=449\">deklarativen\u00a0System<\/a> bleibt als Aufgabe nur noch die bewusste Planung gr\u00f6sserer Handlungszusammenh\u00e4nge.<\/p>\n<\/div>\n<\/div>\n<\/div>\n<div>\n<p><img decoding=\"async\" class=\"alignright\" style=\"border: 0px none;\" alt=\"\" src=\"http:\/\/www.hrkll.ch\/typo\/fileadmin\/bilder\/dreyfus\/erfahrene.gif\" border=\"0\" \/><\/p>\n<div>\n<div>\n<p><strong>Erfahrene<\/strong><\/p>\n<p>Es findet keine eigentliche, vorausschauende Planung durch das <a title=\"Deklaratives System\" href=\"http:\/\/hrkll.ch\/WordPress\/?page_id=449\">deklarative System<\/a>\u00a0mehr statt, sondern die m\u00f6glichen Vorgehensweisen ergeben sich aufgrund <a title=\"Situatives System\" href=\"http:\/\/hrkll.ch\/WordPress\/?page_id=453\">situativer<\/a> Erfahrung. Welche m\u00f6gliche Vorgehensweise dann zum Zug kommt, wird allerdings immer noch durch das\u00a0<a title=\"Deklaratives System\" href=\"http:\/\/hrkll.ch\/WordPress\/?page_id=449\">deklarative\u00a0System<\/a> anhand von Maximen entschieden.<\/p>\n<\/div>\n<\/div>\n<\/div>\n<div>\n<p><img decoding=\"async\" class=\"alignright\" style=\"border: 0px none;\" alt=\"\" src=\"http:\/\/www.hrkll.ch\/typo\/fileadmin\/bilder\/dreyfus\/experten.gif\" border=\"0\" \/><\/p>\n<div>\n<div>\n<p><strong>Expertin<\/strong><\/p>\n<p>Das <a title=\"Deklaratives System\" href=\"http:\/\/hrkll.ch\/WordPress\/?page_id=449\">deklarative\u00a0System<\/a> spielt keine Rolle mehr, gehandelt wird ausschliesslich aufgrund des <a title=\"Situatives System\" href=\"http:\/\/hrkll.ch\/WordPress\/?page_id=453\">situativen<\/a> Erfahrungsschatzes.<\/p>\n<p>&nbsp;<\/p>\n<\/div>\n<\/div>\n<\/div>\n<div>\n<p><img decoding=\"async\" class=\"alignright\" style=\"border: 0px none;\" alt=\"\" src=\"http:\/\/www.hrkll.ch\/typo\/fileadmin\/bilder\/dreyfus\/r_experten.gif\" border=\"0\" \/><\/p>\n<div>\n<div>\n<p><strong>Reflektierte<\/strong> <strong>Expertin <\/strong><em>(\u00fcber Dreyfus &amp; Dreyfus hinaus)<\/em><\/p>\n<p>Das <a title=\"Deklaratives System\" href=\"http:\/\/hrkll.ch\/WordPress\/?page_id=449\">deklarative System<\/a> tritt in einer neuen Rolle auf. Aufgrund <a title=\"Situatives System\" href=\"http:\/\/hrkll.ch\/WordPress\/?page_id=453\">situativer<\/a> Erfahrungen getroffene Handlungsentscheide werden mittels <a title=\"Deklaratives System\" href=\"http:\/\/hrkll.ch\/WordPress\/?page_id=449\">deklarativer<\/a> Konzepte reflektiert.<\/p>\n<\/div>\n<\/div>\n<\/div>\n<ul>\n<li>Benner, P. (1984). From novice to expert: Excellence and power in clinical nursing practice. Reading, Mass: Addison-Wesley.<\/li>\n<li>Benner, P. (1994). Stufen zur Pflegekompetenz. From Novice to Expert. Bern: Huber.<\/li>\n<li>Benner, P., Tanner, C. A., &amp; Chesla, C. A. (2000). Pflegeexperten. Bern: Hans Huber.<\/li>\n<li>Dreyfus, H. L., &amp; Dreyfus, S. E. (1985). Mind over Machine. New York: Macmillan\/The Free Press.<\/li>\n<li>Dreyfus, H. L., &amp; Dreyfus, S. E. (1987). K\u00fcnstliche Intelligenz. Von den Grenzen der Denkmaschine und dem Wert der Intuition. Rheinbeck bei Hamburg: Rowohlt Taschenbuch Verlag.<\/li>\n<li>Dreyfus, H. L., &amp; Dreyfus, S. E. (2000). Kompetenzerwerb im Wechselspiel von Theorie und Praxis. In P. Benner, C. A. Tanner &amp; C. A. Chelsa (Eds.), Pflegeexperten (pp. 45-68). Bern: Huber.<\/li>\n<\/ul>\n<h2><strong>Texte als pdf (zum Teil noch in der Begrifflichkeit des IML 1)<\/strong><\/h2>\n<ul>\n<li><a title=\"Initiates file download\" href=\"http:\/\/www.hrkll.ch\/typo\/fileadmin\/Texte\/ILM\/Benner_und_die_Wissensarten_Skript_2.pdf\" target=\"page\">Benner und die Wissensarten<\/a><\/li>\n<\/ul>\n","protected":false},"excerpt":{"rendered":"<p>Beim komplexen Vorgang, der bei der Ausf\u00fchrung einer Handlung abl\u00e4uft, kann man grob die Funktionen Analyse, Planung und Ausf\u00fchrung unterscheiden. Das Stufenmodell von Dreyfus &amp; Dreyfus l\u00e4sst sich so interpretieren, dass diese Funktionen fortschreitend von anderen Systemen \u00fcbernommen werden. Anf\u00e4nger &hellip; <a href=\"https:\/\/hrkll.ch\/WordPress\/iml2\/wissen-gebrauchen\/stufen-dreyfus\/\">Weiterlesen <span class=\"meta-nav\">&rarr;<\/span><\/a><\/p>\n","protected":false},"author":7,"featured_media":0,"parent":469,"menu_order":2,"comment_status":"closed","ping_status":"closed","template":"sidebar-page.php","meta":{"footnotes":""},"class_list":["post-487","page","type-page","status-publish","hentry"],"_links":{"self":[{"href":"https:\/\/hrkll.ch\/WordPress\/wp-json\/wp\/v2\/pages\/487","targetHints":{"allow":["GET"]}}],"collection":[{"href":"https:\/\/hrkll.ch\/WordPress\/wp-json\/wp\/v2\/pages"}],"about":[{"href":"https:\/\/hrkll.ch\/WordPress\/wp-json\/wp\/v2\/types\/page"}],"author":[{"embeddable":true,"href":"https:\/\/hrkll.ch\/WordPress\/wp-json\/wp\/v2\/users\/7"}],"replies":[{"embeddable":true,"href":"https:\/\/hrkll.ch\/WordPress\/wp-json\/wp\/v2\/comments?post=487"}],"version-history":[{"count":0,"href":"https:\/\/hrkll.ch\/WordPress\/wp-json\/wp\/v2\/pages\/487\/revisions"}],"up":[{"embeddable":true,"href":"https:\/\/hrkll.ch\/WordPress\/wp-json\/wp\/v2\/pages\/469"}],"wp:attachment":[{"href":"https:\/\/hrkll.ch\/WordPress\/wp-json\/wp\/v2\/media?parent=487"}],"curies":[{"name":"wp","href":"https:\/\/api.w.org\/{rel}","templated":true}]}}