{"id":4837,"date":"2023-03-25T09:35:14","date_gmt":"2023-03-25T08:35:14","guid":{"rendered":"https:\/\/hrkll.ch\/WordPress\/?page_id=4837"},"modified":"2023-07-18T12:56:04","modified_gmt":"2023-07-18T11:56:04","slug":"falsch-eingesetzte-werkzeuge","status":"publish","type":"page","link":"https:\/\/hrkll.ch\/WordPress\/denkwerzeuge\/falsch-eingesetzte-werkzeuge\/","title":{"rendered":"Falsch eingesetzte Werkzeuge?"},"content":{"rendered":"<div style=\"background-color: lavenderblush;\">\n<p><a name=\"_Toc127785077\"><\/a><strong>Corona Informationen<\/strong><\/p>\n<p>W\u00e4hrend ich das geschrieben habe, steckten wir in der ungef\u00e4hr dritten Welle der COVID-19 Pandemie. In den Medien fanden sich t\u00e4glich Angaben zu Neuinfektionen, Todesf\u00e4llen, 14-Tage-Inzidenzen, Bettenbelegungen etc. Indien bspw. meldet an einem Tag 323\u2018144 Neuinfektionen, die Schweiz nur 2\u2018135. Ist das nun eine n\u00fctzliche Information? K\u00f6nnen sich die Schweizerinnen und Schweizer beruhigt zur\u00fccklehnen, wogegen Inder und Inderinnen um ihr Leben f\u00fcrchten m\u00fcssen?<\/p>\n<p>Wenn es darum geht, Angst und Schrecken zu verbreiten und fragw\u00fcrdige Rekorde aufzustellen (\u201eweltweit h\u00f6chste Anzahl\u201c), dann erf\u00fcllt die nackte Zahl der Neuinfektionen ihren Zweck bestens. Will man aber wissen, ob nun Indien im Gegensatz zur Schweiz dringend Hilfe ben\u00f6tigt, dann macht es Sinn, sich einmal die Gr\u00f6sse der beiden L\u00e4nder anzuschauen: Indien 1\u2018366 Millionen Einwohner, die Schweiz 8.5 Millionen. Pro 1 Million Menschen in Indien haben sich heute 236 neu angesteckt, in der Schweiz sind es 285 Neuansteckungen auf 1 Million Menschen.<\/p>\n<p>Tendenziell ist die Lage in der Schweiz also eher etwas beunruhigender als in Indien. Aus Indien erreichen uns aber alarmierende Berichte, dass die Kranken keinen Platz mehr in den Spit\u00e4lern finden, aus der Schweiz h\u00f6rt man nichts Vergleichbares. Wenn es darum geht, wie stark das Gesundheitssystem belastet ist, w\u00e4re daher eine n\u00fctzlichere Angabe, wie stark die Spitalbetten f\u00fcr die Intensivpflege ausgelastet sind. F\u00fcr die Schweiz sind die Betten aktuell zu etwa einem F\u00fcnftel mit COVID Erkrankten ausgelastet. F\u00fcr Indien habe ich auf die Schnelle keine direkt vergleichbaren Zahlen gefunden. Aber auf <a href=\"http:\/\/www.indexmundi.com\" target=\"_blank\" rel=\"noopener\">www.indexmundi.com<\/a> gibt es eine Tabelle mit Krankenhausbetten pro 100 Einwohner: Indien 0.5, Schweiz 4.7. Krankenhausbetten sind nicht alle Intensivpflege-Betten, aber grob k\u00f6nnen wir vermutlich annehmen, dass in Indien proportional rund neunmal weniger Betten zur Verf\u00fcgung stehen. Und wenn wir weiter annehmen, dass die Neuansteckungen in Indien genau gleich h\u00e4ufig zu schweren Verl\u00e4ufen f\u00fchren wie in der Schweiz, dann sind die Betten in Indien offensichtlich hoffnungslos \u00fcberlastet.<\/p>\n<p>Auf diesem Hintergrund kann man sich fragen, warum \u00fcberhaupt die Anzahl Neuansteckungen berichtet wird und nicht nur die viel informativere Auslastung der Intensiv-Betten. Ein Grund daf\u00fcr ist, dass die Anzahl Neuansteckungen ein Fr\u00fchwarnsignal f\u00fcr die Auslastung der Spitalbetten ist. Bis nach einer Ansteckung jemand im ung\u00fcnstigsten Fall auf der Intensivpflege landet, geht es bis zu zwei Wochen. Wenn also die Betten alarmierend voll werden, ist es etwas sp\u00e4t, Massnahmen zur Reduktion der Ansteckungen zu ergreifen. Es gibt in diesem Moment schon viele Angesteckte, von denen einige noch ein Spitalbett ben\u00f6tigen werden.<\/p>\n<p>Um vorausschauend planen zu k\u00f6nnen, m\u00fcsste man also wissen, wie viele der 2\u2018135 Neuangesteckten von heute vermutlich in ein bis zwei Wochen ins Spital kommen. Es scheinen irgendwo um 1 % zu sein, also ca. 20 Personen. Wie viele Betten gebraucht werden, um 20 Neueintritte pro Tag bew\u00e4ltigen zu k\u00f6nnen, h\u00e4ngt davon ab, wie lange diese Patienten ein Bett belegen. Es scheinen etwa 14 Tage zu sein, also werden bei rund 2\u2018000 Neuansteckungen pro Tag ca. 280 Betten ben\u00f6tigt. Da es 875 solche Betten gibt, ist die Schweiz im Moment auf der sicheren Seite. Allerdings gilt es dabei noch zu beachten, dass auch andere Patienten wie Opfer von Verkehrsunf\u00e4llen etc. Intensivbetten ben\u00f6tigen, sodass man sicher nicht alle mit COVID Patienten belegen sollte.<\/p>\n<p>Die Anzahl Neuansteckungen ist also eine n\u00fctzliche Information, wenn es darum geht, vorausschauend zu erkennen, ob bald einmal die Intensivbetten \u00fcberlastet sein werden. Damit sie aber n\u00fctzlich ist, braucht es eine Vorstellung, eine Theorie dazu, wie viele Neuinfizierte Intensivpflege brauchen und wie lange sie ein Intensivpflege-Bett belegen werden. Um die Erarbeitung dieser Vorstellung bem\u00fchen sich Epidemiolog:innen. Ihre Arbeit wird dadurch erschwert, dass diese Zusammenh\u00e4nge sich st\u00e4ndig etwas ver\u00e4ndern, etwa weil eine neue Variante des Virus auftaucht oder weil sich andere Altersgruppen anstecken.<\/p>\n<\/div>\n<p>Das Fallbeispiel zeigt, die Anzahl Neuansteckungen in der Schweiz kann <a href=\"https:\/\/hrkll.ch\/WordPress\/denkwerzeuge\/nuetzlichkeit\/\">n\u00fctzlich<\/a> sein, um zu erkennen, ob bald einmal die Spit\u00e4ler in der Schweiz \u00fcberlastet sein werden. Sie eignet sich aber nicht, um die Situation in der Schweiz (nur 2\u2018135 Neuansteckungen) mit der in Indien (323\u2018144 Neuinfektionen!) in dieser Hinsicht zu vergleichen.<\/p>\n<p><a name=\"_Toc127130918\"><\/a><strong>Ein Denkwerkzeug, das <a href=\"https:\/\/hrkll.ch\/WordPress\/denkwerzeuge\/verwendungszweck\/\">im Hinblick auf ein bestimmtes Ziel<\/a> n\u00fctzlich ist, ist nicht zwingend auch f\u00fcr andere Zwecke brauchbar.<\/strong><\/p>\n<p>Ein Hammer ist ein wunderbares Werkzeug, um N\u00e4gel einzuschlagen. Aber als Schraubenzieher taugt er einfach nicht. Genauso sind die Denkwerkzeuge, die Habermas dem praktischen Interesse zuordnet, seit Tausenden von Jahren bew\u00e4hrte Instrumente, um sich mit anderen Menschen zu koordinieren. Wenn ich aber den Tisch, an dem ich gerade sitze, woanders hinstellen m\u00f6chte, damit ich beim Schreiben besseres Licht habe, bringt es nicht viel, wenn ich mir \u00fcber die Gef\u00fchle und Motive des Tisches Gedanken mache. Es war die grosse Revolution der modernen Naturwissenschaften, dass sie von jedem Versuch in diese Richtung Abstand nahmen und konsequent auf technische Denkwerkzeuge im Sinne Habermas setzten. Dadurch wurde die rasante Technologieentwicklung m\u00f6glich, an dessen Ende u.a. der Laptop steht, auf dem ich gerade schreibe.<\/p>\n<p>Dasselbe gilt nat\u00fcrlich auch umgekehrt. Daraus, dass sich die technischen Denkwerkzeuge in den letzten Jahrhunderten so erfolgreich entwickelt haben, folgt noch lange nicht, dass sich dieser Zugang auch eignet, wenn man sich mit Menschen koordinieren m\u00f6chte. Selbstverst\u00e4ndlich kann man versuchen, ein Werkzeug zu einem anderen Zweck einzusetzen, als den, wof\u00fcr es entwickelt wurde. Eine Beisszange eignet sich ja auch ganz passabel als Hammer. Aber wie gesagt, der Hammer versagt als Schraubenzieher. Und daher ist es nicht gesagt, dass man in der Zusammenarbeit mit Mitmenschen sehr weit kommt, wenn man sie unter einem technischen Gesichtspunkt als Objekte behandelt. Man kann zwar versuchen, in technischer Tradition Eigenschaften wie Intelligenz mit Hilfe von Tests zu messen. Aber dass dabei etwas N\u00fctzliches herauskommt, ist nicht garantiert.<\/p>\n<p>Wichtig ist daher, immer darauf zu achten, wof\u00fcr ein bestimmtes Wissen entwickelt wurde. Wendet man es dann in einem anderen Kontext an, dann ist das erst einmal ein Versuch \u2013 vielleicht ein interessanter \u2013 aber ein Erfolg ist nicht garantiert. Nehmen wir an, die Idee der Wiedergeburt sei wirklich entwickelt worden, um ein gutes Gef\u00fchl kosmischer Vernetztheit zu vermitteln. Wenn ich dann beginne, historisch nach meinen fr\u00fcheren Inkarnationen zu suchen, dann brauche ich das Denkwerkzeug zu einem anderen Zweck, als dem urspr\u00fcnglich intendierten. Sollte ich also bei meiner Suche nicht f\u00fcndig werden, darf ich das dem urspr\u00fcnglichen Werkzeug nicht \u00fcbel nehmen, denn wie angenommen, war es nicht in erster Linie daf\u00fcr gedacht, eine solche Suche zu leiten.<\/p>\n<p><a name=\"_Toc127130919\"><\/a><strong>Lernt man ein neues Denkwerkzeug kennen, ist es wichtig, in Erfahrung zu bringen, im Hinblick auf welches Ziel es entwickelt wurde und sich bew\u00e4hrt hat.<\/strong><\/p>\n<p>Dies ist allerdings nicht immer ganz einfach, denn meistens wird diese Information nicht unaufgefordert mitgeliefert.<\/p>\n<p>Weiter lesen &gt;&gt; <a href=\"https:\/\/hrkll.ch\/WordPress\/denkwerzeuge\/gleichwertige-alternativen\/\">Gleichwertige Alternativen<\/a><\/p>\n","protected":false},"excerpt":{"rendered":"<p>Corona Informationen W\u00e4hrend ich das geschrieben habe, steckten wir in der ungef\u00e4hr dritten Welle der COVID-19 Pandemie. In den Medien fanden sich t\u00e4glich Angaben zu Neuinfektionen, Todesf\u00e4llen, 14-Tage-Inzidenzen, Bettenbelegungen etc. Indien bspw. meldet an einem Tag 323\u2018144 Neuinfektionen, die Schweiz &hellip; <a href=\"https:\/\/hrkll.ch\/WordPress\/denkwerzeuge\/falsch-eingesetzte-werkzeuge\/\">Weiterlesen <span class=\"meta-nav\">&rarr;<\/span><\/a><\/p>\n","protected":false},"author":7,"featured_media":0,"parent":2676,"menu_order":5,"comment_status":"closed","ping_status":"closed","template":"sidebar-page.php","meta":{"footnotes":""},"class_list":["post-4837","page","type-page","status-publish","hentry"],"_links":{"self":[{"href":"https:\/\/hrkll.ch\/WordPress\/wp-json\/wp\/v2\/pages\/4837","targetHints":{"allow":["GET"]}}],"collection":[{"href":"https:\/\/hrkll.ch\/WordPress\/wp-json\/wp\/v2\/pages"}],"about":[{"href":"https:\/\/hrkll.ch\/WordPress\/wp-json\/wp\/v2\/types\/page"}],"author":[{"embeddable":true,"href":"https:\/\/hrkll.ch\/WordPress\/wp-json\/wp\/v2\/users\/7"}],"replies":[{"embeddable":true,"href":"https:\/\/hrkll.ch\/WordPress\/wp-json\/wp\/v2\/comments?post=4837"}],"version-history":[{"count":9,"href":"https:\/\/hrkll.ch\/WordPress\/wp-json\/wp\/v2\/pages\/4837\/revisions"}],"predecessor-version":[{"id":5328,"href":"https:\/\/hrkll.ch\/WordPress\/wp-json\/wp\/v2\/pages\/4837\/revisions\/5328"}],"up":[{"embeddable":true,"href":"https:\/\/hrkll.ch\/WordPress\/wp-json\/wp\/v2\/pages\/2676"}],"wp:attachment":[{"href":"https:\/\/hrkll.ch\/WordPress\/wp-json\/wp\/v2\/media?parent=4837"}],"curies":[{"name":"wp","href":"https:\/\/api.w.org\/{rel}","templated":true}]}}