{"id":4431,"date":"2020-07-26T19:50:35","date_gmt":"2020-07-26T18:50:35","guid":{"rendered":"https:\/\/hrkll.ch\/WordPress\/?page_id=4431"},"modified":"2020-07-26T19:55:56","modified_gmt":"2020-07-26T18:55:56","slug":"mammut-treibjagt","status":"publish","type":"page","link":"https:\/\/hrkll.ch\/WordPress\/lernen-durch-mitmachen\/verfolgungs-brettspiele\/mammut-treibjagt\/","title":{"rendered":"Mammut Treibjagt"},"content":{"rendered":"<p>Wolf und Schafe auf dem Spielfeld von Tal der Mammuts: Tal der Mammuts ist ein komplexes Spiel in der mehrere Gruppen von Steinzeitmenschen ums \u00dcberleben k\u00e4mpfen. V\u00f6llig losgel\u00f6st davon kann man die Figuren und die Welt von Tal der Mammut brauchen, um eine Treibjagt zu veranstalten, bei der vier Steinzeitmenschen ein Mammut einkesseln m\u00fcssen. Das Mammut kann nicht auf Berge klettern, sodass die Menschen es gegen eine Bergflanke in die Enge treiben k\u00f6nnen. Manchmal entwischt das Mammut allerdings, da es im Gegensatz zu den Menschen Fl\u00fcsse und See \u00fcberqueren kann, indem es auf ihren Grund wandert und den R\u00fcssel als Schnorchel \u00fcber Wasser h\u00e4lt.<\/p>\n<p><img loading=\"lazy\" decoding=\"async\" class=\"aligncenter wp-image-4434 size-full\" src=\"https:\/\/hrkll.ch\/WordPress\/wp-content\/uploads\/Mammut_Treibjagt.png\" alt=\"\" width=\"1015\" height=\"643\" srcset=\"https:\/\/hrkll.ch\/WordPress\/wp-content\/uploads\/Mammut_Treibjagt.png 1015w, https:\/\/hrkll.ch\/WordPress\/wp-content\/uploads\/Mammut_Treibjagt-300x190.png 300w, https:\/\/hrkll.ch\/WordPress\/wp-content\/uploads\/Mammut_Treibjagt-768x487.png 768w, https:\/\/hrkll.ch\/WordPress\/wp-content\/uploads\/Mammut_Treibjagt-474x300.png 474w\" sizes=\"auto, (max-width: 1015px) 100vw, 1015px\" \/><\/p>\n<ul>\n<li><strong>Struktur des Netzes:<\/strong> Hexagonal (s. die Abbildung oben), wobei die Welt geschlossen ist, d.h. wenn man sie unten verl\u00e4sst, taucht man oben wieder auf etc. Wenn die Frau unten rechts in der Abbildung nach links unten geht, ger\u00e4t sie auf den Berg in der Mitte des rechten Randes.<\/li>\n<li><strong>Stabilit\u00e4t des Netzes:<\/strong> Stabil.<\/li>\n<li><strong>Sichtbarkeit des Netzes: <\/strong>Sichtbar.<\/li>\n<li><strong>Anzahl Figuren pro Ort:<\/strong> Eine.<\/li>\n<li><strong>Eigenschaften der Orte:<\/strong> Keine, ausser dem See, der nicht betreten, sondern nur in einem Zug durchquert werden kann (und somit gar kein Ort ist).<\/li>\n<li><strong>Eigenschaften der Verbindungen:<\/strong> Die Verbindungen in der Ebene verlangen keine besonderen F\u00e4higkeiten. F\u00fcr das \u00dcberqueren der Fl\u00fcsse muss man schwimmen k\u00f6nnen, f\u00fcr das Durchqueren des Sees sogar tauchen. Um aus der Ebene auf einen Berg zu gelangen oder um von einem Berg zum anderen zu gelangen, muss man klettern k\u00f6nnen (nicht aber, um einen Berg Richtung Ebene zu verlassen).<\/li>\n<li><strong>Erlaube Wege:<\/strong> Beliebig.<\/li>\n<li><strong>Sequenzierung der Z\u00fcge: <\/strong>Alle Menschen in beliebiger Reihenfolge, dann das Mammut.<\/li>\n<li><strong>Zugzwang: <\/strong>Nein.<\/li>\n<li><strong>Beweglichkeit der gejagten Figur: <\/strong>Beweglich, behindert durch die Berge.<\/li>\n<li><strong>Sichtbarkeit der gejagten Figur:<\/strong> Sichtbar.<\/li>\n<li><strong>Sichtbarkeit der J\u00e4ger:<\/strong> Sichtbar.<\/li>\n<li><strong>Ressourcen der Figuren:<\/strong> Das Mammut kann schwimmen und tauchen. Die Menschen k\u00f6nnen klettern. Alle Ressourcen sind unersch\u00f6pflich. Als Alternative k\u00f6nnte man einf\u00fchren, dass die Figuren nach mehrfachem Klettern bzw. Schwimmen in kurzer Zeit m\u00fcde werden und sich zuerst wieder etwas in der Ebene erholen m\u00fcssen.<\/li>\n<\/ul>\n","protected":false},"excerpt":{"rendered":"<p>Wolf und Schafe auf dem Spielfeld von Tal der Mammuts: Tal der Mammuts ist ein komplexes Spiel in der mehrere Gruppen von Steinzeitmenschen ums \u00dcberleben k\u00e4mpfen. V\u00f6llig losgel\u00f6st davon kann man die Figuren und die Welt von Tal der Mammut &hellip; <a href=\"https:\/\/hrkll.ch\/WordPress\/lernen-durch-mitmachen\/verfolgungs-brettspiele\/mammut-treibjagt\/\">Weiterlesen <span class=\"meta-nav\">&rarr;<\/span><\/a><\/p>\n","protected":false},"author":7,"featured_media":0,"parent":4402,"menu_order":5,"comment_status":"closed","ping_status":"closed","template":"sidebar-page.php","meta":{"footnotes":""},"class_list":["post-4431","page","type-page","status-publish","hentry"],"_links":{"self":[{"href":"https:\/\/hrkll.ch\/WordPress\/wp-json\/wp\/v2\/pages\/4431","targetHints":{"allow":["GET"]}}],"collection":[{"href":"https:\/\/hrkll.ch\/WordPress\/wp-json\/wp\/v2\/pages"}],"about":[{"href":"https:\/\/hrkll.ch\/WordPress\/wp-json\/wp\/v2\/types\/page"}],"author":[{"embeddable":true,"href":"https:\/\/hrkll.ch\/WordPress\/wp-json\/wp\/v2\/users\/7"}],"replies":[{"embeddable":true,"href":"https:\/\/hrkll.ch\/WordPress\/wp-json\/wp\/v2\/comments?post=4431"}],"version-history":[{"count":4,"href":"https:\/\/hrkll.ch\/WordPress\/wp-json\/wp\/v2\/pages\/4431\/revisions"}],"predecessor-version":[{"id":4437,"href":"https:\/\/hrkll.ch\/WordPress\/wp-json\/wp\/v2\/pages\/4431\/revisions\/4437"}],"up":[{"embeddable":true,"href":"https:\/\/hrkll.ch\/WordPress\/wp-json\/wp\/v2\/pages\/4402"}],"wp:attachment":[{"href":"https:\/\/hrkll.ch\/WordPress\/wp-json\/wp\/v2\/media?parent=4431"}],"curies":[{"name":"wp","href":"https:\/\/api.w.org\/{rel}","templated":true}]}}