{"id":4428,"date":"2020-07-26T19:48:12","date_gmt":"2020-07-26T18:48:12","guid":{"rendered":"https:\/\/hrkll.ch\/WordPress\/?page_id=4428"},"modified":"2020-07-26T19:48:12","modified_gmt":"2020-07-26T18:48:12","slug":"bandenkrieg-in-london","status":"publish","type":"page","link":"https:\/\/hrkll.ch\/WordPress\/lernen-durch-mitmachen\/verfolgungs-brettspiele\/bandenkrieg-in-london\/","title":{"rendered":"Bandenkrieg in London"},"content":{"rendered":"<p>Eine Kreuzung zwischen Scotland Yard und Schach: Es gibt zwei Gruppen von Figuren (die X Gang und die Y Gang), die je ein sch\u00fctzenswertes Mitglied in ihrer Mitte haben, das von der anderen Gruppe gejagt wird. Gewonnen hat die Gruppe, welche zuerst das sch\u00fctzenswerte Mitglied der anderen Gruppe stellt.<\/p>\n<ul>\n<li><strong>Struktur des Netzes:<\/strong> Stadtplan, wie im Original.<\/li>\n<li><strong>Stabilit\u00e4t des Netzes:<\/strong> Stabil, wie im Original.<\/li>\n<li><strong>Sichtbarkeit des Netzes: <\/strong>Sichtbar, wie im Original.<\/li>\n<li><strong>Anzahl Figuren pro Ort:<\/strong> Eine, wie im Original.<\/li>\n<li><strong>Eigenschaften der Orte:<\/strong> Keine, wie im Original.<\/li>\n<li><strong>Eigenschaften der Verbindungen:<\/strong> Schiff, U-Bahn, Bus und Taxi Verbindungen wie im Original.<\/li>\n<li><strong>Erlaube Wege: <\/strong>Beliebig, wie im Original.<\/li>\n<li><strong>Sequenzierung der Z\u00fcge:<\/strong> Zuerst Mister X, dann der Reihe nach alle Mitglieder der Y Gang, dann Mister Y und schliesslich alle Mitglieder der X Gang.<\/li>\n<li><strong>Startorte:<\/strong> Zuf\u00e4llig \u00fcber die ganze Stadt, oder zuf\u00e4llig beschr\u00e4nkt auf eine Teilmenge der Orte, wie im Original.<\/li>\n<li><strong>Zugzwang: <\/strong>Zugzwang, wie im Original.<\/li>\n<li><strong>Beweglichkeit der gejagten Figur:<\/strong> Beweglich, wie im Original.<\/li>\n<li><strong>Sichtbarkeit der gejagten Figur:<\/strong><\/li>\n<li><strong>Sichtbarkeit der J\u00e4ger:<\/strong> Sichtbar, wie im Original.<\/li>\n<li><strong>Ressourcen der Figuren:<\/strong> Tickets f\u00fcr die einzelnen Verkehrsmittel, wie im Original.<\/li>\n<\/ul>\n","protected":false},"excerpt":{"rendered":"<p>Eine Kreuzung zwischen Scotland Yard und Schach: Es gibt zwei Gruppen von Figuren (die X Gang und die Y Gang), die je ein sch\u00fctzenswertes Mitglied in ihrer Mitte haben, das von der anderen Gruppe gejagt wird. Gewonnen hat die Gruppe, &hellip; <a href=\"https:\/\/hrkll.ch\/WordPress\/lernen-durch-mitmachen\/verfolgungs-brettspiele\/bandenkrieg-in-london\/\">Weiterlesen <span class=\"meta-nav\">&rarr;<\/span><\/a><\/p>\n","protected":false},"author":7,"featured_media":0,"parent":4402,"menu_order":4,"comment_status":"closed","ping_status":"closed","template":"sidebar-page.php","meta":{"footnotes":""},"class_list":["post-4428","page","type-page","status-publish","hentry"],"_links":{"self":[{"href":"https:\/\/hrkll.ch\/WordPress\/wp-json\/wp\/v2\/pages\/4428","targetHints":{"allow":["GET"]}}],"collection":[{"href":"https:\/\/hrkll.ch\/WordPress\/wp-json\/wp\/v2\/pages"}],"about":[{"href":"https:\/\/hrkll.ch\/WordPress\/wp-json\/wp\/v2\/types\/page"}],"author":[{"embeddable":true,"href":"https:\/\/hrkll.ch\/WordPress\/wp-json\/wp\/v2\/users\/7"}],"replies":[{"embeddable":true,"href":"https:\/\/hrkll.ch\/WordPress\/wp-json\/wp\/v2\/comments?post=4428"}],"version-history":[{"count":1,"href":"https:\/\/hrkll.ch\/WordPress\/wp-json\/wp\/v2\/pages\/4428\/revisions"}],"predecessor-version":[{"id":4429,"href":"https:\/\/hrkll.ch\/WordPress\/wp-json\/wp\/v2\/pages\/4428\/revisions\/4429"}],"up":[{"embeddable":true,"href":"https:\/\/hrkll.ch\/WordPress\/wp-json\/wp\/v2\/pages\/4402"}],"wp:attachment":[{"href":"https:\/\/hrkll.ch\/WordPress\/wp-json\/wp\/v2\/media?parent=4428"}],"curies":[{"name":"wp","href":"https:\/\/api.w.org\/{rel}","templated":true}]}}