{"id":4419,"date":"2020-07-26T19:41:57","date_gmt":"2020-07-26T18:41:57","guid":{"rendered":"https:\/\/hrkll.ch\/WordPress\/?page_id=4419"},"modified":"2020-07-26T19:43:05","modified_gmt":"2020-07-26T18:43:05","slug":"der-stinkende-geisterwolf","status":"publish","type":"page","link":"https:\/\/hrkll.ch\/WordPress\/lernen-durch-mitmachen\/verfolgungs-brettspiele\/der-stinkende-geisterwolf\/","title":{"rendered":"Der stinkende Geisterwolf"},"content":{"rendered":"<p>Eine Kreuzung zwischen Wolf und Schafe und WUMPUS: Der Wolf ist unsichtbar und f\u00fcr die Schafe erst auf kurze Distanz wahrnehmbar.<\/p>\n<ul>\n<li><strong>Struktur des Netzes:<\/strong> Wie im Original die schwarzen Felder eines Schachbretts.<\/li>\n<li><strong>Stabilit\u00e4t des Netzes:<\/strong> Stabil wie im Original.<\/li>\n<li><strong>Sichtbarkeit des Netzes:<\/strong> Wie im Original sichtbar.<\/li>\n<li><strong>Anzahl Figuren pro Ort:<\/strong> Wie im Original, d.h. nur eine Figur pro Ort. Als Variante k\u00f6nnte man einf\u00fchren, dass die Schafe dem Wolf in die Arme laufen und von ihm gefressen werden k\u00f6nnen.<\/li>\n<li><strong>Eigenschaften der Orte:<\/strong> Keine, wie im Original.<\/li>\n<li><strong>Eigenschaften der Verbindungen:<\/strong> Keine, wie im Original.<\/li>\n<li><strong>Erlaube Wege:<\/strong> Beliebig, wie im Original.<\/li>\n<li><strong>Sequenzierung der Z\u00fcge:<\/strong> Wie im Original: Ein Schaf, dann der Wolf, \u2026<\/li>\n<li><strong>Startorte:<\/strong> Fix, wie im Original<\/li>\n<li><strong>Zugzwang:<\/strong> \u00a0Zugzwang, wie im Original.<\/li>\n<li><strong>Beweglichkeit der gejagten Figur: <\/strong>Beweglich, wie im Original.<\/li>\n<li><strong>Sichtbarkeit der gejagten Figur:<\/strong> Unsichtbar, wie beim WUMPUS riechen die Schafe den Wolf, wenn er sich auf einem Nachbarfeld aufh\u00e4lt, ohne genau zu wissen, um welches Feld es sich handelt. Als Varianten k\u00f6nnte man den Geruchssinn verbessern, sodass die Schafe die Richtung erkennen, aus der der Gestank kommt. Oder man k\u00f6nnte auf den Geruch verzichten und daf\u00fcr die Schafe zur\u00fcckprallen lassen, wenn sie dasselbe Feld wie der Wolf betreten m\u00f6chten.<\/li>\n<li><strong>Sichtbarkeit der J\u00e4ger: <\/strong>Gegenseitig sichtbar, wie im Original.<\/li>\n<li><strong>Ressourcen der Figuren:<\/strong> Die Schafe k\u00f6nnen nur vorw\u00e4rts ziehen, wie im Original.<\/li>\n<\/ul>\n","protected":false},"excerpt":{"rendered":"<p>Eine Kreuzung zwischen Wolf und Schafe und WUMPUS: Der Wolf ist unsichtbar und f\u00fcr die Schafe erst auf kurze Distanz wahrnehmbar. Struktur des Netzes: Wie im Original die schwarzen Felder eines Schachbretts. Stabilit\u00e4t des Netzes: Stabil wie im Original. Sichtbarkeit &hellip; <a href=\"https:\/\/hrkll.ch\/WordPress\/lernen-durch-mitmachen\/verfolgungs-brettspiele\/der-stinkende-geisterwolf\/\">Weiterlesen <span class=\"meta-nav\">&rarr;<\/span><\/a><\/p>\n","protected":false},"author":7,"featured_media":0,"parent":4402,"menu_order":2,"comment_status":"closed","ping_status":"closed","template":"sidebar-page.php","meta":{"footnotes":""},"class_list":["post-4419","page","type-page","status-publish","hentry"],"_links":{"self":[{"href":"https:\/\/hrkll.ch\/WordPress\/wp-json\/wp\/v2\/pages\/4419","targetHints":{"allow":["GET"]}}],"collection":[{"href":"https:\/\/hrkll.ch\/WordPress\/wp-json\/wp\/v2\/pages"}],"about":[{"href":"https:\/\/hrkll.ch\/WordPress\/wp-json\/wp\/v2\/types\/page"}],"author":[{"embeddable":true,"href":"https:\/\/hrkll.ch\/WordPress\/wp-json\/wp\/v2\/users\/7"}],"replies":[{"embeddable":true,"href":"https:\/\/hrkll.ch\/WordPress\/wp-json\/wp\/v2\/comments?post=4419"}],"version-history":[{"count":2,"href":"https:\/\/hrkll.ch\/WordPress\/wp-json\/wp\/v2\/pages\/4419\/revisions"}],"predecessor-version":[{"id":4422,"href":"https:\/\/hrkll.ch\/WordPress\/wp-json\/wp\/v2\/pages\/4419\/revisions\/4422"}],"up":[{"embeddable":true,"href":"https:\/\/hrkll.ch\/WordPress\/wp-json\/wp\/v2\/pages\/4402"}],"wp:attachment":[{"href":"https:\/\/hrkll.ch\/WordPress\/wp-json\/wp\/v2\/media?parent=4419"}],"curies":[{"name":"wp","href":"https:\/\/api.w.org\/{rel}","templated":true}]}}