{"id":4372,"date":"2020-05-17T14:10:40","date_gmt":"2020-05-17T13:10:40","guid":{"rendered":"https:\/\/hrkll.ch\/WordPress\/?page_id=4372"},"modified":"2020-05-17T14:46:05","modified_gmt":"2020-05-17T13:46:05","slug":"datenschutzerklaerung","status":"publish","type":"page","link":"https:\/\/hrkll.ch\/WordPress\/datenschutzerklaerung\/","title":{"rendered":"Datenschutzerkl\u00e4rung"},"content":{"rendered":"\r\n<h2 class=\"wp-block-heading\">Die Website, auf die sich diese Erkl\u00e4rung bezieht<\/h2>\r\n\r\n\r\n\r\n<p>Die Adresse der Website ist: https:\/\/hrkll.ch\/WordPress.<\/p>\r\n\r\n\r\n\r\n<h2 class=\"wp-block-heading\">Welche personenbezogenen Daten werden gesammelt und warum werden sie gesammelt<\/h2>\r\n<p>Wenn du auf der Website zum Lesen, Suchen und St\u00f6bern unterwegs bist, werden keine personenbezogenen Daten festgehalten. Zu statistischen Zwecken wird einzig zwei Wochen lang gespeichert, von welcher Website aus du hierher gelangt bist. Wenn du also bspw. auf deiner eigenen Website einen festen Link auf eine der Seiten hier eingerichtet hast und dieser benutzt wird, dann k\u00f6nnte ich das feststellen &#8211; und w\u00fcrde mich dar\u00fcber freuen. \ud83d\ude42<\/p>\r\n\r\n\r\n\r\n<h3 class=\"wp-block-heading\">Kommentare<\/h3>\r\n\r\n\r\n\r\n<p>Wenn du Kommentare auf der Website schreibst, werden die Daten gesammelt, die im Kommentar-Formular angezeigt werden, ausserdem deine IP-Adresse und den User-Agent-String (damit wird der Browser identifiziert), um die Erkennung von Spam zu unterst\u00fctzen.<\/p>\r\n\r\n\r\n\r\n<p>Aus deiner E-Mail-Adresse kann eine anonymisierte Zeichenfolge erstellt (auch Hash genannt) und dem Gravatar-Dienst \u00fcbergeben werden, um zu pr\u00fcfen, ob du diesen benutzt. Die Datenschutzerkl\u00e4rung des Gravatar-Dienstes findest du hier: https:\/\/automattic.com\/privacy\/. Nachdem dein Kommentar freigegeben wurde, ist dein Profilbild \u00f6ffentlich im Kontext deines Kommentars sichtbar.<\/p>\r\n\r\n\r\n\r\n\r\n\r\n<h3 class=\"wp-block-heading\">Cookies<\/h3>\r\n\r\n\r\n\r\n<p>Wenn du einen Kommentar auf unserer Website schreibst, kann das eine Einwilligung sein, deinen Namen, E-Mail-Adresse und Website in Cookies zu speichern. Dies ist eine Komfortfunktion, damit du nicht, wenn du einen weiteren Kommentar schreibst, all diese Daten erneut eingeben musst. Diese Cookies werden ein Jahr lang gespeichert.<\/p>\r\n\r\n\r\n\r\n\r\n\r\n\r\n\r\n\r\n\r\n\r\n\r\n<h2 class=\"wp-block-heading\">Wie lange werden deine Daten gespeichert<\/h2>\r\n\r\n\r\n\r\n<p>Wenn du einen Kommentar schreibst, wird dieser inklusive Metadaten zeitlich unbegrenzt gespeichert. Auf diese Art k\u00f6nnen wir Folgekommentare automatisch erkennen und freigeben.<\/p>\r\n\r\n\r\n\r\n\r\n\r\n<h2 class=\"wp-block-heading\">Welche Rechte hast du an deinen Daten<\/h2>\r\n\r\n\r\n\r\n<p>Wenn du auf dieser Website Kommentare geschrieben hast, kannst du einen Export deiner personenbezogenen Daten bei mir anfordern, inklusive aller Daten, die du mitgeteilt hast. Dar\u00fcber hinaus kannst du die L\u00f6schung aller personenbezogenen Daten anfordern, die hier \u00fcber dich gespeichert sind. Dies umfasst nicht die Daten, die wir aufgrund administrativer, rechtlicher oder sicherheitsrelevanter Notwendigkeiten aufbewahren m\u00fcssen.<\/p>\r\n\r\n\r\n\r\n<h2 class=\"wp-block-heading\">Wohin werden deine Daten gesendet<\/h2>\r\n\r\n\r\n\r\n<p>Besucher-Kommentare werden von einem automatisierten Dienst zur Spam-Erkennung untersucht. Bei zehn und mehr Spam-Kommentaren t\u00e4glich geht das leider nicht anders.<\/p>\r\n\r\n\r\n\r\n<h2 class=\"wp-block-heading\">Kontakt-Informationen<\/h2>\r\n<p>Anfragen per Mail an hansruedi.kaiser (at) hrkll.ch<\/p>\r\n\r\n\r\n","protected":false},"excerpt":{"rendered":"<p>Die Website, auf die sich diese Erkl\u00e4rung bezieht Die Adresse der Website ist: https:\/\/hrkll.ch\/WordPress. Welche personenbezogenen Daten werden gesammelt und warum werden sie gesammelt Wenn du auf der Website zum Lesen, Suchen und St\u00f6bern unterwegs bist, werden keine personenbezogenen Daten &hellip; <a href=\"https:\/\/hrkll.ch\/WordPress\/datenschutzerklaerung\/\">Weiterlesen <span class=\"meta-nav\">&rarr;<\/span><\/a><\/p>\n","protected":false},"author":7,"featured_media":0,"parent":0,"menu_order":3,"comment_status":"closed","ping_status":"closed","template":"","meta":{"footnotes":""},"class_list":["post-4372","page","type-page","status-publish","hentry"],"_links":{"self":[{"href":"https:\/\/hrkll.ch\/WordPress\/wp-json\/wp\/v2\/pages\/4372","targetHints":{"allow":["GET"]}}],"collection":[{"href":"https:\/\/hrkll.ch\/WordPress\/wp-json\/wp\/v2\/pages"}],"about":[{"href":"https:\/\/hrkll.ch\/WordPress\/wp-json\/wp\/v2\/types\/page"}],"author":[{"embeddable":true,"href":"https:\/\/hrkll.ch\/WordPress\/wp-json\/wp\/v2\/users\/7"}],"replies":[{"embeddable":true,"href":"https:\/\/hrkll.ch\/WordPress\/wp-json\/wp\/v2\/comments?post=4372"}],"version-history":[{"count":5,"href":"https:\/\/hrkll.ch\/WordPress\/wp-json\/wp\/v2\/pages\/4372\/revisions"}],"predecessor-version":[{"id":4377,"href":"https:\/\/hrkll.ch\/WordPress\/wp-json\/wp\/v2\/pages\/4372\/revisions\/4377"}],"wp:attachment":[{"href":"https:\/\/hrkll.ch\/WordPress\/wp-json\/wp\/v2\/media?parent=4372"}],"curies":[{"name":"wp","href":"https:\/\/api.w.org\/{rel}","templated":true}]}}