{"id":407,"date":"2013-02-02T18:33:24","date_gmt":"2013-02-02T17:33:24","guid":{"rendered":"http:\/\/hrkll.ch\/WordPress\/?page_id=407"},"modified":"2014-03-01T20:49:32","modified_gmt":"2014-03-01T19:49:32","slug":"hochschuldidaktik","status":"publish","type":"page","link":"https:\/\/hrkll.ch\/WordPress\/lehrerbildung\/schienen\/hochschuldidaktik\/","title":{"rendered":"Hochschuldidaktische Wieterbildung f\u00fcr interessierte Dozenten"},"content":{"rendered":"<p><strong>Eine Nachbereitung per Email<\/strong><\/p>\n<p><em>Der erste der angeh\u00e4ngten Texte ist ein Standardtext, den ich schon mehrfach verwendet hatte und der sich \u00fcber verschiedene solche Gelegenheiten immer weiter entwickelte. Hier konnte ich bereits w\u00e4hrend des Lernstopps auf die dort dargestellten \u00dcberlegungen zugreifen.<\/em><\/p>\n<p><em>Der zweite Texte ist ein typisches Beispiel, f\u00fcr ein Thema, zu dem ich keine &#8222;vorgefertigte&#8220; Antwort anbieten konnte. Entsprechend entwickelte sich w\u00e4hrend des Lernstopps eine rege Diskussion unter den Teilnehmenden, in die ich v.a. strukturierend eingriff. Die schriftliche Nachbereitung ist der Versuch, systematisch darstellbare \u00dcberlegungen aus der Diskussion oder angeregt durch die Diskussion, festzuhalten. <\/em><\/p>\n<p>&nbsp;<\/p>\n<p>Hallo zusammen<\/p>\n<p>An unserem Treffen vom 15. Dezember waren wir fleissig und haben gleich zwei F\u00e4lle durchgearbeitet!<\/p>\n<p>Im einen Fall ging es um einen Studenten, der als gl\u00e4ubiger Muslim in einem islamwissenschaftlichen Seminar (mit einem gewissen Recht) darauf besteht, dass er mehr von der Sache versteht als die Dozentin. Ich habe die daraus resultierende Frage zur Frage verallgemeinert, wie man (naives) Vorwissen der Lernenden mit in den Unterricht einbeziehen kann (<a title=\"Initiates file download\" href=\"http:\/\/www.hrkll.ch\/typo\/fileadmin\/Texte\/Schienen\/Auf_Alltagswissen_aufbauen.pdf\" target=\"page\">siehe Anhang<\/a>).<\/p>\n<p>Zum zweiten ging es um die Frage, ob man von den Studierenden\u00a0 Pr\u00e4senz verlangen soll. Das erwies sich als vielschichtiges Problem. Ein Aspekt daraus beleuchtet das <a title=\"Initiates file download\" href=\"http:\/\/www.hrkll.ch\/typo\/fileadmin\/Texte\/Schienen\/Praesenzpflicht.pdf\" target=\"page\">zweite Papier im Anhang<\/a>.<\/p>\n<p>Ich w\u00fcnsche Euch allen frohe Festtage und einen guten Rutsch.<\/p>\n<p>Im n\u00e4chsten Jahr wieder<\/p>\n<p>Hansruedi<\/p>\n","protected":false},"excerpt":{"rendered":"<p>Eine Nachbereitung per Email Der erste der angeh\u00e4ngten Texte ist ein Standardtext, den ich schon mehrfach verwendet hatte und der sich \u00fcber verschiedene solche Gelegenheiten immer weiter entwickelte. Hier konnte ich bereits w\u00e4hrend des Lernstopps auf die dort dargestellten \u00dcberlegungen &hellip; <a href=\"https:\/\/hrkll.ch\/WordPress\/lehrerbildung\/schienen\/hochschuldidaktik\/\">Weiterlesen <span class=\"meta-nav\">&rarr;<\/span><\/a><\/p>\n","protected":false},"author":7,"featured_media":0,"parent":38,"menu_order":4,"comment_status":"closed","ping_status":"closed","template":"sidebar-page.php","meta":{"footnotes":""},"class_list":["post-407","page","type-page","status-publish","hentry"],"_links":{"self":[{"href":"https:\/\/hrkll.ch\/WordPress\/wp-json\/wp\/v2\/pages\/407","targetHints":{"allow":["GET"]}}],"collection":[{"href":"https:\/\/hrkll.ch\/WordPress\/wp-json\/wp\/v2\/pages"}],"about":[{"href":"https:\/\/hrkll.ch\/WordPress\/wp-json\/wp\/v2\/types\/page"}],"author":[{"embeddable":true,"href":"https:\/\/hrkll.ch\/WordPress\/wp-json\/wp\/v2\/users\/7"}],"replies":[{"embeddable":true,"href":"https:\/\/hrkll.ch\/WordPress\/wp-json\/wp\/v2\/comments?post=407"}],"version-history":[{"count":0,"href":"https:\/\/hrkll.ch\/WordPress\/wp-json\/wp\/v2\/pages\/407\/revisions"}],"up":[{"embeddable":true,"href":"https:\/\/hrkll.ch\/WordPress\/wp-json\/wp\/v2\/pages\/38"}],"wp:attachment":[{"href":"https:\/\/hrkll.ch\/WordPress\/wp-json\/wp\/v2\/media?parent=407"}],"curies":[{"name":"wp","href":"https:\/\/api.w.org\/{rel}","templated":true}]}}