{"id":400,"date":"2013-02-02T18:30:08","date_gmt":"2013-02-02T17:30:08","guid":{"rendered":"http:\/\/hrkll.ch\/WordPress\/?page_id=400"},"modified":"2014-03-01T20:36:12","modified_gmt":"2014-03-01T19:36:12","slug":"nachbereitungen","status":"publish","type":"page","link":"https:\/\/hrkll.ch\/WordPress\/lehrerbildung\/schienen\/nachbereitungen\/","title":{"rendered":"Nachbereitungen im Netz"},"content":{"rendered":"<div>\n<div>\n<p>Sinnvollerweise werden Protokolle der erz\u00e4hlten Geschichten und Darstellungen der eingesetzten Raster in einer vernetzten Struktur abgelegt. So entsteht mit der Zeit ein reichhaltiges Archiv.<\/p>\n<\/div>\n<p><img decoding=\"async\" style=\"border: 0px none;\" alt=\"\" src=\"http:\/\/www.hrkll.ch\/typo\/fileadmin\/Texte\/Schienen\/Schienen_Archiv.JPG\" border=\"0\" \/><\/p>\n<\/div>\n<h2>\u00a0Beispiele<\/h2>\n<ul>\n<li>Eine <a title=\"Lernf\u00f6rderung in Mathematik und Sprache\" href=\"http:\/\/hrkll.ch\/WordPress\/?page_id=412\">vollst\u00e4ndige Nachbereitungsstruktur<\/a> nach obigem Muster<\/li>\n<li>Beispiel f\u00fcr eine <a title=\"Schiene: P\u00e4dagogische Weiterbildung f\u00fcr Ausbildungsverantwortliche eines Spitals\" href=\"http:\/\/hrkll.ch\/WordPress\/?page_id=405\">Liste erz\u00e4hlter Geschichten<\/a><\/li>\n<li>Beispiel f\u00fcr eine <a title=\"Hochschuldidaktische Wieterbildung f\u00fcr interessierte Dozenten\" href=\"http:\/\/hrkll.ch\/WordPress\/?page_id=407\">Nachbereitung per Email<\/a><\/li>\n<\/ul>\n","protected":false},"excerpt":{"rendered":"<p>Sinnvollerweise werden Protokolle der erz\u00e4hlten Geschichten und Darstellungen der eingesetzten Raster in einer vernetzten Struktur abgelegt. So entsteht mit der Zeit ein reichhaltiges Archiv. \u00a0Beispiele Eine vollst\u00e4ndige Nachbereitungsstruktur nach obigem Muster Beispiel f\u00fcr eine Liste erz\u00e4hlter Geschichten Beispiel f\u00fcr eine &hellip; <a href=\"https:\/\/hrkll.ch\/WordPress\/lehrerbildung\/schienen\/nachbereitungen\/\">Weiterlesen <span class=\"meta-nav\">&rarr;<\/span><\/a><\/p>\n","protected":false},"author":7,"featured_media":0,"parent":38,"menu_order":2,"comment_status":"closed","ping_status":"closed","template":"sidebar-page.php","meta":{"footnotes":""},"class_list":["post-400","page","type-page","status-publish","hentry"],"_links":{"self":[{"href":"https:\/\/hrkll.ch\/WordPress\/wp-json\/wp\/v2\/pages\/400","targetHints":{"allow":["GET"]}}],"collection":[{"href":"https:\/\/hrkll.ch\/WordPress\/wp-json\/wp\/v2\/pages"}],"about":[{"href":"https:\/\/hrkll.ch\/WordPress\/wp-json\/wp\/v2\/types\/page"}],"author":[{"embeddable":true,"href":"https:\/\/hrkll.ch\/WordPress\/wp-json\/wp\/v2\/users\/7"}],"replies":[{"embeddable":true,"href":"https:\/\/hrkll.ch\/WordPress\/wp-json\/wp\/v2\/comments?post=400"}],"version-history":[{"count":0,"href":"https:\/\/hrkll.ch\/WordPress\/wp-json\/wp\/v2\/pages\/400\/revisions"}],"up":[{"embeddable":true,"href":"https:\/\/hrkll.ch\/WordPress\/wp-json\/wp\/v2\/pages\/38"}],"wp:attachment":[{"href":"https:\/\/hrkll.ch\/WordPress\/wp-json\/wp\/v2\/media?parent=400"}],"curies":[{"name":"wp","href":"https:\/\/api.w.org\/{rel}","templated":true}]}}