{"id":40,"date":"2013-01-31T15:09:40","date_gmt":"2013-01-31T14:09:40","guid":{"rendered":"http:\/\/hrkll.ch\/WordPress\/?page_id=40"},"modified":"2017-07-20T12:24:32","modified_gmt":"2017-07-20T11:24:32","slug":"situierte-kompetenzen","status":"publish","type":"page","link":"https:\/\/hrkll.ch\/WordPress\/situierte-kompetenzen\/","title":{"rendered":"Situierte Kompetenzen"},"content":{"rendered":"<p><em>Urspr\u00fcnglich &#8222;Konkrete Kompetenzen&#8220;. Da &#8222;Situierte Kompetenzen&#8220; das Wesentliche des Ansatzes besser fassen, m\u00f6chte ich gern mit der Zeit den Begriff wechseln.<br \/>\n<\/em><\/p>\n<p>Eine konsequent transferorientierte Ausbildung bedarf auch anderer Arten von Lernzielen als die traditionellen &#8222;Kenntnisse&#8220; und &#8222;F\u00e4higkeiten&#8220;. Ob der Transfer gelungen ist, und damit das Ausbildungsziel erreicht wurde, zeigt sich erst im Berufsalltag. Lernziel ist also in letzter Konsequenz die professionelle Bew\u00e4ltigung beruflicher Situationen. In diesem Zusammenhang hat sich in letzter Zeit in der Literatur zur Berufsbildung der Begriff &#8222;Kompetenz&#8220; etabliert. Der Begriff wird dabei zwar nicht einheitlich gebraucht, eine m\u00f6gliche Definition ist aber die Folgende: Eine Person verf\u00fcgt \u00fcber eine bestimmte Kompetenz, wenn sie f\u00e4hig ist eine bestimmte Klasse von Situationen unter Ber\u00fccksichtigung bestimmter Qualit\u00e4tskriterien zu bew\u00e4ltigen.<\/p>\n<p>Auf dem Hintergrund des integrierenden Lernmodells bedeutet das, dass sie \u00fcber ein verkn\u00fcpftes Paket von Wissen der verschiedensten Arten verf\u00fcgt, das in situativem Wissen verankert ist, das Analogieschl\u00fcsse auf eben diese Klasse von Situationen zul\u00e4sst. Dieses Bild erm\u00f6glicht transferorientierte Lernziele zu formulieren, die in \u00dcbereinstimmung mit dem integrierenden Lernmodell stehen. Einen konkreten Vorschlag, auf dem Hintergrund des IML Lernziele als Kompetenzen zu beschreiben, stellt das Modell der Konkreten (oder lieber: Situierten) Kompetenzen dar.<\/p>\n<ul>\n<li>Erste <a title=\"Initiates file download\" href=\"http:\/\/www.hrkll.ch\/typo\/fileadmin\/Texte\/Buch\/Kompetenzen_Skript_7.pdf\" target=\"pdf\">Vor\u00fcberlegungen<\/a><\/li>\n<li>Eine ausf\u00fchrlichere Darstellung der Ideen gibt es als Buch: <a href=\"http:\/\/www.hrkll.ch\/typo\/fileadmin\/Texte\/SiKo\/Wiksame_Ausbildungen_Hansruedi_Kaiser_2005.pdf\" target=\"_blank\" rel=\"noopener\">Wirksame Ausbildungen entwerfen. Das Modell der Konkreten Kompetenzen<\/a> (im Handel vergriffen, aber hier zum herunterladen)<\/li>\n<li><a title=\"Beispiele f\u00fcr den Einsatz Situierter Kompetenzen\" href=\"http:\/\/hrkll.ch\/WordPress\/?page_id=352\">Verschiedene Beispiele<\/a> zu mehr oder weniger konsequenten Umsetzungen.<\/li>\n<li><a title=\"Weitere Texte\" href=\"http:\/\/hrkll.ch\/WordPress\/?page_id=348\">Weitere Texte<\/a>, die meist nach dem Buch entstanden sind.<\/li>\n<\/ul>\n","protected":false},"excerpt":{"rendered":"<p>Urspr\u00fcnglich &#8222;Konkrete Kompetenzen&#8220;. Da &#8222;Situierte Kompetenzen&#8220; das Wesentliche des Ansatzes besser fassen, m\u00f6chte ich gern mit der Zeit den Begriff wechseln. Eine konsequent transferorientierte Ausbildung bedarf auch anderer Arten von Lernzielen als die traditionellen &#8222;Kenntnisse&#8220; und &#8222;F\u00e4higkeiten&#8220;. Ob der Transfer &hellip; <a href=\"https:\/\/hrkll.ch\/WordPress\/situierte-kompetenzen\/\">Weiterlesen <span class=\"meta-nav\">&rarr;<\/span><\/a><\/p>\n","protected":false},"author":7,"featured_media":0,"parent":0,"menu_order":9,"comment_status":"closed","ping_status":"closed","template":"sidebar-page.php","meta":{"footnotes":""},"class_list":["post-40","page","type-page","status-publish","hentry"],"_links":{"self":[{"href":"https:\/\/hrkll.ch\/WordPress\/wp-json\/wp\/v2\/pages\/40","targetHints":{"allow":["GET"]}}],"collection":[{"href":"https:\/\/hrkll.ch\/WordPress\/wp-json\/wp\/v2\/pages"}],"about":[{"href":"https:\/\/hrkll.ch\/WordPress\/wp-json\/wp\/v2\/types\/page"}],"author":[{"embeddable":true,"href":"https:\/\/hrkll.ch\/WordPress\/wp-json\/wp\/v2\/users\/7"}],"replies":[{"embeddable":true,"href":"https:\/\/hrkll.ch\/WordPress\/wp-json\/wp\/v2\/comments?post=40"}],"version-history":[{"count":0,"href":"https:\/\/hrkll.ch\/WordPress\/wp-json\/wp\/v2\/pages\/40\/revisions"}],"wp:attachment":[{"href":"https:\/\/hrkll.ch\/WordPress\/wp-json\/wp\/v2\/media?parent=40"}],"curies":[{"name":"wp","href":"https:\/\/api.w.org\/{rel}","templated":true}]}}