{"id":389,"date":"2013-02-02T18:18:56","date_gmt":"2013-02-02T17:18:56","guid":{"rendered":"http:\/\/hrkll.ch\/WordPress\/?page_id=389"},"modified":"2013-02-08T19:12:29","modified_gmt":"2013-02-08T18:12:29","slug":"9-die-eigene-weiterbildung-in-pfm-planen","status":"publish","type":"page","link":"https:\/\/hrkll.ch\/WordPress\/situierte-kompetenzen\/beispiele\/pfm\/9-die-eigene-weiterbildung-in-pfm-planen\/","title":{"rendered":"9: Die eigene Weiterbildung in PFM planen"},"content":{"rendered":"<h3>Typische Situation<\/h3>\n<p>Anton stellt fest, dass ihn in seiner Arbeit das Thema PFM immer wieder einholt. Die Schule sucht Lehrende, die sich in S &amp; F Kursen engagieren m\u00f6chten, in seinem t\u00e4glichen Unterricht fallen ihm immer wieder Lernende auf, die etwas Unterst\u00fctzung brauchen k\u00f6nnten, und nun wurde auch noch bekannt, dass n\u00e4chstes Jahr gleiche mehrere Ausbildungen der neuen Form &#8222;zweij\u00e4hrige Grundbildung mit Attest&#8220; beginnen werden. Anton \u00fcberlegt sich deshalb ernsthaft, ob er sich mit dem Thema PFM vertieft auseinandersetzen soll und beginnt alle Unterlagen zu studieren, denen er habhaft werden kann.<\/p>\n<h3>Situationskreis<\/h3>\n<ul>\n<li>Das Thema PFM stellt Anforderungen, die mit dem aktuellen Wissen nicht bew\u00e4ltigt werden k\u00f6nnen.<\/li>\n<\/ul>\n<h3>Qualit\u00e4tsstandards<\/h3>\n<p>&nbsp;<\/p>\n<h3>Externe Ressourcen<\/h3>\n<ul>\n<li>Kursprogramme verschiedenster Anbieter<\/li>\n<\/ul>\n<h3>Theoretische Konzepte<\/h3>\n<ul>\n<li>nBBG und die Folgen<\/li>\n<li>Formale Aspekte der Attestausbildung<\/li>\n<li>Sinn und Zweck der Attestausbildung<\/li>\n<li>Fortbildungsangebote am EHB und anderswo<\/li>\n<\/ul>\n<h3>Praktische Fertigkeiten<\/h3>\n<ul>\n<li>Die eigene berufliche Laufbahn planen<\/li>\n<li>Sich im Schulhaus f\u00fcr ein Thema einsetze<\/li>\n<\/ul>\n<h3>Leitende Geschichten<\/h3>\n<ul>\n<li>Ein Lehrer, der bisher an einer Berufsschule immer nur als Dozent gearbeitet hatte, wird endlich definitiv angestellt. Nach einiger Zeit mach er diesen Schritt aber wieder r\u00fcckg\u00e4ngig. Fr\u00fcher hatte er w\u00e4hrend der H\u00e4lfte seiner Arbeitszeit auf der Sekundarstufe Turnen unterrichtet. Und dies fehlt ihm nun so sehr, dass er wieder zur alten Regelung zur\u00fcck m\u00f6chte. Daf\u00fcr zeigt er grosses Interesse, gleich vier Anlehrklassen zu \u00fcbernehmen. Seine Motivation daf\u00fcr ist klar: In den Anlehrklassen hatte er kleine Gruppen von Lernenden und entsprechend Zeit, bei jedem und jeder einzelnen auf die individuellen Lernprozesse einzugehen.<\/li>\n<\/ul>\n","protected":false},"excerpt":{"rendered":"<p>Typische Situation Anton stellt fest, dass ihn in seiner Arbeit das Thema PFM immer wieder einholt. Die Schule sucht Lehrende, die sich in S &amp; F Kursen engagieren m\u00f6chten, in seinem t\u00e4glichen Unterricht fallen ihm immer wieder Lernende auf, die &hellip; <a href=\"https:\/\/hrkll.ch\/WordPress\/situierte-kompetenzen\/beispiele\/pfm\/9-die-eigene-weiterbildung-in-pfm-planen\/\">Weiterlesen <span class=\"meta-nav\">&rarr;<\/span><\/a><\/p>\n","protected":false},"author":7,"featured_media":0,"parent":369,"menu_order":8,"comment_status":"closed","ping_status":"closed","template":"sidebar-page.php","meta":{"footnotes":""},"class_list":["post-389","page","type-page","status-publish","hentry"],"_links":{"self":[{"href":"https:\/\/hrkll.ch\/WordPress\/wp-json\/wp\/v2\/pages\/389","targetHints":{"allow":["GET"]}}],"collection":[{"href":"https:\/\/hrkll.ch\/WordPress\/wp-json\/wp\/v2\/pages"}],"about":[{"href":"https:\/\/hrkll.ch\/WordPress\/wp-json\/wp\/v2\/types\/page"}],"author":[{"embeddable":true,"href":"https:\/\/hrkll.ch\/WordPress\/wp-json\/wp\/v2\/users\/7"}],"replies":[{"embeddable":true,"href":"https:\/\/hrkll.ch\/WordPress\/wp-json\/wp\/v2\/comments?post=389"}],"version-history":[{"count":0,"href":"https:\/\/hrkll.ch\/WordPress\/wp-json\/wp\/v2\/pages\/389\/revisions"}],"up":[{"embeddable":true,"href":"https:\/\/hrkll.ch\/WordPress\/wp-json\/wp\/v2\/pages\/369"}],"wp:attachment":[{"href":"https:\/\/hrkll.ch\/WordPress\/wp-json\/wp\/v2\/media?parent=389"}],"curies":[{"name":"wp","href":"https:\/\/api.w.org\/{rel}","templated":true}]}}