{"id":377,"date":"2013-02-02T18:13:27","date_gmt":"2013-02-02T17:13:27","guid":{"rendered":"http:\/\/hrkll.ch\/WordPress\/?page_id=377"},"modified":"2013-02-08T19:10:14","modified_gmt":"2013-02-08T18:10:14","slug":"3-triage","status":"publish","type":"page","link":"https:\/\/hrkll.ch\/WordPress\/situierte-kompetenzen\/beispiele\/pfm\/3-triage\/","title":{"rendered":"3: Triage"},"content":{"rendered":"<h3>Typische Situation<\/h3>\n<p>Als Klassenlehrer hat Anton von der Schulleitung den Auftrag, innerhalb des 1. Semesters seine Klasse in vier Gruppen einzuteilen: A: Lernende, die keiner zus\u00e4tzlichen Unterst\u00fctzung bed\u00fcrfen. B: Lernende, die zus\u00e4tzliche Unterst\u00fctzung ben\u00f6tigen. C: Lernende, die klar die n\u00f6tigen Lernvoraussetzungen f\u00fcr die gew\u00e4hlte Berufslehre nicht mitbringen. D: Lernende, die in der gew\u00e4hlten Ausbildung unterfordert sein werden und eine anspruchvollere besuchen sollten. Anton informiert sich dazu zuerst einmal dar\u00fcber, welche Schulkarrieren seine Lernenden schon hinter sich haben. Im Verlauf des Semesters beobachtet er dann die Lernenden im normalen Unterricht und sucht sobald ihm etwas auff\u00e4llt das Gespr\u00e4ch mit dem jeweiligen Lernenden. Seine Eindr\u00fccke aus diesen Beobachtungen und Gespr\u00e4chen bespricht er dann mit den anderen Lehrenden, die auch an dieser Klasse unterrichten, so dass die Einteilung Ende Semester gemeinsam erfolgen kann.<\/p>\n<h3>Situationskreis<\/h3>\n<ul>\n<li>F\u00fcr eine Klasse muss in vorgegebener First entschieden werden, wer S&amp;F Massnahmen ben\u00f6tigt.<\/li>\n<li>Es unterrichten mehrerer Lehrende an der Klasse.<\/li>\n<\/ul>\n<h3>Qualit\u00e4tsstandards<\/h3>\n<ul>\n<li>Kritische Auseinandersetzung mit eingesetzten Instrumenten<\/li>\n<li>Einbezug m\u00f6glichst vieler Informationsquellen<\/li>\n<li>Kritische Auseinandersetzung mit den Umst\u00e4nden, die Lernende zu &#8222;Problemf\u00e4llen&#8220; machen.<\/li>\n<\/ul>\n<h3>Externe Ressourcen<\/h3>\n<p>&nbsp;<\/p>\n<h3>Theoretische Konzepte<\/h3>\n<ul>\n<li>Bildungsangebote auf der Sek I Stufe<\/li>\n<li>Br\u00fcckenangebote<\/li>\n<li>Typische Schulkarrieren<\/li>\n<li>Fr\u00fcherfassungs-Systeme<\/li>\n<li>Entwicklungsverl\u00e4ufe<\/li>\n<li>Validit\u00e4t von Tests<\/li>\n<li>Strukturierte Gespr\u00e4chsf\u00fchrung<\/li>\n<li>Einflussfaktoren beim schulischen Lernen<\/li>\n<li>Begabtenf\u00f6rderung<\/li>\n<li>Entwicklungspsychologie<\/li>\n<li>Heterogenit\u00e4t (Kultur, Gender &#8230;)<\/li>\n<\/ul>\n<h3>Praktische Fertigkeiten<\/h3>\n<ul>\n<li>Entscheidungsfindung im Team<\/li>\n<li>Ein konzeptgeleitetes Gespr\u00e4ch f\u00fchren<\/li>\n<li>Gemeinsam St\u00e4rken und Schw\u00e4chen diagnostizieren<\/li>\n<li>Informationen beschaffen<\/li>\n<\/ul>\n<h3>Leitende Geschichten<\/h3>\n","protected":false},"excerpt":{"rendered":"<p>Typische Situation Als Klassenlehrer hat Anton von der Schulleitung den Auftrag, innerhalb des 1. Semesters seine Klasse in vier Gruppen einzuteilen: A: Lernende, die keiner zus\u00e4tzlichen Unterst\u00fctzung bed\u00fcrfen. B: Lernende, die zus\u00e4tzliche Unterst\u00fctzung ben\u00f6tigen. C: Lernende, die klar die n\u00f6tigen &hellip; <a href=\"https:\/\/hrkll.ch\/WordPress\/situierte-kompetenzen\/beispiele\/pfm\/3-triage\/\">Weiterlesen <span class=\"meta-nav\">&rarr;<\/span><\/a><\/p>\n","protected":false},"author":7,"featured_media":0,"parent":369,"menu_order":2,"comment_status":"closed","ping_status":"closed","template":"sidebar-page.php","meta":{"footnotes":""},"class_list":["post-377","page","type-page","status-publish","hentry"],"_links":{"self":[{"href":"https:\/\/hrkll.ch\/WordPress\/wp-json\/wp\/v2\/pages\/377","targetHints":{"allow":["GET"]}}],"collection":[{"href":"https:\/\/hrkll.ch\/WordPress\/wp-json\/wp\/v2\/pages"}],"about":[{"href":"https:\/\/hrkll.ch\/WordPress\/wp-json\/wp\/v2\/types\/page"}],"author":[{"embeddable":true,"href":"https:\/\/hrkll.ch\/WordPress\/wp-json\/wp\/v2\/users\/7"}],"replies":[{"embeddable":true,"href":"https:\/\/hrkll.ch\/WordPress\/wp-json\/wp\/v2\/comments?post=377"}],"version-history":[{"count":0,"href":"https:\/\/hrkll.ch\/WordPress\/wp-json\/wp\/v2\/pages\/377\/revisions"}],"up":[{"embeddable":true,"href":"https:\/\/hrkll.ch\/WordPress\/wp-json\/wp\/v2\/pages\/369"}],"wp:attachment":[{"href":"https:\/\/hrkll.ch\/WordPress\/wp-json\/wp\/v2\/media?parent=377"}],"curies":[{"name":"wp","href":"https:\/\/api.w.org\/{rel}","templated":true}]}}