{"id":3736,"date":"2016-09-28T09:27:41","date_gmt":"2016-09-28T08:27:41","guid":{"rendered":"http:\/\/hrkll.ch\/WordPress\/?page_id=3736"},"modified":"2016-09-28T11:43:10","modified_gmt":"2016-09-28T10:43:10","slug":"rohre-biegen-ein-beispiel-in-acht-schritten","status":"publish","type":"page","link":"https:\/\/hrkll.ch\/WordPress\/vom-kopf-auf-die-fuesse\/didaktisches-grundmodell\/acht-schritte\/beispiele\/rohre-biegen-ein-beispiel-in-acht-schritten\/","title":{"rendered":"Rohre biegen \u2013 ein Beispiel in Acht Schritten"},"content":{"rendered":"<p><a href=\"http:\/\/www.hrkll.ch\/vom_Kopf_auf_die_Fuesse\/Hintergrund\/Acht%20Schritte\/Rohre_Biegen_8_Schritte.pdf\" target=\"_blank\">pdf<\/a><\/p>\n<p style=\"text-align: center;\"><strong>KOMPETENZNACHWEIS BERUFSFELDDIDAKTIK<\/strong><\/p>\n<p><img loading=\"lazy\" decoding=\"async\" class=\"aligncenter size-full wp-image-3763\" style=\"border: 0pt none;\" src=\"http:\/\/hrkll.ch\/WordPress\/wp-content\/uploads\/Rohre_Titelbild.jpg\" alt=\"rohre_titelbild\" width=\"236\" height=\"248\" \/><\/p>\n<p><em>\u201eBerufsfelddidaktik\u201c ist ein Ausbildungsmodul f\u00fcr angehende Fachkundelehrpersonen an Berufsfachschulen. Die Ausbildung erfolgt berufsbegleitend, so dass die Teilnehmenden gleich versuchen k\u00f6nnen und sollen, das Behandelte in ihrem Unterricht umzusetzen. Matthias Dellenbach hat in diesem Rahmen einen Versuch mit den <a href=\"http:\/\/hrkll.ch\/WordPress\/?page_id=2414\">Acht Schritte<\/a> gewagt <\/em><em>und sein Vorgehen als Kompetenznachweis dokumentiert.<br \/>\n<\/em><\/p>\n<p><em>Die beschriebene Unterrichtssequenz ist relativ kurz, spielt aber die Acht Schritte in vollem Umfang durch. Speziell interessant ist, dass als \u201eSpickzettel\u201c auf den jeweiligen Betrieb abgestimmte Produkte entstehen, die das Potential haben, eine aus der Sicht von Matthias Dellenbach unbefriedigende Praxis zu ver\u00e4ndern.<\/em><\/p>\n<p><em>(Kursive Textstellen sind Kommentare von Hansruedi Kaiser. Textteile in Normalschrift stammen aus der Arbeit von Matthias Dellenbach. Sie sind teilweise der besseren Lesbarkeit halber etwas \u00fcberarbeitet.)<\/em><\/p>\n<p>F\u00fcr K\u00e4ltesystem-Monteure (KSM) sind mathematische Kompetenzen im Berufsalltag eher sekund\u00e4r. F\u00fcr den Unterhalt und die St\u00f6rungsbehebung von K\u00e4lteanlagen sind vielmehr analytisches Denken und das Verst\u00e4ndnis f\u00fcr zusammenh\u00e4ngende und dynamische Prozesse erforderlich (Ursache \u2013 Wirkung).<\/p>\n<p>Eine der wenigen Situationen, in denen der Gebrauch von Mathematik sinnvoll w\u00e4re, ist die folgende: Leitungen werden in k\u00e4ltetechnischen Anwendungen gr\u00f6sstenteils in Kupfer ausgef\u00fchrt. In den kleineren Dimensionen bis 3\/4\u201c k\u00f6nnen die Rohre von Hand mit dem Rohrbiegewerkzeug gebogen werden. Gr\u00f6ssere Dimensionen werden mittels Fittings miteinander verbunden.<\/p>\n<p><img loading=\"lazy\" decoding=\"async\" class=\"aligncenter size-full wp-image-3761\" style=\"border: 0pt none;\" src=\"http:\/\/hrkll.ch\/WordPress\/wp-content\/uploads\/Apparat_im_einsatz.jpg\" alt=\"apparat_im_einsatz\" width=\"254\" height=\"168\" \/><\/p>\n<p>Abbildung 1 &#8211; Rohrbiegeapparat im Einsatz<\/p>\n<p>In der Praxis findet man in diesem Zusammenhang oft irref\u00fchrende Vorstellungen. Die Frage, ob 4m Stangenrohr zu einem Quadrat von je 1m Seitenl\u00e4nge gebogen werden kann, beantworten viele Lernende mit Nein: Die B\u00f6gen br\u00e4uchten ja auch noch Rohr, daher fehle dann am Schluss ein St\u00fcck. Und so wird auf der Baustelle oft mehr Kupferrohr abgeschnitten, als n\u00f6tig w\u00e4re. Die Verschnitte landen im Recycling, wirken sich jedoch nicht oder nur marginal auf die Kosten aus.<\/p>\n<p>Der Bildungsplan der K\u00e4ltesystem-Monteure geht ausf\u00fchrlich auf diese Thematik ein (siehe Tabelle 1). Im Folgenden soll daraus die korrekte Berechnung der ben\u00f6tigten Rohrl\u00e4nge behandelt werden. Ziel ist es, das Verhalten im beruflichen Alltag zu professionalisieren; konkret:<\/p>\n<ul>\n<li>Die Lernenden k\u00f6nnen die korrekte Rohrl\u00e4nge eines Kupfergebildes berechnen.<\/li>\n<li>Die Lernenden entwickeln f\u00fcr Dimensionen bis \u00be\u201ceine Tabelle f\u00fcr den Einfluss des Biegens auf Rohrl\u00e4ngen.<\/li>\n<li>Die Lernenden k\u00f6nnen den Einfluss des Biegens auf die Rohrl\u00e4nge begr\u00fcnden.<\/li>\n<\/ul>\n<p>Tabelle 1: Leistungsziel aus dem <a href=\"http:\/\/www.bvz.admin.ch\/bvz\/grundbildung\/index.html?lang=de\" target=\"_blank\">Bildungsplan<\/a> der K\u00e4ltesystem-Monteure<\/p>\n<pre>1.3.1 Rohrleitungsmontage f\u00fcr K\u00e4ltesysteme\r\n\r\n<strong>Leistungsziele Berufsfachschule<\/strong>\r\nK\u00e4ltesystem-Monteure beschreiben die Anforderungen an \r\nden Rohrleitungsbau f\u00fcr K\u00e4ltesysteme mit Blick auf:\r\n- physikalische Gesetzm\u00e4ssigkeiten\r\n- Montage\r\n- Normen\r\n- Schutz gegen Besch\u00e4digungen Dritter\r\n(K2)\r\n\r\nSie f\u00fchren in den folgenden Aufgabenstellungen \r\nberufsspezifische Berechnungen durch:\r\n- Geometrie\r\n- Masse\r\n- Leitungsdimensionierung\r\n- L\u00e4ngenausdehnung\r\n(K3)\r\n\r\n<strong>Leistungsziele Betrieb<\/strong>\r\nIch erstelle und montiere Rohrleitungen f\u00fcr K\u00e4ltesysteme\r\nmit den folgenden Schritten sicher und gem\u00e4ss Auftrag:\r\n- Befestigungen montieren\r\n- Rohre abl\u00e4ngen und trennen\r\n- Rohre biegen\r\n- Enden vorbereiten f\u00fcr die diversen Verbindungstechniken\r\n- Rohre und Rohrsysteme montieren\r\n- Schutzgas einsetzen\r\n- Rohre verbinden\r\n- Rohre d\u00e4mmen\r\nDabei setze ich die geeigneten Arbeitstechniken, \r\nWerkzeuge, Ger\u00e4te und Maschinen fachgerecht und \r\nenergieeffizient ein.(K3)<\/pre>\n<h1>1\u00a0\u00a0 Warten, bis die Lernenden mit der Situation schon Erfahrungen gemacht haben<\/h1>\n<p>Die Lernenden werden in den meisten Betrieben sehr fr\u00fch mit dem Biegen von Rohren konfrontiert, sp\u00e4testens in der ersten beiden \u00dcK\u2019s im ersten Lehrjahr.<\/p>\n<p>Ich behandle dieses Thema im zweiten Lehrjahr, ein halbes Jahr vor der individuellen Zwischenpr\u00fcfung. Ein Bewertungspunkt ist die L\u00e4nge der Verschnitte, welche sich aus \u00f6kologischen und \u00f6konomischen Gr\u00fcnden auf ein Minimum beschr\u00e4nken sollten. (Aus meiner Lehrzeit weiss ich, dass ich zum Teil die Verschnitte in meiner Doppelmetertasche in der Seitentasche meiner Hosen verschwinden liess. Diese Wild-West Methode ist aber sehr heikel &#8211; und v\u00f6llig unn\u00f6tig, wenn man sich bez\u00fcglich der L\u00e4ngenberechnung sicher ist).<\/p>\n<p><em>Die Situation ist in diesem Fall den Lernenden in doppeltem Sinn vertraut. Einerseits kennen sie sie aus dem Betrieb. Und andererseits wissen sie, dass sie in K\u00fcrze an einer praktischen Pr\u00fcfung genau mit dieser Situation konfrontiert werden.<\/em><\/p>\n<h1>2\u00a0\u00a0 Die Lernenden schildern ihre Erfahrungen<\/h1>\n<p>Bei den Schilderungen k\u00f6nnen die Lernenden aus dem Vollen sch\u00f6pfen, da die Bearbeitung von Kupferrohren w\u00e4hrend einer Montage die unbestrittene Kernkompetenz darstellt.<\/p>\n<p><img loading=\"lazy\" decoding=\"async\" class=\"aligncenter size-full wp-image-3759\" style=\"border: 0pt none;\" src=\"http:\/\/hrkll.ch\/WordPress\/wp-content\/uploads\/Monteur_bei_der_arbeit.jpg\" alt=\"monteur_bei_der_arbeit\" width=\"200\" height=\"149\" \/><\/p>\n<p>Abbildung 2 &#8211; K\u00e4ltemonteur bei der Arbeit<\/p>\n<p>Ich erfahre in diesen Erz\u00e4hlungen oft haarstr\u00e4ubende Techniken. Das fehlende Wissen spiegelt sich deutlich wieder. Besonders erschreckend ist dies, da im zweiten Lehrjahr noch praktisch keine Lernenden v\u00f6llig selbstst\u00e4ndig arbeiten, sondern unter Aufsicht einer Fachkraft sind. Offenbar werden dabei ihre Fehlannahmen von diesen nicht korrigiert.<\/p>\n<p><em>Hier wird nochmals deutlich, dass Matthias Dellenbach seine Aufgabe nicht nur darin sieht, die Lernenden beim Bew\u00e4ltigen einer bestimmten beruflichen Handlungssituation zu unterst\u00fctzen, so wie sie normalerweise im Alltag angegangen wird. Sein Ziel ist es, die Qualit\u00e4t dieser Praxis zu erh\u00f6hen.<\/em><\/p>\n<p><em>Wie man in der Lektionenplanung im Anhang sehen kann. Wurde f\u00fcr diesen Schritt relativ viel Zeit (30 Minuten) eingesetzt. Das macht durchaus Sinn, denn je pr\u00e4senter die entsprechende Situation aus der beruflichen Praxis im Schulzimmer ist, umso weniger besteht die Gefahr, dass Lehrperson und Lernende aneinander vorbeireden.<\/em><\/p>\n<h1>3\u00a0\u00a0 Die Lernenden l\u00f6sen eine mittelschwere Aufgabe<\/h1>\n<p>Im Unterricht pr\u00e4sentiere ich eine Zeichnung eines Rohrgebildes mit einigen B\u00f6gen, welche 45\u00b0 &#8211; 180\u00b0 betragen. Das Rohrgebilde ist vorerst zweidimensional, um unn\u00f6tige Verwirrung zu vermeiden. In freien Gruppen von 3 Personen sind die Lernenden beauftragt, die korrekte Rohrl\u00e4nge ohne irgendwelche Reserve zu bestimmen. Ziel ist, dass sich die beiden Rohrenden nach dem Biegen exakt ber\u00fchren.<\/p>\n<p>Auf der Massskizze sind angegeben:<\/p>\n<ul>\n<li>Die Vermassung ab der neutralen Faser (immer Mitte Rohr, wie in der Praxis \u00fcblich).<\/li>\n<li>Die Rohrdimension<\/li>\n<li>Sowie (als Tipp) den Radius des Biegeapparates, in der Regel in Form eines technischen Datenblattes eines Biegeger\u00e4tes<\/li>\n<\/ul>\n<p><img loading=\"lazy\" decoding=\"async\" class=\"aligncenter size-full wp-image-3757\" style=\"border: 0pt none;\" src=\"http:\/\/hrkll.ch\/WordPress\/wp-content\/uploads\/Einstiegsaufgabe.jpg\" alt=\"einstiegsaufgabe\" width=\"392\" height=\"324\" srcset=\"https:\/\/hrkll.ch\/WordPress\/wp-content\/uploads\/Einstiegsaufgabe.jpg 392w, https:\/\/hrkll.ch\/WordPress\/wp-content\/uploads\/Einstiegsaufgabe-300x248.jpg 300w, https:\/\/hrkll.ch\/WordPress\/wp-content\/uploads\/Einstiegsaufgabe-363x300.jpg 363w\" sizes=\"auto, (max-width: 392px) 100vw, 392px\" \/><\/p>\n<p>Abbildung 3: Massskizze f\u00fcr die Aufgabe in Schritt 3<\/p>\n<h1>4 \u00a0 Gemeinsam die L\u00f6sungen der Lernenden kritisch besprechen<\/h1>\n<p>In diesem Schritt erstelle ich eine Rangliste, in welcher die verschiedenen Resultate aufgelistet sind. In der Diskussion werden die Abweichungen analysiert und die richtigen Resultate hervorgehoben.Je nach Klasse lagen die L\u00f6sungen +\/- 20% um den effektiven Wert.<\/p>\n<p><em>Da die Aufgabe in diesem Fall eine eindeutige L\u00f6sung hat, kann man nat\u00fcrlich eine Rangliste danach erstellen, wie nahe die einzelnen Gruppen dieser L\u00f6sung kommen. Ich w\u00fcrde solche Wettbewerbselemente nur sehr zur\u00fcckhaltend einsetzen. Denn schliesslich wird im Schritt 3 den Lernenden absichtlich eine Aufgabe gestellt, die sie vermutlich nicht vollst\u00e4ndig l\u00f6sen k\u00f6nnen. Wichtiger als ein Wettkampf um die beste L\u00f6sung ist deshalb, dass die einzelnen Gruppen kreativ nach m\u00f6glichen L\u00f6sungen suchen und die Schwierigkeiten ausloten, auf die sie bei der Bew\u00e4ltigung der Situation stossen. Nicht die Qualit\u00e4t der L\u00f6sungen, sondern die Qualit\u00e4t der Fragen, welche sich aus den L\u00f6sungsversuchen ergeben, ist zentral f\u00fcr den weitern Ablauf des Unterrichts.<\/em><\/p>\n<h1>5\u00a0\u00a0 Das Werkzeug an realistischem Beispiel modellhaft demonstrieren<\/h1>\n<p>Hier erfolgt mein Input in Form eines Lehrervortrages und anhand des gleichen Beispiels wie in der Gruppe. Wichtige Unterrichtsmaterialien sind hierbei sicher ein Biegeapparat und das Rohrgebilde, welches auf der Skizze abgebildet war. Ein Fokus wird auf der Erkl\u00e4rung der neutralen Faser liegen, welche ich zum Beispiel farbig hervorheben k\u00f6nnte.<\/p>\n<p>Mein Fokus liegt auf den B\u00f6gen. Eine bildliche Darstellung der Situation wird die Lernenden davon \u00fcberzeugen, dass der 90\u00b0 Bogen nicht etwas mehr Rohr braucht, sondern gegen\u00fcber dem 90\u00b0 Winkel eine Abk\u00fcrzung darstellt.<\/p>\n<p><img loading=\"lazy\" decoding=\"async\" class=\"aligncenter size-full wp-image-3755\" src=\"http:\/\/hrkll.ch\/WordPress\/wp-content\/uploads\/Visualisierung.jpg\" alt=\"visualisierung\" width=\"318\" height=\"346\" srcset=\"https:\/\/hrkll.ch\/WordPress\/wp-content\/uploads\/Visualisierung.jpg 318w, https:\/\/hrkll.ch\/WordPress\/wp-content\/uploads\/Visualisierung-276x300.jpg 276w\" sizes=\"auto, (max-width: 318px) 100vw, 318px\" \/><\/p>\n<p>Abbildung 4 &#8211; Visualisierung des Rohrgebildes<\/p>\n<p>Ich versuche im Unterricht h\u00e4ufig, das zementierte Lehrer-Sch\u00fcler-Gebilde sanft aufzubrechen. Ein bew\u00e4hrtes Mittel ist hierzu die \u201eTischrunde\u201c im hinteren Teil des Schulzimmers. Dies klappt selbst bei Klassen von 20 Lernenden, zum Teil sitzen diese dann in einer Doppelreihe.<\/p>\n<p>Die Atmosph\u00e4re, die Hierarchie \u00e4ndert sich in diesem Setting sp\u00fcrbar. Inputs fallen schneller, es bietet einen optimaleren Raum f\u00fcr Gespr\u00e4che und Spontanit\u00e4t.<\/p>\n<p>Das folgende Bild zeigt eine solche Tischrunde. Dort wird der Schritt 5 thematisiert, allerdings nicht nur mit einem Rohrgebilde, sondern aufgrund der unterschiedlichen Resultate der Rohrl\u00e4ngen mit einem Beispiel aus dem Alltag. Die Lernenden sollten auf einem Grundriss den schnellsten Weg zu Burger King finden und feststellen, dass z.B. ein Viertelbogen eine Abk\u00fcrzung gegen\u00fcber einem Winkel darstellt. Der Glaube, dass B\u00f6gen zus\u00e4tzliches Rohrmaterial ben\u00f6tigen, sollte hier ein f\u00fcr alle Mal ausgetrieben werden!<\/p>\n<p><img loading=\"lazy\" decoding=\"async\" class=\"aligncenter size-full wp-image-3753\" style=\"border: 0pt none;\" src=\"http:\/\/hrkll.ch\/WordPress\/wp-content\/uploads\/Weg_zum_BurgerKing.jpg\" alt=\"weg_zum_burgerking\" width=\"418\" height=\"277\" srcset=\"https:\/\/hrkll.ch\/WordPress\/wp-content\/uploads\/Weg_zum_BurgerKing.jpg 418w, https:\/\/hrkll.ch\/WordPress\/wp-content\/uploads\/Weg_zum_BurgerKing-300x199.jpg 300w\" sizes=\"auto, (max-width: 418px) 100vw, 418px\" \/><\/p>\n<p>Abbildung 5: Finde den schnellsten Weg zum Burger King!<\/p>\n<p>Als Mittel diente dazu ein angefertigter Grundriss auf einem Flipchart und 2 Duplo-T\u00f6ggeli, welche sich permanent im Materialschrank befinden.<\/p>\n<p><img loading=\"lazy\" decoding=\"async\" class=\"aligncenter size-full wp-image-3751\" style=\"border: 0pt none;\" src=\"http:\/\/hrkll.ch\/WordPress\/wp-content\/uploads\/Laut_Denken.jpg\" alt=\"laut_denken\" width=\"418\" height=\"277\" srcset=\"https:\/\/hrkll.ch\/WordPress\/wp-content\/uploads\/Laut_Denken.jpg 418w, https:\/\/hrkll.ch\/WordPress\/wp-content\/uploads\/Laut_Denken-300x199.jpg 300w\" sizes=\"auto, (max-width: 418px) 100vw, 418px\" \/><\/p>\n<p>Abbildung 6: Matthias l\u00f6st die Aufgabe laut denkend<\/p>\n<p><em>Das gew\u00e4hlte Vorgehen illustriert sch\u00f6n, wie im Schritt 5 das Modellieren eines professionellen Vorgehens \u2013 hier anhand desselben Gebildes, wie es der Aufgabe in Schritt 3 zu Grunde lag \u2013 je nachdem durch mehr oder weniger Hintergrundwissen unterlegt werden muss, damit f\u00fcr die Lernenden nachvollziehbar wird, warum die Lehrperson als Profi genau dieses Vorgehen w\u00e4hlt. Hier \u00fcbernimmt die anschauliche Analogie mit dem Weg zum Burger King diese Rolle.<\/em><\/p>\n<p><em>Je nach Umfang des ben\u00f6tigten Hintergrundwissens und des dazu bei den Lernenden vorhandenen oder fehlenden Vorwissens, k\u00f6nnen solche Einsch\u00fcbe unterschiedlich gross sein und gegebenenfalls auch einmal mehrere Lektionen umfassen. Wichtig ist dabei aber, dass diese Einsch\u00fcbe sich nicht verselbstst\u00e4ndigen, sondern dass der Weg zur\u00fcck zum modellhaften Vorgehen wieder gefunden wird.<\/em><\/p>\n<h1>6 \u00a0 Die Lernenden \u00fcben mit selbst erfundenen Beispielen<\/h1>\n<p>Die Lernenden sind nun angehalten, selber Beispiele zu kreieren. Wichtig f\u00fcr diesen Punkt ist die Kenntnis der Biegeradien der jeweiligen Rohrdimensionen. Jeder Lernende soll 2 \u00dcbungen erstellen.<\/p>\n<p><img loading=\"lazy\" decoding=\"async\" class=\"aligncenter size-full wp-image-3749\" style=\"border: 0pt none;\" src=\"http:\/\/hrkll.ch\/WordPress\/wp-content\/uploads\/Gruppe_beim_Rechnen.jpg\" alt=\"gruppe_beim_rechnen\" width=\"419\" height=\"277\" srcset=\"https:\/\/hrkll.ch\/WordPress\/wp-content\/uploads\/Gruppe_beim_Rechnen.jpg 419w, https:\/\/hrkll.ch\/WordPress\/wp-content\/uploads\/Gruppe_beim_Rechnen-300x198.jpg 300w\" sizes=\"auto, (max-width: 419px) 100vw, 419px\" \/><\/p>\n<p>Abbildung 7: Gruppe beim Ausrechnen von Rohrl\u00e4ngen<\/p>\n<h1>7\u00a0\u00a0 Die Lernenden erarbeiten einen Spickzettel<\/h1>\n<p>Im Verfassen des Spickzettels sollen die Lernenden grunds\u00e4tzlich frei sein, allerdings braucht es hier noch eine Vorarbeit. Die Lernenden m\u00fcssen als Hausaufgabe die Biegeradien Ihrer im Betrieb verwendeten Biegeapparate ausmessen und notieren. Diese sind je nach Fabrikat nicht exakt gleich. Den Spickzettel gibt dann Auskunft, wie viel Kupferrohr pro Bogen eingespart wird und dementsprechend der Gesamtl\u00e4nge abgezogen werden kann.<\/p>\n<p><img loading=\"lazy\" decoding=\"async\" class=\"aligncenter size-full wp-image-3747\" style=\"border: 0pt none;\" src=\"http:\/\/hrkll.ch\/WordPress\/wp-content\/uploads\/Rohrbieger_web.jpg\" alt=\"rohrbieger_web\" width=\"351\" height=\"430\" srcset=\"https:\/\/hrkll.ch\/WordPress\/wp-content\/uploads\/Rohrbieger_web.jpg 351w, https:\/\/hrkll.ch\/WordPress\/wp-content\/uploads\/Rohrbieger_web-245x300.jpg 245w\" sizes=\"auto, (max-width: 351px) 100vw, 351px\" \/><\/p>\n<p>Abbildung 8: Beispiel eines Biegeapparats mit Rohr<\/p>\n<p>Der Spickzettel kann dann auch laminiert und in der Werkzeugtasche mitgef\u00fchrt werden. Die Lernenden haben so einen direkten Nutzen bei der praktischen Arbeit und das erh\u00f6ht die Bedeutsamkeit des Unterrichtsgegenstandes.<\/p>\n<p><img loading=\"lazy\" decoding=\"async\" class=\"aligncenter wp-image-3745 size-full\" style=\"border: 0pt none;\" src=\"http:\/\/hrkll.ch\/WordPress\/wp-content\/uploads\/Biegetabelle.jpg\" alt=\"biegetabelle\" width=\"433\" height=\"230\" srcset=\"https:\/\/hrkll.ch\/WordPress\/wp-content\/uploads\/Biegetabelle.jpg 433w, https:\/\/hrkll.ch\/WordPress\/wp-content\/uploads\/Biegetabelle-300x159.jpg 300w\" sizes=\"auto, (max-width: 433px) 100vw, 433px\" \/><\/p>\n<p><em>Ob sie wirklich n\u00fctzliche Spickzettel erarbeitet haben, merken die Lernenden erst, wenn sie diese im Betrieb wirklich einsetzen. Interessant ist, dass hier versucht wird, zumindest in einem Punkt gezielt die N\u00fctzlichkeit der Spickzettel zu erh\u00f6hen, indem die Lernenden den Auftrag erhalten, ihre jeweilige Variante auf die Gegebenheiten im Betrieb, auf die dort vorhandenen und genutzten Biegeapparate anzupassen.<\/em><\/p>\n<p><em>Die Spickzettel werden so konsequent als handliche Werkzeuge f\u00fcr den Einsatz im Betrieb ausgestaltet. Sie enthalten nicht eine Formel oder Rechenanweisung, mit deren Hilfe dann jedes Mal die entsprechende Berechnung neu durchgef\u00fchrt wird, sondern diese sich immer wieder wiederholenden Berechnungen werden einmal durchgef\u00fchrt und die Resultate in einer im Alltag nutzbaren Form tabellarisch festgehalten.<\/em><\/p>\n<h1>8\u00a0\u00a0 Gemeinsam die Anwendung im Betrieb diskutieren<\/h1>\n<p>Die Lernenden erhalten den Auftrag, bei der n\u00e4chsten konkreten Anwendung im Betrieb das Vorgehen mit anderen Lernenden, eventuell Fachkr\u00e4ften zu thematisieren. Wie machen es die anderen? Eventuell gibt es im Betrieb andere solche Spickzettel, die verglichen werden k\u00f6nnen.<\/p>\n<h1>9\u00a0\u00a0 Zusammenfassung<\/h1>\n<p>Die Lektion wurde gem\u00e4ss Planung durchgef\u00fchrt, der Zeitplan und das Programm konnten optimal eingehalten werden. Die Einzige \u00c4nderung war spontaner Art und war die Folge der h\u00f6chst unterschiedlichen Resultate der Rohrl\u00e4ngen aus der Gruppenarbeit.<\/p>\n<p>Das Engagement nahm ich als eher \u00dcberdurchschnittlich war. Der Grund daf\u00fcr k\u00f6nnte der sehr nahe Praxisbezug sein, mehrere Lernende gaben auch entsprechende Feedbacks.<\/p>\n<p>Grunds\u00e4tzlich kann die Unterrichtssequenz auch k\u00fcnftig so eingesetzt werden. Die individuellen angefertigten Rohrbiegetabellen im Anschluss an den Unterricht fanden Zuspruch und werden zum Teil von den Lernenden verwendet, sogar Lernende in den anderen Lehrjahren haben davon Wind bekommen.<\/p>\n<p>Ich sch\u00e4tze diese Sequenz als \u00e4usserst handlungsorientiert ein. Dies entspricht meiner Philosophie. In diesem Sinne w\u00fcrde ich die Sequenz wohl noch ausbauen. Eher nicht am gleichen Schultag, sondern gestaffelt an 2 Schultagen. Mit der fertigen Tabelle k\u00f6nnte im Unterrichtszimmer ohne weiteres ein simples Gebilde mit kleiner Kupferrohrdimension gebogen werden. Falls dies 2-Dimensional geschieht, kann das Gebilde sogar auf einen vorher ausgedruckten Rohrleitungsplan abgelegt und verglichen werden. In diesem Zusammenhang w\u00fcrde dann ein weiteres, schwer bis unm\u00f6glich zu berechnendes Ph\u00e4nomen auftreten: Die Streckung des Kupferrohrs durch den Biegevorgang!<\/p>\n<p>Der Nutzen f\u00fcr die Lernenden w\u00e4re erneut h\u00f6her, der Transfer durch die praktische Anwendung noch vereinfacht. Der technische und materielle Aufwand w\u00e4re \u00e4usserst bescheiden, der zeitliche Aufwand auch.<\/p>\n<p>Ob das Biegen dann vom Lehrer oder von den Lernenden ausgef\u00fchrt wird, lasse ich offen. Im Idealfall w\u00e4re es ein Lernender. Aber die Wirkung, wenn ein Lehrer im Hemd und Sandalen Werkzeug in die H\u00e4nde nimmt und selber biegt, darf nicht untersch\u00e4tzt werden und unterstreicht seine Fachkompetenz.<\/p>\n<p><em>Es handelt sich hier um eine Umsetzung, welche sehr nahe am Grundmodell der Acht Schritte bleibt. Besonders interessant sind drei Punkte:<\/em><\/p>\n<p><strong><em>Wahl des mathematischen Werkzeugs:<\/em><\/strong><em> Auf den Spickzetteln wird nicht festgehalten, wie lange eine gebogene R\u00f6hre ist (oder wie sich diese L\u00e4nge berechnen l\u00e4sst), sondern um wie viele Zentimeter sich die ben\u00f6tigte R\u00f6hre gegen\u00fcber einer \u201eeckigen\u201c Anordnung verk\u00fcrzt, wenn man sie biegt. Dies tr\u00e4gt dem Umstand Rechnung, dass es im beruflichen Alltag meist relativ einfach ist, die \u201eeckige\u201c L\u00e4nge aus einem Plan herauszulesen oder vor Ort zu messen. Ben\u00f6tigt wird daher f\u00fcr eine korrekte Berechnung nicht die \u201erunde\u201c L\u00e4nge, sondern die Ver\u00e4nderung gegen\u00fcber der \u201eeckigen\u201c L\u00e4nge, die sich durch das Biegen ergibt.<\/em><\/p>\n<p><strong><em>Massgeschneiderte Spickzettel:<\/em><\/strong><em> Konsequenterweise werden die Spickzettel genau auf diesen Gebrauch ausgerichtet. Dabei muss ber\u00fccksichtigt werden, dass jeder Betrieb mit unterschiedlichen Biegeapparaten arbeitet, so dass eine Anpassung der einzelnen Spickzettel an die jeweilige betriebliche Situation unumg\u00e4nglich ist. So entsteht nicht einfach nur ein Ged\u00e4chtnisst\u00fctze, welche den Transfer des Gelernten von der Schule in den Betrieb erleichtern kann, sondern ein eigentliches in der Praxis nutzbares Produkt.<\/em><\/p>\n<p><strong><em>Kritische Reflexion g\u00e4ngiger beruflicher Praxis:<\/em><\/strong><em> Auf Handlungskompetenz ausgerichtete Ausbildungsmodelle m\u00fcssen manchmal mit dem Vorwurf k\u00e4mpfen, dass sie einfach darauf aus sind, die Lernenden als funktionierende Mitarbeitende an die bestehende berufliche Realit\u00e4t anzupassen und ihnen kein Werkzeug mitgeben, diese auch kritisch zu hinterfragen. Das Beispiel illustriert sch\u00f6n, dass dem nicht so sein muss. Die Praxis, auf die hingearbeitet wird, muss keineswegs unreflektiert spiegeln, was in Betrieben so \u00fcblich ist, sondern kann sich kritisch davon abheben. Gegen\u00fcber einer reinen Reflexion hat die Handlungskompetenzorientierung den Vorteil, dass sie die Lernenden zus\u00e4tzlich bef\u00e4higt, die Praxis auch tats\u00e4chlich zu ver\u00e4ndern \u2013 so wie es hier an einem ganz konkreten Beispiel geschieht.<\/em><\/p>\n<p>Anhang: Lektionenplan und Arbeitsblatt (am Schluss der <a href=\"http:\/\/www.hrkll.ch\/vom_Kopf_auf_die_Fuesse\/Hintergrund\/Acht%20Schritte\/Rohre_Biegen_8_Schritte.pdf\" target=\"_blank\">pdf<\/a>-Version)<\/p>\n","protected":false},"excerpt":{"rendered":"<p>pdf KOMPETENZNACHWEIS BERUFSFELDDIDAKTIK \u201eBerufsfelddidaktik\u201c ist ein Ausbildungsmodul f\u00fcr angehende Fachkundelehrpersonen an Berufsfachschulen. Die Ausbildung erfolgt berufsbegleitend, so dass die Teilnehmenden gleich versuchen k\u00f6nnen und sollen, das Behandelte in ihrem Unterricht umzusetzen. Matthias Dellenbach hat in diesem Rahmen einen Versuch mit &hellip; <a href=\"https:\/\/hrkll.ch\/WordPress\/vom-kopf-auf-die-fuesse\/didaktisches-grundmodell\/acht-schritte\/beispiele\/rohre-biegen-ein-beispiel-in-acht-schritten\/\">Weiterlesen <span class=\"meta-nav\">&rarr;<\/span><\/a><\/p>\n","protected":false},"author":7,"featured_media":0,"parent":3211,"menu_order":6,"comment_status":"closed","ping_status":"closed","template":"sidebar-page.php","meta":{"footnotes":""},"class_list":["post-3736","page","type-page","status-publish","hentry"],"_links":{"self":[{"href":"https:\/\/hrkll.ch\/WordPress\/wp-json\/wp\/v2\/pages\/3736","targetHints":{"allow":["GET"]}}],"collection":[{"href":"https:\/\/hrkll.ch\/WordPress\/wp-json\/wp\/v2\/pages"}],"about":[{"href":"https:\/\/hrkll.ch\/WordPress\/wp-json\/wp\/v2\/types\/page"}],"author":[{"embeddable":true,"href":"https:\/\/hrkll.ch\/WordPress\/wp-json\/wp\/v2\/users\/7"}],"replies":[{"embeddable":true,"href":"https:\/\/hrkll.ch\/WordPress\/wp-json\/wp\/v2\/comments?post=3736"}],"version-history":[{"count":0,"href":"https:\/\/hrkll.ch\/WordPress\/wp-json\/wp\/v2\/pages\/3736\/revisions"}],"up":[{"embeddable":true,"href":"https:\/\/hrkll.ch\/WordPress\/wp-json\/wp\/v2\/pages\/3211"}],"wp:attachment":[{"href":"https:\/\/hrkll.ch\/WordPress\/wp-json\/wp\/v2\/media?parent=3736"}],"curies":[{"name":"wp","href":"https:\/\/api.w.org\/{rel}","templated":true}]}}