{"id":3624,"date":"2016-06-24T14:05:22","date_gmt":"2016-06-24T13:05:22","guid":{"rendered":"http:\/\/hrkll.ch\/WordPress\/?page_id=3624"},"modified":"2018-10-19T12:54:39","modified_gmt":"2018-10-19T11:54:39","slug":"ist-das-ein-rechter-winkel-ein-beispiel-in-acht-schritten","status":"publish","type":"page","link":"https:\/\/hrkll.ch\/WordPress\/vom-kopf-auf-die-fuesse\/didaktisches-grundmodell\/acht-schritte\/beispiele\/ist-das-ein-rechter-winkel-ein-beispiel-in-acht-schritten\/","title":{"rendered":"Ist das ein rechter Winkel? \u2013 ein Beispiel in Acht Schritten"},"content":{"rendered":"<p><a href=\"http:\/\/www.hrkll.ch\/vom_Kopf_auf_die_Fuesse\/Hintergrund\/Acht%20Schritte\/Winkelkontrolle.pdf\" target=\"_blank\" rel=\"noopener\">pdf<\/a> Markus Roffler hat im Rahmen seiner Ausbildung zur Fachkundelehrpersonen an Berufsfachschulen ein Modul zu \u201eFachrechnen\u201c besucht. Die Ausbildung erfolgt berufsbegleitend, so dass die Teilnehmenden gleich versuchen k\u00f6nnen und sollen, das Behandelte in ihrem Unterricht umzusetzen. Markus hat in diesem Rahmen einen Versuch mit den <a href=\"http:\/\/hrkll.ch\/WordPress\/?page_id=2414\"><em>Acht Schritte<\/em><\/a><em> gewagt\u00a0<\/em>.<\/p>\n<p>Dieser Versuch wird hier eher knapp dargestellt, knapper als die meisten anderen <a href=\"http:\/\/hrkll.ch\/WordPress\/vom-kopf-auf-die-fuesse\/didaktisches-grundmodell\/acht-schritte\/beispiele\/\"><em>Beispiele<\/em><\/a>. Dies vor allem darum, weil der Versuch nach Schritt 4 abbricht, da in diesem Moment bereits klar ist, dass die Lernenden mit der Situation umgehen k\u00f6nnen.<\/p>\n<h1>1 Warten, bis die Lernenden mit der Situation schon Erfahrungen gemacht haben<\/h1>\n<p>Auf dem Bau muss manchmal \u00fcberpr\u00fcft werden, ob es sich bei einem Winkel tats\u00e4chlich &#8211; wie vorgegeben oder wie angenommen &#8211; um einen rechten Winkel handelt. Die Lernenden stehen im 1. Jahr ihrer Ausbildung zum Schreiner\/in EFZ\u00a0 und sollten diese Situation bereits mehrfach erlebt haben.<\/p>\n<h1>2 Die Lernenden schildern ihre Erfahrungen<\/h1>\n<p>Tats\u00e4chlich berichten die Lernenden von verschiedenen konkreten Situationen, in den sie erlebt haben, dass ein Winkel \u00fcberpr\u00fcft wurde:<\/p>\n<ul>\n<li>Eine Sockelmontage in einer K\u00fcche.<\/li>\n<li>Der Winkel einer Nische vor dem Einbau eines Schrankes.<\/li>\n<li>Die Mauerleibung f\u00fcr eine Rahment\u00fcre.<\/li>\n<\/ul>\n<h1>3 Die Lernenden l\u00f6sen eine mittelschwere Aufgabe<\/h1>\n<p>Die Lernenden besprechen in Gruppen, wie sie bei einer solchen Winkelkontrolle vorgehen w\u00fcrden.<\/p>\n<p>Viele kennen das auf dem Baum oft eingesetzte Verh\u00e4ltnis von 200cm\/160cm\/120cm f\u00fcr die Seiten eines geeigneten Dreiecks. (200 cm entsprechen der L\u00e4nge des auf dem Bau oft eingesetzten, zusammenklappbaren \u201eDoppelmeters\u201c, ist also die l\u00e4ngste L\u00e4nge, welche einfach mit den immer vorhandenen Mitteln gemessen werden kann).<\/p>\n<p>Auch ist ihnen klar, dass man dieses Verh\u00e4ltnis nutzen kann, indem man bspw. zuerst ausgehend von der Ecke an einer Wand 120cm abmisst, dann den ausgeklappten Doppelmeter so einf\u00fcgt, dass er beide W\u00e4nde ber\u00fchrt (die erste Wand an der abgemessenen Stelle) und schliesslich ausmisst, ob der Ber\u00fchrungspunkt an der zweiten Wand 160cm von der Ecke weg liegt.<\/p>\n<p>Die Nutzung der ganzen L\u00e4nge des Doppelmeters liefert zwar ein mit diesen Mitteln m\u00f6glichst genaues Resultat. Oft besteht aber nicht gen\u00fcgend Platz daf\u00fcr. Die Lernenden beginnen deshalb in den Gruppen Tabellen f\u00fcr andere, \u201ekleinere\u201c Verh\u00e4ltnisse zu entwickeln.<\/p>\n<p>Einige Produkte:<\/p>\n<p><img loading=\"lazy\" decoding=\"async\" class=\"aligncenter size-full wp-image-3628\" style=\"border: 0pt none;\" src=\"http:\/\/hrkll.ch\/WordPress\/wp-content\/uploads\/Winkelkontrolle_Gruppe_A.jpg\" alt=\"Winkelkontrolle_Gruppe_A\" width=\"460\" height=\"334\" srcset=\"https:\/\/hrkll.ch\/WordPress\/wp-content\/uploads\/Winkelkontrolle_Gruppe_A.jpg 460w, https:\/\/hrkll.ch\/WordPress\/wp-content\/uploads\/Winkelkontrolle_Gruppe_A-300x218.jpg 300w, https:\/\/hrkll.ch\/WordPress\/wp-content\/uploads\/Winkelkontrolle_Gruppe_A-413x300.jpg 413w\" sizes=\"auto, (max-width: 460px) 100vw, 460px\" \/><\/p>\n<p>Gruppenl\u00f6sung A<\/p>\n<p><img loading=\"lazy\" decoding=\"async\" class=\"aligncenter size-full wp-image-3629\" style=\"border: 0pt none;\" src=\"http:\/\/hrkll.ch\/WordPress\/wp-content\/uploads\/Winkelkontrolle_Gruppe_B.jpg\" alt=\"Winkelkontrolle_Gruppe_B\" width=\"460\" height=\"264\" srcset=\"https:\/\/hrkll.ch\/WordPress\/wp-content\/uploads\/Winkelkontrolle_Gruppe_B.jpg 460w, https:\/\/hrkll.ch\/WordPress\/wp-content\/uploads\/Winkelkontrolle_Gruppe_B-300x172.jpg 300w\" sizes=\"auto, (max-width: 460px) 100vw, 460px\" \/><\/p>\n<p>Gruppenl\u00f6sung B<\/p>\n<p><img loading=\"lazy\" decoding=\"async\" class=\"aligncenter size-full wp-image-3630\" style=\"border: 0pt none;\" src=\"http:\/\/hrkll.ch\/WordPress\/wp-content\/uploads\/Winkelkontrolle_Gruppe_C.jpg\" alt=\"Winkelkontrolle_Gruppe_C\" width=\"460\" height=\"288\" srcset=\"https:\/\/hrkll.ch\/WordPress\/wp-content\/uploads\/Winkelkontrolle_Gruppe_C.jpg 460w, https:\/\/hrkll.ch\/WordPress\/wp-content\/uploads\/Winkelkontrolle_Gruppe_C-300x188.jpg 300w\" sizes=\"auto, (max-width: 460px) 100vw, 460px\" \/><\/p>\n<p>Gruppenl\u00f6sung C<\/p>\n<p>Die Lernenden laden sich die Zusammenstellungen, die ihnen n\u00fctzlich erscheinen, auch gleich in ihr e-portfolio, so dass sie diese im Betrieb jederzeit auf dem Smartphone dabei haben.<\/p>\n<h1>4 Gemeinsam die L\u00f6sungen der Lernenden kritisch besprechen<\/h1>\n<p>Markus schreibt dazu \u201e<em>Die Lernenden konnten bei dieser Aufgabe sehr gut auf Ihr bestehendes Wissen zur\u00fcckgreifen. Meine Vorgehensweise habe ich in der Besprechung der Produkte aus Schritt 3 erw\u00e4hnt (3\/4\/5 <\/em>und dann geeignet hochrechnen, vgl. Abbildung 1<em>). Bei der Pr\u00e4sentation der Poster wurden diverse Anwendungsbeispiele genannt<\/em>.\u201c<\/p>\n<h1>Zusammenfassung<\/h1>\n<p>Markus konnte die Behandlung der Situation abbrechen, da die Lernenden offensichtlich die Sache im Griff hatten. Sogar Spickzettel haben sie spontan selbst entwickelt und diese anschliessend in ihrem e-portfolio hinzugef\u00fcgt. Das Beispiel der Gruppe B hat zudem ein Grossteil der Klasse als beste Variante \u00fcbernommen.<\/p>\n<p>Insgesamt gen\u00fcgten 45 Minuten f\u00fcr diese Unterrichtseinheit.<\/p>\n<p>Das Unterfangen nach Schritt 4 abzubrechen war ein mutiger, aber sicher richtiger Entscheid. Generell gelangt Markus zu folgender Einsch\u00e4tzung:<\/p>\n<ul>\n<li>\u201eDas 8-Schritte-Modell hat sich bei mir bei einfachen aber auch bei komplexen Berechnungen bew\u00e4hrt.<\/li>\n<li>Das Modell finde ich genial &#8211; ideal f\u00fcr den Fachunterricht.\u201c<\/li>\n<\/ul>\n","protected":false},"excerpt":{"rendered":"<p>pdf Markus Roffler hat im Rahmen seiner Ausbildung zur Fachkundelehrpersonen an Berufsfachschulen ein Modul zu \u201eFachrechnen\u201c besucht. Die Ausbildung erfolgt berufsbegleitend, so dass die Teilnehmenden gleich versuchen k\u00f6nnen und sollen, das Behandelte in ihrem Unterricht umzusetzen. Markus hat in diesem &hellip; <a href=\"https:\/\/hrkll.ch\/WordPress\/vom-kopf-auf-die-fuesse\/didaktisches-grundmodell\/acht-schritte\/beispiele\/ist-das-ein-rechter-winkel-ein-beispiel-in-acht-schritten\/\">Weiterlesen <span class=\"meta-nav\">&rarr;<\/span><\/a><\/p>\n","protected":false},"author":7,"featured_media":0,"parent":3211,"menu_order":1,"comment_status":"closed","ping_status":"closed","template":"sidebar-page.php","meta":{"footnotes":""},"class_list":["post-3624","page","type-page","status-publish","hentry"],"_links":{"self":[{"href":"https:\/\/hrkll.ch\/WordPress\/wp-json\/wp\/v2\/pages\/3624","targetHints":{"allow":["GET"]}}],"collection":[{"href":"https:\/\/hrkll.ch\/WordPress\/wp-json\/wp\/v2\/pages"}],"about":[{"href":"https:\/\/hrkll.ch\/WordPress\/wp-json\/wp\/v2\/types\/page"}],"author":[{"embeddable":true,"href":"https:\/\/hrkll.ch\/WordPress\/wp-json\/wp\/v2\/users\/7"}],"replies":[{"embeddable":true,"href":"https:\/\/hrkll.ch\/WordPress\/wp-json\/wp\/v2\/comments?post=3624"}],"version-history":[{"count":0,"href":"https:\/\/hrkll.ch\/WordPress\/wp-json\/wp\/v2\/pages\/3624\/revisions"}],"up":[{"embeddable":true,"href":"https:\/\/hrkll.ch\/WordPress\/wp-json\/wp\/v2\/pages\/3211"}],"wp:attachment":[{"href":"https:\/\/hrkll.ch\/WordPress\/wp-json\/wp\/v2\/media?parent=3624"}],"curies":[{"name":"wp","href":"https:\/\/api.w.org\/{rel}","templated":true}]}}