{"id":362,"date":"2013-02-02T17:57:19","date_gmt":"2013-02-02T16:57:19","guid":{"rendered":"http:\/\/hrkll.ch\/WordPress\/?page_id=362"},"modified":"2014-03-01T20:38:57","modified_gmt":"2014-03-01T19:38:57","slug":"mem","status":"publish","type":"page","link":"https:\/\/hrkll.ch\/WordPress\/situierte-kompetenzen\/beispiele\/mem\/","title":{"rendered":"Situierte Kompetenzen von Berufsleuten aus der Metall- , Elektro- und Maschinenbranche"},"content":{"rendered":"<div>\n<div>\n<h2>Kommentar<\/h2>\n<\/div>\n<p>Diese Kompetenzbeschreibungen weichen in gewissen Punkten stark vom Konzept ab. Einmal folgt die Einteilung der Ressourcen nicht mehr den Kategorien des IML (Kenntnisse = deklaratives Wissen; Fertigkeiten = prozedurales und sensomotorisches Wissen), sondern sie werden in fachliche, methodische und soziale Ressourcen, sowie Ressourcen der Arbeitssicherheit, des Gesundheitsschutzes und des Umweltschutz eingeteilt (<a title=\"Initiates file download\" href=\"http:\/\/www.hrkll.ch\/typo\/fileadmin\/Texte\/SiKo\/Polymech_Werkstuecke_manuell_fertigen.pdf\" target=\"page\">Beispiel<\/a>). Die letzte dieser vier Rubriken erf\u00fcllt dieselbe Funktion, wie die Rubrik &#8222;Normen und Regeln&#8220; bei der Fachperson Gesundheit, sie dient dazu traditionell wichtige Werte besonders hervorzuheben. Die drei anderen Kategorien sind darauf zur\u00fcckzuf\u00fchren, dass explizit betonten werden sollte, dass neben den traditionell im Vordergrund stehenden fachlichen Ressourcen auch \u00fcbergreifende methodische und soziale Ressourcen eine wichtige Rolle spielen.<\/p>\n<p>Die &#8222;typischen Situationen&#8220; (hier &#8222;beispielhafte Situationen&#8220;) umfassen jeweils eine viel gr\u00f6ssere Zeitspanne als bei der Fachperson Gesundheit. Dies l\u00e4sst sich damit begr\u00fcnden, dass es in dem MEM-Berufen viel eher vorkommt, dass die Einheiten, in denen gedacht wird, viel eher ganze evtl. \u00fcber Tage laufende Projekte sind als st\u00e4ndige wechselnde, oft unterbrochene interaktive Situationen. Dies steht nicht im Widerspruch zum Konzept, allerdings betonen die Geschichten oft etwas stark das Fachliche und vernachl\u00e4ssigen soziale Aspekte.<\/p>\n<p>An Stelle des &#8222;Situationskreis&#8220; nimmt der &#8222;Handlungsbogen&#8220; eine vergleichbare Rolle ein. Der Handlungsbogen entstammt dem Bed\u00fcrfnis zu betonen, wie wichtig es ist, die Arbeit als vollst\u00e4ndige Handlungen zu sehen und nicht einfach als unreflektiertes R\u00e4dchen in einem Getriebe zu funktionieren. Da immer dieselbe Grundform des Handlungsbogens zu Grunde liegt, fallen diese Handlungsb\u00f6gen etwas stereotyp und wenig aussagekr\u00e4ftig aus.<\/p>\n<h2>Situierte Kompetenzen<\/h2>\n<\/div>\n<p>Die folgenden sieben Berufe haben alle die Kompetenzen, welche im Laufe der entsprechenden Ausbildungen erworben werden sollen, nach demselben Format beschrieben.<\/p>\n<ul>\n<li><a href=\"http:\/\/www.sbfi.admin.ch\/php\/modules\/bvz\/file.php?file=Bipla_47416_d.pdf&amp;typ=Bildungsplaene\" target=\"_blank\">Automatiker\/in EFZ<\/a><\/li>\n<li><a href=\"http:\/\/www.sbfi.admin.ch\/php\/modules\/bvz\/file.php?file=Bipla_46426_d.pdf&amp;typ=Bildungsplaene\" target=\"_blank\">Automatikmonteur\/in EFZ<\/a><\/li>\n<li><a href=\"http:\/\/www.sbfi.admin.ch\/php\/modules\/bvz\/file.php?file=Bipla_46505_d.pdf&amp;typ=Bildungsplaene\" target=\"_blank\">Elektroniker\/in EFZ<\/a><\/li>\n<li><a href=\"http:\/\/www.sbfi.admin.ch\/php\/modules\/bvz\/file.php?file=Bipla_64208_d.pdf&amp;typ=Bildungsplaene\" target=\"_blank\">Konstrukteur\/in EFZ<\/a><\/li>\n<li><a href=\"http:\/\/www.sbfi.admin.ch\/php\/modules\/bvz\/file.php?file=Bipla_45705_d.pdf&amp;typ=Bildungsplaene\" target=\"_blank\">Polymechaniker\/in EFZ<\/a><\/li>\n<li><a href=\"http:\/\/www.sbfi.admin.ch\/php\/modules\/bvz\/file.php?file=Bipla_45716_d.pdf&amp;typ=Bildungsplaene\" target=\"_blank\">Produktionsmechaniker\/in EFZ<\/a><\/li>\n<li><a href=\"http:\/\/www.sbfi.admin.ch\/php\/modules\/bvz\/file.php?file=Bipla_45906_d.pdf&amp;typ=Bildungsplaene\" target=\"_blank\">Mechanikpraktiker\/in EBA<\/a><\/li>\n<\/ul>\n<p>F\u00fcr die Automatiker\/Automatikerinnen sind das z.B.<\/p>\n<ol>\n<li>Kleinprojekte planen und \u00fcberwachen;<\/li>\n<li>Bauelemente und Apparate pr\u00fcfen;<\/li>\n<li>Bauelemente und Baugruppen konstruieren;<\/li>\n<li>Elektrische Steuerungen bauen und pr\u00fcfen;<\/li>\n<li>Elektrische Energieverteilungen bauen und pr\u00fcfen;<\/li>\n<li>Elektrische Wicklungen fertigen und pr\u00fcfen;<\/li>\n<li>Elektrische Maschinen pr\u00fcfen, instand stellen und in Betrieb nehmen;<\/li>\n<li>Maschinen oder Anlagen verdrahten und in Betrieb nehmen;<\/li>\n<li>Leitsysteme projektieren, programmieren und in Betrieb nehmen;<\/li>\n<li>Produktion mikrotechnischer Produkte \u00fcberwachen;<\/li>\n<li>Speicherprogrammierbare Steuerungen projektieren, programmieren und in Betrieb nehmen;<\/li>\n<li>St\u00f6rungen in Maschinen oder Anlagen lokalisieren und beheben;<\/li>\n<li>Betriebseinrichtungen warten;<\/li>\n<li>Ausbildungssequenzen planen, durchf\u00fchren und auswerten.<\/li>\n<\/ol>\n<h3>Ein Beispiel: Polymechaniker, Werkst\u00fccke manuell fertigen<\/h3>\n<table border=\"1\" cellpadding=\"5\">\n<tbody>\n<tr>\n<td rowspan=\"1\" colspan=\"3\" valign=\"top\">\n<h4>Beispielhafte Situation<\/h4>\n<p>Thomas erh\u00e4lt den Auftrag, Teile manuell zu fertigen. Die Fertigung umfasst Arbeiten mit Handwerkzeugen und den Einsatz von Bohrmaschinen. In den Auftragsdokumenten sind die Pr\u00fcf- und Messwerkzeuge, Pr\u00fcfprotokolle und die Rohmaterialien vorgegeben.<br \/>\nEr studiert den Arbeitsauftrag und die Fertigungsdokumente und erstellt einen Arbeitsplan. Er w\u00e4hlt die vorgegebenen Bearbeitungswerkzeuge und Spannmittel aus und bestimmt die Schnittdaten. Er richtet den Arbeitsplatz ein, indem er die Handwerkzeuge bereitlegt, die Spannmittel und Bearbeitungswerkzeuge und auf der Bohrmaschine montiert und wo notwendig ausrichtet. Bevor er mit der Fertigung beginnt, stellt er sicher, dass er die Funktionen der Bohrmaschine kennt und er bei der Fertigung der Teile die Sicherheitsvorschriften einhalten kann. Gem\u00e4ss Arbeitsplan fertigt er die Teile. Er pr\u00fcft die gefertigten Teile mit den Mess- und Pr\u00fcfmitteln und dokumentiert die Pr\u00fcfergebnisse im Pr\u00fcfprotokoll.<\/td>\n<td valign=\"top\">\n<h4>Handlungsbogen<\/h4>\n<p>&#8211; Arbeitsauftrag verstehen<br \/>\n&#8211; Arbeitsablauf planen<br \/>\n&#8211; Werk- und Hilfsstoffe bereitstellen<br \/>\n&#8211; Material bereitstellen<br \/>\n&#8211; Vorschriften zur Arbeitssicherheit, zum<br \/>\n&#8211; Gesundheits- und Umweltschutz einhalten<br \/>\n&#8211; Bohrmaschine vorbereiten<br \/>\n&#8211; Werkzeuge und Spannmittel einsetzen<br \/>\n&#8211; Werkst\u00fccke manuell fertigen<br \/>\n&#8211; Qualit\u00e4t pr\u00fcfen und dokumentieren<\/td>\n<\/tr>\n<tr>\n<td valign=\"top\">\n<h4>Fachliche Ressourcen<\/h4>\n<p>&#8211; Manuelle Fertigungstechnik<br \/>\n&#8211; Mess- und Pr\u00fcftechnik<br \/>\n&#8211; Werkstoff- und Fertigungstechnik<br \/>\n&#8211; Zeichnungs- technik<\/td>\n<td valign=\"top\">\n<h4>Methodische Ressourcen<\/h4>\n<p>&#8211; Wirtschaftliches Denken und Handeln<br \/>\n&#8211; Systematisches Arbeiten<\/td>\n<td valign=\"top\">\n<h4>Soziale Ressourcen<\/h4>\n<p>&#8211; Lern- f\u00e4higkeit<br \/>\n&#8211; Umgangs- formen<\/td>\n<td valign=\"top\">\n<h4>Ressourcen Arbeitssicherheit, Gesundheitsschutz, Umweltschutz<\/h4>\n<p>&#8211; Sicherheits- vorrichtungen<br \/>\n&#8211; Arbeitsgestaltung<br \/>\n&#8211; Belastung durch Emissionen und Abf\u00e4lle<\/td>\n<\/tr>\n<\/tbody>\n<\/table>\n","protected":false},"excerpt":{"rendered":"<p>Kommentar Diese Kompetenzbeschreibungen weichen in gewissen Punkten stark vom Konzept ab. Einmal folgt die Einteilung der Ressourcen nicht mehr den Kategorien des IML (Kenntnisse = deklaratives Wissen; Fertigkeiten = prozedurales und sensomotorisches Wissen), sondern sie werden in fachliche, methodische und &hellip; <a href=\"https:\/\/hrkll.ch\/WordPress\/situierte-kompetenzen\/beispiele\/mem\/\">Weiterlesen <span class=\"meta-nav\">&rarr;<\/span><\/a><\/p>\n","protected":false},"author":7,"featured_media":0,"parent":352,"menu_order":1,"comment_status":"closed","ping_status":"closed","template":"sidebar-page.php","meta":{"footnotes":""},"class_list":["post-362","page","type-page","status-publish","hentry"],"_links":{"self":[{"href":"https:\/\/hrkll.ch\/WordPress\/wp-json\/wp\/v2\/pages\/362","targetHints":{"allow":["GET"]}}],"collection":[{"href":"https:\/\/hrkll.ch\/WordPress\/wp-json\/wp\/v2\/pages"}],"about":[{"href":"https:\/\/hrkll.ch\/WordPress\/wp-json\/wp\/v2\/types\/page"}],"author":[{"embeddable":true,"href":"https:\/\/hrkll.ch\/WordPress\/wp-json\/wp\/v2\/users\/7"}],"replies":[{"embeddable":true,"href":"https:\/\/hrkll.ch\/WordPress\/wp-json\/wp\/v2\/comments?post=362"}],"version-history":[{"count":0,"href":"https:\/\/hrkll.ch\/WordPress\/wp-json\/wp\/v2\/pages\/362\/revisions"}],"up":[{"embeddable":true,"href":"https:\/\/hrkll.ch\/WordPress\/wp-json\/wp\/v2\/pages\/352"}],"wp:attachment":[{"href":"https:\/\/hrkll.ch\/WordPress\/wp-json\/wp\/v2\/media?parent=362"}],"curies":[{"name":"wp","href":"https:\/\/api.w.org\/{rel}","templated":true}]}}