{"id":356,"date":"2013-02-02T17:49:35","date_gmt":"2013-02-02T16:49:35","guid":{"rendered":"http:\/\/hrkll.ch\/WordPress\/?page_id=356"},"modified":"2014-03-01T20:38:24","modified_gmt":"2014-03-01T19:38:24","slug":"gesundheit","status":"publish","type":"page","link":"https:\/\/hrkll.ch\/WordPress\/situierte-kompetenzen\/beispiele\/gesundheit\/","title":{"rendered":"Situierte Kompetenzen einer Fachfrau \/ eines Fachmannes Gesundheit"},"content":{"rendered":"<div>\n<h2>Kommentar<\/h2>\n<\/div>\n<p>Diese Umsetzung ist relativ nahe am Konzept. Weggelassen wurden die &#8222;leitenden Geschichten&#8220;. Daf\u00fcr finden sich zwei neue Kategorien &#8222;Normen und Regeln&#8220; und &#8222;Haltungen&#8220; (<a title=\"Initiates file download\" href=\"http:\/\/www.hrkll.ch\/typo\/fileadmin\/Texte\/SiKo\/FAGE_Koerperpflege.pdf\" target=\"page\">Beispiel<\/a>). Mit &#8222;Normen und Regeln&#8220; wird ein Teil der &#8222;theoretischen Kenntnisse&#8220; besonders hervorgehoben, was einer Tradition des entsprechenden Berufsfeldes entspricht. &#8222;Haltungen&#8220; ersetzen bis zu einem gewissen Grad die &#8222;leitenden Geschichten.<\/p>\n<p>Nicht alle &#8222;Kompetenzen&#8220; dieser Liste sind Kompetenzen im Sinne des Konzepts. Alle &#8222;Kompetenzen&#8220; der ersten beiden Abschnitte (&#8222;Ausrichtung ..&#8220; und &#8222;Hygiene und Sicherheit&#8220;) w\u00e4re wohl eher als eine Ressource der Kategorie &#8222;Normen und Regeln&#8220; bzw. &#8222;Haltungen&#8220; zu betrachten. Das sie separat hervorgehoben werden, d\u00fcrfte ebenfalls dem Bed\u00fcrfnis entsprechen bestimmte zentrale Normen und Haltungen prominent hervorzuheben.<\/p>\n<h2>Situierte Kompetenzen<\/h2>\n<p>Die Ausbildung zur Fachperson Gesundheit ist eine dreij\u00e4hrige berufliche Grundausbildung. Im Laufe dieser Ausbildung sollen folgende Situierten Kompetenzen erworben werden (vollst\u00e4ndiger <a title=\"Opens external link in new window\" href=\"http:\/\/www.sbfi.admin.ch\/php\/modules\/bvz\/file.php?file=Bipla_86911_d.pdf&amp;typ=Bildungsplaene\" target=\"_blank\">Bildungsplan<\/a>):<\/p>\n<h3>1. Ausrichtung des beruflichen Handelns an den Klientinnen und Klienten, den Personen in deren Beziehungsumfeld und im sozialen und kulturellen Kontext<\/h3>\n<p>1.1 Sie\/er unterh\u00e4lt und pflegt respektvolle Beziehungen im beruflichen Umfeld.<br \/>\n1.2 Sie\/er arbeitet mit den Personen im Beziehungsumfeld der Klientinnen und Klienten unterst\u00fctzend zusammen.<br \/>\n1.3 Sie\/er beobachtet Situationen, nimmt Ver\u00e4nderungen wahr und informiert die zust\u00e4ndigen Stellen bzw. Personen dar\u00fcber.<br \/>\n1.4 Sie\/er handelt in verschiedenen Lebens- und Wohnkulturen situationsgerecht und ber\u00fccksichtigt dabei altersspezifische Gewohnheiten, Kultur und Religion.<\/p>\n<h3>2. Hygiene und Sicherheit<\/h3>\n<p>2.1 Sie\/er f\u00fchrt die H\u00e4ndehygiene durch und h\u00e4lt die Arbeitssicherheit ein.<\/p>\n<h3>3. Pflege und Betreuung<\/h3>\n<p>3.1 Sie\/er f\u00fchrt die bedarfs- und situationsgerechte Pflege von Klientinnen\/Klienten gem\u00e4ss bestehender Pflegeplanung und unter Ber\u00fccksichtigung der altersspezifischen, kulturellen und religi\u00f6sen Gewohnheiten aus.<br \/>\n<a title=\"Initiates file download\" href=\"http:\/\/www.hrkll.ch\/typo\/fileadmin\/Texte\/SiKo\/FAGE_Koerperpflege.pdf\" target=\"page\">3.2 Sie\/er unterst\u00fctzt die Klientinnen und Klienten bei der selbstst\u00e4ndigen K\u00f6rperpflege, leitet diese dabei an oder f\u00fchrt die K\u00f6rperpflege stellvertretend durch.<\/a><br \/>\n3.3 Sie\/er erh\u00e4lt und f\u00f6rdert die Beweglichkeit von Klientinnen und Klienten, leitet diese an und f\u00fchrt Lagerungen, Mobilisationen und Transfers durch.<br \/>\n3.4 Sie\/er unterst\u00fctzt Klientinnen und Klienten bei der Ausscheidung.<br \/>\n3.5 Sie\/er unterst\u00fctzt Klienten bei der Atmung.<br \/>\n3.6 Sie\/er unterst\u00fctzt Klientinnen und Klienten beim Umgang mit ihrer Sexualit\u00e4t.<br \/>\n3.7 Sie\/er geht angemessen mit anspruchsvollen Pflegesituationen um, unter anderem mit Menschen mit Kommunikationseinschr\u00e4nkungen.<br \/>\n3.8 Sie\/er unterst\u00fctzt Klientinnen und Klienten beim Ruhen und Schlafen.<br \/>\n3.9 Sie\/er wirkt gem\u00e4ss der Delegation bei der Anwendung von Instrumenten mit, die der Qualit\u00e4tssicherung dienen.<\/p>\n<h3>4. Medizinaltechnische Verrichtungen<\/h3>\n<p>4.1 Sie\/er kontrolliert die Vitalzeichen und erstellt die Fl\u00fcssigkeitsbilanz.<br \/>\n4.2 Sie\/er f\u00fchrt ven\u00f6se und kapillare Blutentnahmen durch.<br \/>\n4.3 Sie\/er richtet und verabreicht Medikamente.<br \/>\n4.4 Sie\/er richtet und verabreicht Infusionen ohne medikament\u00f6se Zus\u00e4tze bei bestehendem peripher ven\u00f6sem Zugang. Sie\/er bedient Infusionspumpen.<br \/>\n4.5 Sie\/er stellt Sondennahrung bereit und verabreicht diese bei bestehendem Zugang. Sie\/er bedient Ern\u00e4hrungspumpen.<br \/>\n4.6 Sie\/er f\u00fchrt subkutane und intramuskul\u00e4re Injektionen durch.<br \/>\n4.7 Sie\/er wechselt einen Verband gem\u00e4ss Vorgaben bei prim\u00e4r und sekund\u00e4r heilenden Wunden.<br \/>\n4.8 Sie\/er desinfiziert Instrumente und Fl\u00e4chen und bereitet Material f\u00fcr die Sterilisation vor.<\/p>\n<h3>5. Krise und Notfall<\/h3>\n<p>5.1 Sie\/er erkennt Notfallsituationen, wendet Erste Hilfe an und sorgt f\u00fcr Hilfe.<br \/>\n5.2 Sie\/er wirkt mit bei der Begleitung in Krisensituationen und w\u00e4hrend des Sterbens.<\/p>\n<h3>6. Ressourcenerhaltung und Pr\u00e4vention<\/h3>\n<p>6.1 Sie\/er f\u00fchrt Massnahmen zur Pr\u00e4vention durch.<br \/>\n6.2 Sie\/er nimmt die gesunden Anteile bei Klientinnen\/Klienten wahr und f\u00f6rdert diese.<\/p>\n<h3>7. Alltagsgestaltung<\/h3>\n<p>7.1 Sie\/er gestaltet mit verschiedenen Klientengruppen den Alltag und ber\u00fccksichtigt dabei deren Bed\u00fcrfnisse und soziales Umfeld.<br \/>\n7.2 Sie\/er leitet Klientinnen und Klienten beim Aufbau einer Tagesstruktur an und unterst\u00fctzt sie dabei, sich daran zu halten.<\/p>\n<h3>8. Ern\u00e4hrung<\/h3>\n<p>8.1 Sie\/er begleitet und ber\u00e4t die Klientinnen und Klienten bei der Ern\u00e4hrung, ber\u00fccksichtigt dabei Ern\u00e4hrungsgrunds\u00e4tze, den Gesundheitszustand und individuelle und kulturelle Gewohnheiten.<br \/>\n8.2 Sie\/er unterst\u00fctzt Klientinnen und Klienten bei der Ern\u00e4hrung, ber\u00fccksichtigt den Gesundheitszustand und setzt Hilfsmittel ein.<\/p>\n<h3>9. Kleidung und W\u00e4sche<\/h3>\n<p>9.1 Sie\/er stellt sicher, dass sich die Klientinnen und Klienten der Situation, dem Klima und den Gewohnheiten angepasst kleiden, und unterst\u00fctzt die Versorgung mit sauberer W\u00e4sche.<\/p>\n<h3>10. Haushalt<\/h3>\n<p>10.1 Sie\/er sorgt f\u00fcr eine saubere und sichere Umgebung und ber\u00fccksichtigt dabei die Grundbed\u00fcrfnisse der Klientinnen und Klienten.<br \/>\n10.2 Sie\/er stellt in Kollektivhaushalten die Schnittstellen zu den verschiedenen Dienstleistungserbringern im hauswirtschaftlichen Bereich sicher.<\/p>\n<h3>11. Administration<\/h3>\n<p>11.1 Sie\/er wirkt bei der Vorbereitung von Ein- und Austritten mit. Sie bereitet die Unterlagen f\u00fcr Ein- und Austritte vor, f\u00fchrt Mutationen durch und empf\u00e4ngt und verabschiedet Klientinnen und Klienten. Sie\/er f\u00fchrt Klientinnen und Klienten in die R\u00e4umlichkeiten und den Tagesablauf ein.<br \/>\n11.2 Sie\/er arbeitet mit Mail und elektronischem Kalender sowie der branchenspezifischen Software.<\/p>\n<h3>12. Logistik<\/h3>\n<p>12.1 Sie\/er organisiert und koordiniert planbare Transporte und begleitet Klientinnen und Klienten auf geplanten Transporten.<br \/>\n12.2 Sie\/er bewirtschaftet Verbrauchsmaterialien und Medikamente. Sie\/er veranlasst Reparaturen und kontrolliert die R\u00fcckgabe.<br \/>\n12.3 Sie\/er h\u00e4lt Apparate und Mobiliar betriebsbereit und reinigt diese.<\/p>\n<h3>13. Arbeitsorganisation<\/h3>\n<p>13.1 Sie\/er plant und organisiert ihre\/seine Arbeit, f\u00fchrt diese aus und \u00fcberpr\u00fcft sie. Sie\/er nimmt Auftr\u00e4ge entgegen und erteilt solche. In unvorhergesehenen Situationen setzt sie\/er Priorit\u00e4ten.<\/p>\n<h3>14. Die Fachfrau \/ der Fachmann Gesundheit als Berufsperson und Lernende\/r<\/h3>\n<p>14.1 Sie\/er versteht sich als Individuum und Lernende\/r, kennt ihren\/seinen Lernprozess und gestaltet diesen mit<br \/>\n14.2 Sie\/er versteht sich als Berufsperson, verbindet dies mit der Rolle im interprofessionellen Arbeitsteam, versteht sich als Teil des Teams und gliedert sich ein.<\/p>\n","protected":false},"excerpt":{"rendered":"<p>Kommentar Diese Umsetzung ist relativ nahe am Konzept. Weggelassen wurden die &#8222;leitenden Geschichten&#8220;. Daf\u00fcr finden sich zwei neue Kategorien &#8222;Normen und Regeln&#8220; und &#8222;Haltungen&#8220; (Beispiel). Mit &#8222;Normen und Regeln&#8220; wird ein Teil der &#8222;theoretischen Kenntnisse&#8220; besonders hervorgehoben, was einer Tradition &hellip; <a href=\"https:\/\/hrkll.ch\/WordPress\/situierte-kompetenzen\/beispiele\/gesundheit\/\">Weiterlesen <span class=\"meta-nav\">&rarr;<\/span><\/a><\/p>\n","protected":false},"author":7,"featured_media":0,"parent":352,"menu_order":0,"comment_status":"closed","ping_status":"closed","template":"sidebar-page.php","meta":{"footnotes":""},"class_list":["post-356","page","type-page","status-publish","hentry"],"_links":{"self":[{"href":"https:\/\/hrkll.ch\/WordPress\/wp-json\/wp\/v2\/pages\/356","targetHints":{"allow":["GET"]}}],"collection":[{"href":"https:\/\/hrkll.ch\/WordPress\/wp-json\/wp\/v2\/pages"}],"about":[{"href":"https:\/\/hrkll.ch\/WordPress\/wp-json\/wp\/v2\/types\/page"}],"author":[{"embeddable":true,"href":"https:\/\/hrkll.ch\/WordPress\/wp-json\/wp\/v2\/users\/7"}],"replies":[{"embeddable":true,"href":"https:\/\/hrkll.ch\/WordPress\/wp-json\/wp\/v2\/comments?post=356"}],"version-history":[{"count":0,"href":"https:\/\/hrkll.ch\/WordPress\/wp-json\/wp\/v2\/pages\/356\/revisions"}],"up":[{"embeddable":true,"href":"https:\/\/hrkll.ch\/WordPress\/wp-json\/wp\/v2\/pages\/352"}],"wp:attachment":[{"href":"https:\/\/hrkll.ch\/WordPress\/wp-json\/wp\/v2\/media?parent=356"}],"curies":[{"name":"wp","href":"https:\/\/api.w.org\/{rel}","templated":true}]}}