{"id":3442,"date":"2016-03-02T20:43:37","date_gmt":"2016-03-02T19:43:37","guid":{"rendered":"http:\/\/hrkll.ch\/WordPress\/?page_id=3442"},"modified":"2016-03-12T20:45:09","modified_gmt":"2016-03-12T19:45:09","slug":"modelle-speichern-und-laden","status":"publish","type":"page","link":"https:\/\/hrkll.ch\/WordPress\/alltagsmathematik\/numa\/modelle-speichern-und-laden\/","title":{"rendered":"Modelle speichern und laden"},"content":{"rendered":"<p>In der Standardversion von NUMA kann man dieaktuelle Skalendarstellung als <em>Modell<\/em> unter einem Namen speichern. Man kann sich also bspw. einen Umrechner zwischen Grad Celsius und Grad Fahrenheit einrichten und dann diesen unter dem Namen \u201eCelsius-Fahrenheit\u201c speichern. Im Men\u00fc gibt es daf\u00fcr &lt;Speichern unter&gt; und &lt;Speichern&gt;.<\/p>\n<p>In der <em>light<\/em> Version ist das nicht m\u00f6glich.<\/p>\n<p>Gespeicherte <em>Modelle<\/em> kann man wieder laden, wenn man sie braucht. Im Men\u00fc dazu zuerst mit &lt;Liste&gt; die Liste aller gespeicherten <em>Modelle<\/em> \u00f6ffnen. Dann in dieser Liste ein <em>Modell<\/em> w\u00e4hlen und dieses dann \u00fcber die Taskbar oben starten.<\/p>\n<p>Ist die Liste aller <em>Modelle<\/em> ge\u00f6ffnet, kann man auch <em>Modelle<\/em> l\u00f6schen oder umbenennen.<\/p>\n<p>Hat man \u00fcber die Einstellungen viel ver\u00e4ndert, kann man \u00fcber &lt;Einstellungen&gt; &lt;Leeren&gt; wieder ein einfaches Grundmodell ohne Skalentitel etc. abrufen.<\/p>\n","protected":false},"excerpt":{"rendered":"<p>In der Standardversion von NUMA kann man dieaktuelle Skalendarstellung als Modell unter einem Namen speichern. Man kann sich also bspw. einen Umrechner zwischen Grad Celsius und Grad Fahrenheit einrichten und dann diesen unter dem Namen \u201eCelsius-Fahrenheit\u201c speichern. Im Men\u00fc gibt &hellip; <a href=\"https:\/\/hrkll.ch\/WordPress\/alltagsmathematik\/numa\/modelle-speichern-und-laden\/\">Weiterlesen <span class=\"meta-nav\">&rarr;<\/span><\/a><\/p>\n","protected":false},"author":7,"featured_media":0,"parent":3330,"menu_order":7,"comment_status":"closed","ping_status":"closed","template":"sidebar-page.php","meta":{"footnotes":""},"class_list":["post-3442","page","type-page","status-publish","hentry"],"_links":{"self":[{"href":"https:\/\/hrkll.ch\/WordPress\/wp-json\/wp\/v2\/pages\/3442","targetHints":{"allow":["GET"]}}],"collection":[{"href":"https:\/\/hrkll.ch\/WordPress\/wp-json\/wp\/v2\/pages"}],"about":[{"href":"https:\/\/hrkll.ch\/WordPress\/wp-json\/wp\/v2\/types\/page"}],"author":[{"embeddable":true,"href":"https:\/\/hrkll.ch\/WordPress\/wp-json\/wp\/v2\/users\/7"}],"replies":[{"embeddable":true,"href":"https:\/\/hrkll.ch\/WordPress\/wp-json\/wp\/v2\/comments?post=3442"}],"version-history":[{"count":0,"href":"https:\/\/hrkll.ch\/WordPress\/wp-json\/wp\/v2\/pages\/3442\/revisions"}],"up":[{"embeddable":true,"href":"https:\/\/hrkll.ch\/WordPress\/wp-json\/wp\/v2\/pages\/3330"}],"wp:attachment":[{"href":"https:\/\/hrkll.ch\/WordPress\/wp-json\/wp\/v2\/media?parent=3442"}],"curies":[{"name":"wp","href":"https:\/\/api.w.org\/{rel}","templated":true}]}}