{"id":3392,"date":"2016-02-24T20:44:50","date_gmt":"2016-02-24T19:44:50","guid":{"rendered":"http:\/\/hrkll.ch\/WordPress\/?page_id=3392"},"modified":"2016-04-07T20:23:06","modified_gmt":"2016-04-07T19:23:06","slug":"mischrechner","status":"publish","type":"page","link":"https:\/\/hrkll.ch\/WordPress\/alltagsmathematik\/numa\/mischrechner\/","title":{"rendered":"Mischrechner"},"content":{"rendered":"<p>Wenn Du 70 Liter Milch mit 1.98% Fettgehalt brauchst. Und Du Vollmilch mit 3.7% Fettgehalt und Magermilch mit 0.05% Fettgehalt hast, dann:<\/p>\n<ul>\n<li>W\u00e4hle im Men\u00fc &lt;Einstellungen&gt; und dort &lt;Allgemein&gt;.<\/li>\n<li>W\u00e4hlen &lt;&#8230; Skalen&gt; und dann &lt;3 Skalen&gt;<\/li>\n<li>Verlasse die Einstellungen. Jetzt siehst Du drei Skalen nebeneinander.<\/li>\n<li>Schreibe die Skala links mit &#8222;Vollmilch&#8220; an.<\/li>\n<li>Schreibe die Skala rechst mit &#8222;Magermilch&#8220; an.<\/li>\n<li>Schreibe die mittlere Skala mit &#8222;Fett %&#8220; an.<\/li>\n<li>Gib links unten 0 ein und links oben 70, denn Du brauchst irgendetwas zwischen 0 und 70 Liter Vollmilch.<\/li>\n<li>Gibt rechts oben 0 ein. Wenn Du 70 Liter Vollmilch nimmst, brauchst Du keine Magermilch, damit es zusammen 70 Liter gibt.<\/li>\n<li>Gib rechts unten 70 ein. Wenn Du 0 Liter Vollmilch nimmst, brauchst Du 70 Liter Magermilch, damit es zusammen 70 Litergibt.<\/li>\n<li>Tippe kurz zwei Mal.<\/li>\n<li>Jetzt kannst Du bereits sehen, dass wenn Du 20 Liter Vollmilch nimmst (links) Du dazu 50 Liter Magermilch brauchst, damit es zusammen 70 Liter gibt.<\/li>\n<li>Oder 60 Liter und 10 Liter. Oder 40 Liter und 30 Liter.<\/li>\n<\/ul>\n<p><img loading=\"lazy\" decoding=\"async\" class=\"aligncenter size-full wp-image-3395\" src=\"http:\/\/hrkll.ch\/WordPress\/wp-content\/uploads\/S_Mischrechner_aussen.jpg\" alt=\"S_Mischrechner_aussen\" width=\"399\" height=\"240\" srcset=\"https:\/\/hrkll.ch\/WordPress\/wp-content\/uploads\/S_Mischrechner_aussen.jpg 399w, https:\/\/hrkll.ch\/WordPress\/wp-content\/uploads\/S_Mischrechner_aussen-300x180.jpg 300w\" sizes=\"auto, (max-width: 399px) 100vw, 399px\" \/><\/p>\n<ul>\n<li>Gib in der Mitte oben 3.7 ein. Wenn Du nur Vollmilch nimmst, hat diese &#8222;Mischung&#8220; einen Fettgehalt von 3.5%.<\/li>\n<li>Gib in der Mitte unten 0.05 ein. Wen Du nur Magermilch nimmst, hat diese &#8222;Mischung&#8220; einen Fettgehalt von 0.05%.<\/li>\n<li>Dr\u00fccke auf 2.14 in der mittleren Skala.<\/li>\n<li>Jetzt kannst Du sehen, dass Du f\u00fcr 1.979% 37 Liter Vollmilch und 33 Liter Magermilch brauchst. Das ist schon fast perfekt gleich 1.98%.<\/li>\n<\/ul>\n<p><img loading=\"lazy\" decoding=\"async\" class=\"aligncenter size-full wp-image-3394\" src=\"http:\/\/hrkll.ch\/WordPress\/wp-content\/uploads\/S_Mischrechner_grob.jpg\" alt=\"S_Mischrechner_grob\" width=\"399\" height=\"240\" srcset=\"https:\/\/hrkll.ch\/WordPress\/wp-content\/uploads\/S_Mischrechner_grob.jpg 399w, https:\/\/hrkll.ch\/WordPress\/wp-content\/uploads\/S_Mischrechner_grob-300x180.jpg 300w\" sizes=\"auto, (max-width: 399px) 100vw, 399px\" \/><\/p>\n<ul>\n<li>Wenn Du es noch genauer m\u00f6chtest, zoome immer weiter hinein, bis Dir das Resultat genau genug erscheint.<\/li>\n<\/ul>\n<p><img loading=\"lazy\" decoding=\"async\" class=\"aligncenter size-full wp-image-3393\" src=\"http:\/\/hrkll.ch\/WordPress\/wp-content\/uploads\/S_Mischrechner_fein.jpg\" alt=\"S_Mischrechner_fein\" width=\"399\" height=\"240\" srcset=\"https:\/\/hrkll.ch\/WordPress\/wp-content\/uploads\/S_Mischrechner_fein.jpg 399w, https:\/\/hrkll.ch\/WordPress\/wp-content\/uploads\/S_Mischrechner_fein-300x180.jpg 300w\" sizes=\"auto, (max-width: 399px) 100vw, 399px\" \/><\/p>\n","protected":false},"excerpt":{"rendered":"<p>Wenn Du 70 Liter Milch mit 1.98% Fettgehalt brauchst. Und Du Vollmilch mit 3.7% Fettgehalt und Magermilch mit 0.05% Fettgehalt hast, dann: W\u00e4hle im Men\u00fc &lt;Einstellungen&gt; und dort &lt;Allgemein&gt;. W\u00e4hlen &lt;&#8230; Skalen&gt; und dann &lt;3 Skalen&gt; Verlasse die Einstellungen. Jetzt &hellip; <a href=\"https:\/\/hrkll.ch\/WordPress\/alltagsmathematik\/numa\/mischrechner\/\">Weiterlesen <span class=\"meta-nav\">&rarr;<\/span><\/a><\/p>\n","protected":false},"author":7,"featured_media":0,"parent":3330,"menu_order":5,"comment_status":"closed","ping_status":"closed","template":"sidebar-page.php","meta":{"footnotes":""},"class_list":["post-3392","page","type-page","status-publish","hentry"],"_links":{"self":[{"href":"https:\/\/hrkll.ch\/WordPress\/wp-json\/wp\/v2\/pages\/3392","targetHints":{"allow":["GET"]}}],"collection":[{"href":"https:\/\/hrkll.ch\/WordPress\/wp-json\/wp\/v2\/pages"}],"about":[{"href":"https:\/\/hrkll.ch\/WordPress\/wp-json\/wp\/v2\/types\/page"}],"author":[{"embeddable":true,"href":"https:\/\/hrkll.ch\/WordPress\/wp-json\/wp\/v2\/users\/7"}],"replies":[{"embeddable":true,"href":"https:\/\/hrkll.ch\/WordPress\/wp-json\/wp\/v2\/comments?post=3392"}],"version-history":[{"count":0,"href":"https:\/\/hrkll.ch\/WordPress\/wp-json\/wp\/v2\/pages\/3392\/revisions"}],"up":[{"embeddable":true,"href":"https:\/\/hrkll.ch\/WordPress\/wp-json\/wp\/v2\/pages\/3330"}],"wp:attachment":[{"href":"https:\/\/hrkll.ch\/WordPress\/wp-json\/wp\/v2\/media?parent=3392"}],"curies":[{"name":"wp","href":"https:\/\/api.w.org\/{rel}","templated":true}]}}