{"id":3382,"date":"2016-02-24T18:26:15","date_gmt":"2016-02-24T17:26:15","guid":{"rendered":"http:\/\/hrkll.ch\/WordPress\/?page_id=3382"},"modified":"2016-03-12T20:42:59","modified_gmt":"2016-03-12T19:42:59","slug":"umrechner-mit-mehreren-skalen","status":"publish","type":"page","link":"https:\/\/hrkll.ch\/WordPress\/alltagsmathematik\/numa\/umrechner-mit-mehreren-skalen\/","title":{"rendered":"Umrechner mit mehreren Skalen"},"content":{"rendered":"<p>Der NUMA kann mehr als zwei Skalen nebeneinander darstellen. Wenn Du Quadratkilometer, Hektaren, Aren und Quadratmeter miteinander vergleichen willst, dann:<\/p>\n<ul>\n<li>W\u00e4hle im Men\u00fc &lt;Einstellungen&gt; und dort &lt;Allgemein&gt;.<\/li>\n<li>W\u00e4hlen &lt;&#8230; Skalen&gt; und dann &lt;4 Skalen&gt;<\/li>\n<li>Verlasse die Einstellungen. Jetzt siehst Du vier Skalen nebeneinander.<\/li>\n<li>Schreibe sie von links nach rechts mit:<\/li>\n<li>&#8222;qkm&#8220; f\u00fcr Quadratkilometer<\/li>\n<li>&#8222;ha&#8220; f\u00fcr Hektare<\/li>\n<li>\u00a0&#8222;a&#8220; f\u00fcr Are<\/li>\n<li>&#8222;qm&#8220; f\u00fcr Quadratmeter.<\/li>\n<li>Gib unten \u00fcberall eine Null ein, denn 0 qkm = 0 ha = 0 a = 0 qm.<\/li>\n<li>Gib oben bei qkm &#8222;1&#8220; ein.<\/li>\n<li>Gib oben bei ha &#8222;100&#8220; ein, denn 1 qkm = 100 ha.<\/li>\n<li>Gib oben bei a &#8222;10&#8217;000&#8220; ein, denn 1 qkm = 10&#8217;000 a.<\/li>\n<li>Gib oben bei qm &#8222;1&#8217;000&#8217;000&#8220; ein, denn 1 qkm = 1&#8217;000&#8217;000 qm.<\/li>\n<li>Wenn Du nun wissen m\u00f6chtest, was 4 ha in qm ausgedr\u00fcckt sind:<\/li>\n<li>Tippe zweimal kurz.<\/li>\n<li>Dr\u00fccke lang auf 0 ha.<\/li>\n<li>Jetzt siehst Du, dass 4 ha = 40&#8217;000 qm<\/li>\n<li>Oder dass 90&#8217;000 qm = 900 a<\/li>\n<li>Oder 1&#8217;000 a = 0.1 qkm.<\/li>\n<\/ul>\n<p><img loading=\"lazy\" decoding=\"async\" class=\"aligncenter size-full wp-image-3384\" src=\"http:\/\/hrkll.ch\/WordPress\/wp-content\/uploads\/S_Rechner_Flaecheneinheiten.jpg\" alt=\"S_Rechner_Flaecheneinheiten\" width=\"385\" height=\"240\" srcset=\"https:\/\/hrkll.ch\/WordPress\/wp-content\/uploads\/S_Rechner_Flaecheneinheiten.jpg 385w, https:\/\/hrkll.ch\/WordPress\/wp-content\/uploads\/S_Rechner_Flaecheneinheiten-300x187.jpg 300w\" sizes=\"auto, (max-width: 385px) 100vw, 385px\" \/><\/p>\n","protected":false},"excerpt":{"rendered":"<p>Der NUMA kann mehr als zwei Skalen nebeneinander darstellen. Wenn Du Quadratkilometer, Hektaren, Aren und Quadratmeter miteinander vergleichen willst, dann: W\u00e4hle im Men\u00fc &lt;Einstellungen&gt; und dort &lt;Allgemein&gt;. W\u00e4hlen &lt;&#8230; Skalen&gt; und dann &lt;4 Skalen&gt; Verlasse die Einstellungen. Jetzt siehst Du &hellip; <a href=\"https:\/\/hrkll.ch\/WordPress\/alltagsmathematik\/numa\/umrechner-mit-mehreren-skalen\/\">Weiterlesen <span class=\"meta-nav\">&rarr;<\/span><\/a><\/p>\n","protected":false},"author":7,"featured_media":0,"parent":3330,"menu_order":3,"comment_status":"open","ping_status":"closed","template":"sidebar-page.php","meta":{"footnotes":""},"class_list":["post-3382","page","type-page","status-publish","hentry"],"_links":{"self":[{"href":"https:\/\/hrkll.ch\/WordPress\/wp-json\/wp\/v2\/pages\/3382","targetHints":{"allow":["GET"]}}],"collection":[{"href":"https:\/\/hrkll.ch\/WordPress\/wp-json\/wp\/v2\/pages"}],"about":[{"href":"https:\/\/hrkll.ch\/WordPress\/wp-json\/wp\/v2\/types\/page"}],"author":[{"embeddable":true,"href":"https:\/\/hrkll.ch\/WordPress\/wp-json\/wp\/v2\/users\/7"}],"replies":[{"embeddable":true,"href":"https:\/\/hrkll.ch\/WordPress\/wp-json\/wp\/v2\/comments?post=3382"}],"version-history":[{"count":0,"href":"https:\/\/hrkll.ch\/WordPress\/wp-json\/wp\/v2\/pages\/3382\/revisions"}],"up":[{"embeddable":true,"href":"https:\/\/hrkll.ch\/WordPress\/wp-json\/wp\/v2\/pages\/3330"}],"wp:attachment":[{"href":"https:\/\/hrkll.ch\/WordPress\/wp-json\/wp\/v2\/media?parent=3382"}],"curies":[{"name":"wp","href":"https:\/\/api.w.org\/{rel}","templated":true}]}}