{"id":3351,"date":"2016-02-22T17:49:02","date_gmt":"2016-02-22T16:49:02","guid":{"rendered":"http:\/\/hrkll.ch\/WordPress\/?page_id=3351"},"modified":"2016-02-23T16:43:46","modified_gmt":"2016-02-23T15:43:46","slug":"erweiterter-prozentrechner","status":"publish","type":"page","link":"https:\/\/hrkll.ch\/WordPress\/alltagsmathematik\/numa\/erweiterter-prozentrechner\/","title":{"rendered":"Erweiterter Prozentrechner"},"content":{"rendered":"<p>Wenn Du weisst, dass der Preis von 51 Fr. noch 75% des urspr\u00fcnglichen Preises sind, dann kannst Du auch den urspr\u00fcnglichen Preis nachschauen:<\/p>\n<ul>\n<li>Tippe kurz zwei Mal. Die Darstellung springt zur urspr\u00fcnglichen Aufl\u00f6sung.<\/li>\n<li>Gib oben links 75 ein und oben rechts 51. Damit legst Du fest: 51 Fr sind 75%.<\/li>\n<li>Unten muss 0 und 0 stehen, denn 0% des urspr\u00fcnglichen Preises sind 0 Fr.<\/li>\n<li>Geh nach oben zu 100 auf der linken Skala. Rechts kannst Du ablesen, dass der urspr\u00fcngliche Preis 68 Fr waren.<\/li>\n<\/ul>\n<p><img loading=\"lazy\" decoding=\"async\" class=\"aligncenter size-full wp-image-3365\" src=\"http:\/\/hrkll.ch\/WordPress\/wp-content\/uploads\/S_Rechner_Prozent_erweitert.jpg\" alt=\"S_Rechner_Prozent_erweitert\" width=\"140\" height=\"230\" \/><\/p>\n<p>Selbstverst\u00e4ndlich klappt das auch mit Rabatten:<\/p>\n<ul>\n<li>Gib oben links 25 und oben rechts 51 ein: Mit 25% Rabatt ist der Preis noch 51 Fr.<\/li>\n<li>Gib unten links 100 und unten rechts 0 ein: Mit 100% Rabatt kostet es nichts mehr.<\/li>\n<li>Geh nach oben zu 0 auf der linken Skala. Rechts steht dort der urspr\u00fcngliche Preis, der Preis mit 0% Rabatt.<\/li>\n<\/ul>\n<p><img loading=\"lazy\" decoding=\"async\" class=\"aligncenter size-full wp-image-3367\" src=\"http:\/\/hrkll.ch\/WordPress\/wp-content\/uploads\/S_Rechner_Rabatt_erweitert.jpg\" alt=\"S_Rechner_Rabatt_erweitert\" width=\"147\" height=\"230\" \/><\/p>\n","protected":false},"excerpt":{"rendered":"<p>Wenn Du weisst, dass der Preis von 51 Fr. noch 75% des urspr\u00fcnglichen Preises sind, dann kannst Du auch den urspr\u00fcnglichen Preis nachschauen: Tippe kurz zwei Mal. Die Darstellung springt zur urspr\u00fcnglichen Aufl\u00f6sung. Gib oben links 75 ein und oben &hellip; <a href=\"https:\/\/hrkll.ch\/WordPress\/alltagsmathematik\/numa\/erweiterter-prozentrechner\/\">Weiterlesen <span class=\"meta-nav\">&rarr;<\/span><\/a><\/p>\n","protected":false},"author":7,"featured_media":0,"parent":3330,"menu_order":1,"comment_status":"open","ping_status":"closed","template":"sidebar-page.php","meta":{"footnotes":""},"class_list":["post-3351","page","type-page","status-publish","hentry"],"_links":{"self":[{"href":"https:\/\/hrkll.ch\/WordPress\/wp-json\/wp\/v2\/pages\/3351","targetHints":{"allow":["GET"]}}],"collection":[{"href":"https:\/\/hrkll.ch\/WordPress\/wp-json\/wp\/v2\/pages"}],"about":[{"href":"https:\/\/hrkll.ch\/WordPress\/wp-json\/wp\/v2\/types\/page"}],"author":[{"embeddable":true,"href":"https:\/\/hrkll.ch\/WordPress\/wp-json\/wp\/v2\/users\/7"}],"replies":[{"embeddable":true,"href":"https:\/\/hrkll.ch\/WordPress\/wp-json\/wp\/v2\/comments?post=3351"}],"version-history":[{"count":0,"href":"https:\/\/hrkll.ch\/WordPress\/wp-json\/wp\/v2\/pages\/3351\/revisions"}],"up":[{"embeddable":true,"href":"https:\/\/hrkll.ch\/WordPress\/wp-json\/wp\/v2\/pages\/3330"}],"wp:attachment":[{"href":"https:\/\/hrkll.ch\/WordPress\/wp-json\/wp\/v2\/media?parent=3351"}],"curies":[{"name":"wp","href":"https:\/\/api.w.org\/{rel}","templated":true}]}}