{"id":3330,"date":"2016-02-22T17:45:33","date_gmt":"2016-02-22T16:45:33","guid":{"rendered":"http:\/\/hrkll.ch\/WordPress\/?page_id=3330"},"modified":"2018-06-24T14:29:03","modified_gmt":"2018-06-24T13:29:03","slug":"numa","status":"publish","type":"page","link":"https:\/\/hrkll.ch\/WordPress\/alltagsmathematik\/numa\/","title":{"rendered":"Der Skalen-Rechner NUMA"},"content":{"rendered":"<p>NUMA ist eine App f\u00fcr Android Ger\u00e4te.<\/p>\n<p><a href=\"http:\/\/www.hrkll.ch\/\/vom_Kopf_auf_die_Fuesse\/div\/NUMA_0_9_4_10042016.apk\">Download<\/a><\/p>\n<p>(Version 0.9.4)<\/p>\n<hr \/>\n<p><strong>Einfacher Prozentrechner:<\/strong> NUMA startet als einfacher Prozentrechner. Wenn Du wissen willst, wie viel 70% von 320 Fr. sind, dann:<\/p>\n<ul>\n<li style=\"text-align: left;\">Gibst Du oben rechts 320 ein. Suche 70 auf der linken Skala. Daneben siehst Du 224. Das sind 70% von 320.<\/li>\n<\/ul>\n<p><img loading=\"lazy\" decoding=\"async\" class=\"aligncenter size-full wp-image-3358\" src=\"http:\/\/hrkll.ch\/WordPress\/wp-content\/uploads\/S_Rechner_Prozent_einfach.jpg\" alt=\"S_Rechner_Prozent_einfach\" width=\"146\" height=\"240\" \/><\/p>\n<hr \/>\n<ul>\n<li style=\"text-align: left;\">Genauso gut kannst Du auch 20% oder 90% ablesen.<\/li>\n<\/ul>\n<hr \/>\n<ul>\n<li style=\"text-align: left;\">Dr\u00fccke auf die 70. Die Aufl\u00f6sung wird feiner. Jetzt kannst Du auch 73% oder 66% sehen. Du kannst das beliebig wiederholen.<\/li>\n<li style=\"text-align: left;\">Ziehe die Skala mit zwei Fingern zusammen. Die Aufl\u00f6sung wird wieder gr\u00f6ber. Du kannst auch das beliebig wiederholen.<\/li>\n<li style=\"text-align: left;\">Tippe kurz zwei Mal in die Mitte. Die Darstellung springt in die urspr\u00fcngliche Aufl\u00f6sung zur\u00fcck.<\/li>\n<li style=\"text-align: left;\">Wenn irgendetwas sich verschoben hat (man kann am NUMA viel verstellen): W\u00e4hle &lt;Leeren&gt; im Men\u00fc und der Ausgangszustand wird hergestellt.<\/li>\n<\/ul>\n<hr \/>\n<p>NUMA kann mehr:<\/p>\n<ul>\n<li>Einfacher Prozentrechner: siehe oben<\/li>\n<li><a href=\"http:\/\/hrkll.ch\/WordPress\/alltagsmathematik\/numa\/zutaten-rechner\/\">Zutatenrechner<\/a> (4 Personen, 6 Personen, 20 Personen &#8230;)<\/li>\n<li><a href=\"http:\/\/hrkll.ch\/WordPress\/alltagsmathematik\/numa\/umrechner\/\">Einfacher Umrechner <\/a>(Franken\/Euro, Stunden\/Minuten, Celsius\/Fahrenheit &#8230;)<\/li>\n<li><a href=\"http:\/\/hrkll.ch\/WordPress\/alltagsmathematik\/numa\/umrechner-mit-mehreren-skalen\/\">Umrechner mit mehreren Skalen<\/a><\/li>\n<li><a href=\"http:\/\/hrkll.ch\/WordPress\/alltagsmathematik\/numa\/rabattrechner\/\">Rabattrechner<\/a><\/li>\n<li><a href=\"http:\/\/hrkll.ch\/WordPress\/alltagsmathematik\/numa\/erweiterter-prozentrechner\/\">Erweiterter Prozentrechner<\/a><\/li>\n<li><a href=\"http:\/\/hrkll.ch\/WordPress\/alltagsmathematik\/numa\/mischrechner\/\">Mischrechner<\/a><\/li>\n<li><a href=\"http:\/\/hrkll.ch\/WordPress\/alltagsmathematik\/numa\/malrechnen-usw\/\">Malrechnen, Teilen, Zusammenz\u00e4hlen, Abz\u00e4hlen<\/a><\/li>\n<\/ul>\n<ul>\n<li><a href=\"http:\/\/hrkll.ch\/WordPress\/alltagsmathematik\/numa\/modelle-speichern-und-laden\/\">Modelle speichern und laden<\/a><\/li>\n<li><a href=\"http:\/\/hrkll.ch\/WordPress\/alltagsmathematik\/numa\/alle-einstellungen\/\">Alle Einstellungen<\/a><\/li>\n<\/ul>\n","protected":false},"excerpt":{"rendered":"<p>NUMA ist eine App f\u00fcr Android Ger\u00e4te. Download (Version 0.9.4) Einfacher Prozentrechner: NUMA startet als einfacher Prozentrechner. Wenn Du wissen willst, wie viel 70% von 320 Fr. sind, dann: Gibst Du oben rechts 320 ein. Suche 70 auf der linken &hellip; <a href=\"https:\/\/hrkll.ch\/WordPress\/alltagsmathematik\/numa\/\">Weiterlesen <span class=\"meta-nav\">&rarr;<\/span><\/a><\/p>\n","protected":false},"author":7,"featured_media":0,"parent":29,"menu_order":0,"comment_status":"open","ping_status":"closed","template":"sidebar-page.php","meta":{"footnotes":""},"class_list":["post-3330","page","type-page","status-publish","hentry"],"_links":{"self":[{"href":"https:\/\/hrkll.ch\/WordPress\/wp-json\/wp\/v2\/pages\/3330","targetHints":{"allow":["GET"]}}],"collection":[{"href":"https:\/\/hrkll.ch\/WordPress\/wp-json\/wp\/v2\/pages"}],"about":[{"href":"https:\/\/hrkll.ch\/WordPress\/wp-json\/wp\/v2\/types\/page"}],"author":[{"embeddable":true,"href":"https:\/\/hrkll.ch\/WordPress\/wp-json\/wp\/v2\/users\/7"}],"replies":[{"embeddable":true,"href":"https:\/\/hrkll.ch\/WordPress\/wp-json\/wp\/v2\/comments?post=3330"}],"version-history":[{"count":0,"href":"https:\/\/hrkll.ch\/WordPress\/wp-json\/wp\/v2\/pages\/3330\/revisions"}],"up":[{"embeddable":true,"href":"https:\/\/hrkll.ch\/WordPress\/wp-json\/wp\/v2\/pages\/29"}],"wp:attachment":[{"href":"https:\/\/hrkll.ch\/WordPress\/wp-json\/wp\/v2\/media?parent=3330"}],"curies":[{"name":"wp","href":"https:\/\/api.w.org\/{rel}","templated":true}]}}