{"id":300,"date":"2013-02-02T16:29:47","date_gmt":"2013-02-02T15:29:47","guid":{"rendered":"http:\/\/hrkll.ch\/WordPress\/?page_id=300"},"modified":"2018-01-31T10:50:13","modified_gmt":"2018-01-31T09:50:13","slug":"literatur","status":"publish","type":"page","link":"https:\/\/hrkll.ch\/WordPress\/alltagsmathematik\/literatur\/","title":{"rendered":"Literatur zur Alltagsmathematik"},"content":{"rendered":"<p>Eine kommentierte Liste von Texten, die f\u00fcr mich wichtig sind oder waren.<\/p>\n<p>Alles auf einmal als <a title=\"Initiates file download\" href=\"http:\/\/hrkll.ch\/Alltagsmathematik\/Alltagsmathematik_Literaturliste_Januar_2018.pdf\" target=\"_blank\" rel=\"noopener\">pdf-Version<\/a> und mit lesbarer formatierten Komentaren (Januar 2018).<\/p>\n<ol>\n<li><a title=\"Meine Lieblingstexte\" href=\"http:\/\/hrkll.ch\/WordPress\/?page_id=288\">Meine Lieblingstexte<\/a>: Texte und B\u00fccher, von denen ich sehr viel f\u00fcr das Verst\u00e4ndnis von Alltagsmathematik profitiert habe<em>.<\/em><\/li>\n<li><a title=\"Texte aus meiner eigenen K\u00fcche\" href=\"http:\/\/hrkll.ch\/WordPress\/?page_id=755\">Texte aus meiner eigenen K\u00fcche<\/a>: Publizierte Artikel, B\u00fccher etc. zum Thema Alltagsmathematik <em>(nicht vollst\u00e4ndig).<\/em><\/li>\n<li><a title=\"Mathematikdidaktik allgemein\" href=\"http:\/\/hrkll.ch\/WordPress\/?page_id=306\">Mathematikdidaktik allgemein<\/a>: Texte die ich in Kursen einsetzen und die mathematikdidaktische Themen ansprechen, die ganz allgemein, also auch im Zusammenhang mit Alltagsmathematik von Bedeutung sind.<\/li>\n<li><a title=\"Alltag und Akademie\" href=\"http:\/\/hrkll.ch\/WordPress\/?page_id=319\">Alltag und Akademie<\/a>: Texte, die in irgendeinem Punkt illustrieren, inwiefern sich Mathematik (als Fach) und Alltagsmathematik unterscheiden <em>(f\u00fcr Erg\u00e4nzungen bin ich dankbar)<\/em>.<\/li>\n<li><a title=\"Mathematik und Berufsbildung\" href=\"http:\/\/hrkll.ch\/WordPress\/?page_id=332\">Mathematik und Berufsbildung<\/a>: Texte, die sich explizit mit Fragen der Mathematik im Beruf und der Berufsbildung befassen<em> (f\u00fcr Erg\u00e4nzungen bin ich dankbar)<\/em>.<\/li>\n<li><a title=\"Eigenarten der Mathematik\" href=\"http:\/\/hrkll.ch\/WordPress\/?page_id=334\">Eigenarten der Mathematik<\/a>: Texte, die ich in Kursen einsetze und die gewisse Eigenarten der Mathematik ganz allgemein behandeln.<\/li>\n<li><a title=\"Interessante Details\" href=\"http:\/\/hrkll.ch\/WordPress\/?page_id=336\">Interessante Details<\/a>: Texte, die irgend ein interessantes Detail, eine interessante Untersuchung zur Mathematikdidaktik behandeln, die ich gelegentlich in Kursen einsetze.<\/li>\n<\/ol>\n","protected":false},"excerpt":{"rendered":"<p>Eine kommentierte Liste von Texten, die f\u00fcr mich wichtig sind oder waren. Alles auf einmal als pdf-Version und mit lesbarer formatierten Komentaren (Januar 2018). Meine Lieblingstexte: Texte und B\u00fccher, von denen ich sehr viel f\u00fcr das Verst\u00e4ndnis von Alltagsmathematik profitiert &hellip; <a href=\"https:\/\/hrkll.ch\/WordPress\/alltagsmathematik\/literatur\/\">Weiterlesen <span class=\"meta-nav\">&rarr;<\/span><\/a><\/p>\n","protected":false},"author":7,"featured_media":0,"parent":29,"menu_order":2,"comment_status":"open","ping_status":"closed","template":"sidebar-page.php","meta":{"footnotes":""},"class_list":["post-300","page","type-page","status-publish","hentry"],"_links":{"self":[{"href":"https:\/\/hrkll.ch\/WordPress\/wp-json\/wp\/v2\/pages\/300","targetHints":{"allow":["GET"]}}],"collection":[{"href":"https:\/\/hrkll.ch\/WordPress\/wp-json\/wp\/v2\/pages"}],"about":[{"href":"https:\/\/hrkll.ch\/WordPress\/wp-json\/wp\/v2\/types\/page"}],"author":[{"embeddable":true,"href":"https:\/\/hrkll.ch\/WordPress\/wp-json\/wp\/v2\/users\/7"}],"replies":[{"embeddable":true,"href":"https:\/\/hrkll.ch\/WordPress\/wp-json\/wp\/v2\/comments?post=300"}],"version-history":[{"count":0,"href":"https:\/\/hrkll.ch\/WordPress\/wp-json\/wp\/v2\/pages\/300\/revisions"}],"up":[{"embeddable":true,"href":"https:\/\/hrkll.ch\/WordPress\/wp-json\/wp\/v2\/pages\/29"}],"wp:attachment":[{"href":"https:\/\/hrkll.ch\/WordPress\/wp-json\/wp\/v2\/media?parent=300"}],"curies":[{"name":"wp","href":"https:\/\/api.w.org\/{rel}","templated":true}]}}