{"id":29,"date":"2013-01-31T15:00:04","date_gmt":"2013-01-31T14:00:04","guid":{"rendered":"http:\/\/hrkll.ch\/WordPress\/?page_id=29"},"modified":"2016-03-12T20:51:14","modified_gmt":"2016-03-12T19:51:14","slug":"alltagsmathematik","status":"publish","type":"page","link":"https:\/\/hrkll.ch\/WordPress\/alltagsmathematik\/","title":{"rendered":"Alltagsmathematik"},"content":{"rendered":"<p>Mathematik wird aus verschiedenen Gr\u00fcnden (technologische Entwicklung, Verbreitung von Statistiken etc.) im privaten und beruflichen Alltag immer wichtiger.<\/p>\n<p>Viele Personen werden von dieser Entwicklung stark gefordert, wenn nicht \u00fcberfordert. Dies wirft verschiedene Fragen auf:<\/p>\n<ul>\n<li>Welches mathematische Wissen wird im Alltag ben\u00f6tigt?<\/li>\n<li>Wie muss dieses Wissen verankert sein, dass es auch genutzt werden kann?<\/li>\n<li>Wie kann man Personen dabei unterst\u00fctzen, geeignetes, gut verankertes alltagsmathematisches Wissen aufzubauen?<\/li>\n<\/ul>\n<p>Aktuell bin ich mit verschiedenen Projekten besch\u00e4ftigt, welche Antworten auf diese Fragen suchen. Ihre Resultate werden nach und nach hier nachzulesen sein.<\/p>\n<p><strong>Werkzeuge<\/strong><\/p>\n<p><strong><a href=\"http:\/\/hrkll.ch\/WordPress\/alltagsmathematik\/numa\/\">Der Skalen-Rechner NUMA<\/a> <\/strong><\/p>\n<p>NUMA ist eine App f\u00fcr Android Ger\u00e4te. Damit kann man einfach Prozentrechnungen ausf\u00fchren, W\u00e4hrungen umrechnen und vieles mehr.<\/p>\n<h2><a title=\"Didaktik\" href=\"http:\/\/hrkll.ch\/WordPress\/?page_id=193\">Didaktisches<\/a><\/h2>\n<p>Verschiedene Texte zu einer anwendungsbezogenen Didaktik der Mathematik.<\/p>\n<h2><a title=\"Geschichten\" href=\"http:\/\/hrkll.ch\/WordPress\/?page_id=149\">Geschichten<\/a><\/h2>\n<p>Geschichten, die f\u00fcr mich anschaulich illustrieren, worum es bei Alltagsmathematik geht.<\/p>\n<h2><a title=\"Projekte\" href=\"http:\/\/hrkll.ch\/WordPress\/?page_id=189\">Projekte<\/a><\/h2>\n<p>Kurzbeschreibungen und Hinweise zu den verschiedenen Projekten, in die ich involviert bin.<\/p>\n<h2><a title=\"Literatur\" href=\"http:\/\/hrkll.ch\/WordPress\/?page_id=300\">Literatur<\/a> und <a title=\"Links zur Alltagsmathematik\" href=\"http:\/\/hrkll.ch\/WordPress\/?page_id=279\">Links<\/a><\/h2>\n<p>Zwei unsystematische, langsam wachsende Sammlungen.<\/p>\n","protected":false},"excerpt":{"rendered":"<p>Mathematik wird aus verschiedenen Gr\u00fcnden (technologische Entwicklung, Verbreitung von Statistiken etc.) im privaten und beruflichen Alltag immer wichtiger. Viele Personen werden von dieser Entwicklung stark gefordert, wenn nicht \u00fcberfordert. Dies wirft verschiedene Fragen auf: Welches mathematische Wissen wird im Alltag &hellip; <a href=\"https:\/\/hrkll.ch\/WordPress\/alltagsmathematik\/\">Weiterlesen <span class=\"meta-nav\">&rarr;<\/span><\/a><\/p>\n","protected":false},"author":7,"featured_media":0,"parent":0,"menu_order":10,"comment_status":"closed","ping_status":"closed","template":"sidebar-page.php","meta":{"footnotes":""},"class_list":["post-29","page","type-page","status-publish","hentry"],"_links":{"self":[{"href":"https:\/\/hrkll.ch\/WordPress\/wp-json\/wp\/v2\/pages\/29","targetHints":{"allow":["GET"]}}],"collection":[{"href":"https:\/\/hrkll.ch\/WordPress\/wp-json\/wp\/v2\/pages"}],"about":[{"href":"https:\/\/hrkll.ch\/WordPress\/wp-json\/wp\/v2\/types\/page"}],"author":[{"embeddable":true,"href":"https:\/\/hrkll.ch\/WordPress\/wp-json\/wp\/v2\/users\/7"}],"replies":[{"embeddable":true,"href":"https:\/\/hrkll.ch\/WordPress\/wp-json\/wp\/v2\/comments?post=29"}],"version-history":[{"count":0,"href":"https:\/\/hrkll.ch\/WordPress\/wp-json\/wp\/v2\/pages\/29\/revisions"}],"wp:attachment":[{"href":"https:\/\/hrkll.ch\/WordPress\/wp-json\/wp\/v2\/media?parent=29"}],"curies":[{"name":"wp","href":"https:\/\/api.w.org\/{rel}","templated":true}]}}