{"id":2819,"date":"2015-01-05T09:48:45","date_gmt":"2015-01-05T08:48:45","guid":{"rendered":"http:\/\/hrkll.ch\/WordPress\/?page_id=2819"},"modified":"2017-11-22T14:14:10","modified_gmt":"2017-11-22T13:14:10","slug":"mathematische-werkzeuge","status":"publish","type":"page","link":"https:\/\/hrkll.ch\/WordPress\/vom-kopf-auf-die-fuesse\/mathematische-werkzeuge\/","title":{"rendered":"Mathematische Werkzeuge"},"content":{"rendered":"<p>Nicht alles, was manchmal buchst\u00e4blich schon seit mehr als hundert Jahren in den Schulb\u00fcchern steht, ist im beruflichen Alltag wirklich n\u00fctzlich. Es lohnt sich daher, sich ein paar Gedanken zu <strong>alltagstauglichen<\/strong> mathematischen Werkzeugen zu machen.<\/p>\n<h2>Theorie<\/h2>\n<ul>\n<li><a title=\"Tabellen statt Formeln\" href=\"http:\/\/hrkll.ch\/WordPress\/?page_id=2109\">Tabellen statt Formeln<\/a>: Tabellen sind oft im beruflichen Alltag das handlichere Werkzeug als Formeln.<\/li>\n<li><a title=\"Mathematische Instrumente modernisieren\" href=\"http:\/\/hrkll.ch\/WordPress\/?page_id=1956\">Mathematische Werkzeuge modernisieren<\/a>: Beispiele, wie man manchmal den Lernenden das Leben erleichtern kann, indem man traditionelle Berechnungswerkzeuge durch handlichere ersetzt.<\/li>\n<li><a title=\"Rituale, Werkzeuge und Modelle\" href=\"http:\/\/hrkll.ch\/WordPress\/?page_id=2171\">Rituale, Werkzeuge und Modelle:<\/a> Es lohnt sich genau abzukl\u00e4ren, warum man ein bestimmtes mathematisches Werkzeug im Unterricht behandeln will.<\/li>\n<\/ul>\n<h2>Beispiele<\/h2>\n<ul>\n<li><em>1 Liter Vollmilch wiegt 1.030 kg.<br \/>\n<\/em><a href=\"http:\/\/hrkll.ch\/vom_Kopf_auf_die_Fuesse\/Beispiele\/Milchtechnologen\/1_Milch_Volumen_Masse.pdf\" target=\"_blank\" rel=\"noopener\">In Liter geliefert, in Kilogramm abgerechnet<\/a> in der <a href=\"http:\/\/hrkll.ch\/WordPress\/vom-kopf-auf-die-fuesse\/beispiele\/milchverarbeitung\/\">Milchverarbeitung<\/a>, beschrieben in <a title=\"Tabellen statt Formeln\" href=\"http:\/\/hrkll.ch\/WordPress\/?page_id=2109\">Tabellen statt Formeln<\/a>.<\/li>\n<li><em>F\u00fcr 1 kg gesch\u00e4lte Karotten ben\u00f6tigt man 1.176 kg ungesch\u00e4lte.<\/em><br \/>\n<a href=\"http:\/\/www.hotelgastro.ch\/pix\/files\/Verluste-aller-Art-einberechnen_d_low.pdf\" target=\"_blank\" rel=\"noopener\">Verlustrechnung<\/a> in der <a href=\"http:\/\/hrkll.ch\/WordPress\/vom-kopf-auf-die-fuesse\/beispiele\/kueche\/\">K\u00fcche<\/a>, beschrieben in <a title=\"Mathematische Instrumente modernisieren\" href=\"http:\/\/hrkll.ch\/WordPress\/?page_id=1956\">Mathematische Werkzeuge modernisieren<\/a>.<\/li>\n<li><em>Heute m\u00fcssen wir 3 x 7 Rollen Dachpappe mitnehmen.<br \/>\n<\/em><a href=\"http:\/\/hrkll.ch\/WordPress\/vom-kopf-auf-die-fuesse\/mathematische-werkzeuge\/wie-viele-rollen-dachpappe-benoetigen-wir\/\">Arbeitsvorbereitung f\u00fcr Dachdecker<\/a><em>.<br \/>\n<\/em><\/li>\n<li>H\u00f6he und Grundmass anstatt Gegenkathete und Ankathete<br \/>\n<a href=\"http:\/\/www.hrkll.ch\/\/vom_Kopf_auf_die_Fuesse\/div\/Aehnlichkeitsrechnungen_Trigonomerie_kommentiertdoc.pdf\" target=\"_blank\" rel=\"noopener\">Ein Unterrichtsversuch bei Zimmerleuten<\/a><\/li>\n<\/ul>\n","protected":false},"excerpt":{"rendered":"<p>Nicht alles, was manchmal buchst\u00e4blich schon seit mehr als hundert Jahren in den Schulb\u00fcchern steht, ist im beruflichen Alltag wirklich n\u00fctzlich. Es lohnt sich daher, sich ein paar Gedanken zu alltagstauglichen mathematischen Werkzeugen zu machen. Theorie Tabellen statt Formeln: Tabellen &hellip; <a href=\"https:\/\/hrkll.ch\/WordPress\/vom-kopf-auf-die-fuesse\/mathematische-werkzeuge\/\">Weiterlesen <span class=\"meta-nav\">&rarr;<\/span><\/a><\/p>\n","protected":false},"author":7,"featured_media":0,"parent":1554,"menu_order":6,"comment_status":"open","ping_status":"closed","template":"sidebar-page.php","meta":{"footnotes":""},"class_list":["post-2819","page","type-page","status-publish","hentry"],"_links":{"self":[{"href":"https:\/\/hrkll.ch\/WordPress\/wp-json\/wp\/v2\/pages\/2819","targetHints":{"allow":["GET"]}}],"collection":[{"href":"https:\/\/hrkll.ch\/WordPress\/wp-json\/wp\/v2\/pages"}],"about":[{"href":"https:\/\/hrkll.ch\/WordPress\/wp-json\/wp\/v2\/types\/page"}],"author":[{"embeddable":true,"href":"https:\/\/hrkll.ch\/WordPress\/wp-json\/wp\/v2\/users\/7"}],"replies":[{"embeddable":true,"href":"https:\/\/hrkll.ch\/WordPress\/wp-json\/wp\/v2\/comments?post=2819"}],"version-history":[{"count":0,"href":"https:\/\/hrkll.ch\/WordPress\/wp-json\/wp\/v2\/pages\/2819\/revisions"}],"up":[{"embeddable":true,"href":"https:\/\/hrkll.ch\/WordPress\/wp-json\/wp\/v2\/pages\/1554"}],"wp:attachment":[{"href":"https:\/\/hrkll.ch\/WordPress\/wp-json\/wp\/v2\/media?parent=2819"}],"curies":[{"name":"wp","href":"https:\/\/api.w.org\/{rel}","templated":true}]}}