{"id":279,"date":"2013-02-01T22:46:08","date_gmt":"2013-02-01T21:46:08","guid":{"rendered":"http:\/\/hrkll.ch\/WordPress\/?page_id=279"},"modified":"2017-06-20T12:28:11","modified_gmt":"2017-06-20T11:28:11","slug":"links","status":"publish","type":"page","link":"https:\/\/hrkll.ch\/WordPress\/alltagsmathematik\/links\/","title":{"rendered":"Links zur Alltagsmathematik"},"content":{"rendered":"<p>Eine nicht besonders systematische Sammlung von Links, die im Zusammenhang mit Alltagsmathematik n\u00fctzlich sein k\u00f6nnen. (Die Sammlung wurde schon lange nicht mehr erweitert. Die vorhandenen Links sollten aber funktionieren.)<\/p>\n<h3>Kategorien<\/h3>\n<!-- Link Library Categories Output -->\n\n<div id=\"linktable\" class=\"linktable\"><table width=\"100%\">\n<tr>\n\t<td><a href=\"#compad-flemo\"><span class=\"linkcatname\">Compad\/Flemo<\/span><\/a><\/td>\n\t<td><a href=\"#kompetenzenraster-etc\"><span class=\"linkcatname\">Kompetenzenraster etc.<\/span><\/a><\/td>\n<\/tr>\n<tr>\n\t<td><a href=\"#lernen-im-netz\"><span class=\"linkcatname\">Lernen im Netz<\/span><\/a><\/td>\n\t<td><a href=\"#projekte\"><span class=\"linkcatname\">Projekte<\/span><\/a><\/td>\n<\/tr>\n<tr>\n\t<td><a href=\"#unterrichtsmaterial\"><span class=\"linkcatname\">Unterrichtsmaterial<\/span><\/a><\/td>\n<\/table>\n<\/div>\n\n<div style='clear:both' \/>\n\n<!-- End of Link Library Categories Output -->\n<h3>Links<\/h3>\n<!-- Beginning of Link Library Output --><div id='linklist2' class='linklist'><!-- Div Linklist -->\n<div class=\"LinkLibraryCat LinkLibraryCat27 level0\"><!-- Div Category --><div id=\"compad-flemo\"><!-- Div Category Name --><div class=\"linklistcatname\"><!-- Div Cat Name --><span class=\"linklistcatclass\">Compad\/Flemo<\/span><\/div><!-- DivOrHeader --><\/div><!-- Div Category Name -->\n\t<ul>\n<li><a href=\"http:\/\/www.compad.info\/\" id=\"link-3918\" class=\"track_this_link \" rel=\"noopener noreferrer\" target=\"_blank\">Compad beim Schulverlag<\/a>\n<\/li>\n<li><a href=\"http:\/\/www.flemo.net\/\" id=\"link-3919\" class=\"track_this_link \" rel=\"noopener noreferrer\" target=\"_blank\">Flemo<\/a>\n<\/li>\n<li><a href=\"http:\/\/www.mathemagische-momente.de\/\" id=\"link-3920\" class=\"track_this_link \" rel=\"noopener noreferrer\" target=\"_blank\">Mathemagische Momente<\/a>\n<\/li>\n\t<\/ul>\n<\/div><!-- Div End Category -->\n<div class=\"LinkLibraryCat LinkLibraryCat31 level0\"><!-- Div Category --><div id=\"kompetenzenraster-etc\"><!-- Div Category Name --><div class=\"linklistcatname\"><!-- Div Cat Name --><span class=\"linklistcatclass\">Kompetenzenraster etc.<\/span><\/div><!-- DivOrHeader --><\/div><!-- Div Category Name -->\n\t<ul>\n<li><a href=\"http:\/\/www.australiancurriculum.edu.au\/Mathematics\/Curriculum\/F-10\/\" id=\"link-3934\" class=\"track_this_link \" rel=\"noopener noreferrer\" target=\"_blank\">Das Australische Mathematikcurriculum<\/a>\n<\/li>\n<li><a href=\"http:\/\/edudoc.ch\/record\/36469\/files\/Standards_Math_d.pdf\" id=\"link-3935\" class=\"track_this_link \" rel=\"noopener noreferrer\" target=\"_blank\">HarmoS<\/a>\n<\/li>\n<li><a href=\"http:\/\/www.workbase.org.nz\/\" id=\"link-3936\" class=\"track_this_link \" rel=\"noopener noreferrer\" target=\"_blank\">Neuseel\u00e4ndisches Raster f\u00fcr Basiskompetenzen am Arbeitsplatz<\/a>\n<\/li>\n\t<\/ul>\n<\/div><!-- Div End Category -->\n<div class=\"LinkLibraryCat LinkLibraryCat30 level0\"><!-- Div Category --><div id=\"lernen-im-netz\"><!-- Div Category Name --><div class=\"linklistcatname\"><!-- Div Cat Name --><span class=\"linklistcatclass\">Lernen im Netz<\/span><\/div><!-- DivOrHeader --><\/div><!-- Div Category Name -->\n\t<ul>\n<li><a href=\"http:\/\/www.gomath.ch\" id=\"link-3928\" class=\"track_this_link \" rel=\"noopener noreferrer\" target=\"_blank\">GoMaths<\/a>\nGrundrechenarten verschiedenste Schwierigkeitsstufen, Br\u00fcche, Prozentrechnen, Masseinheiten. (Die Benutzerf\u00fchrung ist zwar franz\u00f6sisch; sind aber die Aufgaben einmal gew\u00e4hlt, spielt die Sprache keine Rolle mehr)<\/li>\n<li><a href=\"http:\/\/www.ich-will-lernen.de\" id=\"link-3930\" class=\"track_this_link \" rel=\"noopener noreferrer\" target=\"_blank\">Ich will lernen<\/a>\nPortal mit umfassendem Angebot zu Sprache und Rechnen auf tiefsten Niveau. Diagnosetools, automatisch zusammengestellte &quot;Arbeitsmappen&quot;, Hilfen beim Zeitmanagement<\/li>\n<li><a href=\"http:\/\/www.elektronisch-studieren.de\/mathewarp\/index.htm\" id=\"link-3933\" class=\"track_this_link \" rel=\"noopener noreferrer\" target=\"_blank\">Mathe Warp<\/a>\n\u00dcbungsprogramm f\u00fcr alle Lernziele der f\u00fcnften und sechsten Klasse (Deutschland). Interessantes Detail: Die Lernenden erhalten Feedback in einer Form, das ihnen hilft, ein positiveres Selbstbild aufzubauen.<\/li>\n<li><a href=\"http:\/\/mathenpoche.sesamath.net\" id=\"link-3929\" class=\"track_this_link \" rel=\"noopener noreferrer\" target=\"_blank\">Mathenpoche<\/a>\nSehr gut ausgebaute Seite mit vielen Aufgabentypen. Die Sprache ist Franz\u00f6sisch. Es braucht etwas Erkl\u00e4rung, bis Leute ohne Franz\u00f6sischkenntnisse die einzelnen Aufgaben nutzen k\u00f6nnen.<\/li>\n<li><a href=\"http:\/\/www.fi.uu.nl\/rekenweb\/en\/\" id=\"link-3931\" class=\"track_this_link \" rel=\"noopener noreferrer\" target=\"_blank\">RekenWeb<\/a>\nAuf Kinder ausgreichtete Seite mit vielnen n\u00fctzlichen Aufgaben gerade f\u00fcr schwache Lernende. Die Sprache ist Englisch. Die meisten Aufgaben lassen sich aber gut bearbeiten, wenn man einmal verstanden hat, worum es geht - was nicht \u00fcberall einfach herauszu<\/li>\n<li><a href=\"http:\/\/uploads.ungrounded.net\/525000\/525347_scale_of_universe_ng.swf\" id=\"link-3932\" class=\"track_this_link \" rel=\"noopener noreferrer\" target=\"_blank\">The Scale of the Universe<\/a>\nSch\u00f6ne Animation zu Gr\u00f6ssenverh\u00e4ltnissen vom Keinsten (Atome) zum Gr\u00f6ssten (Universum).<\/li>\n\t<\/ul>\n<\/div><!-- Div End Category -->\n<div class=\"LinkLibraryCat LinkLibraryCat28 level0\"><!-- Div Category --><div id=\"projekte\"><!-- Div Category Name --><div class=\"linklistcatname\"><!-- Div Cat Name --><span class=\"linklistcatclass\">Projekte<\/span><\/div><!-- DivOrHeader --><\/div><!-- Div Category Name -->\n\t<ul>\n<li><a href=\"http:\/\/www.alice.ch\/de\/themen\/grundkompetenzen\/\" id=\"link-3921\" class=\"track_this_link \" rel=\"noopener noreferrer\" target=\"_blank\">Projekte beim SVEB<\/a>\n<\/li>\n\t<\/ul>\n<\/div><!-- Div End Category -->\n<div class=\"LinkLibraryCat LinkLibraryCat26 level0\"><!-- Div Category --><div id=\"unterrichtsmaterial\"><!-- Div Category Name --><div class=\"linklistcatname\"><!-- Div Cat Name --><span class=\"linklistcatclass\">Unterrichtsmaterial<\/span><\/div><!-- DivOrHeader --><\/div><!-- Div Category Name -->\n\t<ul>\n<li><a href=\"http:\/\/www.deutsch-am-arbeitsplatz.de\/fuer-den-unterricht\/berufsorientierende-materialien\/durchblick.html\" id=\"link-3917\" class=\"track_this_link \" rel=\"noopener noreferrer\" target=\"_blank\">Fit f\u00fcr&#039;s Rechnen am Arbeitsplatz<\/a>\nMaterialiensammlung f\u00fcr Lernende mit wenig Kenntnissen in (berufbezogenen) Grundrechenarten<\/li>\n<li><a href=\"http:\/\/www.gapminder.org\/\" id=\"link-3916\" class=\"track_this_link \" rel=\"noopener noreferrer\" target=\"_blank\">gapminder &#8211; dynamische Statistiken<\/a>\n<\/li>\n<li><a href=\"http:\/\/www.mathscareers.org.uk\/\" id=\"link-3913\" class=\"track_this_link \" rel=\"noopener noreferrer\" target=\"_blank\">Maths Careers (England)<\/a>\n<\/li>\n<li><a href=\"http:\/\/www.learningplace.com.au\/deliver\/content.asp?pid=15570\" id=\"link-3912\" class=\"track_this_link \" rel=\"noopener noreferrer\" target=\"_blank\">Numeracy in Queensland (Australien)<\/a>\n<\/li>\n<li><a href=\"http:\/\/www.pikas.tu-dortmund.de\/index.html\" id=\"link-3915\" class=\"track_this_link \" rel=\"noopener noreferrer\" target=\"_blank\">Pic As<\/a>\n<\/li>\n<li><a href=\"http:\/\/www.migesplus.ch\/publikationen\/gesundheitsversorgung\/show\/unterrichtsmappe-gesundheit\/\" id=\"link-3914\" class=\"track_this_link \" rel=\"noopener noreferrer\" target=\"_blank\">Unterrichtsmappe Gesundheit<\/a>\n<\/li>\n\t<\/ul>\n<\/div><!-- Div End Category -->\n<script type='text\/javascript'>\njQuery(document).ready(function()\n{\njQuery('.arrow-up').hide();\njQuery('#linklist2 a.track_this_link').click(function() {\nlinkid = this.id;\nlinkid = linkid.substring(5);\npath = '';\njQuery.ajax( {    type: 'POST',    url: 'https:\/\/hrkll.ch\/WordPress\/wp-admin\/admin-ajax.php',     data: { action: 'link_library_tracker',             _ajax_nonce: '367ca82fe3',             id:linkid, xpath:path }     });\nreturn true;\n});\njQuery('#linklist2 .expandlinks').click(function() {\ntarget = '.' + jQuery(this).attr('id');\nsubcattarget = '.' + jQuery(this).attr('data-subcat');\nif ( jQuery( target ).is(':visible') ) {\njQuery(target).slideUp();\njQuery(subcattarget).slideToggle();\njQuery(this).children('img').attr('src', 'https:\/\/hrkll.ch\/WordPress\/wp-content\/plugins\/link-library\/icons\/expand-32.png');\n} else {\njQuery(target).slideDown();\njQuery(subcattarget).slideToggle();\njQuery(this).children('img').attr('src', 'https:\/\/hrkll.ch\/WordPress\/wp-content\/plugins\/link-library\/icons\/collapse-32.png');\n}\n});\njQuery('#linklist2 .linklistcatclass').click(function() {\njQuery(this).siblings('.expandlinks').click();\n});\njQuery('#linklist2 .linklistcatnamedesc').click(function() {\njQuery(this).siblings('.expandlinks').click();\n});\n});\n<\/script>\n<\/div><!-- Div Linklist -->\n<!-- End of Link Library Output -->\n\n\n","protected":false},"excerpt":{"rendered":"<p>Eine nicht besonders systematische Sammlung von Links, die im Zusammenhang mit Alltagsmathematik n\u00fctzlich sein k\u00f6nnen. (Die Sammlung wurde schon lange nicht mehr erweitert. Die vorhandenen Links sollten aber funktionieren.) Kategorien Links<\/p>\n","protected":false},"author":7,"featured_media":0,"parent":29,"menu_order":1,"comment_status":"closed","ping_status":"closed","template":"sidebar-page.php","meta":{"footnotes":""},"class_list":["post-279","page","type-page","status-publish","hentry"],"_links":{"self":[{"href":"https:\/\/hrkll.ch\/WordPress\/wp-json\/wp\/v2\/pages\/279","targetHints":{"allow":["GET"]}}],"collection":[{"href":"https:\/\/hrkll.ch\/WordPress\/wp-json\/wp\/v2\/pages"}],"about":[{"href":"https:\/\/hrkll.ch\/WordPress\/wp-json\/wp\/v2\/types\/page"}],"author":[{"embeddable":true,"href":"https:\/\/hrkll.ch\/WordPress\/wp-json\/wp\/v2\/users\/7"}],"replies":[{"embeddable":true,"href":"https:\/\/hrkll.ch\/WordPress\/wp-json\/wp\/v2\/comments?post=279"}],"version-history":[{"count":0,"href":"https:\/\/hrkll.ch\/WordPress\/wp-json\/wp\/v2\/pages\/279\/revisions"}],"up":[{"embeddable":true,"href":"https:\/\/hrkll.ch\/WordPress\/wp-json\/wp\/v2\/pages\/29"}],"wp:attachment":[{"href":"https:\/\/hrkll.ch\/WordPress\/wp-json\/wp\/v2\/media?parent=279"}],"curies":[{"name":"wp","href":"https:\/\/api.w.org\/{rel}","templated":true}]}}