{"id":178,"date":"2013-02-01T18:03:51","date_gmt":"2013-02-01T17:03:51","guid":{"rendered":"http:\/\/hrkll.ch\/WordPress\/?page_id=178"},"modified":"2013-02-08T19:02:46","modified_gmt":"2013-02-08T18:02:46","slug":"aufrunden-abrunden","status":"publish","type":"page","link":"https:\/\/hrkll.ch\/WordPress\/alltagsmathematik\/geschichten\/aufrunden-abrunden\/","title":{"rendered":"Aufrunden, Abrunden"},"content":{"rendered":"<p>Die schulmathematische Regel f\u00fcr Auf- und Abrunden ist klar: Ab 0.5 wird aufgerundet, darunter wird abgerundet.<\/p>\n<p>Im Alltag ist dies nicht immer sinnvoll. Knijnik berichtet von einem mexikanischen Bauer, der ihm erz\u00e4hlte: &#8222;Wenn ich einkaufen gehe und ausrechnen m\u00f6chte, ob ich genug Geld dabei habe, dann runde im beim Zusammenz\u00e4hlen alle Betr\u00e4ge auf. Ich m\u00f6chte nicht bl\u00f6d dastehen, wenn es dann um&#8217;s Zahlen geht. Wenn ich hingegen Dinge verkaufe, dann mache ich es genau umgekehrt. Ich runde immer ab, damit ich den Betrag, den ich erhalten werde, sicher nicht \u00fcbersch\u00e4tze&#8220;.<\/p>\n<p><em>Knijnik, G. (2007). Brazilian peasant mathematics, school mathematics and adult education. ALM International Journal 2(2), 54 &#8211; 62.<\/em><\/p>\n","protected":false},"excerpt":{"rendered":"<p>Die schulmathematische Regel f\u00fcr Auf- und Abrunden ist klar: Ab 0.5 wird aufgerundet, darunter wird abgerundet. Im Alltag ist dies nicht immer sinnvoll. Knijnik berichtet von einem mexikanischen Bauer, der ihm erz\u00e4hlte: &#8222;Wenn ich einkaufen gehe und ausrechnen m\u00f6chte, ob &hellip; <a href=\"https:\/\/hrkll.ch\/WordPress\/alltagsmathematik\/geschichten\/aufrunden-abrunden\/\">Weiterlesen <span class=\"meta-nav\">&rarr;<\/span><\/a><\/p>\n","protected":false},"author":7,"featured_media":0,"parent":149,"menu_order":12,"comment_status":"closed","ping_status":"closed","template":"sidebar-page.php","meta":{"footnotes":""},"class_list":["post-178","page","type-page","status-publish","hentry"],"_links":{"self":[{"href":"https:\/\/hrkll.ch\/WordPress\/wp-json\/wp\/v2\/pages\/178","targetHints":{"allow":["GET"]}}],"collection":[{"href":"https:\/\/hrkll.ch\/WordPress\/wp-json\/wp\/v2\/pages"}],"about":[{"href":"https:\/\/hrkll.ch\/WordPress\/wp-json\/wp\/v2\/types\/page"}],"author":[{"embeddable":true,"href":"https:\/\/hrkll.ch\/WordPress\/wp-json\/wp\/v2\/users\/7"}],"replies":[{"embeddable":true,"href":"https:\/\/hrkll.ch\/WordPress\/wp-json\/wp\/v2\/comments?post=178"}],"version-history":[{"count":0,"href":"https:\/\/hrkll.ch\/WordPress\/wp-json\/wp\/v2\/pages\/178\/revisions"}],"up":[{"embeddable":true,"href":"https:\/\/hrkll.ch\/WordPress\/wp-json\/wp\/v2\/pages\/149"}],"wp:attachment":[{"href":"https:\/\/hrkll.ch\/WordPress\/wp-json\/wp\/v2\/media?parent=178"}],"curies":[{"name":"wp","href":"https:\/\/api.w.org\/{rel}","templated":true}]}}