{"id":1765,"date":"2013-05-08T15:38:44","date_gmt":"2013-05-08T14:38:44","guid":{"rendered":"http:\/\/hrkll.ch\/WordPress\/?page_id=1765"},"modified":"2015-04-01T14:27:10","modified_gmt":"2015-04-01T13:27:10","slug":"relevanter-mathematische-instrumente-zusammenstellen","status":"publish","type":"page","link":"https:\/\/hrkll.ch\/WordPress\/vom-kopf-auf-die-fuesse\/leitfaden\/relevanter-mathematische-instrumente-zusammenstellen\/","title":{"rendered":"Relevante mathematische Instrumente zusammenstellen"},"content":{"rendered":"<p>Um die in den jeweiligen Situationen notwendigen Berechnungen auszuf\u00fchren, werden geeignete &#8222;mathematische&#8220; Instrumente ben\u00f6tigt.<\/p>\n<h2>Das tats\u00e4chliche Vorgehen unter der Schulmathematik ausgraben<\/h2>\n<p>In den Schulb\u00fcchern findet man dazu Klassiker wie &#8222;Dreisatz&#8220;, &#8222;Prozentrechnen&#8220; oder &#8222;Einheiten umrechnen&#8220;. Das sind aber schulmathematische Vorgehensweisen, die nur selten widerspiegeln, wie im beruflichen Alltag tats\u00e4chlich gerechnet wird. Im Tiefbau gibt es die Berechnungssituation &#8222;Kleine Mengen Beton selbst mischen&#8220;, also beispielsweise : &#8222;500 Liter \u2039PC 250\u203a verdichtet mischen&#8220; (vgl. <a title=\"Mitarbeitende im Tiefbau\" href=\"http:\/\/hrkll.ch\/WordPress\/?page_id=215\">Mitarbeitende im Tiefbau<\/a>). Ein m\u00f6gliches schulmathematisches Vorgehen w\u00e4re :<\/p>\n<pre>- F\u00fcr 500 l Beton verdichtet ben\u00f6tigt man 500 l Kies \r\n  verdichtet (die Beigabe von Zement erh\u00f6ht das Volumen \r\n  praktisch nicht).\r\n- Loses Kies hat zirka 20% mehr Volumen als verdichtetes\r\n  Kies; ben\u00f6tigt werden also 120% von 500 l = 600 l \r\n  loses Kies.\r\n- \"PC 250\" bedeutet, dass in 1000 l verdichtetem Beton \r\n  250 kg Zement enthalten sein sollen; also:\r\n  - 250 kg Zement auf 1000 l\r\n  - 0.250 kg Zement auf 1 l\r\n  - 125 kg Zement auf 500 l<\/pre>\n<p>Praktisch wird die Aufgabe auf der Baustelle aber anders angegangen:<\/p>\n<pre>- F\u00fcr 100 l verdichteten Beton ben\u00f6tigt man zwei \r\n  Schubkarren Kies (eine Schubkarre fasst 60 Liter).\r\n- Man nimmt also 10 Schubkarren Kies.\r\n- Bei PC 250 ben\u00f6tigt man pro Schubkarre Kies einen\r\n  halben Sack Zement (ein Sack wiegt 25 kg).\r\n- Man nimmt also 5 S\u00e4cke Zement.<\/pre>\n<p>Dieses Vorgehen hat verschiedene Vorteile. Einmal wird direkt mit Masseinheiten gearbeitet, wie sie auf der Baustelle vorkommen: Schubkarren und S\u00e4cke. Das Resultat 10 Schubkarren und 5 S\u00e4cke hat gegen\u00fcber dem schulmathematischen Resultat \u2013 600 l und 125 kg \u2013 den Vorteil, dass sich nicht die Frage stellt, wie diese 600 l bzw. 125 kg abgemessen werden sollen. Und zum zweiten werden die gegebenen Verh\u00e4ltnisse \u2013 eine Schubkarre fasst 60 l \u2013 genutzt, um gewisse Berechnungsschritte \u00fcberfl\u00fcssig zu machen.<\/p>\n<p>Besteht eine derartige Diskrepanz zwischen Schulmathematik und Rechnen \/ Mathematik im Betrieb wie hier im Beispiel, riskiert man, dass die Lernenden im Betrieb zuh\u00f6ren bekommen, sie sollen das in der Schule Gelernte ganz schnell wieder vergessen. Es lohnt sich deshalb, m\u00f6glichst genau auf den Instrumenten aufzubauen, welche im Betrieb tats\u00e4chlich zur Anwendung gelangen.<\/p>\n<p><a name=\"tabellen\"><\/a><\/p>\n<h2>Tabellen statt Formeln<\/h2>\n<p style=\"text-align: left;\">Formeln sind oft die pr\u00e4gnanteste Zusammenfassung der f\u00fcr eine bestimmte Berechnungssituation relevanten Zusammenh\u00e4nge. Beim &#8222;Belag Bestellen&#8220; gilt beispielweise :<img loading=\"lazy\" decoding=\"async\" class=\"size-full wp-image-1784 aligncenter\" style=\"border: 0pt none;\" src=\"http:\/\/hrkll.ch\/WordPress\/wp-content\/uploads\/Formel_Dichte.jpg\" alt=\"Formel_Dichte\" width=\"80\" height=\"22\" \/><\/p>\n<p>d.h. &#8222;Masse gleich Dichte mal Volumen\u201c, wobei die Dicht hier 2.4 kg\/dm<sup>3<\/sup> betr\u00e4gt.<\/p>\n<p style=\"text-align: left;\">Formeln sind aber mathematische Stenografie und liegen als Werkzeuge im beruflichen Alltag nicht besonders gut in der Hand. Viel n\u00fctzlicher sind oft Tabellen. In diesem Fall k\u00f6nnte eine solche Tabelle etwa so aussehen:<\/p>\n<table style=\"width: 50%; margin-left: 25%; margin-right: 25%; line-height: 1em; border-collapse: collapse;\">\n<tbody>\n<tr style=\"line-height: 1.0em;\">\n<td style=\"text-align: center; width: 33%; border: 1px solid #000000;\"><strong>Dicke<br \/>\n(cm)<\/strong><\/td>\n<td style=\"border-color: #000000; border-style: solid solid solid none; border-width: 1px; text-align: center; width: 33%;\"><strong>Fl\u00e4che<br \/>\n(m<sup>2<\/sup>)<\/strong><\/td>\n<td style=\"border-color: #000000; border-style: solid solid solid none; border-width: 1px; text-align: center; width: 33%;\"><strong>Gewicht<br \/>\n(kg)<\/strong><\/td>\n<\/tr>\n<tr>\n<td style=\"border-color: #000000; border-style: none solid solid solid; border-width: 1px; text-align: center;\"><strong>1<\/strong><\/td>\n<td style=\"border-color: #000000; border-style: none solid solid none; border-width: 1px; text-align: center;\"><strong>1<\/strong><\/td>\n<td style=\"border-color: #000000; border-style: none solid solid none; border-width: 1px; text-align: center;\"><strong>24<\/strong><\/td>\n<\/tr>\n<tr>\n<td style=\"border-color: #000000; border-style: none solid solid solid; border-width: 1px; text-align: center;\">3<\/td>\n<td style=\"border-color: #000000; border-style: none solid solid none; border-width: 1px; text-align: center;\">1<\/td>\n<td style=\"border-color: #000000; border-style: none solid solid none; border-width: 1px; text-align: center;\">72<\/td>\n<\/tr>\n<tr>\n<td style=\"border-color: #000000; border-style: none solid solid solid; border-width: 1px; text-align: center;\">3<\/td>\n<td style=\"border-color: #000000; border-style: none solid solid none; border-width: 1px; text-align: center;\">10<\/td>\n<td style=\"border-color: #000000; border-style: none solid solid none; border-width: 1px; text-align: center;\">720<\/td>\n<\/tr>\n<tr>\n<td style=\"border-color: #000000; border-style: none solid solid solid; border-width: 1px; text-align: center;\">.<\/td>\n<td style=\"border-color: #000000; border-style: none solid solid none; border-width: 1px; text-align: center;\"><\/td>\n<td style=\"border-color: #000000; border-style: none solid solid none; border-width: 1px; text-align: center;\"><\/td>\n<\/tr>\n<tr>\n<td style=\"border-color: #000000; border-style: none solid solid solid; border-width: 1px; text-align: center;\">5<\/td>\n<td style=\"border-color: #000000; border-style: none solid solid none; border-width: 1px; text-align: center;\">1<\/td>\n<td style=\"border-color: #000000; border-style: none solid solid none; border-width: 1px; text-align: center;\">120<\/td>\n<\/tr>\n<tr>\n<td style=\"border-color: #000000; border-style: none solid solid solid; border-width: 1px; text-align: center;\">5<\/td>\n<td style=\"border-color: #000000; border-style: none solid solid none; border-width: 1px; text-align: center;\">30<\/td>\n<td style=\"border-color: #000000; border-style: none solid solid none; border-width: 1px; text-align: center;\">3&#8217;600<\/td>\n<\/tr>\n<tr>\n<td style=\"border-color: #000000; border-style: none solid solid solid; border-width: 1px; text-align: center;\">.<\/td>\n<td style=\"border-color: #000000; border-style: none solid solid none; border-width: 1px; text-align: center;\"><\/td>\n<td style=\"border-color: #000000; border-style: none solid solid none; border-width: 1px; text-align: center;\"><\/td>\n<\/tr>\n<\/tbody>\n<\/table>\n<p>Die erste Zeile stellt eine Art Anker dar. Ihr kann man entnehmen, dass eine Belagsschicht von 1 cm Dicke und 1 m<sup>2<\/sup> Fl\u00e4che 24 kg wiegt. Weitere Zeilen lassen sich daraus nach Bedarf generieren.<\/p>\n<p>Im beruflichen Kontext sind die meisten relevanten Zusammenh\u00e4nge einfache proportionale Zusammenh\u00e4nge von der Form : &#8222;Je mehr man von dem hat, umso mehr braucht man von jenem&#8220;. Beispielsweise : &#8222;Je dicker der Belag ist, umso schwerer wird er&#8220;, &#8222;Je mehr G\u00e4ste kommen, umso mehr Reis muss ich kochen&#8220;, &#8222;Je h\u00f6her die Spannung ist, umso mehr Strom fliesst&#8220; etc. Alle Zusammenh\u00e4nge dieser Art lassen sich, wie im Beispiel oben, leicht als Proportionalit\u00e4ts-Tabelle darstellen und handhaben. Oft ist deshalb das geeignetste Werkzeug eine solche Tabelle.<\/p>\n<h2>Hintergrund<\/h2>\n<ul>\n<li><a title=\"Mathematische Instrumente modernisieren\" href=\"http:\/\/hrkll.ch\/WordPress\/?page_id=1956\">Mathematische Instrumente modernisieren<\/a>: Beispiele, wie man manchmal den Lernenden das Leben erleichtern kann, wenn man traditionelle Berechnungswerkzeuge durch handlichere ersetzt.<\/li>\n<li><a title=\"Tabellen statt Formeln\" href=\"..\/?page_id=2109\">Tabellen statt Formel<\/a>: Ausf\u00fchrlichere Darstellung von Tabellen als Instrumente f\u00fcr den beruflichen Alltag.<\/li>\n<li><a title=\"Rituale, Werkzeuge und Modelle\" href=\"..\/?page_id=2171\">Rituale, Werkzeuge und Modelle:<\/a> Es lohnt sich genau abzukl\u00e4ren, warum man ein bestimmtes mathematisches Werkzeug im Unterricht behandeln will.<\/li>\n<\/ul>\n<h2>Beispiele<\/h2>\n<ul>\n<li><a title=\"K\u00f6chinnen und K\u00f6che\" href=\"http:\/\/hrkll.ch\/WordPress\/vom-kopf-auf-die-fuesse\/beispiele\/kueche\/\">K\u00f6chinnen und K\u00f6che<\/a><\/li>\n<li><a title=\"Milchtechnologinnen und Milchtechnologen\" href=\"http:\/\/hrkll.ch\/WordPress\/vom-kopf-auf-die-fuesse\/beispiele\/milchverarbeitung\/\">Milchtechnologinnen und Milchtechnologen<\/a><\/li>\n<\/ul>\n<p>&lt;&lt;<a title=\"Berufliche Berechnungssituationen beschreiben\" href=\"http:\/\/hrkll.ch\/WordPress\/?page_id=1640\">zur\u00fcck<\/a>\u00a0\u00a0\u00a0\u00a0\u00a0\u00a0\u00a0 <a title=\"Verbindung zum Bildungsplan herstellen\" href=\"http:\/\/hrkll.ch\/WordPress\/?page_id=1660\">weiter<\/a>&gt;&gt;<\/p>\n","protected":false},"excerpt":{"rendered":"<p>Um die in den jeweiligen Situationen notwendigen Berechnungen auszuf\u00fchren, werden geeignete &#8222;mathematische&#8220; Instrumente ben\u00f6tigt. Das tats\u00e4chliche Vorgehen unter der Schulmathematik ausgraben In den Schulb\u00fcchern findet man dazu Klassiker wie &#8222;Dreisatz&#8220;, &#8222;Prozentrechnen&#8220; oder &#8222;Einheiten umrechnen&#8220;. Das sind aber schulmathematische Vorgehensweisen, die &hellip; <a href=\"https:\/\/hrkll.ch\/WordPress\/vom-kopf-auf-die-fuesse\/leitfaden\/relevanter-mathematische-instrumente-zusammenstellen\/\">Weiterlesen <span class=\"meta-nav\">&rarr;<\/span><\/a><\/p>\n","protected":false},"author":7,"featured_media":0,"parent":1572,"menu_order":9,"comment_status":"closed","ping_status":"closed","template":"sidebar-page.php","meta":{"footnotes":""},"class_list":["post-1765","page","type-page","status-publish","hentry"],"_links":{"self":[{"href":"https:\/\/hrkll.ch\/WordPress\/wp-json\/wp\/v2\/pages\/1765","targetHints":{"allow":["GET"]}}],"collection":[{"href":"https:\/\/hrkll.ch\/WordPress\/wp-json\/wp\/v2\/pages"}],"about":[{"href":"https:\/\/hrkll.ch\/WordPress\/wp-json\/wp\/v2\/types\/page"}],"author":[{"embeddable":true,"href":"https:\/\/hrkll.ch\/WordPress\/wp-json\/wp\/v2\/users\/7"}],"replies":[{"embeddable":true,"href":"https:\/\/hrkll.ch\/WordPress\/wp-json\/wp\/v2\/comments?post=1765"}],"version-history":[{"count":0,"href":"https:\/\/hrkll.ch\/WordPress\/wp-json\/wp\/v2\/pages\/1765\/revisions"}],"up":[{"embeddable":true,"href":"https:\/\/hrkll.ch\/WordPress\/wp-json\/wp\/v2\/pages\/1572"}],"wp:attachment":[{"href":"https:\/\/hrkll.ch\/WordPress\/wp-json\/wp\/v2\/media?parent=1765"}],"curies":[{"name":"wp","href":"https:\/\/api.w.org\/{rel}","templated":true}]}}