{"id":1751,"date":"2013-05-08T14:31:10","date_gmt":"2013-05-08T13:31:10","guid":{"rendered":"http:\/\/hrkll.ch\/WordPress\/?page_id=1751"},"modified":"2015-04-01T16:49:26","modified_gmt":"2015-04-01T15:49:26","slug":"stutzkursgestaltung","status":"publish","type":"page","link":"https:\/\/hrkll.ch\/WordPress\/vom-kopf-auf-die-fuesse\/leitfaden\/stutzkursgestaltung\/","title":{"rendered":"St\u00fctzkursgestaltung"},"content":{"rendered":"<p>Die Gr\u00fcnde, warum bestimmte Lernende M\u00fche haben, einem bestimmten Unterricht zu folgen, k\u00f6nnen sehr unterschiedlich sein. Im weitesten Sinn geht es immer darum, dass Lernende und Unterricht in irgendeinem Punkt nicht zusammenpassen: Die Lernenden sind sich diese Form des Unterrichts nicht gewohnt und haben M\u00fche, damit klarzukommen; im Unterricht wird bestimmtes Wissen\/K\u00f6nnen vorausgesetzt, welches die Lernenden nicht mitbringen; die Lernenden haben irgend einen, h\u00f6chst individuellen &#8222;Knopf in der Leitung&#8220;, der verhindert, dass sie Hilfestellungen und Erkl\u00e4rungen der Lehrperson aufnehmen k\u00f6nnen etc.<\/p>\n<p>Sinnvoller St\u00fctzunterricht kann daher nur individuell sein. Am flexibelsten l\u00e4sst sich das organisieren, wenn die Lernenden je f\u00fcr sich an den Fragen und Themen arbeiten, die gerade im Normalunterricht behandelt wurden. Vielleicht brauchen sie nur mehr Zeit und Musse, als dies im Normalunterricht m\u00f6glich ist, und dann gen\u00fcgt es schon, ihnen Raum daf\u00fcr zu bieten.<\/p>\n<p>Kommen sie auf diese Weise nicht weiter, k\u00f6nnen sie Hilfe bei der Lehrperson anfordern, die sich Zeit nimmt, herauszufinden, wo das individuelle Problem der\/des jeweiligen Lernenden liegt. Bew\u00e4hrt hat sich hier, wenn zwei Lehrpersonen gemeinsam eine doppelte St\u00fctzkursgruppe betreuen: Geht man davon aus, dass die meisten Lernenden den gr\u00f6ssten Teil der Zeit selbstst\u00e4ndig arbeiten k\u00f6nnen, erh\u00f6ht sich so die Chance, dass sie im Bedarfsfall freie Ansprechpartner und Ansprechpartnerinnen finden.<\/p>\n<h2>Hintergrund<\/h2>\n<ul>\n<li><a title=\"St\u00fctzkurse\" href=\"http:\/\/hrkll.ch\/WordPress\/vom-kopf-auf-die-fuesse\/einbettung\/stuetzkurse\/\">St\u00fctzkurse<\/a>: Ein Modell f\u00fcr eine sinnvolle, handlungsorientierte Unterst\u00fctzung.<\/li>\n<\/ul>\n<p>&lt;&lt;<a title=\"Fr\u00fcherfassung\" href=\"http:\/\/hrkll.ch\/WordPress\/?page_id=1748\">zur\u00fcck<\/a><\/p>\n","protected":false},"excerpt":{"rendered":"<p>Die Gr\u00fcnde, warum bestimmte Lernende M\u00fche haben, einem bestimmten Unterricht zu folgen, k\u00f6nnen sehr unterschiedlich sein. Im weitesten Sinn geht es immer darum, dass Lernende und Unterricht in irgendeinem Punkt nicht zusammenpassen: Die Lernenden sind sich diese Form des Unterrichts &hellip; <a href=\"https:\/\/hrkll.ch\/WordPress\/vom-kopf-auf-die-fuesse\/leitfaden\/stutzkursgestaltung\/\">Weiterlesen <span class=\"meta-nav\">&rarr;<\/span><\/a><\/p>\n","protected":false},"author":7,"featured_media":0,"parent":1572,"menu_order":8,"comment_status":"closed","ping_status":"closed","template":"sidebar-page.php","meta":{"footnotes":""},"class_list":["post-1751","page","type-page","status-publish","hentry"],"_links":{"self":[{"href":"https:\/\/hrkll.ch\/WordPress\/wp-json\/wp\/v2\/pages\/1751","targetHints":{"allow":["GET"]}}],"collection":[{"href":"https:\/\/hrkll.ch\/WordPress\/wp-json\/wp\/v2\/pages"}],"about":[{"href":"https:\/\/hrkll.ch\/WordPress\/wp-json\/wp\/v2\/types\/page"}],"author":[{"embeddable":true,"href":"https:\/\/hrkll.ch\/WordPress\/wp-json\/wp\/v2\/users\/7"}],"replies":[{"embeddable":true,"href":"https:\/\/hrkll.ch\/WordPress\/wp-json\/wp\/v2\/comments?post=1751"}],"version-history":[{"count":0,"href":"https:\/\/hrkll.ch\/WordPress\/wp-json\/wp\/v2\/pages\/1751\/revisions"}],"up":[{"embeddable":true,"href":"https:\/\/hrkll.ch\/WordPress\/wp-json\/wp\/v2\/pages\/1572"}],"wp:attachment":[{"href":"https:\/\/hrkll.ch\/WordPress\/wp-json\/wp\/v2\/media?parent=1751"}],"curies":[{"name":"wp","href":"https:\/\/api.w.org\/{rel}","templated":true}]}}